{"id":155,"date":"2015-07-15T18:40:32","date_gmt":"2015-07-15T16:40:32","guid":{"rendered":"http:\/\/urbanpromo.it\/2015\/?page_id=155"},"modified":"2015-07-29T17:35:06","modified_gmt":"2015-07-29T15:35:06","slug":"premio-urbanistica-info","status":"publish","type":"page","link":"https:\/\/urbanpromo.it\/2015\/premio-urbanistica-info\/","title":{"rendered":"PREMIO URBANISTICA: INFO"},"content":{"rendered":"<p>Le votazioni del\u00a0&#8220;Premio URBANISTICA&#8221; avvengono esclusivamente online nel sito di urbanpromo.<\/p>\n<p>Le segnalazioni, espresse in forma anonima dai partecipanti di Urbanpromo, potranno essere effettuate utilizzando il modulo\u00a0presente in ciascuna scheda progetto pubblicata nella Gallery.\u00a0Durante i giorni della XII edizione di Urbanpromo (17-20 novembre 2015) ciascun visitatore potr\u00e0 esprimere la propria preferenza, indicando un progetto\u00a0per ciascuna categoria.<\/p>\n<p>Per votare \u00e8 possibile utilizzare le postazioni che saranno allestite in Triennale ma \u00e8 possibile votare anche da casa e in mobilit\u00e0, sar\u00e0 sufficiente connettersi al sito e inserire il proprio codice di voto.<\/p>\n<p>Nel badge che verr\u00e0 recapitato\u00a0a ciascun visitatore \u00e8 riportato il\u00a0codice da utilizzare per validare le preferenze espresse.<\/p>\n","protected":false},"excerpt":{"rendered":"<p>Le votazioni del\u00a0&#8220;Premio URBANISTICA&#8221; avvengono esclusivamente online nel sito di urbanpromo. Le segnalazioni, espresse in forma anonima dai partecipanti di Urbanpromo, potranno essere effettuate utilizzando il modulo\u00a0presente in ciascuna scheda progetto pubblicata nella Gallery.\u00a0Durante i giorni della XII edizione di Urbanpromo (17-20 novembre 2015) ciascun visitatore potr\u00e0 esprimere la propria preferenza, indicando un progetto\u00a0per ciascuna &#8230;<\/p>\n","protected":false},"author":2,"featured_media":0,"parent":0,"menu_order":0,"comment_status":"open","ping_status":"open","template":"template-page-full.php","meta":{"_acf_changed":false,"footnotes":""},"class_list":["post-155","page","type-page","status-publish","hentry"],"acf":[],"_links":{"self":[{"href":"https:\/\/urbanpromo.it\/2015\/wp-json\/wp\/v2\/pages\/155","targetHints":{"allow":["GET"]}}],"collection":[{"href":"https:\/\/urbanpromo.it\/2015\/wp-json\/wp\/v2\/pages"}],"about":[{"href":"https:\/\/urbanpromo.it\/2015\/wp-json\/wp\/v2\/types\/page"}],"author":[{"embeddable":true,"href":"https:\/\/urbanpromo.it\/2015\/wp-json\/wp\/v2\/users\/2"}],"replies":[{"embeddable":true,"href":"https:\/\/urbanpromo.it\/2015\/wp-json\/wp\/v2\/comments?post=155"}],"version-history":[{"count":0,"href":"https:\/\/urbanpromo.it\/2015\/wp-json\/wp\/v2\/pages\/155\/revisions"}],"wp:attachment":[{"href":"https:\/\/urbanpromo.it\/2015\/wp-json\/wp\/v2\/media?parent=155"}],"curies":[{"name":"wp","href":"https:\/\/api.w.org\/{rel}","templated":true}]}}