{"id":268,"date":"2015-07-16T15:50:40","date_gmt":"2015-07-16T13:50:40","guid":{"rendered":"http:\/\/urbanpromo.it\/2015\/?page_id=268"},"modified":"2015-07-29T19:38:23","modified_gmt":"2015-07-29T17:38:23","slug":"urbanpromo-xii-edizione-i-temi","status":"publish","type":"page","link":"https:\/\/urbanpromo.it\/2015\/urbanpromo-xii-edizione-i-temi\/","title":{"rendered":"URBANPROMO XII EDIZIONE: I TEMI"},"content":{"rendered":"<p>Sono sette le sezioni tematiche che caratterizzano l\u2019edizione in corso.<br \/>\nTre aggregano i temi su cui si concentra la tradizione di Urbanpromo:<\/p>\n<ul>\n<li>in TRASFORMAZIONE URBANA convergono i programmi complessi, i beni immobiliari pubblici e privati, le infrastrutture;<\/li>\n<li>in MARKETING URBANO si rappresentano le migliori pratiche di rivitalizzazione delle attivit\u00e0 economiche nei centri urbani;<\/li>\n<li>il SOCIAL HOUSING conferma in Urbanpromo l\u2019unico luogo nazionale di costruzione e divulgazione delle politiche abitative pi\u00f9 avanzate.<\/li>\n<\/ul>\n<p>Due pi\u00f9 recenti sezioni danno visibilit\u00e0 ai principali canali di finanziamento della rigenerazione urbana:<\/p>\n<ul>\n<li>ENERGIE E SOSTENIBILIT\u00c0 spazia dall\u2019alimentazione energetica delle citt\u00e0 alla gestione dei rifiuti fino all\u2019agricoltura urbana;<\/li>\n<li>SMART CITY esplora le opportunit\u00e0 create dalla ricerca e dall\u2019innovazione tecnologica.<\/li>\n<\/ul>\n<p>La XII edizione cade in un momento particolare, che le consente di cogliere:<\/p>\n<ul>\n<li>l&#8217;eredit\u00e0 di EXPO 2015;<\/li>\n<li>la prima fase del nuovo ciclo della programmazione comunitaria EUROPA 2020.<\/li>\n<\/ul>\n<p>Di qui la volont\u00e0 di contribuire alla ripresa della crescita del Paese, valorizzando le iniziative che vi concorrono.<\/p>\n<p>&nbsp;<\/p>\n<h4><strong>TRASFORMAZIONE URBANA<\/strong><\/h4>\n<p>L\u2019area tematica della Trasformazione Urbana si occupa dei patrimoni immobiliari in relazione all\u2019evoluzione del mercato, attraverso la presentazione di progetti, interventi, politiche, e quindi:<\/p>\n<ul>\n<li>le analisi del mercato immobiliare e le politiche rivolte alla sua attivazione. Spiccano le iniziative per il patrimonio \u201cinvenduto\u201d o &#8220;in sofferenza&#8221; per effetto della crisi economica;<\/li>\n<li>le progettualit\u00e0 legate alla riqualificazione di parti di citt\u00e0. con l\u2019obiettivo di rigenerare parti degradate del territorio urbano;<\/li>\n<li>le idee e gli strumenti innovativi che alimentano le operazioni di valorizzazione, alienazione, gestione del patrimonio immobiliare pubblico;<\/li>\n<li>i piani e programmi urbanistici di gestione delle trasformazioni. Proposte capaci di creare efficaci sinergie tra gli investimenti immobiliari e il miglioramento della qualit\u00e0 urbana. Casi di successo legati alla bonifica e riconvesione di aree dismesse;<\/li>\n<li>le progettualit\u00e0 che contrastano il consumo di territorio, misure capaci di creare sinergie con la promozione della rigenerazione urbana;<\/li>\n<li>i progetti infrastrutturali generatori di effetti positivi sulla citt\u00e0. Una presentazione di progetti di infrastrutture e di piani di mobilit\u00e0 che rendono pi\u00f9 efficienti e sostenibili le nostre citt\u00e0;<\/li>\n<li>le iniziative di recupero e valorizzazione dei beni culturali e ambientali che producono benefici per la citt\u00e0.<\/li>\n<\/ul>\n<p>In mostra i migliori esempi di cooperazione interistituzionale:\u00a0le progettualit\u00e0 caratterizzate dal partenariato pubblico privato. Una presentazione di attrezzature e servizi di elevata qualit\u00e0 che concorrono all\u2019ammodernamento del sistema della sanit\u00e0, dell\u2019istruzione, della cultura e dello sport.<\/p>\n<p>&nbsp;<\/p>\n<h4><strong>MARKETING URBANO \u2013 TERRITORIALE<\/strong><\/h4>\n<p>Politiche, progettualit\u00e0 ed esperienze di promozione della competitivit\u00e0 territoriale sviluppate attraverso il partenariato pubblico-privato nell\u2019ambito delle reti per la rigenerazione urbana.<\/p>\n<p>Nella Galleria multimediale sono raccolte le migliori e pi\u00f9 innovative pratiche riguardanti politiche, strategie e realizzazioni di rivitalizzazione delle attivit\u00e0 economiche e dei sistemi urbani e territoriali anche delle citt\u00e0 metropolitane.<\/p>\n<p>Nei convegni i partecipanti interloquiscono coi rappresentanti pi\u00f9 autorevoli di esperienze significative, conoscono contesti, modalit\u00e0 e soluzioni che hanno portato: al successo e all\u2019efficienza funzionale; al miglioramento dell\u2019accessibilit\u00e0; a pi\u00f9 alte capacit\u00e0 attrattive per gli investimenti rispondendo alle esigenze dei fruitori; alla competitivit\u00e0 e innovazione delle imprese; ad utili monitoraggi e valutazione degli interventi.<\/p>\n<p>La sezione tratta di:<\/p>\n<ul>\n<li>centri storici e aree urbane e territoriali che accolgono processi di rivitalizzazione, sperimentano azioni di riuso anche temporaneo delle unit\u00e0 sfitte e ricercano nuove smart city specialisation;<\/li>\n<li>luoghi omogenei per settori produttivi, per paesaggio e per eccellenze che perseguono la promozione integrata;<\/li>\n<li>percorsi di rivitalizzazione agendo sul miglioramento della governance e sull\u2019innovazione delle formule quali, per esempio, quelle legate alle politiche per il rafforzamento dell\u2019economia del mare, la diffusione dell\u2019agricoltura urbana, e anche quelle legate alle politiche, strategie e strumenti per rendere le citt\u00e0 pi\u00f9 accessibili;<\/li>\n<li>reti, distretti e altre aggregazioni per raggiungere maggiore competitivit\u00e0 ed efficienza dei territori;<\/li>\n<li>patti di collaborazione su servizi, cultura, turismo, attivit\u00e0 economiche e qualit\u00e0 del vivere;<\/li>\n<li>agricoltura urbana promossa attraverso incentivi e perequazione urbanistica, dedicata all\u2019autoconsumo finalizzato al contenimento della spesa familiare.<\/li>\n<\/ul>\n<p>&nbsp;<\/p>\n<h4><strong>SOCIAL HOUSING<span style=\"text-decoration: underline\"><br \/>\n<\/span><\/strong><\/h4>\n<p>La sezione dedicata al Social Housing sar\u00e0 l&#8217;ambito qualificato ove si confronteranno esperienze e proposte per l&#8217;abitazione a basso costo e in affitto a canone moderato. Una indagine sui progetti di rigenerazione urbana che inducono sviluppo economico, che favoriscono coesione sociale e integrazione di comunit\u00e0. Uno sguardo sulle Iniziative di innovazione tecnologica e progettuale mirate a creare alloggi atti a fornire incrementi degli standard di qualit\u00e0 dell\u2019abitare contenere i costi di costruzione a fronte di un canone calmierato.<\/p>\n<p>Verranno presentati i risultati delle due giornate di lavoro di Urbanpromo Social Housing che si svolgeranno a Torino il 15 e 16 ottobre; e che inizieranno con un confronto a tutto campo sulle politiche abitative nazionali e sullo stato dell&#8217;arte dei piani per la casa.<\/p>\n<p>Buone pratiche e progettualit\u00e0 messe a confronto per fare conoscere:<\/p>\n<ul>\n<li>le azioni comuni che stanno portando a una riforma del servizio pubblico all\u2019abitare tramite conferenze tra Comuni, Regioni e Componenti Statali, per riflettere sulla crisi del servizio pubblico, sulle politiche abitative attivate ed attivabili, sulle esperienze in atto nel Paese;<\/li>\n<li>un bilancio conclusivo della esperienza del FIA fondo investimenti per l&#8217;abitare finanziato da Cassa Depositi e Prestiti per la costituzione di fondi locali finalizzati alla realizzazione di programmi per l&#8217;housing sociale. Confronti e dibattiti mirati a fare il punto sul social housing e come consentirgli ulteriori sviluppi;<\/li>\n<li>le esperienze e i progetti di grandi citt\u00e0: un confronto sulle azioni che caratterizzano le principali realt\u00e0 urbane sul tema del social housing come leva per la rigenerazione urbana;<\/li>\n<li>una presentazione di argomenti ed esperienze legati dal filo dell\u2019innovazione e dall\u2019utilizzo di buone pratiche caratterizzate da un forte investimento, sulla gestione sociale, da grande attenzione alla componente ambientale e all\u2019innovazione tecnologica;<\/li>\n<li>le iniziative di gestione sociale a sostegno della domanda abitativa di emergenza promossa e realizzata dalle fondazioni e dalle organizzazioni no profit.<\/li>\n<\/ul>\n<p>&nbsp;<\/p>\n<h4><strong>ENERGIE E SOSTENIBILITA&#8217;<\/strong><\/h4>\n<p>L\u2019epoca attuale \u00e8 segnata dal passaggio da un paradigma economico ormai concluso, fondato su consumi di massa e sorretto dalla espansione del debito, ad uno nuovo, nel quale il ciclo economico sar\u00e0 trainato da investimenti capaci di sollecitare nuova domanda e sostenuto da aumenti di efficienza, nella prospettiva della de-carbonizzazione dell\u2019economia e della circular economy.<br \/>\nPerch\u00e9 il nuovo paradigma vada a regime \u00e8 necessario che il percorso di ri-apprendimento collettivo venga svolto, insieme agli urbanisti, dalla generalit\u00e0 degli attori economici e sociali, pubblici privati e del terzo settore.<br \/>\nL\u2019area tematica \u00e8 pertanto dedicata ad ospitare apporti specifici sui diversi aspetti dell\u2019energia e della sostenibilit\u00e0, capaci di fondersi nella forma visibile della citt\u00e0 e nella sua bellezza.<br \/>\nProgettualit\u00e0 capaci di esaltare il valore del limite in alternativa a quello dello spreco, attraverso una diversa gestione degli spostamenti nelle citt\u00e0, l\u2019utilizzo e il riciclo dei rifiuti, la tutela dell\u2019acqua, il risparmio energetico, l\u2019utilizzo di energie rinnovabili e di materie prime seconde.<\/p>\n<p>Ulteriore oggetto di analisi sono le strategie di valorizzazione del verde urbano e di realizzazione delle green and blue infrastructures, l\u2019incentivo di pratiche legate all\u2019agricoltura urbana e alla buona densit\u00e0 che attrae. Progetti e riflessioni che si focalizzano su come:<\/p>\n<ul>\n<li>\u201calimentare\u201d la citt\u00e0, evitando semplificazioni per cui le performance energetiche si raggiungono prevalentemente con espedienti tecnologici, magari necessari, ma per nulla risolutivi;<\/li>\n<li>realizzare azioni concrete per rispettare gli obiettivi di riduzione delle emissioni di CO2 favorendo fonti rinnovabili che non alterano il paesaggio, o i miglioramenti energetici che considerano anche le problematiche sismiche;<\/li>\n<li>raggiungere risultati duraturi ed economicamente quantificabili a livello energetico creando un\u2019immagine urbanistica della citt\u00e0 improntata su criteri di sobriet\u00e0, risparmio di risorse, utilizzo e riciclo di ci\u00f2 che gi\u00e0 esiste, senza consumare ulteriormente i terreni agricoli;<\/li>\n<li>includere gli aspetti energetici che ampliano gli orizzonti di sostenibilit\u00e0 dei piani, tesi a ridurre specifici segmenti di impronta ecologica;<\/li>\n<li>come elevare questi processi a modelli replicabili, migliorabili e misurabili.<\/li>\n<\/ul>\n<p>&nbsp;<\/p>\n<h4><strong>SMART CITY<\/strong><\/h4>\n<p>Soprattutto a partire dagli ultimi mesi il dibattito sulle smart cities appare sempre meno fondato sulle opportunit\u00e0 offerte dalle nuove tecnologie per dedicare un\u2019attenzione crescente alla capacit\u00e0 dei processi innovativi di porre i cittadini al centro delle decisioni d\u2019interesse pubblico nel settore delle trasformazioni urbane.<br \/>\nTende pi\u00f9 in particolare a manifestarsi la consapevolezza che le nuove forme di smart governance costituiscano un elemento chiave delle strategia per la ripresa economica complessiva e che debbano contribuire alla affermazione di una nuova\u00a0Agenda Urbana nazionale.<\/p>\n<p>Anche sulla base di alcune recenti iniziative della UE in sede di ridefinizione degli assi strategici prioritari, questa nuova filosofia di intervento pu\u00f2 rivelarsi decisiva nel passaggio da un modello di produzione di tipo lineare e ad alta intensit\u00e0 di energia e di risorse naturali &#8211; che \u00e8 ormai entrato in crisi a livello globale &#8211; ad un paradigma di tipo circolare, in cui le risorse sono rinnovabili, i prodotti riciclabili e\/o ricomponibili e i rifiuti diventano nuova materia prima, nuova risorsa, con benefici per l\u2019ambiente, l\u2019economia e la societ\u00e0.<\/p>\n<p>In linea con questa precisazione dei nuovi campi d\u2019interesse della citt\u00e0 digitale, i topics che verranno privilegiati da questa edizione di Urbanpromo saranno i seguenti:<\/p>\n<ul>\n<li>la mobilit\u00e0, il trasporto e la logistica;<\/li>\n<li>l\u2019energia e l\u2019edilizia intelligente (\u201csmart integrated grids\u201d);<\/li>\n<li>le strategie di sicurezza pubblica e di gestione delle emergenze;<\/li>\n<li>la tutela dell\u2019ambiente, delle risorse naturali e della salute umana;<\/li>\n<li>gli indicatori e i sistemi di monitoraggio per il controllo del cambiamento climatico e per la gestione del rischio;<\/li>\n<li>le pratiche di valorizzazione del turismo e della cultura;<\/li>\n<li>l\u2019offerta di servizi sanitari e assistenziali;<\/li>\n<li>i progetti di e-education;<\/li>\n<li>le strategie di e-goverment e il coinvolgimento dei cittadini.<\/li>\n<\/ul>\n<p>&nbsp;<\/p>\n<h4><strong>EXPO 2015<\/strong><\/h4>\n<p>Urbanpromo torna ad occuparsi di EXPO 2015, a pochi giorni dalla chiusura della grande manifestazione, che per sei mesi ha rappresentato l\u2019immagine del nostro Paese nel Mondo.<br \/>\nSar\u00e0 possibile tracciare un primo bilancio, analizzando i diversi indicatori che hanno monitorato l\u2019evento nel corso dei sei mesi:<\/p>\n<ul>\n<li>l\u2019afflusso di pubblico;<\/li>\n<li>l\u2019impatto economico diretto e indotto, valutato a livello nazionale e sulla economia locale,<\/li>\n<li>l\u2019organizzazione, la qualit\u00e0 dell\u2019offerta e la gestione dei servizi;<\/li>\n<li>l\u2019efficacia della divulgazione dei contenuti, la promozione dei nuovi scenari di sviluppo sostenibile;<\/li>\n<li>l\u2019efficacia dell\u2019impianto urbanistico rispetto alla valorizzazione delle architetture, degli allestimenti, e rispetto al grande numero di visitatori;<\/li>\n<li>il ruolo delle Regioni Italiane, parte importante dell\u2019offerta di valori nazionali.<\/li>\n<\/ul>\n<p>L\u2019occasione di una ulteriore riflessione sull\u2019evento deve essere, per\u00f2, soprattutto legata al grande tema della rigenerazione urbana del sito, utilizzato da EXPO alle porte di Milano.<br \/>\nSi tratta del pi\u00f9 imponente intervento europeo per dimensioni fisiche ed economiche che porta con s\u00e9 tutti gli elementi che costituiscono il passaggio dalla Citt\u00e0 industriale del XX secolo alla nuova Citt\u00e0, la Citt\u00e0 Creativa del XXI secolo.<br \/>\nLa Societ\u00e0 Arexpo, incaricata di gestire l\u2019operazione, ha avviato alcune importanti attivit\u00e0 che verranno analizzate e approfondite nei convegni di UP 15:<\/p>\n<ul>\n<li>la scelta della advisory per la collocazione delle aree sul mercato;<\/li>\n<li>la riflessione alla base del concept del nuovo assetto dell\u2019area;<\/li>\n<li>il nuovo masterplan;<\/li>\n<li>la valutazione dei nuovi scenari immobiliari;<\/li>\n<li>il ruolo del processo partecipativo nelle scelte di nuovo assetto e integrazione con la citt\u00e0 consolidata.<\/li>\n<\/ul>\n<p>&nbsp;<\/p>\n<h4><strong>EUROPA 2020<\/strong><\/h4>\n<p>La coesione territoriale, gli obiettivi programmatici di Europa 2020 e gli scenari di de carbonizzazione di Europa 2030 e della Roadmap 2050, costituiscono un quadro coerente per la costruzione di tali nuove politiche urbane.<br \/>\nTuttavia l\u2019implementazione delle diverse dimensioni del nuovo sviluppo e soprattutto le capacit\u00e0 d\u2019integrazione intersettoriale necessarie al suo lancio effettivo, pur potenzialmente presenti nel Contratto di Partenariato, hanno trovato scarso recepimento nei documenti italiani della programmazione europea, sia a livello regionale che nei PON.<\/p>\n<p>Si tratta quindi di mettere a frutto le dimensioni di flessibilit\u00e0 e le capacit\u00e0 di riprogrammazione presenti nel CdP (investimenti territoriali integrati, azioni innovative urbane, Urbact III) e di costruire gli elementi di una Agenda urbana nazionale, una piattaforma condivisa per lo sviluppo urbano sostenibile concettualmente ricomprendente anche il PON Metro, la Strategia per le aree interne, gli Assi Citt\u00e0 e le azioni per lo sviluppo urbano sostenibile dei POR regionali che se ne sono dotati (tutte eccetto Val d\u2019Aosta e Lazio) .<\/p>\n<p>Urbanpromo intende approfondire i possibili termini utili alla definizione di un tale quadro di politiche, dando voce e ascolto alle energie dell\u2019ampia platea dei soggetti istituzionali, economici e sociali, potenziali protagonisti di un nuovo ciclo di politiche urbane, come gi\u00e0 indicato dalla European Business Campaign \u201cVivere sostenibile nelle citt\u00e0\u201d, sostenuta dal CSR Europe .<\/p>\n<p>Per questo Urbanpromo si offre come luogo per mettere in comunicazione le sedi di programmazione con le esperienze pi\u00f9 innovative di sviluppo urbano, che possono esprimere le proprie specificit\u00e0 e condividere i contenuti ed i metodi della loro progettualit\u00e0.<\/p>\n<p>I lavori che UP15 propone per trattare questi argomenti vedranno chiamati alla parola rappresentanti delle realt\u00e0 del territorio italiano, a confronto con alcuni responsabili delle programmazioni regionali e con alcuni esponenti del pensiero scientifico di economia e territorio pi\u00f9 impegnato nello sforzo di portare la programmazione italiana ad un cambio di passo nella formazione delle politiche di sviluppo place based.<strong><span style=\"text-decoration: underline\"><br \/>\n<\/span><\/strong><\/p>\n","protected":false},"excerpt":{"rendered":"<p>Sono sette le sezioni tematiche che caratterizzano l\u2019edizione in corso. Tre aggregano i temi su cui si concentra la tradizione di Urbanpromo: in TRASFORMAZIONE URBANA convergono i programmi complessi, i beni immobiliari pubblici e privati, le infrastrutture; in MARKETING URBANO si rappresentano le migliori pratiche di rivitalizzazione delle attivit\u00e0 economiche nei centri urbani; il SOCIAL &#8230;<\/p>\n","protected":false},"author":2,"featured_media":0,"parent":0,"menu_order":0,"comment_status":"open","ping_status":"open","template":"","meta":{"_acf_changed":false,"footnotes":""},"class_list":["post-268","page","type-page","status-publish","hentry"],"acf":[],"_links":{"self":[{"href":"https:\/\/urbanpromo.it\/2015\/wp-json\/wp\/v2\/pages\/268","targetHints":{"allow":["GET"]}}],"collection":[{"href":"https:\/\/urbanpromo.it\/2015\/wp-json\/wp\/v2\/pages"}],"about":[{"href":"https:\/\/urbanpromo.it\/2015\/wp-json\/wp\/v2\/types\/page"}],"author":[{"embeddable":true,"href":"https:\/\/urbanpromo.it\/2015\/wp-json\/wp\/v2\/users\/2"}],"replies":[{"embeddable":true,"href":"https:\/\/urbanpromo.it\/2015\/wp-json\/wp\/v2\/comments?post=268"}],"version-history":[{"count":0,"href":"https:\/\/urbanpromo.it\/2015\/wp-json\/wp\/v2\/pages\/268\/revisions"}],"wp:attachment":[{"href":"https:\/\/urbanpromo.it\/2015\/wp-json\/wp\/v2\/media?parent=268"}],"curies":[{"name":"wp","href":"https:\/\/api.w.org\/{rel}","templated":true}]}}