{"id":83,"date":"2015-07-14T19:07:36","date_gmt":"2015-07-14T17:07:36","guid":{"rendered":"http:\/\/urbanpromo.it\/2015\/?page_id=83"},"modified":"2016-01-13T12:33:13","modified_gmt":"2016-01-13T11:33:13","slug":"chi-siamo","status":"publish","type":"page","link":"https:\/\/urbanpromo.it\/2015\/chi-siamo\/","title":{"rendered":"URBANPROMO XII EDIZIONE"},"content":{"rendered":"<p>&nbsp;<\/p>\n<p>&nbsp;<\/p>\n<table border=\"0\" width=\"100%\" align=\"center\">\n<tbody>\n<tr>\n<td><a href=\"http:\/\/urbanpromo.it\/2015\/urbanpromo-xii-edizione-i-temi\/\"><img loading=\"lazy\" decoding=\"async\" class=\"aligncenter size-thumbnail wp-image-263\" src=\"http:\/\/urbanpromo.it\/2015\/wp-content\/uploads\/sites\/6\/2015\/07\/Temi_UP-150x150.jpg\" alt=\"Temi_UP\" width=\"150\" height=\"150\" srcset=\"https:\/\/urbanpromo.it\/content\/uploads\/sites\/6\/2015\/07\/Temi_UP-150x150.jpg 150w, https:\/\/urbanpromo.it\/content\/uploads\/sites\/6\/2015\/07\/Temi_UP-250x250.jpg 250w, https:\/\/urbanpromo.it\/content\/uploads\/sites\/6\/2015\/07\/Temi_UP.jpg 284w\" sizes=\"auto, (max-width: 150px) 100vw, 150px\" \/><\/a><\/td>\n<td><a href=\"http:\/\/urbanpromo.it\/2015\/sede-evento\/milano\/#\"><img loading=\"lazy\" decoding=\"async\" class=\"aligncenter size-thumbnail wp-image-265\" src=\"http:\/\/urbanpromo.it\/2015\/wp-content\/uploads\/sites\/6\/2015\/07\/Convegni_UP-150x150.jpg\" alt=\"Convegni_UP\" width=\"150\" height=\"150\" srcset=\"https:\/\/urbanpromo.it\/content\/uploads\/sites\/6\/2015\/07\/Convegni_UP-150x150.jpg 150w, https:\/\/urbanpromo.it\/content\/uploads\/sites\/6\/2015\/07\/Convegni_UP-250x250.jpg 250w, https:\/\/urbanpromo.it\/content\/uploads\/sites\/6\/2015\/07\/Convegni_UP.jpg 284w\" sizes=\"auto, (max-width: 150px) 100vw, 150px\" \/><\/a><\/td>\n<td><a href=\"http:\/\/urbanpromo.it\/info\/area-riservata\/\"><img loading=\"lazy\" decoding=\"async\" class=\" wp-image-3530 size-thumbnail aligncenter\" src=\"http:\/\/urbanpromo.it\/2015\/wp-content\/uploads\/sites\/6\/2015\/07\/ATTI-TRIENNALE-150x150.jpg\" alt=\"ATTI TRIENNALE\" width=\"150\" height=\"150\" srcset=\"https:\/\/urbanpromo.it\/content\/uploads\/sites\/6\/2015\/07\/ATTI-TRIENNALE-150x150.jpg 150w, https:\/\/urbanpromo.it\/content\/uploads\/sites\/6\/2015\/07\/ATTI-TRIENNALE-300x300.jpg 300w, https:\/\/urbanpromo.it\/content\/uploads\/sites\/6\/2015\/07\/ATTI-TRIENNALE-1024x1024.jpg 1024w, https:\/\/urbanpromo.it\/content\/uploads\/sites\/6\/2015\/07\/ATTI-TRIENNALE-250x250.jpg 250w, https:\/\/urbanpromo.it\/content\/uploads\/sites\/6\/2015\/07\/ATTI-TRIENNALE-460x460.jpg 460w, https:\/\/urbanpromo.it\/content\/uploads\/sites\/6\/2015\/07\/ATTI-TRIENNALE.jpg 1182w\" sizes=\"auto, (max-width: 150px) 100vw, 150px\" \/><\/a><\/td>\n<td><a href=\"http:\/\/urbanpromo.it\/2015\/?page_id=3658&amp;preview=true\"><img loading=\"lazy\" decoding=\"async\" class=\" wp-image-3676 size-thumbnail aligncenter\" src=\"http:\/\/urbanpromo.it\/2015\/wp-content\/uploads\/sites\/6\/2015\/07\/Esposizione2015-150x150.jpg\" alt=\"Esposizione2015\" width=\"150\" height=\"150\" srcset=\"https:\/\/urbanpromo.it\/content\/uploads\/sites\/6\/2015\/07\/Esposizione2015-150x150.jpg 150w, https:\/\/urbanpromo.it\/content\/uploads\/sites\/6\/2015\/07\/Esposizione2015-250x250.jpg 250w, https:\/\/urbanpromo.it\/content\/uploads\/sites\/6\/2015\/07\/Esposizione2015.jpg 284w\" sizes=\"auto, (max-width: 150px) 100vw, 150px\" \/><\/a><\/td>\n<td><a href=\"http:\/\/urbanpromo.it\/2015\/urbanpromo-xii-edizione-la-triennale-di-milano\/\"><img loading=\"lazy\" decoding=\"async\" class=\"aligncenter size-thumbnail wp-image-387\" src=\"http:\/\/urbanpromo.it\/2015\/wp-content\/uploads\/sites\/6\/2015\/07\/Location_UP-150x150.jpg\" alt=\"Location_UP\" width=\"150\" height=\"150\" srcset=\"https:\/\/urbanpromo.it\/content\/uploads\/sites\/6\/2015\/07\/Location_UP-150x150.jpg 150w, https:\/\/urbanpromo.it\/content\/uploads\/sites\/6\/2015\/07\/Location_UP-250x250.jpg 250w, https:\/\/urbanpromo.it\/content\/uploads\/sites\/6\/2015\/07\/Location_UP.jpg 284w\" sizes=\"auto, (max-width: 150px) 100vw, 150px\" \/><\/a><\/td>\n<\/tr>\n<\/tbody>\n<\/table>\n<p>La XII edizione di Urbanpromo si \u00e8 svolta\u00a0dal 17 al 20 novembre 2015 presso\u00a0La Triennale di Milano, il museo nato per promuovere l\u2019eccellenza della ricerca italiana, caratterizzato da spazi all\u2019avanguardia e funzionali che ben si prestano ad accogliere gli espositori e i visitatori.\u00a0Una scelta ricaduta su una citt\u00e0 simbolo di innovazione e sviluppo.<\/p>\n<p>Grazie ad Expo, Milano si \u00e8 riaffermata centro nevralgico di tutto ci\u00f2 che rappresenta internazionalit\u00e0, ricerca e nuove opportunit\u00e0 rappresentando, quindi, il luogo ideale per mostrare la nuova progettualit\u00e0 che caratterizza Urbanpromo 2015.<\/p>\n<p>La scopo della manifestazione \u00e8 di contribuire efficacemente alla ripresa del Paese, valorizzando i progetti e le iniziative in due straodinari eventi con un programma di convegni qualificato, dall\u2019alto profilo tecnico e scientifico.<\/p>\n","protected":false},"excerpt":{"rendered":"<p>&nbsp; &nbsp; La XII edizione di Urbanpromo si \u00e8 svolta\u00a0dal 17 al 20 novembre 2015 presso\u00a0La Triennale di Milano, il museo nato per promuovere l\u2019eccellenza della ricerca italiana, caratterizzato da spazi all\u2019avanguardia e funzionali che ben si prestano ad accogliere gli espositori e i visitatori.\u00a0Una scelta ricaduta su una citt\u00e0 simbolo di innovazione e sviluppo. &#8230;<\/p>\n","protected":false},"author":2,"featured_media":0,"parent":0,"menu_order":0,"comment_status":"open","ping_status":"open","template":"","meta":{"_acf_changed":false,"footnotes":""},"class_list":["post-83","page","type-page","status-publish","hentry"],"acf":[],"yoast_head":"<!-- This site is optimized with the Yoast SEO plugin v27.4 - https:\/\/yoast.com\/product\/yoast-seo-wordpress\/ -->\n<title>URBANPROMO XII EDIZIONE - Edizione 2015<\/title>\n<meta name=\"robots\" content=\"index, follow, max-snippet:-1, max-image-preview:large, max-video-preview:-1\" \/>\n<link rel=\"canonical\" href=\"https:\/\/urbanpromo.it\/2015\/chi-siamo\/\" \/>\n<meta property=\"og:locale\" content=\"it_IT\" \/>\n<meta property=\"og:type\" content=\"article\" \/>\n<meta property=\"og:title\" content=\"URBANPROMO XII EDIZIONE - Edizione 2015\" \/>\n<meta property=\"og:description\" content=\"&nbsp; &nbsp; La XII edizione di Urbanpromo si \u00e8 svolta\u00a0dal 17 al 20 novembre 2015 presso\u00a0La Triennale di Milano, il museo nato per promuovere l\u2019eccellenza della ricerca italiana, caratterizzato da spazi all\u2019avanguardia e funzionali che ben si prestano ad accogliere gli espositori e i visitatori.\u00a0Una scelta ricaduta su una citt\u00e0 simbolo di innovazione e sviluppo. ...\" \/>\n<meta property=\"og:url\" content=\"https:\/\/urbanpromo.it\/2015\/chi-siamo\/\" \/>\n<meta property=\"og:site_name\" content=\"Edizione 2015\" \/>\n<meta property=\"article:modified_time\" content=\"2016-01-13T11:33:13+00:00\" \/>\n<meta property=\"og:image\" content=\"http:\/\/urbanpromo.it\/2015\/wp-content\/uploads\/sites\/6\/2015\/07\/Temi_UP-150x150.jpg\" \/>\n<meta name=\"twitter:card\" content=\"summary_large_image\" \/>\n<meta name=\"twitter:label1\" content=\"Est. reading time\" \/>\n\t<meta name=\"twitter:data1\" content=\"1 minuto\" \/>\n<script type=\"application\/ld+json\" class=\"yoast-schema-graph\">{\"@context\":\"https:\\\/\\\/schema.org\",\"@graph\":[{\"@type\":\"WebPage\",\"@id\":\"https:\\\/\\\/urbanpromo.it\\\/2015\\\/chi-siamo\\\/\",\"url\":\"https:\\\/\\\/urbanpromo.it\\\/2015\\\/chi-siamo\\\/\",\"name\":\"URBANPROMO XII EDIZIONE - Edizione 2015\",\"isPartOf\":{\"@id\":\"https:\\\/\\\/urbanpromo.it\\\/2015\\\/#website\"},\"primaryImageOfPage\":{\"@id\":\"https:\\\/\\\/urbanpromo.it\\\/2015\\\/chi-siamo\\\/#primaryimage\"},\"image\":{\"@id\":\"https:\\\/\\\/urbanpromo.it\\\/2015\\\/chi-siamo\\\/#primaryimage\"},\"thumbnailUrl\":\"http:\\\/\\\/urbanpromo.it\\\/2015\\\/wp-content\\\/uploads\\\/sites\\\/6\\\/2015\\\/07\\\/Temi_UP-150x150.jpg\",\"datePublished\":\"2015-07-14T17:07:36+00:00\",\"dateModified\":\"2016-01-13T11:33:13+00:00\",\"breadcrumb\":{\"@id\":\"https:\\\/\\\/urbanpromo.it\\\/2015\\\/chi-siamo\\\/#breadcrumb\"},\"inLanguage\":\"it-IT\",\"potentialAction\":[{\"@type\":\"ReadAction\",\"target\":[\"https:\\\/\\\/urbanpromo.it\\\/2015\\\/chi-siamo\\\/\"]}]},{\"@type\":\"ImageObject\",\"inLanguage\":\"it-IT\",\"@id\":\"https:\\\/\\\/urbanpromo.it\\\/2015\\\/chi-siamo\\\/#primaryimage\",\"url\":\"http:\\\/\\\/urbanpromo.it\\\/2015\\\/wp-content\\\/uploads\\\/sites\\\/6\\\/2015\\\/07\\\/Temi_UP-150x150.jpg\",\"contentUrl\":\"http:\\\/\\\/urbanpromo.it\\\/2015\\\/wp-content\\\/uploads\\\/sites\\\/6\\\/2015\\\/07\\\/Temi_UP-150x150.jpg\"},{\"@type\":\"BreadcrumbList\",\"@id\":\"https:\\\/\\\/urbanpromo.it\\\/2015\\\/chi-siamo\\\/#breadcrumb\",\"itemListElement\":[{\"@type\":\"ListItem\",\"position\":1,\"name\":\"Home\",\"item\":\"https:\\\/\\\/urbanpromo.it\\\/2015\\\/\"},{\"@type\":\"ListItem\",\"position\":2,\"name\":\"URBANPROMO XII EDIZIONE\"}]},{\"@type\":\"WebSite\",\"@id\":\"https:\\\/\\\/urbanpromo.it\\\/2015\\\/#website\",\"url\":\"https:\\\/\\\/urbanpromo.it\\\/2015\\\/\",\"name\":\"Edizione 2015\",\"description\":\"Urbanpromo - XII Edizione\",\"potentialAction\":[{\"@type\":\"SearchAction\",\"target\":{\"@type\":\"EntryPoint\",\"urlTemplate\":\"https:\\\/\\\/urbanpromo.it\\\/2015\\\/?s={search_term_string}\"},\"query-input\":{\"@type\":\"PropertyValueSpecification\",\"valueRequired\":true,\"valueName\":\"search_term_string\"}}],\"inLanguage\":\"it-IT\"}]}<\/script>\n<!-- \/ Yoast SEO plugin. -->","yoast_head_json":{"title":"URBANPROMO XII EDIZIONE - Edizione 2015","robots":{"index":"index","follow":"follow","max-snippet":"max-snippet:-1","max-image-preview":"max-image-preview:large","max-video-preview":"max-video-preview:-1"},"canonical":"https:\/\/urbanpromo.it\/2015\/chi-siamo\/","og_locale":"it_IT","og_type":"article","og_title":"URBANPROMO XII EDIZIONE - Edizione 2015","og_description":"&nbsp; &nbsp; La XII edizione di Urbanpromo si \u00e8 svolta\u00a0dal 17 al 20 novembre 2015 presso\u00a0La Triennale di Milano, il museo nato per promuovere l\u2019eccellenza della ricerca italiana, caratterizzato da spazi all\u2019avanguardia e funzionali che ben si prestano ad accogliere gli espositori e i visitatori.\u00a0Una scelta ricaduta su una citt\u00e0 simbolo di innovazione e sviluppo. ...","og_url":"https:\/\/urbanpromo.it\/2015\/chi-siamo\/","og_site_name":"Edizione 2015","article_modified_time":"2016-01-13T11:33:13+00:00","og_image":[{"url":"http:\/\/urbanpromo.it\/2015\/wp-content\/uploads\/sites\/6\/2015\/07\/Temi_UP-150x150.jpg","type":"","width":"","height":""}],"twitter_card":"summary_large_image","twitter_misc":{"Est. reading time":"1 minuto"},"schema":{"@context":"https:\/\/schema.org","@graph":[{"@type":"WebPage","@id":"https:\/\/urbanpromo.it\/2015\/chi-siamo\/","url":"https:\/\/urbanpromo.it\/2015\/chi-siamo\/","name":"URBANPROMO XII EDIZIONE - Edizione 2015","isPartOf":{"@id":"https:\/\/urbanpromo.it\/2015\/#website"},"primaryImageOfPage":{"@id":"https:\/\/urbanpromo.it\/2015\/chi-siamo\/#primaryimage"},"image":{"@id":"https:\/\/urbanpromo.it\/2015\/chi-siamo\/#primaryimage"},"thumbnailUrl":"http:\/\/urbanpromo.it\/2015\/wp-content\/uploads\/sites\/6\/2015\/07\/Temi_UP-150x150.jpg","datePublished":"2015-07-14T17:07:36+00:00","dateModified":"2016-01-13T11:33:13+00:00","breadcrumb":{"@id":"https:\/\/urbanpromo.it\/2015\/chi-siamo\/#breadcrumb"},"inLanguage":"it-IT","potentialAction":[{"@type":"ReadAction","target":["https:\/\/urbanpromo.it\/2015\/chi-siamo\/"]}]},{"@type":"ImageObject","inLanguage":"it-IT","@id":"https:\/\/urbanpromo.it\/2015\/chi-siamo\/#primaryimage","url":"http:\/\/urbanpromo.it\/2015\/wp-content\/uploads\/sites\/6\/2015\/07\/Temi_UP-150x150.jpg","contentUrl":"http:\/\/urbanpromo.it\/2015\/wp-content\/uploads\/sites\/6\/2015\/07\/Temi_UP-150x150.jpg"},{"@type":"BreadcrumbList","@id":"https:\/\/urbanpromo.it\/2015\/chi-siamo\/#breadcrumb","itemListElement":[{"@type":"ListItem","position":1,"name":"Home","item":"https:\/\/urbanpromo.it\/2015\/"},{"@type":"ListItem","position":2,"name":"URBANPROMO XII EDIZIONE"}]},{"@type":"WebSite","@id":"https:\/\/urbanpromo.it\/2015\/#website","url":"https:\/\/urbanpromo.it\/2015\/","name":"Edizione 2015","description":"Urbanpromo - XII Edizione","potentialAction":[{"@type":"SearchAction","target":{"@type":"EntryPoint","urlTemplate":"https:\/\/urbanpromo.it\/2015\/?s={search_term_string}"},"query-input":{"@type":"PropertyValueSpecification","valueRequired":true,"valueName":"search_term_string"}}],"inLanguage":"it-IT"}]}},"_links":{"self":[{"href":"https:\/\/urbanpromo.it\/2015\/wp-json\/wp\/v2\/pages\/83","targetHints":{"allow":["GET"]}}],"collection":[{"href":"https:\/\/urbanpromo.it\/2015\/wp-json\/wp\/v2\/pages"}],"about":[{"href":"https:\/\/urbanpromo.it\/2015\/wp-json\/wp\/v2\/types\/page"}],"author":[{"embeddable":true,"href":"https:\/\/urbanpromo.it\/2015\/wp-json\/wp\/v2\/users\/2"}],"replies":[{"embeddable":true,"href":"https:\/\/urbanpromo.it\/2015\/wp-json\/wp\/v2\/comments?post=83"}],"version-history":[{"count":0,"href":"https:\/\/urbanpromo.it\/2015\/wp-json\/wp\/v2\/pages\/83\/revisions"}],"wp:attachment":[{"href":"https:\/\/urbanpromo.it\/2015\/wp-json\/wp\/v2\/media?parent=83"}],"curies":[{"name":"wp","href":"https:\/\/api.w.org\/{rel}","templated":true}]}}