{"id":5104,"date":"2016-11-15T11:20:20","date_gmt":"2016-11-15T10:20:20","guid":{"rendered":"http:\/\/urbanpromo.it\/2016-en\/?page_id=5104"},"modified":"2016-11-16T13:44:33","modified_gmt":"2016-11-16T12:44:33","slug":"the-winners-of-the-8th-edition","status":"publish","type":"page","link":"https:\/\/urbanpromo.it\/2016-en\/urban-promogiovani\/the-winners-of-the-8th-edition\/","title":{"rendered":"The winners of the 8th edition"},"content":{"rendered":"<p><strong>Here are the winners of the 8th edition of the International Competition for Young Urban Designers and Planners Urban-promogiovani!<\/strong><\/p>\n<p>&nbsp;<\/p>\n<h3><strong>INTERNATIONAL JURY AWARD<\/strong><\/h3>\n<p><strong>International Jury:<\/strong><br \/>\n<strong>Christer Bengs, <em>Aalto University<\/em> <\/strong><br \/>\n<strong>Nico Calavita, <em>University of Huddersfield<\/em><\/strong><br \/>\n<strong>Alona Martinez-Perez, <em>San Diego State University<\/em><\/strong><\/p>\n<table>\n<tbody>\n<tr>\n<td valign=\"top\"><a href=\"http:\/\/urbanpromo.it\/2016-en\/urbanpromogiovani\/rururban_interface\/\" target=\"_blank\"><img loading=\"lazy\" decoding=\"async\" class=\"alignleft wp-image-5106 size-thumbnail\" src=\"http:\/\/urbanpromo.it\/2016-en\/wp-content\/uploads\/sites\/9\/2016\/11\/RURURBAN_INTERFACE_tile-150x150.jpg\" alt=\"\" width=\"150\" height=\"150\" srcset=\"https:\/\/urbanpromo.it\/content\/uploads\/sites\/9\/2016\/11\/RURURBAN_INTERFACE_tile-150x150.jpg 150w, https:\/\/urbanpromo.it\/content\/uploads\/sites\/9\/2016\/11\/RURURBAN_INTERFACE_tile-250x250.jpg 250w, https:\/\/urbanpromo.it\/content\/uploads\/sites\/9\/2016\/11\/RURURBAN_INTERFACE_tile.jpg 300w\" sizes=\"auto, (max-width: 150px) 100vw, 150px\" \/><\/a><\/td>\n<td><strong>1\u00b0 CLASSIFIED\u00a0<\/strong><strong>Project: <a href=\"http:\/\/urbanpromo.it\/2016-en\/urbanpromogiovani\/rururban_interface\/\" target=\"_blank\">RURURBAN_INTERFACE<\/a><\/strong><br \/>\n<strong>Authors: Cosimo Camarda, Floriana D&#8217;Amaro<\/strong><br \/>\n<strong>Professor: Maurizio Carta<\/strong><br \/>\n<strong>Universit\u00e0 degli Studi di Palermo<\/strong><\/td>\n<\/tr>\n<\/tbody>\n<\/table>\n<table>\n<tbody>\n<tr>\n<td valign=\"top\"><a href=\"http:\/\/urbanpromo.it\/2016-en\/urbanpromogiovani\/reconnect\/\" target=\"_blank\"><img loading=\"lazy\" decoding=\"async\" class=\"alignleft size-thumbnail wp-image-5107\" src=\"http:\/\/urbanpromo.it\/2016-en\/wp-content\/uploads\/sites\/9\/2016\/11\/REconnect_tile-150x150.jpg\" alt=\"REconnect_tile\" width=\"150\" height=\"150\" srcset=\"https:\/\/urbanpromo.it\/content\/uploads\/sites\/9\/2016\/11\/REconnect_tile-150x150.jpg 150w, https:\/\/urbanpromo.it\/content\/uploads\/sites\/9\/2016\/11\/REconnect_tile-250x250.jpg 250w, https:\/\/urbanpromo.it\/content\/uploads\/sites\/9\/2016\/11\/REconnect_tile.jpg 300w\" sizes=\"auto, (max-width: 150px) 100vw, 150px\" \/><\/a><\/td>\n<td><strong>2\u00b0 CLASSIFIED\u00a0<\/strong><strong>Project:\u00a0<a href=\"http:\/\/urbanpromo.it\/2016-en\/urbanpromogiovani\/reconnect\/\" target=\"_blank\">REconnect<\/a><\/strong><br \/>\n<strong>Authors: Jan Sihler, Sarah Sojka<\/strong><br \/>\n<strong>Professor: Udo Weilacher<\/strong><br \/>\n<strong>Technical University Munich<\/strong><\/td>\n<\/tr>\n<\/tbody>\n<\/table>\n<p>&nbsp;<\/p>\n<h3><strong>ON-LINE AWARD<br \/>\nProjects selected by site visitors<\/strong><\/h3>\n<table>\n<tbody>\n<tr>\n<td valign=\"top\"><strong><a href=\"http:\/\/urbanpromo.it\/2016-en\/urbanpromogiovani\/secondigliano-chance\/\" target=\"_blank\"><img loading=\"lazy\" decoding=\"async\" class=\"alignleft wp-image-5108 size-thumbnail\" src=\"http:\/\/urbanpromo.it\/2016-en\/wp-content\/uploads\/sites\/9\/2016\/11\/SECONDigliano-CHANCE_tile-150x150.jpg\" alt=\"\" width=\"150\" height=\"150\" srcset=\"https:\/\/urbanpromo.it\/content\/uploads\/sites\/9\/2016\/11\/SECONDigliano-CHANCE_tile-150x150.jpg 150w, https:\/\/urbanpromo.it\/content\/uploads\/sites\/9\/2016\/11\/SECONDigliano-CHANCE_tile-250x250.jpg 250w, https:\/\/urbanpromo.it\/content\/uploads\/sites\/9\/2016\/11\/SECONDigliano-CHANCE_tile.jpg 300w\" sizes=\"auto, (max-width: 150px) 100vw, 150px\" \/><\/a><\/strong><\/td>\n<td><strong>1 \u00b0 CLASSIFIED\u00a0<\/strong><strong>Project:\u00a0<a href=\"http:\/\/urbanpromo.it\/2016-en\/urbanpromogiovani\/secondigliano-chance\/\" target=\"_blank\">SECONDigliano CHANCE<\/a><\/strong><br \/>\n<strong> Authors: Marco Rossitti, Martina Tomeo, Luigi Chiumenti, Dante Marranzini,<br \/>\nRaffaele Merone, Michelangelo Pastore, Maura Linguiti, Raffaella Di Donato,<br \/>\nGaia Vioto, Carlo Segretario<\/strong><br \/>\n<strong> Professor: Francesca Bruni<\/strong><br \/>\n<strong>Universit\u00e0 degli Studi di Napoli Federico II<\/strong><\/td>\n<\/tr>\n<\/tbody>\n<\/table>\n<table>\n<tbody>\n<tr>\n<td valign=\"top\"><a href=\"http:\/\/urbanpromo.it\/2016-en\/urbanpromogiovani\/rethink-santa-ana\/\" target=\"_blank\"><img loading=\"lazy\" decoding=\"async\" class=\"alignleft wp-image-5110 size-thumbnail\" src=\"http:\/\/urbanpromo.it\/2016-en\/wp-content\/uploads\/sites\/9\/2016\/11\/ReThink-Santa-Ana_tile-150x150.jpg\" alt=\"\" width=\"150\" height=\"150\" srcset=\"https:\/\/urbanpromo.it\/content\/uploads\/sites\/9\/2016\/11\/ReThink-Santa-Ana_tile-150x150.jpg 150w, https:\/\/urbanpromo.it\/content\/uploads\/sites\/9\/2016\/11\/ReThink-Santa-Ana_tile-250x250.jpg 250w, https:\/\/urbanpromo.it\/content\/uploads\/sites\/9\/2016\/11\/ReThink-Santa-Ana_tile.jpg 300w\" sizes=\"auto, (max-width: 150px) 100vw, 150px\" \/><\/a><\/td>\n<td><strong>2\u00b0 CLASSIFIED\u00a0<\/strong><strong>Project: <a href=\"http:\/\/urbanpromo.it\/2016-en\/urbanpromogiovani\/rethink-santa-ana\/\" target=\"_blank\">ReThink Santa Ana<\/a><\/strong><br \/>\n<strong> Authors: Andrea Giuseppe Melillo, Toni Quagliariello<\/strong><br \/>\n<strong> Professor: Roberto Gerundo<\/strong><br \/>\n<strong>Universit\u00e0 degli Studi di Salerno<\/strong><\/td>\n<\/tr>\n<\/tbody>\n<\/table>\n<p>&nbsp;<\/p>\n<hr \/>\n<p>&nbsp;<\/p>\n<h3><strong>CAMERA DI COMMERCIO DI GENOVA SPECIAL AWARD<\/strong><\/h3>\n<p><strong>Jury of experts:<\/strong><br \/>\n<strong>Maurizio Caviglia, <em>Segretario Generale della Camera di Commercio di Genova<\/em><\/strong><br \/>\n<strong>Angelo Patrizio, <em>Responsabile Urbanistica e Progettazione Urbana, Confcommercio \u2013 Imprese per l\u2019Italia<\/em><\/strong><br \/>\n<strong>Iginio Rossi, <em>Direttore Urbanpromo &#8211; Urbit<\/em><\/strong><\/p>\n<p>&nbsp;<\/p>\n<table>\n<tbody>\n<tr>\n<td valign=\"top\"><a href=\"http:\/\/urbanpromo.it\/2016-en\/urbanpromogiovani\/castiadas-urban-transformation\/\" target=\"_blank\"><img loading=\"lazy\" decoding=\"async\" class=\"alignleft wp-image-5111 size-thumbnail\" src=\"http:\/\/urbanpromo.it\/2016-en\/wp-content\/uploads\/sites\/9\/2016\/11\/Castiadas-Urban-Transformation_tile-150x150.jpg\" alt=\"\" width=\"150\" height=\"150\" srcset=\"https:\/\/urbanpromo.it\/content\/uploads\/sites\/9\/2016\/11\/Castiadas-Urban-Transformation_tile-150x150.jpg 150w, https:\/\/urbanpromo.it\/content\/uploads\/sites\/9\/2016\/11\/Castiadas-Urban-Transformation_tile-250x250.jpg 250w, https:\/\/urbanpromo.it\/content\/uploads\/sites\/9\/2016\/11\/Castiadas-Urban-Transformation_tile.jpg 300w\" sizes=\"auto, (max-width: 150px) 100vw, 150px\" \/><\/a><\/td>\n<td><strong>Project:\u00a0<a href=\"http:\/\/urbanpromo.it\/2016-en\/urbanpromogiovani\/castiadas-urban-transformation\/\" target=\"_blank\">Castiadas Urban Transformation<\/a><\/strong><br \/>\n<strong>Authors: Matteo Argiolas<\/strong><br \/>\n<strong>Professor: Ivan Onnis<\/strong><br \/>\n<strong>Universit\u00e0 degli Studi di Cagliari<\/strong><\/p>\n<table>\n<tbody>\n<tr>\n<td width=\"450px\">Motivazione: traguardando la rigenerazione di una grande area naturale e urbanizzata attraverso collegamenti ciclopedonali, attrezzature per il turismo rurale, commercio, istruzione e housing sociale, la trasformazione urbana assume un&#8217;occasione rilevante di partenariato pubblico privato che agisce sulla sostenibilit\u00e0 socioeconomica.<\/p>\n<p>&nbsp;<\/p>\n<p><em>Reason:\u00a0urban transformation become a chance of public-private partnership that is able to act on the social and economic sustainability, achieving the regeneration of a big natural and urban area through pedestrian and bike path, equipment for rural tourism, education and social housing.<\/em><\/td>\n<\/tr>\n<\/tbody>\n<\/table>\n<p>&nbsp;<\/td>\n<\/tr>\n<tr>\n<td valign=\"top\"><a href=\"http:\/\/urbanpromo.it\/2016-en\/urbanpromogiovani\/glisseo\/\" target=\"_blank\"><img loading=\"lazy\" decoding=\"async\" class=\"alignleft wp-image-5113 size-thumbnail\" src=\"http:\/\/urbanpromo.it\/2016-en\/wp-content\/uploads\/sites\/9\/2016\/11\/Glisseo_tile-150x150.jpg\" alt=\"\" width=\"150\" height=\"150\" srcset=\"https:\/\/urbanpromo.it\/content\/uploads\/sites\/9\/2016\/11\/Glisseo_tile-150x150.jpg 150w, https:\/\/urbanpromo.it\/content\/uploads\/sites\/9\/2016\/11\/Glisseo_tile-250x250.jpg 250w, https:\/\/urbanpromo.it\/content\/uploads\/sites\/9\/2016\/11\/Glisseo_tile.jpg 300w\" sizes=\"auto, (max-width: 150px) 100vw, 150px\" \/><\/a><\/td>\n<td><strong>Project: <a href=\"http:\/\/urbanpromo.it\/2016-en\/urbanpromogiovani\/glisseo\/\" target=\"_blank\">Glisseo<\/a><\/strong><br \/>\n<strong>Authors: Vittoria Bonini, Giulia Coppi<\/strong><br \/>\n<strong>Professor: Emanuela Nan<\/strong><br \/>\n<strong>Universit\u00e0 degli Studi di Genova<\/strong><\/p>\n<table>\n<tbody>\n<tr>\n<td width=\"450px\">Motivazione:\u00a0unendo gli obiettivi di rigenerare un quartiere del centro storico e riqualificare il suo waterfront assumono un ruolo centrale nel progetto l&#8217;introduzione di modalit\u00e0 per la mobilit\u00e0 verticale, il rilancio di nuove funzioni, l&#8217;estensione a un parco urbano, gli allestimenti mobili per gli spazi pubblici, le connessioni tra i servizi culturali, turistici e commerciali in una logica di rete e processo.<\/p>\n<p>&nbsp;<\/p>\n<p><em>Reason: unifying the regeneration goals for a district of the historical center and for the regeneration of its waterfront some elements of the project get a central role, like the introduction of a vertical mobility, the introduction of new functions, the extension towards a urban park, the movable accessory for public spaces, the connection in between cultural, touristic and commercial services in a network.<\/em><\/td>\n<\/tr>\n<\/tbody>\n<\/table>\n<p>&nbsp;<\/td>\n<\/tr>\n<tr>\n<td valign=\"top\"><a href=\"http:\/\/urbanpromo.it\/2016-en\/urbanpromogiovani\/lighting-opportunities-2\/\" target=\"_blank\"><img loading=\"lazy\" decoding=\"async\" class=\"alignleft wp-image-5114 size-thumbnail\" src=\"http:\/\/urbanpromo.it\/2016-en\/wp-content\/uploads\/sites\/9\/2016\/11\/Lighting-Opportunities_tile-150x150.jpg\" alt=\"\" width=\"150\" height=\"150\" srcset=\"https:\/\/urbanpromo.it\/content\/uploads\/sites\/9\/2016\/11\/Lighting-Opportunities_tile-150x150.jpg 150w, https:\/\/urbanpromo.it\/content\/uploads\/sites\/9\/2016\/11\/Lighting-Opportunities_tile.jpg 220w\" sizes=\"auto, (max-width: 150px) 100vw, 150px\" \/><\/a><\/td>\n<td><strong>Project:\u00a0<a href=\"http:\/\/urbanpromo.it\/2016-en\/urbanpromogiovani\/lighting-opportunities-2\/\" target=\"_blank\">Lighting Opportunities<\/a><\/strong><br \/>\n<strong>Authors: Giorgio Marescia, Nicolas Toro Ovalle,<br \/>\n<\/strong><strong>Francesco Manea, Maddalena Gioseffi, Emanuele Carlo Vitali<\/strong><br \/>\n<strong>Professor: Piergiorgio Vitillo<\/strong><br \/>\n<strong>Politecnico di Milano<\/strong><\/p>\n<table>\n<tbody>\n<tr>\n<td width=\"450px\">Motivazione: con un disegno strategico e programmatico sulle opportunit\u00e0 per lo sviluppo di Ancona, vengono articolati gli ambiti del commercio e di nuove funzioni collocandoli anche in spazi di riuso e temporanei, rafforzandoli con la realizzazione di polarit\u00e0 smart, tetti e reti verdi, un mercato del pesce, street food, percorsi pedonali, musei, auditorium partendo da un&#8217;illuminazione urbana visibile per cittadini e turisti.<\/p>\n<p>&nbsp;<\/p>\n<p><em>Reason:\u00a0with a strategic and programmative plan on the opportunities of the development of Ancona, the project deals with the definition of retail asset and new functions, locating those also in reused and temporary spaces, enhancing them with the realization of a smart center, roofs and green network, a fish market, street food activities, a pedestrian path, museums and an auditorium, all starting from a urban lighting system visible for citizens and tourists<\/em><\/td>\n<\/tr>\n<\/tbody>\n<\/table>\n<p>&nbsp;<\/td>\n<\/tr>\n<tr>\n<td valign=\"top\"><a href=\"http:\/\/urbanpromo.it\/2016-en\/urbanpromogiovani\/rethink-santa-ana\/\" target=\"_blank\"><img loading=\"lazy\" decoding=\"async\" class=\"alignleft wp-image-5110 size-thumbnail\" src=\"http:\/\/urbanpromo.it\/2016-en\/wp-content\/uploads\/sites\/9\/2016\/11\/ReThink-Santa-Ana_tile-150x150.jpg\" alt=\"\" width=\"150\" height=\"150\" srcset=\"https:\/\/urbanpromo.it\/content\/uploads\/sites\/9\/2016\/11\/ReThink-Santa-Ana_tile-150x150.jpg 150w, https:\/\/urbanpromo.it\/content\/uploads\/sites\/9\/2016\/11\/ReThink-Santa-Ana_tile-250x250.jpg 250w, https:\/\/urbanpromo.it\/content\/uploads\/sites\/9\/2016\/11\/ReThink-Santa-Ana_tile.jpg 300w\" sizes=\"auto, (max-width: 150px) 100vw, 150px\" \/><\/a><\/td>\n<td><strong>Project: <a href=\"http:\/\/urbanpromo.it\/2016-en\/urbanpromogiovani\/rethink-santa-ana\/\" target=\"_blank\">ReThink Santa Ana<\/a><\/strong><br \/>\n<strong>Authors: Andrea Giuseppe Melillo, Toni Quagliariello<\/strong><br \/>\n<strong>Professor: Roberto Gerundo<\/strong><br \/>\n<strong>Universit\u00e0 degli Studi di Salerno<\/strong><\/p>\n<table>\n<tbody>\n<tr>\n<td width=\"450px\">Motivazione: la rivitalizzazione di un quartiere di Panama City \u00e8 incentrata nel rinnovo di spazi pubblici e collegamenti ciclopedonali, punti informativi, servizi collettivi, una biblioteca, sviluppo delle strade commerciali e rafforzamento di un mercato coperto promuovendo accoglienza turistica e intrattenimento.<\/p>\n<p>&nbsp;<\/p>\n<p><em>Reason:\u00a0the revitalization of a district of Panama City is focused on the renovation of public spaces, pedestrian and bike path, info points, collective services, a library, the development of commercial road and the enhancement of a covered market promoting tourism and amusement.<\/em><\/td>\n<\/tr>\n<\/tbody>\n<\/table>\n<p>&nbsp;<\/td>\n<\/tr>\n<\/tbody>\n<\/table>\n<table>\n<tbody>\n<tr>\n<td valign=\"top\"><a href=\"http:\/\/urbanpromo.it\/2016-en\/urbanpromogiovani\/rururban_interface\/\" target=\"_blank\"><img loading=\"lazy\" decoding=\"async\" class=\"alignleft wp-image-5106 size-thumbnail\" src=\"http:\/\/urbanpromo.it\/2016-en\/wp-content\/uploads\/sites\/9\/2016\/11\/RURURBAN_INTERFACE_tile-150x150.jpg\" alt=\"\" width=\"150\" height=\"150\" srcset=\"https:\/\/urbanpromo.it\/content\/uploads\/sites\/9\/2016\/11\/RURURBAN_INTERFACE_tile-150x150.jpg 150w, https:\/\/urbanpromo.it\/content\/uploads\/sites\/9\/2016\/11\/RURURBAN_INTERFACE_tile-250x250.jpg 250w, https:\/\/urbanpromo.it\/content\/uploads\/sites\/9\/2016\/11\/RURURBAN_INTERFACE_tile.jpg 300w\" sizes=\"auto, (max-width: 150px) 100vw, 150px\" \/><\/a><\/td>\n<td><strong>Project: <a href=\"http:\/\/urbanpromo.it\/2016-en\/urbanpromogiovani\/rururban_interface\/\" target=\"_blank\">RURURBAN_INTERFACE<\/a><\/strong><br \/>\n<strong>Authors: Cosimo Camarda, Floriana D&#8217;Amaro<\/strong><br \/>\n<strong>Professor: Maurizio Carta<\/strong><br \/>\n<strong>Universit\u00e0 degli Studi di Palermo<\/strong><\/p>\n<table>\n<tbody>\n<tr>\n<td width=\"450px\">Motivazione:\u00a0adottando un masterplan della rete territoriale che prevede di raggiungere un rinnovo nell&#8217;arco di 5 anni indirizza gli interventi inerenti produzione agricola, paesaggio e cultura, attrezzature per commercio, ricettivit\u00e0 turistica, giardini didattici, eventi, parcheggi, tutti in una logica di processo ed ecosostenibilit\u00e0.<\/p>\n<p>&nbsp;<\/p>\n<p><em>Reason:\u00a0adopting a masterplan of the territorial network which goal is to get a renewal in a period of 5 years, it is possible to direct the intervention of agricultural production, landscape, culture, equipment for commerce, tourism and accommodation capacity, educational garden, events and parking, in a logic of process and eco sustainability.<\/em><\/td>\n<\/tr>\n<\/tbody>\n<\/table>\n<p>&nbsp;<\/td>\n<\/tr>\n<\/tbody>\n<\/table>\n<table>\n<tbody>\n<tr>\n<td valign=\"top\"><a href=\"http:\/\/urbanpromo.it\/2016-en\/urbanpromogiovani\/the-places-of-puglias-aqueduct-from-a-state-of-neglet-and-decay-to-a-new-territorial-identity-2\/\" target=\"_blank\"><img loading=\"lazy\" decoding=\"async\" class=\"alignleft wp-image-5115 size-thumbnail\" src=\"http:\/\/urbanpromo.it\/2016-en\/wp-content\/uploads\/sites\/9\/2016\/11\/The-places-of-Puglias-aqueduct_tile-150x150.jpg\" alt=\"\" width=\"150\" height=\"150\" srcset=\"https:\/\/urbanpromo.it\/content\/uploads\/sites\/9\/2016\/11\/The-places-of-Puglias-aqueduct_tile-150x150.jpg 150w, https:\/\/urbanpromo.it\/content\/uploads\/sites\/9\/2016\/11\/The-places-of-Puglias-aqueduct_tile.jpg 220w\" sizes=\"auto, (max-width: 150px) 100vw, 150px\" \/><\/a><\/td>\n<td><strong>Project: <a href=\"http:\/\/urbanpromo.it\/2016-en\/urbanpromogiovani\/the-places-of-puglias-aqueduct-from-a-state-of-neglet-and-decay-to-a-new-territorial-identity-2\/\" target=\"_blank\">The places of Puglia\u2019s aqueduct: from a state of neglet<br \/>\nand decay to a new territorial identity<\/a><\/strong><br \/>\n<strong>Authors: Valeria Ricci, Dalila Marcone<\/strong><br \/>\n<strong>Professor: Selicato Francesco<\/strong><br \/>\n<strong>Politecnico di\u00a0Bari<\/strong><\/p>\n<table>\n<tbody>\n<tr>\n<td width=\"450px\">Motivazione: parco agriculturale lungo itinerario idrogeologico nei pressi dell&#8217;Alta Murgia attrezzato con servizi per commercio, ricettivit\u00e0 turistica, attivit\u00e0 culturali, supporti alla mobilit\u00e0 ciclabile, riuso di edifici storici rurali e rigenerazione paesaggio naturale.<\/p>\n<p>&nbsp;<\/p>\n<p><em>Reason:\u00a0agricultural park along the idrogeological itinerary of the Alta Murgia, equipped with services for retail, touristic accommodation, cultural activities, support to bike mobility, reuse of historical rural buildings and regeneration of the natural landscape.<\/em><\/td>\n<\/tr>\n<\/tbody>\n<\/table>\n<p>&nbsp;<\/td>\n<\/tr>\n<\/tbody>\n<\/table>\n<hr \/>\n<p>&nbsp;<\/p>\n","protected":false},"excerpt":{"rendered":"<p>Here are the winners of the 8th edition of the International Competition for Young Urban Designers and Planners Urban-promogiovani! &nbsp; INTERNATIONAL JURY AWARD International Jury: Christer Bengs, Aalto University Nico Calavita, University of Huddersfield Alona Martinez-Perez, San Diego State University 1\u00b0 CLASSIFIED\u00a0Project: RURURBAN_INTERFACE Authors: Cosimo Camarda, Floriana D&#8217;Amaro Professor: Maurizio Carta Universit\u00e0 degli Studi di &#8230;<\/p>\n","protected":false},"author":2,"featured_media":0,"parent":61,"menu_order":0,"comment_status":"open","ping_status":"open","template":"template-page-full.php","meta":{"_acf_changed":false,"footnotes":""},"class_list":["post-5104","page","type-page","status-publish","hentry"],"acf":[],"_links":{"self":[{"href":"https:\/\/urbanpromo.it\/2016-en\/wp-json\/wp\/v2\/pages\/5104","targetHints":{"allow":["GET"]}}],"collection":[{"href":"https:\/\/urbanpromo.it\/2016-en\/wp-json\/wp\/v2\/pages"}],"about":[{"href":"https:\/\/urbanpromo.it\/2016-en\/wp-json\/wp\/v2\/types\/page"}],"author":[{"embeddable":true,"href":"https:\/\/urbanpromo.it\/2016-en\/wp-json\/wp\/v2\/users\/2"}],"replies":[{"embeddable":true,"href":"https:\/\/urbanpromo.it\/2016-en\/wp-json\/wp\/v2\/comments?post=5104"}],"version-history":[{"count":0,"href":"https:\/\/urbanpromo.it\/2016-en\/wp-json\/wp\/v2\/pages\/5104\/revisions"}],"up":[{"embeddable":true,"href":"https:\/\/urbanpromo.it\/2016-en\/wp-json\/wp\/v2\/pages\/61"}],"wp:attachment":[{"href":"https:\/\/urbanpromo.it\/2016-en\/wp-json\/wp\/v2\/media?parent=5104"}],"curies":[{"name":"wp","href":"https:\/\/api.w.org\/{rel}","templated":true}]}}