{"id":147,"date":"2015-07-15T18:15:48","date_gmt":"2015-07-15T16:15:48","guid":{"rendered":"http:\/\/analogforecast.com\/2016\/?page_id=147"},"modified":"2016-11-23T10:52:16","modified_gmt":"2016-11-23T09:52:16","slug":"premio-urbanistica","status":"publish","type":"page","link":"https:\/\/urbanpromo.it\/2016\/premio-urbanistica\/","title":{"rendered":"Premio URBANISTICA"},"content":{"rendered":"<p>In occasione di Urbanpromo 2006, la rivista URBANISTICA ha lanciato il concorso per assegnare il \u201cPremio URBANISTICA\u201d.<\/p>\n<p>Giunto alla\u00a0X edizione, il Direttore della rivista prof. Federico Oliva ha individuato le seguenti tre nuove categorie di votazione per evidenziare i temi pi\u00f9 importanti dell&#8217;urbanistica contemporanea:<\/p>\n<p>&#8211; RIGENERAZIONE AMBIENTALE, ECONOMICA E SOCIALE<br \/>\nRiduzione del consumo di suolo e compensazione ecologica, valorizzazione di patrimoni immobiliari dismessi o sottoutilizzati, promozione di beni culturali e beni ambientali, rinnovamento delle periferie urbane, sono solo alcuni degli obiettivi che oggi affidiamo alla pi\u00f9 ampia definizione di rigenerazione. La categoria premia i progetti urbani ed i piani urbanistici che promuovono lo sviluppo urbano sostenibile declinato in chiave ambientale, economico o sociale.<\/p>\n<p>&#8211; INNOVAZIONI TECNOLOGICHE PER LA GESTIONE URBANA<br \/>\nSi assiste in questi anni all\u2019avanzare di soluzioni tecnologiche a supporto di una citt\u00e0 sempre pi\u00f9 digitale. La categoria vuole far emergere le proposte pi\u00f9 innovative per la mobilit\u00e0 efficiente e sostenibile, il riciclo dei rifiuti, le energie rinnovabili, la sicurezza urbana e la gestione delle emergenze.<\/p>\n<p>&#8211; NUOVE MODALITA&#8217; DELL&#8217;ABITARE E DEL PRODURRE<br \/>\nLa casa e il lavoro, le esigenze primarie dell\u2019uomo, si riempiono oggi di nuovi significati. La sezione del concorso selezionai progetti che traducono in chiave architettonica ed urbana le istanze provenienti da una societ\u00e0 che reclama nuovi servizi abitativi per la coesione sociale e l\u2019integrazione di comunit\u00e0, spazi per le produzioni evolute e le professioni digitali.<\/p>\n","protected":false},"excerpt":{"rendered":"<p>In occasione di Urbanpromo 2006, la rivista URBANISTICA ha lanciato il concorso per assegnare il \u201cPremio URBANISTICA\u201d. Giunto alla\u00a0X edizione, il Direttore della rivista prof. Federico Oliva ha individuato le seguenti tre nuove categorie di votazione per evidenziare i temi pi\u00f9 importanti dell&#8217;urbanistica contemporanea: &#8211; RIGENERAZIONE AMBIENTALE, ECONOMICA E SOCIALE Riduzione del consumo di suolo &#8230;<\/p>\n","protected":false},"author":2,"featured_media":0,"parent":0,"menu_order":0,"comment_status":"open","ping_status":"open","template":"template-page-full.php","meta":{"_acf_changed":false,"footnotes":""},"class_list":["post-147","page","type-page","status-publish","hentry"],"acf":[],"_links":{"self":[{"href":"https:\/\/urbanpromo.it\/2016\/wp-json\/wp\/v2\/pages\/147","targetHints":{"allow":["GET"]}}],"collection":[{"href":"https:\/\/urbanpromo.it\/2016\/wp-json\/wp\/v2\/pages"}],"about":[{"href":"https:\/\/urbanpromo.it\/2016\/wp-json\/wp\/v2\/types\/page"}],"author":[{"embeddable":true,"href":"https:\/\/urbanpromo.it\/2016\/wp-json\/wp\/v2\/users\/2"}],"replies":[{"embeddable":true,"href":"https:\/\/urbanpromo.it\/2016\/wp-json\/wp\/v2\/comments?post=147"}],"version-history":[{"count":0,"href":"https:\/\/urbanpromo.it\/2016\/wp-json\/wp\/v2\/pages\/147\/revisions"}],"wp:attachment":[{"href":"https:\/\/urbanpromo.it\/2016\/wp-json\/wp\/v2\/media?parent=147"}],"curies":[{"name":"wp","href":"https:\/\/api.w.org\/{rel}","templated":true}]}}