{"id":255,"date":"2015-07-16T14:03:08","date_gmt":"2015-07-16T12:03:08","guid":{"rendered":"http:\/\/analogforecast.com\/2016\/?page_id=255"},"modified":"2016-10-13T15:56:50","modified_gmt":"2016-10-13T13:56:50","slug":"il-polo-del-900","status":"publish","type":"page","link":"https:\/\/urbanpromo.it\/2016\/urbanpromo-social-housing\/il-polo-del-900\/","title":{"rendered":"URBANPROMO SOCIAL HOUSING: IL POLO DEL &#8216;900"},"content":{"rendered":"<p>Inaugurato lo scorso 20 aprile, il Polo del &#8216;900 \u00e8 situato presso i Quartieri Militari juvarriani di Torino. Si configura come un centro culturale dinamico e aperto alla cittadinanza, rivolto alle nuove generazioni e ai nuovi cittadini.<\/p>\n<p>Il centro, coprogettato e sostenuto da Compagnia di San Paolo, Comune di Torino e Regione Piemonte, si occupa\u00a0di temi legati all\u2019attualit\u00e0 a partire dalle esperienze e dalle competenze dei diversi istituti che stanno cooperando alla realizzazione del progetto, depositari di fonti documentarie significative, impegnati nella ricerca e nell\u2019animazione intorno al Novecento e alla contemporaneit\u00e0.<\/p>\n<p>Nei suggestivi Quartieri Militari Juvarriani si possono consultare volumi storici e attuali nella nuova e ricchissima biblioteca, visitare mostre temporanee, assistere a performance artistiche, musicali, teatrali e partecipare a workshop formativi sui grandi temi contemporanei del \u2018900. Urbanpromo Social Housing, come \u00e8 ormai tradizione, offre a chi partecipa ai suoi lavori l&#8217;opportunit\u00e0 di conoscere una nuova importante attrezzatura culturale di cui \u00e8 dotata la citt\u00e0 di Torino.<\/p>\n","protected":false},"excerpt":{"rendered":"<p>Inaugurato lo scorso 20 aprile, il Polo del &#8216;900 \u00e8 situato presso i Quartieri Militari juvarriani di Torino. Si configura come un centro culturale dinamico e aperto alla cittadinanza, rivolto alle nuove generazioni e ai nuovi cittadini. Il centro, coprogettato e sostenuto da Compagnia di San Paolo, Comune di Torino e Regione Piemonte, si occupa\u00a0di &#8230;<\/p>\n","protected":false},"author":2,"featured_media":0,"parent":65,"menu_order":0,"comment_status":"open","ping_status":"open","template":"template-page-full.php","meta":{"_acf_changed":false,"footnotes":""},"class_list":["post-255","page","type-page","status-publish","hentry"],"acf":[],"_links":{"self":[{"href":"https:\/\/urbanpromo.it\/2016\/wp-json\/wp\/v2\/pages\/255","targetHints":{"allow":["GET"]}}],"collection":[{"href":"https:\/\/urbanpromo.it\/2016\/wp-json\/wp\/v2\/pages"}],"about":[{"href":"https:\/\/urbanpromo.it\/2016\/wp-json\/wp\/v2\/types\/page"}],"author":[{"embeddable":true,"href":"https:\/\/urbanpromo.it\/2016\/wp-json\/wp\/v2\/users\/2"}],"replies":[{"embeddable":true,"href":"https:\/\/urbanpromo.it\/2016\/wp-json\/wp\/v2\/comments?post=255"}],"version-history":[{"count":0,"href":"https:\/\/urbanpromo.it\/2016\/wp-json\/wp\/v2\/pages\/255\/revisions"}],"up":[{"embeddable":true,"href":"https:\/\/urbanpromo.it\/2016\/wp-json\/wp\/v2\/pages\/65"}],"wp:attachment":[{"href":"https:\/\/urbanpromo.it\/2016\/wp-json\/wp\/v2\/media?parent=255"}],"curies":[{"name":"wp","href":"https:\/\/api.w.org\/{rel}","templated":true}]}}