{"id":3888,"date":"2016-07-13T13:09:42","date_gmt":"2016-07-13T11:09:42","guid":{"rendered":"http:\/\/analogforecast.com\/2016\/?page_id=3888"},"modified":"2016-11-22T10:10:05","modified_gmt":"2016-11-22T09:10:05","slug":"urbanpromo-progetto-paese","status":"publish","type":"page","link":"https:\/\/urbanpromo.it\/2016\/urbanpromo-progetto-paese\/","title":{"rendered":"Urbanpromo Progetto Paese"},"content":{"rendered":"<p>La XIII edizione di Urbanpromo \u201cProgetto Paese\u201d si svolger\u00e0 dall\u20198 all\u201911 novembre 2016 presso La Triennale di Milano, il museo nato per promuovere l\u2019eccellenza della ricerca italiana, caratterizzato da spazi all\u2019avanguardia e funzionali che ben si prestano ad accogliere gli espositori e i visitatori. Una scelta ricaduta su una citt\u00e0 simbolo di innovazione e sviluppo.<\/p>\n<p>Grazie ad Expo, Milano si \u00e8 riaffermata centro nevralgico di tutto ci\u00f2 che rappresenta internazionalit\u00e0, ricerca e nuove opportunit\u00e0 rappresentando, quindi, il luogo ideale per mostrare la nuova progettualit\u00e0 che caratterizza Urbanpromo 2016.<\/p>\n<p>La scopo della manifestazione \u00e8 di contribuire efficacemente alla ripresa del Paese, valorizzando i progetti e le iniziative in due straordinari eventi con un programma di convegni qualificato, dall\u2019alto profilo tecnico e scientifico.<\/p>\n","protected":false},"excerpt":{"rendered":"<p>La XIII edizione di Urbanpromo \u201cProgetto Paese\u201d si svolger\u00e0 dall\u20198 all\u201911 novembre 2016 presso La Triennale di Milano, il museo nato per promuovere l\u2019eccellenza della ricerca italiana, caratterizzato da spazi all\u2019avanguardia e funzionali che ben si prestano ad accogliere gli espositori e i visitatori. Una scelta ricaduta su una citt\u00e0 simbolo di innovazione e sviluppo. &#8230;<\/p>\n","protected":false},"author":2,"featured_media":0,"parent":0,"menu_order":0,"comment_status":"closed","ping_status":"closed","template":"template-page-full.php","meta":{"_acf_changed":false,"footnotes":""},"class_list":["post-3888","page","type-page","status-publish","hentry"],"acf":[],"yoast_head":"<!-- This site is optimized with the Yoast SEO plugin v27.4 - https:\/\/yoast.com\/product\/yoast-seo-wordpress\/ -->\n<title>Urbanpromo Progetto Paese - Edizione 2016<\/title>\n<meta name=\"robots\" content=\"index, follow, max-snippet:-1, max-image-preview:large, max-video-preview:-1\" \/>\n<link rel=\"canonical\" href=\"https:\/\/urbanpromo.it\/2016\/urbanpromo-progetto-paese\/\" \/>\n<meta property=\"og:locale\" content=\"it_IT\" \/>\n<meta property=\"og:type\" content=\"article\" \/>\n<meta property=\"og:title\" content=\"Urbanpromo Progetto Paese - Edizione 2016\" \/>\n<meta property=\"og:description\" content=\"La XIII edizione di Urbanpromo \u201cProgetto Paese\u201d si svolger\u00e0 dall\u20198 all\u201911 novembre 2016 presso La Triennale di Milano, il museo nato per promuovere l\u2019eccellenza della ricerca italiana, caratterizzato da spazi all\u2019avanguardia e funzionali che ben si prestano ad accogliere gli espositori e i visitatori. Una scelta ricaduta su una citt\u00e0 simbolo di innovazione e sviluppo. ...\" \/>\n<meta property=\"og:url\" content=\"https:\/\/urbanpromo.it\/2016\/urbanpromo-progetto-paese\/\" \/>\n<meta property=\"og:site_name\" content=\"Edizione 2016\" \/>\n<meta property=\"article:modified_time\" content=\"2016-11-22T09:10:05+00:00\" \/>\n<meta name=\"twitter:card\" content=\"summary_large_image\" \/>\n<meta name=\"twitter:label1\" content=\"Est. reading time\" \/>\n\t<meta name=\"twitter:data1\" content=\"1 minuto\" \/>\n<script type=\"application\/ld+json\" class=\"yoast-schema-graph\">{\"@context\":\"https:\\\/\\\/schema.org\",\"@graph\":[{\"@type\":\"WebPage\",\"@id\":\"https:\\\/\\\/urbanpromo.it\\\/2016\\\/urbanpromo-progetto-paese\\\/\",\"url\":\"https:\\\/\\\/urbanpromo.it\\\/2016\\\/urbanpromo-progetto-paese\\\/\",\"name\":\"Urbanpromo Progetto Paese - Edizione 2016\",\"isPartOf\":{\"@id\":\"https:\\\/\\\/urbanpromo.it\\\/2016\\\/#website\"},\"datePublished\":\"2016-07-13T11:09:42+00:00\",\"dateModified\":\"2016-11-22T09:10:05+00:00\",\"breadcrumb\":{\"@id\":\"https:\\\/\\\/urbanpromo.it\\\/2016\\\/urbanpromo-progetto-paese\\\/#breadcrumb\"},\"inLanguage\":\"it-IT\",\"potentialAction\":[{\"@type\":\"ReadAction\",\"target\":[\"https:\\\/\\\/urbanpromo.it\\\/2016\\\/urbanpromo-progetto-paese\\\/\"]}]},{\"@type\":\"BreadcrumbList\",\"@id\":\"https:\\\/\\\/urbanpromo.it\\\/2016\\\/urbanpromo-progetto-paese\\\/#breadcrumb\",\"itemListElement\":[{\"@type\":\"ListItem\",\"position\":1,\"name\":\"Home\",\"item\":\"https:\\\/\\\/urbanpromo.it\\\/2016\\\/\"},{\"@type\":\"ListItem\",\"position\":2,\"name\":\"Urbanpromo Progetto Paese\"}]},{\"@type\":\"WebSite\",\"@id\":\"https:\\\/\\\/urbanpromo.it\\\/2016\\\/#website\",\"url\":\"https:\\\/\\\/urbanpromo.it\\\/2016\\\/\",\"name\":\"Edizione 2016\",\"description\":\"Urbanpromo - XIII Edizione\",\"potentialAction\":[{\"@type\":\"SearchAction\",\"target\":{\"@type\":\"EntryPoint\",\"urlTemplate\":\"https:\\\/\\\/urbanpromo.it\\\/2016\\\/?s={search_term_string}\"},\"query-input\":{\"@type\":\"PropertyValueSpecification\",\"valueRequired\":true,\"valueName\":\"search_term_string\"}}],\"inLanguage\":\"it-IT\"}]}<\/script>\n<!-- \/ Yoast SEO plugin. -->","yoast_head_json":{"title":"Urbanpromo Progetto Paese - Edizione 2016","robots":{"index":"index","follow":"follow","max-snippet":"max-snippet:-1","max-image-preview":"max-image-preview:large","max-video-preview":"max-video-preview:-1"},"canonical":"https:\/\/urbanpromo.it\/2016\/urbanpromo-progetto-paese\/","og_locale":"it_IT","og_type":"article","og_title":"Urbanpromo Progetto Paese - Edizione 2016","og_description":"La XIII edizione di Urbanpromo \u201cProgetto Paese\u201d si svolger\u00e0 dall\u20198 all\u201911 novembre 2016 presso La Triennale di Milano, il museo nato per promuovere l\u2019eccellenza della ricerca italiana, caratterizzato da spazi all\u2019avanguardia e funzionali che ben si prestano ad accogliere gli espositori e i visitatori. Una scelta ricaduta su una citt\u00e0 simbolo di innovazione e sviluppo. ...","og_url":"https:\/\/urbanpromo.it\/2016\/urbanpromo-progetto-paese\/","og_site_name":"Edizione 2016","article_modified_time":"2016-11-22T09:10:05+00:00","twitter_card":"summary_large_image","twitter_misc":{"Est. reading time":"1 minuto"},"schema":{"@context":"https:\/\/schema.org","@graph":[{"@type":"WebPage","@id":"https:\/\/urbanpromo.it\/2016\/urbanpromo-progetto-paese\/","url":"https:\/\/urbanpromo.it\/2016\/urbanpromo-progetto-paese\/","name":"Urbanpromo Progetto Paese - Edizione 2016","isPartOf":{"@id":"https:\/\/urbanpromo.it\/2016\/#website"},"datePublished":"2016-07-13T11:09:42+00:00","dateModified":"2016-11-22T09:10:05+00:00","breadcrumb":{"@id":"https:\/\/urbanpromo.it\/2016\/urbanpromo-progetto-paese\/#breadcrumb"},"inLanguage":"it-IT","potentialAction":[{"@type":"ReadAction","target":["https:\/\/urbanpromo.it\/2016\/urbanpromo-progetto-paese\/"]}]},{"@type":"BreadcrumbList","@id":"https:\/\/urbanpromo.it\/2016\/urbanpromo-progetto-paese\/#breadcrumb","itemListElement":[{"@type":"ListItem","position":1,"name":"Home","item":"https:\/\/urbanpromo.it\/2016\/"},{"@type":"ListItem","position":2,"name":"Urbanpromo Progetto Paese"}]},{"@type":"WebSite","@id":"https:\/\/urbanpromo.it\/2016\/#website","url":"https:\/\/urbanpromo.it\/2016\/","name":"Edizione 2016","description":"Urbanpromo - XIII Edizione","potentialAction":[{"@type":"SearchAction","target":{"@type":"EntryPoint","urlTemplate":"https:\/\/urbanpromo.it\/2016\/?s={search_term_string}"},"query-input":{"@type":"PropertyValueSpecification","valueRequired":true,"valueName":"search_term_string"}}],"inLanguage":"it-IT"}]}},"_links":{"self":[{"href":"https:\/\/urbanpromo.it\/2016\/wp-json\/wp\/v2\/pages\/3888","targetHints":{"allow":["GET"]}}],"collection":[{"href":"https:\/\/urbanpromo.it\/2016\/wp-json\/wp\/v2\/pages"}],"about":[{"href":"https:\/\/urbanpromo.it\/2016\/wp-json\/wp\/v2\/types\/page"}],"author":[{"embeddable":true,"href":"https:\/\/urbanpromo.it\/2016\/wp-json\/wp\/v2\/users\/2"}],"replies":[{"embeddable":true,"href":"https:\/\/urbanpromo.it\/2016\/wp-json\/wp\/v2\/comments?post=3888"}],"version-history":[{"count":0,"href":"https:\/\/urbanpromo.it\/2016\/wp-json\/wp\/v2\/pages\/3888\/revisions"}],"wp:attachment":[{"href":"https:\/\/urbanpromo.it\/2016\/wp-json\/wp\/v2\/media?parent=3888"}],"curies":[{"name":"wp","href":"https:\/\/api.w.org\/{rel}","templated":true}]}}