{"id":4360,"date":"2016-09-14T12:08:38","date_gmt":"2016-09-14T10:08:38","guid":{"rendered":"http:\/\/urbanpromo.it\/2016\/?page_id=4360"},"modified":"2016-09-20T18:07:37","modified_gmt":"2016-09-20T16:07:37","slug":"i-vincitori-del-premio-urbanistica-2016","status":"publish","type":"page","link":"https:\/\/urbanpromo.it\/2016\/premio-urbanistica\/i-vincitori-del-premio-urbanistica-2016\/","title":{"rendered":"VINCITORI 2016"},"content":{"rendered":"<p><img loading=\"lazy\" decoding=\"async\" class=\"alignnone wp-image-4353 size-thumbnail\" src=\"http:\/\/urbanpromo.it\/2016\/wp-content\/uploads\/sites\/8\/2015\/07\/vincitori-2106-150x150.jpg\" alt=\"\" width=\"150\" height=\"150\" \/><\/p>\n<p><strong>Categoria: INSERIMENTO NEL CONTESTO URBANO<\/strong><\/p>\n<p><a href=\"http:\/\/urbanpromo.it\/2015\/progetti\/masterplan-san-berillo\/\" target=\"_blank\"><em>Parsitalia Real Estate<\/em>: Masterplan San Berillo a Catania<\/a><\/p>\n<p><a href=\"http:\/\/urbanpromo.it\/2015\/progetti\/riqualificazione-urbana-del-lungomare-esercito-italiano-nel-comune-di-giovinazzo\/\" target=\"_blank\"><em>Comune di Giovinazzo<\/em>: Riqualificazione urbana del Lungomare Esercito Italiano nel Comune di Giovinazzo<\/a><\/p>\n<p><a href=\"http:\/\/urbanpromo.it\/2015\/progetti\/pordenone-prgc-energie-per-la-citta\/\" target=\"_blank\"><em>Comune di Pordenone<\/em>: Pordenone PRGC energie per la citt\u00e0<\/a><\/p>\n<p>&nbsp;<\/p>\n<p><strong>Categoria: QUALIT\u00c0 DELLE INFRASTRUTTURE E DEGLI SPAZI PUBBLICI<\/strong><\/p>\n<p><a href=\"http:\/\/urbanpromo.it\/2015\/progetti\/il-waterfront-come-strategia-per-la-rigenerazione-del-rapporto-porto-citta\/\" target=\"_blank\"><em>Autorit\u00e0 Portuale di Taranto<\/em>: Il waterfront come strategia per la rigenerazione del rapporto porto-citt\u00e0<\/a><\/p>\n<p><a href=\"http:\/\/urbanpromo.it\/2015\/progetti\/le-linee-dellacqua-2\/\" target=\"_blank\"><em>Comune di Riccione &#8211; Comune di Coriano<\/em>: Le linee d&#8217;acqua<\/a><\/p>\n<p><a href=\"http:\/\/urbanpromo.it\/2015\/progetti\/la-pianificazione-associata-della-romagna-faentina\/\" target=\"_blank\"><em>Unione della Romagna Faentina<\/em>: La pianificazione associata della Romagna Faentina<\/a><\/p>\n<p>&nbsp;<\/p>\n<p><strong>Categoria: EQUILIBRIO DEGLI INTERESSI<\/strong><\/p>\n<p><a href=\"http:\/\/urbanpromo.it\/2015\/progetti\/visioni-urbane\/\" target=\"_blank\"><em>Regione Umbria<\/em>: Visioni urbane<\/a><\/p>\n<p><a href=\"http:\/\/urbanpromo.it\/2015\/progetti\/i-mercati-rionali-di-genova-tradizione-e-innovazione\/\" target=\"_blank\"><em>Camera di Commercio di Genova<\/em>: I mercati rionali di Genova<\/a><\/p>\n<p><a href=\"http:\/\/urbanpromo.it\/2015\/progetti\/torino-20-anni-di-prg\/\" target=\"_blank\"><em>Comune di Torino<\/em>: Torino 20 anni di PRG<\/a><\/p>\n<p>&nbsp;<\/p>\n<p><strong>La premiazione dei progetti vincitori si terr\u00e0 nell\u2019ambito nella giornata di apertura della tredicesima edizione di Urbanpromo, a partire dalle ore 17.00 di marted\u00ec 8 novembre presso il Salone d\u2019Onore de La Triennale di Milano.<\/strong><\/p>\n","protected":false},"excerpt":{"rendered":"<p>Categoria: INSERIMENTO NEL CONTESTO URBANO Parsitalia Real Estate: Masterplan San Berillo a Catania Comune di Giovinazzo: Riqualificazione urbana del Lungomare Esercito Italiano nel Comune di Giovinazzo Comune di Pordenone: Pordenone PRGC energie per la citt\u00e0 &nbsp; Categoria: QUALIT\u00c0 DELLE INFRASTRUTTURE E DEGLI SPAZI PUBBLICI Autorit\u00e0 Portuale di Taranto: Il waterfront come strategia per la rigenerazione &#8230;<\/p>\n","protected":false},"author":2,"featured_media":0,"parent":147,"menu_order":2,"comment_status":"open","ping_status":"closed","template":"","meta":{"_acf_changed":false,"footnotes":""},"class_list":["post-4360","page","type-page","status-publish","hentry"],"acf":[],"yoast_head":"<!-- This site is optimized with the Yoast SEO plugin v27.4 - https:\/\/yoast.com\/product\/yoast-seo-wordpress\/ -->\n<title>VINCITORI 2016 - Edizione 2016<\/title>\n<meta name=\"robots\" content=\"index, follow, max-snippet:-1, max-image-preview:large, max-video-preview:-1\" \/>\n<link rel=\"canonical\" href=\"https:\/\/urbanpromo.it\/2016\/premio-urbanistica\/i-vincitori-del-premio-urbanistica-2016\/\" \/>\n<meta property=\"og:locale\" content=\"it_IT\" \/>\n<meta property=\"og:type\" content=\"article\" \/>\n<meta property=\"og:title\" content=\"VINCITORI 2016 - Edizione 2016\" \/>\n<meta property=\"og:description\" content=\"Categoria: INSERIMENTO NEL CONTESTO URBANO Parsitalia Real Estate: Masterplan San Berillo a Catania Comune di Giovinazzo: Riqualificazione urbana del Lungomare Esercito Italiano nel Comune di Giovinazzo Comune di Pordenone: Pordenone PRGC energie per la citt\u00e0 &nbsp; Categoria: QUALIT\u00c0 DELLE INFRASTRUTTURE E DEGLI SPAZI PUBBLICI Autorit\u00e0 Portuale di Taranto: Il waterfront come strategia per la rigenerazione ...\" \/>\n<meta property=\"og:url\" content=\"https:\/\/urbanpromo.it\/2016\/premio-urbanistica\/i-vincitori-del-premio-urbanistica-2016\/\" \/>\n<meta property=\"og:site_name\" content=\"Edizione 2016\" \/>\n<meta property=\"article:modified_time\" content=\"2016-09-20T16:07:37+00:00\" \/>\n<meta property=\"og:image\" content=\"http:\/\/urbanpromo.it\/2016\/wp-content\/uploads\/sites\/8\/2015\/07\/vincitori-2106-150x150.jpg\" \/>\n<meta name=\"twitter:card\" content=\"summary_large_image\" \/>\n<meta name=\"twitter:label1\" content=\"Est. reading time\" \/>\n\t<meta name=\"twitter:data1\" content=\"1 minuto\" \/>\n<script type=\"application\/ld+json\" class=\"yoast-schema-graph\">{\"@context\":\"https:\\\/\\\/schema.org\",\"@graph\":[{\"@type\":\"WebPage\",\"@id\":\"https:\\\/\\\/urbanpromo.it\\\/2016\\\/premio-urbanistica\\\/i-vincitori-del-premio-urbanistica-2016\\\/\",\"url\":\"https:\\\/\\\/urbanpromo.it\\\/2016\\\/premio-urbanistica\\\/i-vincitori-del-premio-urbanistica-2016\\\/\",\"name\":\"VINCITORI 2016 - Edizione 2016\",\"isPartOf\":{\"@id\":\"https:\\\/\\\/urbanpromo.it\\\/2016\\\/#website\"},\"primaryImageOfPage\":{\"@id\":\"https:\\\/\\\/urbanpromo.it\\\/2016\\\/premio-urbanistica\\\/i-vincitori-del-premio-urbanistica-2016\\\/#primaryimage\"},\"image\":{\"@id\":\"https:\\\/\\\/urbanpromo.it\\\/2016\\\/premio-urbanistica\\\/i-vincitori-del-premio-urbanistica-2016\\\/#primaryimage\"},\"thumbnailUrl\":\"http:\\\/\\\/urbanpromo.it\\\/2016\\\/wp-content\\\/uploads\\\/sites\\\/8\\\/2015\\\/07\\\/vincitori-2106-150x150.jpg\",\"datePublished\":\"2016-09-14T10:08:38+00:00\",\"dateModified\":\"2016-09-20T16:07:37+00:00\",\"breadcrumb\":{\"@id\":\"https:\\\/\\\/urbanpromo.it\\\/2016\\\/premio-urbanistica\\\/i-vincitori-del-premio-urbanistica-2016\\\/#breadcrumb\"},\"inLanguage\":\"it-IT\",\"potentialAction\":[{\"@type\":\"ReadAction\",\"target\":[\"https:\\\/\\\/urbanpromo.it\\\/2016\\\/premio-urbanistica\\\/i-vincitori-del-premio-urbanistica-2016\\\/\"]}]},{\"@type\":\"ImageObject\",\"inLanguage\":\"it-IT\",\"@id\":\"https:\\\/\\\/urbanpromo.it\\\/2016\\\/premio-urbanistica\\\/i-vincitori-del-premio-urbanistica-2016\\\/#primaryimage\",\"url\":\"http:\\\/\\\/urbanpromo.it\\\/2016\\\/wp-content\\\/uploads\\\/sites\\\/8\\\/2015\\\/07\\\/vincitori-2106-150x150.jpg\",\"contentUrl\":\"http:\\\/\\\/urbanpromo.it\\\/2016\\\/wp-content\\\/uploads\\\/sites\\\/8\\\/2015\\\/07\\\/vincitori-2106-150x150.jpg\"},{\"@type\":\"BreadcrumbList\",\"@id\":\"https:\\\/\\\/urbanpromo.it\\\/2016\\\/premio-urbanistica\\\/i-vincitori-del-premio-urbanistica-2016\\\/#breadcrumb\",\"itemListElement\":[{\"@type\":\"ListItem\",\"position\":1,\"name\":\"Home\",\"item\":\"https:\\\/\\\/urbanpromo.it\\\/2016\\\/\"},{\"@type\":\"ListItem\",\"position\":2,\"name\":\"Premio URBANISTICA\",\"item\":\"https:\\\/\\\/urbanpromo.it\\\/2016\\\/premio-urbanistica\\\/\"},{\"@type\":\"ListItem\",\"position\":3,\"name\":\"VINCITORI 2016\"}]},{\"@type\":\"WebSite\",\"@id\":\"https:\\\/\\\/urbanpromo.it\\\/2016\\\/#website\",\"url\":\"https:\\\/\\\/urbanpromo.it\\\/2016\\\/\",\"name\":\"Edizione 2016\",\"description\":\"Urbanpromo - XIII Edizione\",\"potentialAction\":[{\"@type\":\"SearchAction\",\"target\":{\"@type\":\"EntryPoint\",\"urlTemplate\":\"https:\\\/\\\/urbanpromo.it\\\/2016\\\/?s={search_term_string}\"},\"query-input\":{\"@type\":\"PropertyValueSpecification\",\"valueRequired\":true,\"valueName\":\"search_term_string\"}}],\"inLanguage\":\"it-IT\"}]}<\/script>\n<!-- \/ Yoast SEO plugin. -->","yoast_head_json":{"title":"VINCITORI 2016 - Edizione 2016","robots":{"index":"index","follow":"follow","max-snippet":"max-snippet:-1","max-image-preview":"max-image-preview:large","max-video-preview":"max-video-preview:-1"},"canonical":"https:\/\/urbanpromo.it\/2016\/premio-urbanistica\/i-vincitori-del-premio-urbanistica-2016\/","og_locale":"it_IT","og_type":"article","og_title":"VINCITORI 2016 - Edizione 2016","og_description":"Categoria: INSERIMENTO NEL CONTESTO URBANO Parsitalia Real Estate: Masterplan San Berillo a Catania Comune di Giovinazzo: Riqualificazione urbana del Lungomare Esercito Italiano nel Comune di Giovinazzo Comune di Pordenone: Pordenone PRGC energie per la citt\u00e0 &nbsp; Categoria: QUALIT\u00c0 DELLE INFRASTRUTTURE E DEGLI SPAZI PUBBLICI Autorit\u00e0 Portuale di Taranto: Il waterfront come strategia per la rigenerazione ...","og_url":"https:\/\/urbanpromo.it\/2016\/premio-urbanistica\/i-vincitori-del-premio-urbanistica-2016\/","og_site_name":"Edizione 2016","article_modified_time":"2016-09-20T16:07:37+00:00","og_image":[{"url":"http:\/\/urbanpromo.it\/2016\/wp-content\/uploads\/sites\/8\/2015\/07\/vincitori-2106-150x150.jpg","type":"","width":"","height":""}],"twitter_card":"summary_large_image","twitter_misc":{"Est. reading time":"1 minuto"},"schema":{"@context":"https:\/\/schema.org","@graph":[{"@type":"WebPage","@id":"https:\/\/urbanpromo.it\/2016\/premio-urbanistica\/i-vincitori-del-premio-urbanistica-2016\/","url":"https:\/\/urbanpromo.it\/2016\/premio-urbanistica\/i-vincitori-del-premio-urbanistica-2016\/","name":"VINCITORI 2016 - Edizione 2016","isPartOf":{"@id":"https:\/\/urbanpromo.it\/2016\/#website"},"primaryImageOfPage":{"@id":"https:\/\/urbanpromo.it\/2016\/premio-urbanistica\/i-vincitori-del-premio-urbanistica-2016\/#primaryimage"},"image":{"@id":"https:\/\/urbanpromo.it\/2016\/premio-urbanistica\/i-vincitori-del-premio-urbanistica-2016\/#primaryimage"},"thumbnailUrl":"http:\/\/urbanpromo.it\/2016\/wp-content\/uploads\/sites\/8\/2015\/07\/vincitori-2106-150x150.jpg","datePublished":"2016-09-14T10:08:38+00:00","dateModified":"2016-09-20T16:07:37+00:00","breadcrumb":{"@id":"https:\/\/urbanpromo.it\/2016\/premio-urbanistica\/i-vincitori-del-premio-urbanistica-2016\/#breadcrumb"},"inLanguage":"it-IT","potentialAction":[{"@type":"ReadAction","target":["https:\/\/urbanpromo.it\/2016\/premio-urbanistica\/i-vincitori-del-premio-urbanistica-2016\/"]}]},{"@type":"ImageObject","inLanguage":"it-IT","@id":"https:\/\/urbanpromo.it\/2016\/premio-urbanistica\/i-vincitori-del-premio-urbanistica-2016\/#primaryimage","url":"http:\/\/urbanpromo.it\/2016\/wp-content\/uploads\/sites\/8\/2015\/07\/vincitori-2106-150x150.jpg","contentUrl":"http:\/\/urbanpromo.it\/2016\/wp-content\/uploads\/sites\/8\/2015\/07\/vincitori-2106-150x150.jpg"},{"@type":"BreadcrumbList","@id":"https:\/\/urbanpromo.it\/2016\/premio-urbanistica\/i-vincitori-del-premio-urbanistica-2016\/#breadcrumb","itemListElement":[{"@type":"ListItem","position":1,"name":"Home","item":"https:\/\/urbanpromo.it\/2016\/"},{"@type":"ListItem","position":2,"name":"Premio URBANISTICA","item":"https:\/\/urbanpromo.it\/2016\/premio-urbanistica\/"},{"@type":"ListItem","position":3,"name":"VINCITORI 2016"}]},{"@type":"WebSite","@id":"https:\/\/urbanpromo.it\/2016\/#website","url":"https:\/\/urbanpromo.it\/2016\/","name":"Edizione 2016","description":"Urbanpromo - XIII Edizione","potentialAction":[{"@type":"SearchAction","target":{"@type":"EntryPoint","urlTemplate":"https:\/\/urbanpromo.it\/2016\/?s={search_term_string}"},"query-input":{"@type":"PropertyValueSpecification","valueRequired":true,"valueName":"search_term_string"}}],"inLanguage":"it-IT"}]}},"_links":{"self":[{"href":"https:\/\/urbanpromo.it\/2016\/wp-json\/wp\/v2\/pages\/4360","targetHints":{"allow":["GET"]}}],"collection":[{"href":"https:\/\/urbanpromo.it\/2016\/wp-json\/wp\/v2\/pages"}],"about":[{"href":"https:\/\/urbanpromo.it\/2016\/wp-json\/wp\/v2\/types\/page"}],"author":[{"embeddable":true,"href":"https:\/\/urbanpromo.it\/2016\/wp-json\/wp\/v2\/users\/2"}],"replies":[{"embeddable":true,"href":"https:\/\/urbanpromo.it\/2016\/wp-json\/wp\/v2\/comments?post=4360"}],"version-history":[{"count":0,"href":"https:\/\/urbanpromo.it\/2016\/wp-json\/wp\/v2\/pages\/4360\/revisions"}],"up":[{"embeddable":true,"href":"https:\/\/urbanpromo.it\/2016\/wp-json\/wp\/v2\/pages\/147"}],"wp:attachment":[{"href":"https:\/\/urbanpromo.it\/2016\/wp-json\/wp\/v2\/media?parent=4360"}],"curies":[{"name":"wp","href":"https:\/\/api.w.org\/{rel}","templated":true}]}}