{"id":65,"date":"2015-07-14T18:54:01","date_gmt":"2015-07-14T16:54:01","guid":{"rendered":"http:\/\/analogforecast.com\/2016\/?page_id=65"},"modified":"2017-10-04T11:25:02","modified_gmt":"2017-10-04T09:25:02","slug":"urbanpromo-social-housing","status":"publish","type":"page","link":"https:\/\/urbanpromo.it\/2017\/urbanpromo-social-housing\/","title":{"rendered":"Urbanpromo Social Housing"},"content":{"rendered":"<p>Urbanpromo Social Housing \u00e8 una manifestazione specialistica in cui si costruisce una visione di sistema per l\u2019abitare sociale. L&#8217;evento \u00e8 curato da un ampio partenariato, cui partecipano i principali attori del Social Housing.<\/p>\n<p>La VII edizione si svolger\u00e0 il 5-6 ottobre a Torino presso l&#8217;Open Incet ed avr\u00e0 carattere semineriale ed apertura \u00a0internazionale.<\/p>\n<p>Tale sede \u00e8 stata prescelta perch\u00e8 indicata ad ospitare il particolare format che assumer\u00e0 la manifestazione specialistica: due giorni di intenso lavoro con la modalit\u00e0 partecipativa del fishbowl per la comunit\u00e0 degli operatori dell&#8217;abitare sociale impegnati in un confronto internazionale.<\/p>\n<p>La partecipazione all&#8217;evento \u00e8 gratuita fino al raggiungimento del numero di posti disponibili.<\/p>\n<p>&nbsp;<\/p>\n","protected":false},"excerpt":{"rendered":"<p>Urbanpromo Social Housing \u00e8 una manifestazione specialistica in cui si costruisce una visione di sistema per l\u2019abitare sociale. L&#8217;evento \u00e8 curato da un ampio partenariato, cui partecipano i principali attori del Social Housing. La VII edizione si svolger\u00e0 il 5-6 ottobre a Torino presso l&#8217;Open Incet ed avr\u00e0 carattere semineriale ed apertura \u00a0internazionale. Tale sede &#8230;<\/p>\n","protected":false},"author":2,"featured_media":0,"parent":0,"menu_order":0,"comment_status":"closed","ping_status":"closed","template":"template-page-full.php","meta":{"_acf_changed":false,"footnotes":""},"class_list":["post-65","page","type-page","status-publish","hentry"],"acf":[],"yoast_head":"<!-- This site is optimized with the Yoast SEO plugin v27.4 - https:\/\/yoast.com\/product\/yoast-seo-wordpress\/ -->\n<title>Urbanpromo Social Housing - Edizione 2017<\/title>\n<meta name=\"robots\" content=\"index, follow, max-snippet:-1, max-image-preview:large, max-video-preview:-1\" \/>\n<link rel=\"canonical\" href=\"https:\/\/urbanpromo.it\/2017\/urbanpromo-social-housing\/\" \/>\n<meta property=\"og:locale\" content=\"it_IT\" \/>\n<meta property=\"og:type\" content=\"article\" \/>\n<meta property=\"og:title\" content=\"Urbanpromo Social Housing - Edizione 2017\" \/>\n<meta property=\"og:description\" content=\"Urbanpromo Social Housing \u00e8 una manifestazione specialistica in cui si costruisce una visione di sistema per l\u2019abitare sociale. L&#8217;evento \u00e8 curato da un ampio partenariato, cui partecipano i principali attori del Social Housing. La VII edizione si svolger\u00e0 il 5-6 ottobre a Torino presso l&#8217;Open Incet ed avr\u00e0 carattere semineriale ed apertura \u00a0internazionale. Tale sede ...\" \/>\n<meta property=\"og:url\" content=\"https:\/\/urbanpromo.it\/2017\/urbanpromo-social-housing\/\" \/>\n<meta property=\"og:site_name\" content=\"Edizione 2017\" \/>\n<meta property=\"article:modified_time\" content=\"2017-10-04T09:25:02+00:00\" \/>\n<meta name=\"twitter:card\" content=\"summary_large_image\" \/>\n<meta name=\"twitter:label1\" content=\"Est. reading time\" \/>\n\t<meta name=\"twitter:data1\" content=\"1 minuto\" \/>\n<script type=\"application\/ld+json\" class=\"yoast-schema-graph\">{\"@context\":\"https:\\\/\\\/schema.org\",\"@graph\":[{\"@type\":\"WebPage\",\"@id\":\"https:\\\/\\\/urbanpromo.it\\\/2017\\\/urbanpromo-social-housing\\\/\",\"url\":\"https:\\\/\\\/urbanpromo.it\\\/2017\\\/urbanpromo-social-housing\\\/\",\"name\":\"Urbanpromo Social Housing - Edizione 2017\",\"isPartOf\":{\"@id\":\"https:\\\/\\\/urbanpromo.it\\\/2017\\\/#website\"},\"datePublished\":\"2015-07-14T16:54:01+00:00\",\"dateModified\":\"2017-10-04T09:25:02+00:00\",\"breadcrumb\":{\"@id\":\"https:\\\/\\\/urbanpromo.it\\\/2017\\\/urbanpromo-social-housing\\\/#breadcrumb\"},\"inLanguage\":\"it-IT\",\"potentialAction\":[{\"@type\":\"ReadAction\",\"target\":[\"https:\\\/\\\/urbanpromo.it\\\/2017\\\/urbanpromo-social-housing\\\/\"]}]},{\"@type\":\"BreadcrumbList\",\"@id\":\"https:\\\/\\\/urbanpromo.it\\\/2017\\\/urbanpromo-social-housing\\\/#breadcrumb\",\"itemListElement\":[{\"@type\":\"ListItem\",\"position\":1,\"name\":\"Home\",\"item\":\"https:\\\/\\\/urbanpromo.it\\\/2017\\\/\"},{\"@type\":\"ListItem\",\"position\":2,\"name\":\"Urbanpromo Social Housing\"}]},{\"@type\":\"WebSite\",\"@id\":\"https:\\\/\\\/urbanpromo.it\\\/2017\\\/#website\",\"url\":\"https:\\\/\\\/urbanpromo.it\\\/2017\\\/\",\"name\":\"Edizione 2017\",\"description\":\"Urbanpromo - XIV Edizione\",\"potentialAction\":[{\"@type\":\"SearchAction\",\"target\":{\"@type\":\"EntryPoint\",\"urlTemplate\":\"https:\\\/\\\/urbanpromo.it\\\/2017\\\/?s={search_term_string}\"},\"query-input\":{\"@type\":\"PropertyValueSpecification\",\"valueRequired\":true,\"valueName\":\"search_term_string\"}}],\"inLanguage\":\"it-IT\"}]}<\/script>\n<!-- \/ Yoast SEO plugin. -->","yoast_head_json":{"title":"Urbanpromo Social Housing - Edizione 2017","robots":{"index":"index","follow":"follow","max-snippet":"max-snippet:-1","max-image-preview":"max-image-preview:large","max-video-preview":"max-video-preview:-1"},"canonical":"https:\/\/urbanpromo.it\/2017\/urbanpromo-social-housing\/","og_locale":"it_IT","og_type":"article","og_title":"Urbanpromo Social Housing - Edizione 2017","og_description":"Urbanpromo Social Housing \u00e8 una manifestazione specialistica in cui si costruisce una visione di sistema per l\u2019abitare sociale. L&#8217;evento \u00e8 curato da un ampio partenariato, cui partecipano i principali attori del Social Housing. La VII edizione si svolger\u00e0 il 5-6 ottobre a Torino presso l&#8217;Open Incet ed avr\u00e0 carattere semineriale ed apertura \u00a0internazionale. Tale sede ...","og_url":"https:\/\/urbanpromo.it\/2017\/urbanpromo-social-housing\/","og_site_name":"Edizione 2017","article_modified_time":"2017-10-04T09:25:02+00:00","twitter_card":"summary_large_image","twitter_misc":{"Est. reading time":"1 minuto"},"schema":{"@context":"https:\/\/schema.org","@graph":[{"@type":"WebPage","@id":"https:\/\/urbanpromo.it\/2017\/urbanpromo-social-housing\/","url":"https:\/\/urbanpromo.it\/2017\/urbanpromo-social-housing\/","name":"Urbanpromo Social Housing - Edizione 2017","isPartOf":{"@id":"https:\/\/urbanpromo.it\/2017\/#website"},"datePublished":"2015-07-14T16:54:01+00:00","dateModified":"2017-10-04T09:25:02+00:00","breadcrumb":{"@id":"https:\/\/urbanpromo.it\/2017\/urbanpromo-social-housing\/#breadcrumb"},"inLanguage":"it-IT","potentialAction":[{"@type":"ReadAction","target":["https:\/\/urbanpromo.it\/2017\/urbanpromo-social-housing\/"]}]},{"@type":"BreadcrumbList","@id":"https:\/\/urbanpromo.it\/2017\/urbanpromo-social-housing\/#breadcrumb","itemListElement":[{"@type":"ListItem","position":1,"name":"Home","item":"https:\/\/urbanpromo.it\/2017\/"},{"@type":"ListItem","position":2,"name":"Urbanpromo Social Housing"}]},{"@type":"WebSite","@id":"https:\/\/urbanpromo.it\/2017\/#website","url":"https:\/\/urbanpromo.it\/2017\/","name":"Edizione 2017","description":"Urbanpromo - XIV Edizione","potentialAction":[{"@type":"SearchAction","target":{"@type":"EntryPoint","urlTemplate":"https:\/\/urbanpromo.it\/2017\/?s={search_term_string}"},"query-input":{"@type":"PropertyValueSpecification","valueRequired":true,"valueName":"search_term_string"}}],"inLanguage":"it-IT"}]}},"_links":{"self":[{"href":"https:\/\/urbanpromo.it\/2017\/wp-json\/wp\/v2\/pages\/65","targetHints":{"allow":["GET"]}}],"collection":[{"href":"https:\/\/urbanpromo.it\/2017\/wp-json\/wp\/v2\/pages"}],"about":[{"href":"https:\/\/urbanpromo.it\/2017\/wp-json\/wp\/v2\/types\/page"}],"author":[{"embeddable":true,"href":"https:\/\/urbanpromo.it\/2017\/wp-json\/wp\/v2\/users\/2"}],"replies":[{"embeddable":true,"href":"https:\/\/urbanpromo.it\/2017\/wp-json\/wp\/v2\/comments?post=65"}],"version-history":[{"count":0,"href":"https:\/\/urbanpromo.it\/2017\/wp-json\/wp\/v2\/pages\/65\/revisions"}],"wp:attachment":[{"href":"https:\/\/urbanpromo.it\/2017\/wp-json\/wp\/v2\/media?parent=65"}],"curies":[{"name":"wp","href":"https:\/\/api.w.org\/{rel}","templated":true}]}}