{"id":7746,"date":"2017-07-10T18:05:57","date_gmt":"2017-07-10T16:05:57","guid":{"rendered":"http:\/\/urbanpromo.it\/2017\/?page_id=7746"},"modified":"2017-09-14T13:04:32","modified_gmt":"2017-09-14T11:04:32","slug":"urbanpromo-green","status":"publish","type":"page","link":"https:\/\/urbanpromo.it\/2017\/urbanpromo-green\/","title":{"rendered":"Urbanpromo GREEN"},"content":{"rendered":"<p>La prima edizione di Urbanpromo Green si tiene a Venezia, presso Palazzo Badoer, Scuola di dottorato Iuav, il 21 e 22 settembre 2017.<\/p>\n<p>La particolare sede dichiara l&#8217;identit\u00e0 di un evento centrato sulle innovazioni nel campo della sostenibilit\u00e0 applicata alla pianificazione della citt\u00e0 e del territorio.<\/p>\n<p>La manifestazione culturale, snodo di relazioni tra ricerca scientifica, professioni tecniche, amministrazione pubblica, mondo delle imprese, intende realizzare una rappresentazione olistica della citt\u00e0 che si evolve guardando al futuro sotto la spinta delle numerose e varie innovazioni di cui sono portatrici le pi\u00f9 stimolanti esperienze in corso.<\/p>\n","protected":false},"excerpt":{"rendered":"<p>La prima edizione di Urbanpromo Green si tiene a Venezia, presso Palazzo Badoer, Scuola di dottorato Iuav, il 21 e 22 settembre 2017. La particolare sede dichiara l&#8217;identit\u00e0 di un evento centrato sulle innovazioni nel campo della sostenibilit\u00e0 applicata alla pianificazione della citt\u00e0 e del territorio. La manifestazione culturale, snodo di relazioni tra ricerca scientifica, &#8230;<\/p>\n","protected":false},"author":1,"featured_media":0,"parent":0,"menu_order":0,"comment_status":"closed","ping_status":"closed","template":"template-page-full.php","meta":{"_acf_changed":false,"footnotes":""},"class_list":["post-7746","page","type-page","status-publish","hentry"],"acf":[],"_links":{"self":[{"href":"https:\/\/urbanpromo.it\/2017\/wp-json\/wp\/v2\/pages\/7746","targetHints":{"allow":["GET"]}}],"collection":[{"href":"https:\/\/urbanpromo.it\/2017\/wp-json\/wp\/v2\/pages"}],"about":[{"href":"https:\/\/urbanpromo.it\/2017\/wp-json\/wp\/v2\/types\/page"}],"author":[{"embeddable":true,"href":"https:\/\/urbanpromo.it\/2017\/wp-json\/wp\/v2\/users\/1"}],"replies":[{"embeddable":true,"href":"https:\/\/urbanpromo.it\/2017\/wp-json\/wp\/v2\/comments?post=7746"}],"version-history":[{"count":0,"href":"https:\/\/urbanpromo.it\/2017\/wp-json\/wp\/v2\/pages\/7746\/revisions"}],"wp:attachment":[{"href":"https:\/\/urbanpromo.it\/2017\/wp-json\/wp\/v2\/media?parent=7746"}],"curies":[{"name":"wp","href":"https:\/\/api.w.org\/{rel}","templated":true}]}}