{"id":250,"date":"2015-07-16T13:59:12","date_gmt":"2015-07-16T11:59:12","guid":{"rendered":"http:\/\/analogforecast.com\/2016\/?page_id=250"},"modified":"2019-06-26T16:30:32","modified_gmt":"2019-06-26T14:30:32","slug":"partecipare-torino","status":"publish","type":"page","link":"https:\/\/urbanpromo.it\/2018\/urbanpromo-social-housing\/partecipare-torino\/","title":{"rendered":"Partecipare"},"content":{"rendered":"<p><strong>18 settembre 2018 \u2013 Comunicazione<\/strong><\/p>\n<p>\u00c8 possibile iscriversi a Urbanpromo Social Housing compilando i moduli presenti in questa pagina.<br \/>\nLa partecipazione \u00e8 gratuita, il pass \u00e8 valido per tutta la durata dell&#8217;evento.<\/p>\n<hr \/>\n<h4><b>REGISTRAZIONE PARTECIPANTI<\/b><\/h4>\n<p>La partecipazione a Urbanpromo Social Housing \u00e8 gratuita, previa registrazione online.*<\/p>\n<blockquote>\n<p style=\"text-align: left\"><strong>&gt;&gt;&gt; <a href=\"http:\/\/iscrizioni.urbanpromo.it\/public\">ISCRIZIONE PARTECIPANTI<\/a><\/strong><\/p>\n<\/blockquote>\n<hr \/>\n<h4><strong>ARCHITETTI E INGEGNERI (Crediti Formativi Professionali)<\/strong><\/h4>\n<p>Le iniziative in programma sono riconosciute quali eventi formativi da parte dell&#8217;Ordine degli Architetti Pianificatori Paesaggisti e Conservatori di Torino e dell&#8217;Ordine degli Ingegneri della Provincia di Torino.<\/p>\n<blockquote><p>&gt;&gt;&gt; <a href=\"http:\/\/iscrizioni.urbanpromo.it\/public\"><strong>ISCRIZIONE ARCHITETTI E INGEGNERI<\/strong><\/a><br \/>\n\u00e8 sufficiente iscriversi solo sul portale di urbanpromo!<\/p><\/blockquote>\n<p>NOTA BENE: agli architetti sono riconosciuti 8 CFP per ciascuna giornata (con frequenza del 100%); agli ingegneri sono riconosciuti 3 CFP per ciascun convegno (con frequenza del 100%). Ricordiamo che \u00e8 necessario firmare la presenza in entrata e in uscita.\u00a0Nel caso in cui non si desideri ottenere i CFP \u00e8 possibile registrarsi gratuitamente come partecipanti.<\/p>\n<hr \/>\n<h4 style=\"text-align: left\"><strong>RELATORI<\/strong><\/h4>\n<p>I relatori sono accreditati d&#8217;ufficio, sar\u00e0 possibile ritirare il badge direttamente all&#8217;ingresso presso la reception.<br \/>\nI relatori che sono architetti o ingegneri e che desiderano ottenere i CFP devono iscriversi tramite la piattaforma degli Ordini.<br \/>\nPer maggiori informazioni contattare la segreteria organizzativa.<\/p>\n<hr \/>\n<p><em>* I posti a sedere non sono garantiti. L\u2019ingresso alla sala dove si svolgeranno i convegni \u00e8 consentito fino al raggiungimento della capienza massima.<\/em><\/p>\n","protected":false},"excerpt":{"rendered":"<p>18 settembre 2018 \u2013 Comunicazione \u00c8 possibile iscriversi a Urbanpromo Social Housing compilando i moduli presenti in questa pagina. La partecipazione \u00e8 gratuita, il pass \u00e8 valido per tutta la durata dell&#8217;evento. REGISTRAZIONE PARTECIPANTI La partecipazione a Urbanpromo Social Housing \u00e8 gratuita, previa registrazione online.* &gt;&gt;&gt; ISCRIZIONE PARTECIPANTI ARCHITETTI E INGEGNERI (Crediti Formativi Professionali) Le &#8230;<\/p>\n","protected":false},"author":2,"featured_media":0,"parent":65,"menu_order":0,"comment_status":"open","ping_status":"closed","template":"","meta":{"_acf_changed":false,"footnotes":""},"class_list":["post-250","page","type-page","status-publish","hentry"],"acf":[],"yoast_head":"<!-- This site is optimized with the Yoast SEO plugin v27.4 - https:\/\/yoast.com\/product\/yoast-seo-wordpress\/ -->\n<title>Partecipare - Edizione 2018<\/title>\n<meta name=\"robots\" content=\"index, follow, max-snippet:-1, max-image-preview:large, max-video-preview:-1\" \/>\n<link rel=\"canonical\" href=\"https:\/\/urbanpromo.it\/2018\/urbanpromo-social-housing\/partecipare-torino\/\" \/>\n<meta property=\"og:locale\" content=\"it_IT\" \/>\n<meta property=\"og:type\" content=\"article\" \/>\n<meta property=\"og:title\" content=\"Partecipare - Edizione 2018\" \/>\n<meta property=\"og:description\" content=\"18 settembre 2018 \u2013 Comunicazione \u00c8 possibile iscriversi a Urbanpromo Social Housing compilando i moduli presenti in questa pagina. La partecipazione \u00e8 gratuita, il pass \u00e8 valido per tutta la durata dell&#8217;evento. REGISTRAZIONE PARTECIPANTI La partecipazione a Urbanpromo Social Housing \u00e8 gratuita, previa registrazione online.* &gt;&gt;&gt; ISCRIZIONE PARTECIPANTI ARCHITETTI E INGEGNERI (Crediti Formativi Professionali) Le ...\" \/>\n<meta property=\"og:url\" content=\"https:\/\/urbanpromo.it\/2018\/urbanpromo-social-housing\/partecipare-torino\/\" \/>\n<meta property=\"og:site_name\" content=\"Edizione 2018\" \/>\n<meta property=\"article:modified_time\" content=\"2019-06-26T14:30:32+00:00\" \/>\n<meta name=\"twitter:card\" content=\"summary_large_image\" \/>\n<meta name=\"twitter:label1\" content=\"Est. reading time\" \/>\n\t<meta name=\"twitter:data1\" content=\"1 minuto\" \/>\n<script type=\"application\/ld+json\" class=\"yoast-schema-graph\">{\"@context\":\"https:\\\/\\\/schema.org\",\"@graph\":[{\"@type\":\"WebPage\",\"@id\":\"https:\\\/\\\/urbanpromo.it\\\/2018\\\/urbanpromo-social-housing\\\/partecipare-torino\\\/\",\"url\":\"https:\\\/\\\/urbanpromo.it\\\/2018\\\/urbanpromo-social-housing\\\/partecipare-torino\\\/\",\"name\":\"Partecipare - Edizione 2018\",\"isPartOf\":{\"@id\":\"https:\\\/\\\/urbanpromo.it\\\/2018\\\/#website\"},\"datePublished\":\"2015-07-16T11:59:12+00:00\",\"dateModified\":\"2019-06-26T14:30:32+00:00\",\"breadcrumb\":{\"@id\":\"https:\\\/\\\/urbanpromo.it\\\/2018\\\/urbanpromo-social-housing\\\/partecipare-torino\\\/#breadcrumb\"},\"inLanguage\":\"it-IT\",\"potentialAction\":[{\"@type\":\"ReadAction\",\"target\":[\"https:\\\/\\\/urbanpromo.it\\\/2018\\\/urbanpromo-social-housing\\\/partecipare-torino\\\/\"]}]},{\"@type\":\"BreadcrumbList\",\"@id\":\"https:\\\/\\\/urbanpromo.it\\\/2018\\\/urbanpromo-social-housing\\\/partecipare-torino\\\/#breadcrumb\",\"itemListElement\":[{\"@type\":\"ListItem\",\"position\":1,\"name\":\"Home\",\"item\":\"https:\\\/\\\/urbanpromo.it\\\/2018\\\/\"},{\"@type\":\"ListItem\",\"position\":2,\"name\":\"Urbanpromo Social Housing\",\"item\":\"https:\\\/\\\/urbanpromo.it\\\/2018\\\/urbanpromo-social-housing\\\/\"},{\"@type\":\"ListItem\",\"position\":3,\"name\":\"Partecipare\"}]},{\"@type\":\"WebSite\",\"@id\":\"https:\\\/\\\/urbanpromo.it\\\/2018\\\/#website\",\"url\":\"https:\\\/\\\/urbanpromo.it\\\/2018\\\/\",\"name\":\"Edizione 2018\",\"description\":\"Urbanpromo - XV Edizione\",\"potentialAction\":[{\"@type\":\"SearchAction\",\"target\":{\"@type\":\"EntryPoint\",\"urlTemplate\":\"https:\\\/\\\/urbanpromo.it\\\/2018\\\/?s={search_term_string}\"},\"query-input\":{\"@type\":\"PropertyValueSpecification\",\"valueRequired\":true,\"valueName\":\"search_term_string\"}}],\"inLanguage\":\"it-IT\"}]}<\/script>\n<!-- \/ Yoast SEO plugin. -->","yoast_head_json":{"title":"Partecipare - Edizione 2018","robots":{"index":"index","follow":"follow","max-snippet":"max-snippet:-1","max-image-preview":"max-image-preview:large","max-video-preview":"max-video-preview:-1"},"canonical":"https:\/\/urbanpromo.it\/2018\/urbanpromo-social-housing\/partecipare-torino\/","og_locale":"it_IT","og_type":"article","og_title":"Partecipare - Edizione 2018","og_description":"18 settembre 2018 \u2013 Comunicazione \u00c8 possibile iscriversi a Urbanpromo Social Housing compilando i moduli presenti in questa pagina. La partecipazione \u00e8 gratuita, il pass \u00e8 valido per tutta la durata dell&#8217;evento. REGISTRAZIONE PARTECIPANTI La partecipazione a Urbanpromo Social Housing \u00e8 gratuita, previa registrazione online.* &gt;&gt;&gt; ISCRIZIONE PARTECIPANTI ARCHITETTI E INGEGNERI (Crediti Formativi Professionali) Le ...","og_url":"https:\/\/urbanpromo.it\/2018\/urbanpromo-social-housing\/partecipare-torino\/","og_site_name":"Edizione 2018","article_modified_time":"2019-06-26T14:30:32+00:00","twitter_card":"summary_large_image","twitter_misc":{"Est. reading time":"1 minuto"},"schema":{"@context":"https:\/\/schema.org","@graph":[{"@type":"WebPage","@id":"https:\/\/urbanpromo.it\/2018\/urbanpromo-social-housing\/partecipare-torino\/","url":"https:\/\/urbanpromo.it\/2018\/urbanpromo-social-housing\/partecipare-torino\/","name":"Partecipare - Edizione 2018","isPartOf":{"@id":"https:\/\/urbanpromo.it\/2018\/#website"},"datePublished":"2015-07-16T11:59:12+00:00","dateModified":"2019-06-26T14:30:32+00:00","breadcrumb":{"@id":"https:\/\/urbanpromo.it\/2018\/urbanpromo-social-housing\/partecipare-torino\/#breadcrumb"},"inLanguage":"it-IT","potentialAction":[{"@type":"ReadAction","target":["https:\/\/urbanpromo.it\/2018\/urbanpromo-social-housing\/partecipare-torino\/"]}]},{"@type":"BreadcrumbList","@id":"https:\/\/urbanpromo.it\/2018\/urbanpromo-social-housing\/partecipare-torino\/#breadcrumb","itemListElement":[{"@type":"ListItem","position":1,"name":"Home","item":"https:\/\/urbanpromo.it\/2018\/"},{"@type":"ListItem","position":2,"name":"Urbanpromo Social Housing","item":"https:\/\/urbanpromo.it\/2018\/urbanpromo-social-housing\/"},{"@type":"ListItem","position":3,"name":"Partecipare"}]},{"@type":"WebSite","@id":"https:\/\/urbanpromo.it\/2018\/#website","url":"https:\/\/urbanpromo.it\/2018\/","name":"Edizione 2018","description":"Urbanpromo - XV Edizione","potentialAction":[{"@type":"SearchAction","target":{"@type":"EntryPoint","urlTemplate":"https:\/\/urbanpromo.it\/2018\/?s={search_term_string}"},"query-input":{"@type":"PropertyValueSpecification","valueRequired":true,"valueName":"search_term_string"}}],"inLanguage":"it-IT"}]}},"_links":{"self":[{"href":"https:\/\/urbanpromo.it\/2018\/wp-json\/wp\/v2\/pages\/250","targetHints":{"allow":["GET"]}}],"collection":[{"href":"https:\/\/urbanpromo.it\/2018\/wp-json\/wp\/v2\/pages"}],"about":[{"href":"https:\/\/urbanpromo.it\/2018\/wp-json\/wp\/v2\/types\/page"}],"author":[{"embeddable":true,"href":"https:\/\/urbanpromo.it\/2018\/wp-json\/wp\/v2\/users\/2"}],"replies":[{"embeddable":true,"href":"https:\/\/urbanpromo.it\/2018\/wp-json\/wp\/v2\/comments?post=250"}],"version-history":[{"count":0,"href":"https:\/\/urbanpromo.it\/2018\/wp-json\/wp\/v2\/pages\/250\/revisions"}],"up":[{"embeddable":true,"href":"https:\/\/urbanpromo.it\/2018\/wp-json\/wp\/v2\/pages\/65"}],"wp:attachment":[{"href":"https:\/\/urbanpromo.it\/2018\/wp-json\/wp\/v2\/media?parent=250"}],"curies":[{"name":"wp","href":"https:\/\/api.w.org\/{rel}","templated":true}]}}