{"id":3896,"date":"2016-07-15T10:12:00","date_gmt":"2016-07-15T08:12:00","guid":{"rendered":"http:\/\/analogforecast.com\/2016\/?page_id=3896"},"modified":"2018-11-14T20:10:53","modified_gmt":"2018-11-14T19:10:53","slug":"temi-milano","status":"publish","type":"page","link":"https:\/\/urbanpromo.it\/2018\/urbanpromo-progetto-paese\/temi-milano\/","title":{"rendered":"TEMI"},"content":{"rendered":"<p>La quindicesima edizione di Urbanpromo Progetti per il Paese 2018 si articola in nove principali macro-temi dai quali scaturiscono gli argomenti approfonditi nei singoli convegni e seminari.<\/p>\n<hr \/>\n<p><a href=\"https:\/\/urbanpromo.it\/2018\/urbanpromo-progetto-paese\/temi-milano\/temi-per-sito_2-2\/\" rel=\"attachment wp-att-11863\"><img loading=\"lazy\" decoding=\"async\" class=\"alignleft size-full wp-image-11863\" src=\"https:\/\/urbanpromo.it\/2018\/wp-content\/uploads\/sites\/12\/2018\/07\/Temi-per-sito_2-1.jpg\" alt=\"\" width=\"2000\" height=\"630\" srcset=\"https:\/\/urbanpromo.it\/content\/uploads\/sites\/12\/2018\/07\/Temi-per-sito_2-1.jpg 2000w, https:\/\/urbanpromo.it\/content\/uploads\/sites\/12\/2018\/07\/Temi-per-sito_2-1-300x95.jpg 300w, https:\/\/urbanpromo.it\/content\/uploads\/sites\/12\/2018\/07\/Temi-per-sito_2-1-768x242.jpg 768w, https:\/\/urbanpromo.it\/content\/uploads\/sites\/12\/2018\/07\/Temi-per-sito_2-1-1024x323.jpg 1024w\" sizes=\"auto, (max-width: 2000px) 100vw, 2000px\" \/><\/a><\/p>\n<p>&nbsp;<\/p>\n<hr \/>\n<p><strong><strong style=\"text-align: left\">TRASFORMAZIONE URBANA<\/strong><\/strong><\/p>\n<p>L\u2019area tematica della Trasformazione Urbana si occupa dei patrimoni immobiliari in relazione all\u2019evoluzione del mercato, attraverso la presentazione di progetti, interventi, politiche, e quindi:<\/p>\n<ul>\n<li>le analisi del mercato immobiliare e le politiche rivolte alla sua attivazione. Spiccano le iniziative per il patrimonio \u201cinvenduto\u201d o \u201cin sofferenza\u201d per effetto della crisi economica;<\/li>\n<li>le progettualit\u00e0 legate alla riqualificazione di parti di citt\u00e0 con l\u2019obiettivo di rigenerare parti degradate del territorio urbano;<\/li>\n<li>le idee e gli strumenti innovativi che alimentano le operazioni di valorizzazione, alienazione, gestione del patrimonio immobiliare pubblico;<\/li>\n<li>i piani e programmi urbanistici di gestione delle trasformazioni. Proposte capaci di creare efficaci sinergie tra gli investimenti immobiliari e il miglioramento della qualit\u00e0 urbana. Casi di successo legati alla bonifica e riconversione di aree dismesse;<\/li>\n<li>le progettualit\u00e0 che contrastano il consumo di territorio, misure capaci di creare sinergie con la promozione della rigenerazione urbana;<\/li>\n<li>i progetti infrastrutturali generatori di effetti positivi sulla citt\u00e0. Una presentazione di progetti di infrastrutture e di piani di mobilit\u00e0 che rendono pi\u00f9 efficienti e sostenibili le nostre citt\u00e0;<\/li>\n<li>le iniziative di recupero e valorizzazione dei beni culturali e ambientali che producono benefici per la citt\u00e0.<\/li>\n<\/ul>\n<p>&nbsp;<\/p>\n<p><strong>POLITICHE COMUNITARIE<\/strong><\/p>\n<p>La coesione territoriale, gli obiettivi programmatici di Europa 2020 e gli scenari di de carbonizzazione di Europa 2030 e della Roadmap 2050, costituiscono un quadro coerente per la costruzione di tali nuove politiche urbane.Tuttavia l\u2019implementazione delle diverse dimensioni del nuovo sviluppo e soprattutto le capacit\u00e0 d\u2019integrazione intersettoriale necessarie al suo lancio effettivo, pur potenzialmente presenti nel Contratto di Partenariato, hanno trovato scarso recepimento nei documenti italiani della programmazione europea, sia a livello regionale che nei PON.<br \/>\nSi tratta quindi di mettere a frutto le dimensioni di flessibilit\u00e0 e le capacit\u00e0 di riprogrammazione presenti nel CdP (investimenti territoriali integrati, azioni innovative urbane, Urbact III) e di costruire gli elementi di una Agenda urbana nazionale, una piattaforma condivisa per lo sviluppo urbano sostenibile concettualmente ricomprendente anche il PON Metro, la Strategia per le aree interne, gli Assi Citt\u00e0 e le azioni per lo sviluppo urbano sostenibile dei POR regionali che se ne sono dotati (tutte eccetto Val d\u2019Aosta e Lazio) .<br \/>\nUrbanpromo intende approfondire i possibili termini utili alla definizione di un tale quadro di politiche, dando voce e ascolto alle energie dell\u2019ampia platea dei soggetti istituzionali, economici e sociali, potenziali protagonisti di un nuovo ciclo di politiche urbane, come gi\u00e0 indicato dalla European Business Campaign \u201cVivere sostenibile nelle citt\u00e0\u201d, sostenuta dal CSR Europe .<br \/>\nPer questo Urbanpromo si offre come luogo per mettere in comunicazione le sedi di programmazione con le esperienze pi\u00f9 innovative di sviluppo urbano, che possono esprimere le proprie specificit\u00e0 e condividere i contenuti ed i metodi della loro progettualit\u00e0.<\/p>\n<p>&nbsp;<\/p>\n<p><strong>MARKETING URBANO E TERRITORIALE<\/strong><\/p>\n<p>Politiche, progettualit\u00e0 ed esperienze di promozione della competitivit\u00e0 territoriale sviluppate attraverso il partenariato pubblico-privato nell\u2019ambito delle reti per la rigenerazione urbana.<br \/>\nLa sezione tratta nello specifico di:<\/p>\n<ul>\n<li>centri storici e aree urbane e territoriali che accolgono processi di rivitalizzazione, sperimentano azioni di riuso anche temporaneo delle unit\u00e0 sfitte e ricercano nuove smart city specialisation; luoghi omogenei per settori produttivi, per paesaggio e per eccellenze che perseguono la promozione integrata;<\/li>\n<li>reti, distretti e altre aggregazioni per raggiungere maggiore competitivit\u00e0 ed efficienza dei territori;<\/li>\n<li>patti di collaborazione su servizi, cultura, turismo, attivit\u00e0 economiche e qualit\u00e0 del vivere;<\/li>\n<li>agricoltura urbana promossa attraverso incentivi e perequazione urbanistica, dedicata all\u2019autoconsumo finalizzato al contenimento della spesa familiare.<\/li>\n<\/ul>\n<hr \/>\n<p><a href=\"https:\/\/urbanpromo.it\/2018\/urbanpromo-progetto-paese\/temi-milano\/temi-per-sito_\/\" rel=\"attachment wp-att-11865\"><img loading=\"lazy\" decoding=\"async\" class=\"alignleft size-full wp-image-11865\" src=\"https:\/\/urbanpromo.it\/2018\/wp-content\/uploads\/sites\/12\/2018\/07\/Temi-per-sito_.jpg\" alt=\"\" width=\"2000\" height=\"630\" srcset=\"https:\/\/urbanpromo.it\/content\/uploads\/sites\/12\/2018\/07\/Temi-per-sito_.jpg 2000w, https:\/\/urbanpromo.it\/content\/uploads\/sites\/12\/2018\/07\/Temi-per-sito_-300x95.jpg 300w, https:\/\/urbanpromo.it\/content\/uploads\/sites\/12\/2018\/07\/Temi-per-sito_-768x242.jpg 768w, https:\/\/urbanpromo.it\/content\/uploads\/sites\/12\/2018\/07\/Temi-per-sito_-1024x323.jpg 1024w\" sizes=\"auto, (max-width: 2000px) 100vw, 2000px\" \/><\/a><\/p>\n<p>&nbsp;<\/p>\n<p>&nbsp;<\/p>\n<p>&nbsp;<\/p>\n<p>&nbsp;<\/p>\n<hr \/>\n<p><strong>CITT\u00c0 SICURE E SOSTENIBILI<br \/>\novvero per citt\u00e0 pi\u00f9 giuste e accoglienti <\/strong><\/p>\n<p>La sezione affronta i temi della sicurezza della citt\u00e0 e degli edifici cercando di rendere esplicite le connessioni fra le due dimensioni. In Italia sono presenti numerosi interventi normativi che tendono ad agevolare la messa in sicurezza ai fini sismici di strutture edilizie pubbliche e private e a migliorare la loro efficienza energetica.<\/p>\n<p>La sezione tenta di costruire un primo bilancio complessivo di queste politiche, eterogenee e spesso derivanti da leggi e strutture diverse della pubblica ammnistrazione. La sezione intende anche appronfondire gli aspetti tecnici da considerare nella realizzazione di tali interventi anche alla luce delle nuove norme tecniche per le costruzioni, nonch\u00e9 delle pi\u00f9 recenti innovazioni tecniche con particolare riferimento alle tecnologie e alle strutture in legno.<\/p>\n<p>Per quanto riguarda la dimensione urbana, la sezione accoglie anche alcuni temi di grandi attualit\u00e0, quali quelli della progettazione di citt\u00e0 resilienti e di morfologie urbane sostenibili, le strategie di contrasto dei processi di consumo di suolo, la riqualificazione di aree urbane dismesse attraverso gli usi temporanei.<\/p>\n<p>&nbsp;<\/p>\n<p><strong>IL VERDE INFRASTRUTTURA DELLE CITT<\/strong><strong>\u00c0<br \/>\n<\/strong><strong>ovvero per una lettura e comprensione del metabolismo urbano<\/strong><\/p>\n<p>La sezione si prefigge lo scopo di affrontare gli aspetti di carattere ambientale e strutturale insiti nei progetti dei grandi parchi urbani e degli interventi di riqualificazione di spazi urbani a verde. A cinquanta anni dalla affermazione del verde urbano quale standard urbanistico, la sezione presenter\u00e0 nuove modalit\u00e0 di interpretare e progettare il verde a beneficio della collettivit\u00e0.<\/p>\n<p>In questa sezione saranno anche inseriti i temi relativi ad esperienze di agricoltura urbana, gi\u00e0 presenti nella scorsa edizione e di un uso innovativo delle tecnologie nel settore. La produzione del cibo in citt\u00e0, la sua distribuzione ed il suo consumo, fino alla formazione ed il trattamento dei rifiuti, saranno trattati alla luce di concrete esperienze che si prefiggono di realizzare una economia circolare.<\/p>\n<p>&nbsp;<\/p>\n<p><strong>LA CITT\u00c0 E L\u2019ACQUA<br \/>\novvero l&#8217;acqua come paradigma di vita, di lavoro e di sviluppo economico <\/strong><\/p>\n<p>La sezione riprende e sviluppa alcuni temi molto cari ad Urbanpromo, come il ruolo del Po nel paesaggio e nell\u2019economia della pianura padana. In questo quadro, particolare attenzione sar\u00e0 dedicata allo sviluppo dei Contratti di fiume. La sezione affronta anche il tema dell&#8217;acqua come risorsa scarsa e di non sempre facile reperibilit\u00e0 e distribuzione, problema che sta diventando importante in alcune realt\u00e0 urbane italiane. La sezione si intreccia con quella della Sustainable Mobility su pi\u00f9 temi, quali quello della portualit\u00e0 e della navigabilit\u00e0.<\/p>\n<p>&nbsp;<\/p>\n<p><strong>SMART COMUNITIES PER SMART CITIES<br \/>\novvero come la tecnologia cambia, migliorandola e rendendola pi\u00f9 aperta e condivisa,<br \/>\nla vita urbana e la fruizione di vecchi e nuovi servizi<\/strong><\/p>\n<p>Le nuove tecnologie aumentano la possibilit\u00e0 di produrre dati, comunicare, condividere l\u2019informazione territoriale e di fare rete nelle citt\u00e0.<\/p>\n<p>Il tema affronta le molteplici espressioni di uso intelligente della citt\u00e0 da parte delle PA e delle comunit\u00e0, dove mediante l\u2019uso e la sperimentazione di strumentazione tecnologica innovativa \u00e8 stato possibile aumentare la capacit\u00e0 di lettura della complessit\u00e0 urbana, incentivando cosi una pianificazione attenta a risolvere problemi urbani altrimenti difficili da identificare. Alcuni esempi possono essere la gestione del problema climatico, l\u2019efficientamento del trasporto pubblico, l\u2019apporto di innovazione sociale o la riqualificazione degli spazi urbani.<\/p>\n<p>Per questo ultimo si privilegiano esperienze che vedono le comunit\u00e0 locali recuperare luoghi spesso abbandonati o marginali mediante l\u2019uso delle nuove tecnologie. In questo contesto assume significato la parola <em>sharing city<\/em>, ma anche esperienze che tendono a costruire una citt\u00e0 pi\u00f9 equa e giusta.<\/p>\n<p>&nbsp;<\/p>\n<p><strong>SUSTAINABLE MOBILITY <\/strong><\/p>\n<p><strong>ovvero la mobilit\u00e0 come strumento per rendere interconnessi i territori<br \/>\n<\/strong><strong>con modalit\u00e0 prevalentemente\u00a0 non inquinanti e con costi accessibili<\/strong><\/p>\n<p>Urbanpromo Green partecipa alla <em>European Mobility Week<\/em>, promossa dalla Commissione Europea e curata in Italia dal Ministero dell&#8217;Ambiente, con la sezione tematica dedicata. Fra i principali temi affrontati figurano la pianificazione regionale dei trasporti nell\u2019ottica della sostenibilit\u00e0, con l\u2019esempio del PRIT della Regione Veneto, l\u2019inquadramento legislativo regionale e la progettazione delle ciclovie nazionali e locali quali importanti infrastrutture a supporto di turismo, cultura, paesaggio nonch\u00e9 della ciclabilit\u00e0 urbana con il suo fondamentale ruolo di completamento del sistema della mobilit\u00e0 dolce che consente nuove affermazioni per la qualit\u00e0 di citt\u00e0 e territori, valorizzando le iniziative in corso nel Paese e creando opportunit\u00e0 di conoscenza e di confronto, i programmi di trasporto pubblico con mezzi che utilizzano fonti energetiche rinnovabili e alternative, la navigabilit\u00e0 green.<\/p>\n<p>&nbsp;<\/p>\n<p>Su queste ed altre rilevanti questioni che animano gli studi e le progettazioni ispirate dall\u2019idea della sostenibilit\u00e0, Urbanpromo Green 2018 intende coinvolgere gli organi dello Stato, le Regioni ed i Comuni, insieme con gli altri soggetti pubblici titolari di varie competenze, le associazioni, i professionisti, il mondo della ricerca e della formazione, le aziende.<\/p>\n<hr \/>\n<p><a href=\"https:\/\/urbanpromo.it\/2018\/urbanpromo-progetto-paese\/temi-milano\/temi-per-sito_3\/\" rel=\"attachment wp-att-11866\"><img loading=\"lazy\" decoding=\"async\" class=\"alignleft size-full wp-image-11866\" src=\"https:\/\/urbanpromo.it\/2018\/wp-content\/uploads\/sites\/12\/2018\/07\/Temi-per-sito_3.jpg\" alt=\"\" width=\"2000\" height=\"630\" srcset=\"https:\/\/urbanpromo.it\/content\/uploads\/sites\/12\/2018\/07\/Temi-per-sito_3.jpg 2000w, https:\/\/urbanpromo.it\/content\/uploads\/sites\/12\/2018\/07\/Temi-per-sito_3-300x95.jpg 300w, https:\/\/urbanpromo.it\/content\/uploads\/sites\/12\/2018\/07\/Temi-per-sito_3-768x242.jpg 768w, https:\/\/urbanpromo.it\/content\/uploads\/sites\/12\/2018\/07\/Temi-per-sito_3-1024x323.jpg 1024w\" sizes=\"auto, (max-width: 2000px) 100vw, 2000px\" \/><\/a><\/p>\n<p>&nbsp;<\/p>\n<hr \/>\n<p><strong>SOCIAL HOUSING<\/strong><\/p>\n<p>La sezione dedicata al Social Housing sar\u00e0 l\u2019ambito qualificato \u00a0interamente dedicato alle politiche abitative, ai loro strumenti, ai settori e alle modalit\u00e0 di intervento. La precedente edizione si \u00e8 focalizzata su quattro declinazioni del social housing: l\u2019abitare sociale collaborativo, il social impact investment, lo student housing e il senior housing.\u00a0 In tale occasione, per la prima volta, l\u2019evento ha aperto l\u2019esperienza italiana al confronto europeo. La VII edizione conferma la proiezione internazionale, questa volta lungo due direttrici: i canali europei di finanziamento e le best practices offerte dall\u2019esperienza francese.<\/p>\n<p>Le tematiche di lavoro saranno:<\/p>\n<ul>\n<li>l\u2019evoluzione dello scenario europeo per il Social Housing;<\/li>\n<li>l\u2019integrazione delle risorse nei progetti di rigenerazione urbana;<\/li>\n<li>nuovi modelli di abitare;<\/li>\n<li>prospettive del Social Housing in Italia.<\/li>\n<\/ul>\n<p>&nbsp;<\/p>\n","protected":false},"excerpt":{"rendered":"<p>La quindicesima edizione di Urbanpromo Progetti per il Paese 2018 si articola in nove principali macro-temi dai quali scaturiscono gli argomenti approfonditi nei singoli convegni e seminari. &nbsp; TRASFORMAZIONE URBANA L\u2019area tematica della Trasformazione Urbana si occupa dei patrimoni immobiliari in relazione all\u2019evoluzione del mercato, attraverso la presentazione di progetti, interventi, politiche, e quindi: le &#8230;<\/p>\n","protected":false},"author":2,"featured_media":0,"parent":3888,"menu_order":0,"comment_status":"closed","ping_status":"closed","template":"template-page-full.php","meta":{"_acf_changed":false,"footnotes":""},"class_list":["post-3896","page","type-page","status-publish","hentry"],"acf":[],"_links":{"self":[{"href":"https:\/\/urbanpromo.it\/2018\/wp-json\/wp\/v2\/pages\/3896","targetHints":{"allow":["GET"]}}],"collection":[{"href":"https:\/\/urbanpromo.it\/2018\/wp-json\/wp\/v2\/pages"}],"about":[{"href":"https:\/\/urbanpromo.it\/2018\/wp-json\/wp\/v2\/types\/page"}],"author":[{"embeddable":true,"href":"https:\/\/urbanpromo.it\/2018\/wp-json\/wp\/v2\/users\/2"}],"replies":[{"embeddable":true,"href":"https:\/\/urbanpromo.it\/2018\/wp-json\/wp\/v2\/comments?post=3896"}],"version-history":[{"count":0,"href":"https:\/\/urbanpromo.it\/2018\/wp-json\/wp\/v2\/pages\/3896\/revisions"}],"up":[{"embeddable":true,"href":"https:\/\/urbanpromo.it\/2018\/wp-json\/wp\/v2\/pages\/3888"}],"wp:attachment":[{"href":"https:\/\/urbanpromo.it\/2018\/wp-json\/wp\/v2\/media?parent=3896"}],"curies":[{"name":"wp","href":"https:\/\/api.w.org\/{rel}","templated":true}]}}