{"id":65,"date":"2015-07-14T18:54:01","date_gmt":"2015-07-14T16:54:01","guid":{"rendered":"http:\/\/analogforecast.com\/2016\/?page_id=65"},"modified":"2018-10-24T11:06:35","modified_gmt":"2018-10-24T09:06:35","slug":"urbanpromo-social-housing","status":"publish","type":"page","link":"https:\/\/urbanpromo.it\/2018\/urbanpromo-social-housing\/","title":{"rendered":"Urbanpromo Social Housing"},"content":{"rendered":"<p>L\u2019abitare sociale \u00e8 il grande tema al centro di Urbanpromo Social Housing, manifestazione specialistica promossa dall\u2019INU insieme con CDPi Sgr, Compagnia di San Paolo, Fondazione Sviluppo e Crescita CRT, Fondazione Housing Sociale e Fondazione CR Cuneo.<\/p>\n<p>Da otto anni Urbanpromo Social Housing \u00e8 l\u2019unico evento italiano interamente dedicato alle politiche abitative, ai loro strumenti, ai settori e alle modalit\u00e0 di intervento.<\/p>\n<p>La precedente edizione si \u00e8 focalizzata su quattro declinazioni del social housing: l\u2019abitare sociale collaborativo, il social impact investment, lo student housing e il senior housing.\u00a0 In tale occasione, per la prima volta, l\u2019evento ha aperto l\u2019esperienza italiana al confronto europeo.<\/p>\n<p>L\u201911 e il 12 ottobre la Galleria d\u2019Arte Moderna di Torino ospita l\u2019VIII edizione della manifestazione, basata su sessioni di lavoro consecutive, dense di analisi, interpretazioni, confronti, approfondimenti. \u00c8 confermata la proiezione internazionale, questa volta lungo due direttrici: i canali europei di finanziamento e le best practices offerte dall\u2019esperienza francese. Completa il programma un focus sulle Citt\u00e0 piemontesi di media dimensione.<\/p>\n<p>&nbsp;<\/p>\n<p><em>L\u2019habitat social est le th\u00e8me principal au coeur d\u2019Urbanpromo Social Housing, une manifestation sp\u00e9cialis\u00e9e promue par l\u2019INU en collaboration avec CDPi Sgr, Compagnia di San Paolo, Fondazione Sviluppo e Crescita CRT, Fondazione Housing Sociale et Fondazione CR Cuneo.<\/em><\/p>\n<p><em>Depuis huit ans, Urbanpromo Social Housing est le seul \u00e9v\u00e9nement italien enti\u00e8rement consacr\u00e9 aux politiques du logement, \u00e0 leurs outils, aux secteurs et modes d\u2019intervention.<\/em><\/p>\n<p><em>L\u2019\u00e9dition pr\u00e9c\u00e9dente avait pour th\u00e8me quatre aspects du logement social: le logement social coop\u00e9ratif, l\u2019investissement \u00e0 impact social, le logement \u00e9tudiant et le logement pour seniors. Pour la premi\u00e8re fois, l\u2019\u00e9dition actuelle ouvre l\u2019exp\u00e9rience italienne \u00e0 la perspective europ\u00e9enne.<\/em><\/p>\n<p><em>Les 11 et 12 octobre, la Galleria d\u2019Arte Moderna de Turin accueillera la VIIIe \u00e9dition de la manifestation, articul\u00e9e<\/em><br \/>\n<em>en plusieurs sessions de travail cons\u00e9cutives, riches d\u2019analyses, interpr\u00e9tations, mises en perspectives et \u00e9tudes. La dimension internationale est confirm\u00e9e, cette fois, au travers de deux volets: les canaux de financement europ\u00e9ens et les meilleures pratiques sugg\u00e9r\u00e9es par l\u2019exp\u00e9rience fran\u00e7aise. Le focus mis sur les Villes pi\u00e9montaises de taille moyenne compl\u00e8te le programme.<\/em><\/p>\n<div class=\"mlp-quicklinks mlp-quicklink-links br mlp_quicklinks mlp_quicklinks_links\"><\/div>\n","protected":false},"excerpt":{"rendered":"<p>L\u2019abitare sociale \u00e8 il grande tema al centro di Urbanpromo Social Housing, manifestazione specialistica promossa dall\u2019INU insieme con CDPi Sgr, Compagnia di San Paolo, Fondazione Sviluppo e Crescita CRT, Fondazione Housing Sociale e Fondazione CR Cuneo. Da otto anni Urbanpromo Social Housing \u00e8 l\u2019unico evento italiano interamente dedicato alle politiche abitative, ai loro strumenti, ai &#8230;<\/p>\n","protected":false},"author":2,"featured_media":0,"parent":0,"menu_order":0,"comment_status":"closed","ping_status":"closed","template":"template-page-full.php","meta":{"_acf_changed":false,"footnotes":""},"class_list":["post-65","page","type-page","status-publish","hentry"],"acf":[],"yoast_head":"<!-- This site is optimized with the Yoast SEO plugin v27.4 - https:\/\/yoast.com\/product\/yoast-seo-wordpress\/ -->\n<title>Urbanpromo Social Housing - Edizione 2018<\/title>\n<meta name=\"robots\" content=\"index, follow, max-snippet:-1, max-image-preview:large, max-video-preview:-1\" \/>\n<link rel=\"canonical\" href=\"https:\/\/urbanpromo.it\/2018\/urbanpromo-social-housing\/\" \/>\n<meta property=\"og:locale\" content=\"it_IT\" \/>\n<meta property=\"og:type\" content=\"article\" \/>\n<meta property=\"og:title\" content=\"Urbanpromo Social Housing - Edizione 2018\" \/>\n<meta property=\"og:description\" content=\"L\u2019abitare sociale \u00e8 il grande tema al centro di Urbanpromo Social Housing, manifestazione specialistica promossa dall\u2019INU insieme con CDPi Sgr, Compagnia di San Paolo, Fondazione Sviluppo e Crescita CRT, Fondazione Housing Sociale e Fondazione CR Cuneo. Da otto anni Urbanpromo Social Housing \u00e8 l\u2019unico evento italiano interamente dedicato alle politiche abitative, ai loro strumenti, ai ...\" \/>\n<meta property=\"og:url\" content=\"https:\/\/urbanpromo.it\/2018\/urbanpromo-social-housing\/\" \/>\n<meta property=\"og:site_name\" content=\"Edizione 2018\" \/>\n<meta property=\"article:modified_time\" content=\"2018-10-24T09:06:35+00:00\" \/>\n<meta name=\"twitter:card\" content=\"summary_large_image\" \/>\n<meta name=\"twitter:label1\" content=\"Est. reading time\" \/>\n\t<meta name=\"twitter:data1\" content=\"2 minuti\" \/>\n<script type=\"application\/ld+json\" class=\"yoast-schema-graph\">{\"@context\":\"https:\\\/\\\/schema.org\",\"@graph\":[{\"@type\":\"WebPage\",\"@id\":\"https:\\\/\\\/urbanpromo.it\\\/2018\\\/urbanpromo-social-housing\\\/\",\"url\":\"https:\\\/\\\/urbanpromo.it\\\/2018\\\/urbanpromo-social-housing\\\/\",\"name\":\"Urbanpromo Social Housing - Edizione 2018\",\"isPartOf\":{\"@id\":\"https:\\\/\\\/urbanpromo.it\\\/2018\\\/#website\"},\"datePublished\":\"2015-07-14T16:54:01+00:00\",\"dateModified\":\"2018-10-24T09:06:35+00:00\",\"breadcrumb\":{\"@id\":\"https:\\\/\\\/urbanpromo.it\\\/2018\\\/urbanpromo-social-housing\\\/#breadcrumb\"},\"inLanguage\":\"it-IT\",\"potentialAction\":[{\"@type\":\"ReadAction\",\"target\":[\"https:\\\/\\\/urbanpromo.it\\\/2018\\\/urbanpromo-social-housing\\\/\"]}]},{\"@type\":\"BreadcrumbList\",\"@id\":\"https:\\\/\\\/urbanpromo.it\\\/2018\\\/urbanpromo-social-housing\\\/#breadcrumb\",\"itemListElement\":[{\"@type\":\"ListItem\",\"position\":1,\"name\":\"Home\",\"item\":\"https:\\\/\\\/urbanpromo.it\\\/2018\\\/\"},{\"@type\":\"ListItem\",\"position\":2,\"name\":\"Urbanpromo Social Housing\"}]},{\"@type\":\"WebSite\",\"@id\":\"https:\\\/\\\/urbanpromo.it\\\/2018\\\/#website\",\"url\":\"https:\\\/\\\/urbanpromo.it\\\/2018\\\/\",\"name\":\"Edizione 2018\",\"description\":\"Urbanpromo - XV Edizione\",\"potentialAction\":[{\"@type\":\"SearchAction\",\"target\":{\"@type\":\"EntryPoint\",\"urlTemplate\":\"https:\\\/\\\/urbanpromo.it\\\/2018\\\/?s={search_term_string}\"},\"query-input\":{\"@type\":\"PropertyValueSpecification\",\"valueRequired\":true,\"valueName\":\"search_term_string\"}}],\"inLanguage\":\"it-IT\"}]}<\/script>\n<!-- \/ Yoast SEO plugin. -->","yoast_head_json":{"title":"Urbanpromo Social Housing - Edizione 2018","robots":{"index":"index","follow":"follow","max-snippet":"max-snippet:-1","max-image-preview":"max-image-preview:large","max-video-preview":"max-video-preview:-1"},"canonical":"https:\/\/urbanpromo.it\/2018\/urbanpromo-social-housing\/","og_locale":"it_IT","og_type":"article","og_title":"Urbanpromo Social Housing - Edizione 2018","og_description":"L\u2019abitare sociale \u00e8 il grande tema al centro di Urbanpromo Social Housing, manifestazione specialistica promossa dall\u2019INU insieme con CDPi Sgr, Compagnia di San Paolo, Fondazione Sviluppo e Crescita CRT, Fondazione Housing Sociale e Fondazione CR Cuneo. Da otto anni Urbanpromo Social Housing \u00e8 l\u2019unico evento italiano interamente dedicato alle politiche abitative, ai loro strumenti, ai ...","og_url":"https:\/\/urbanpromo.it\/2018\/urbanpromo-social-housing\/","og_site_name":"Edizione 2018","article_modified_time":"2018-10-24T09:06:35+00:00","twitter_card":"summary_large_image","twitter_misc":{"Est. reading time":"2 minuti"},"schema":{"@context":"https:\/\/schema.org","@graph":[{"@type":"WebPage","@id":"https:\/\/urbanpromo.it\/2018\/urbanpromo-social-housing\/","url":"https:\/\/urbanpromo.it\/2018\/urbanpromo-social-housing\/","name":"Urbanpromo Social Housing - Edizione 2018","isPartOf":{"@id":"https:\/\/urbanpromo.it\/2018\/#website"},"datePublished":"2015-07-14T16:54:01+00:00","dateModified":"2018-10-24T09:06:35+00:00","breadcrumb":{"@id":"https:\/\/urbanpromo.it\/2018\/urbanpromo-social-housing\/#breadcrumb"},"inLanguage":"it-IT","potentialAction":[{"@type":"ReadAction","target":["https:\/\/urbanpromo.it\/2018\/urbanpromo-social-housing\/"]}]},{"@type":"BreadcrumbList","@id":"https:\/\/urbanpromo.it\/2018\/urbanpromo-social-housing\/#breadcrumb","itemListElement":[{"@type":"ListItem","position":1,"name":"Home","item":"https:\/\/urbanpromo.it\/2018\/"},{"@type":"ListItem","position":2,"name":"Urbanpromo Social Housing"}]},{"@type":"WebSite","@id":"https:\/\/urbanpromo.it\/2018\/#website","url":"https:\/\/urbanpromo.it\/2018\/","name":"Edizione 2018","description":"Urbanpromo - XV Edizione","potentialAction":[{"@type":"SearchAction","target":{"@type":"EntryPoint","urlTemplate":"https:\/\/urbanpromo.it\/2018\/?s={search_term_string}"},"query-input":{"@type":"PropertyValueSpecification","valueRequired":true,"valueName":"search_term_string"}}],"inLanguage":"it-IT"}]}},"_links":{"self":[{"href":"https:\/\/urbanpromo.it\/2018\/wp-json\/wp\/v2\/pages\/65","targetHints":{"allow":["GET"]}}],"collection":[{"href":"https:\/\/urbanpromo.it\/2018\/wp-json\/wp\/v2\/pages"}],"about":[{"href":"https:\/\/urbanpromo.it\/2018\/wp-json\/wp\/v2\/types\/page"}],"author":[{"embeddable":true,"href":"https:\/\/urbanpromo.it\/2018\/wp-json\/wp\/v2\/users\/2"}],"replies":[{"embeddable":true,"href":"https:\/\/urbanpromo.it\/2018\/wp-json\/wp\/v2\/comments?post=65"}],"version-history":[{"count":0,"href":"https:\/\/urbanpromo.it\/2018\/wp-json\/wp\/v2\/pages\/65\/revisions"}],"wp:attachment":[{"href":"https:\/\/urbanpromo.it\/2018\/wp-json\/wp\/v2\/media?parent=65"}],"curies":[{"name":"wp","href":"https:\/\/api.w.org\/{rel}","templated":true}]}}