{"id":6752,"date":"2016-11-17T18:43:16","date_gmt":"2016-11-17T17:43:16","guid":{"rendered":"http:\/\/urbanpromo.it\/2018\/?page_id=6752"},"modified":"2018-11-29T18:46:10","modified_gmt":"2018-11-29T17:46:10","slug":"esposizione","status":"publish","type":"page","link":"https:\/\/urbanpromo.it\/2018\/urbanpromo-progetto-paese\/esposizione\/","title":{"rendered":"Esposizione"},"content":{"rendered":"<p>&nbsp;<\/p>\n<p>Si realizzer\u00e0 nel salone d\u2019Onore della Triennale di Milano in occasione della XV edizione di Urbanpromo (20-23 novembre 2018), l\u2019esposizione temporanea raccoglier\u00e0 e amplier\u00e0 i progetti e i temi pubblicati nel portale dedicato alla manifestazione.<\/p>\n<p>La mostra presenter\u00e0 i progetti di architettura e urbanistica pubblicati nella Gallery multimediale da ottobre 2018, con l\u2019obiettivo di fornire ai visitatori spunti riflessivi: una narrazione di esperienze progettuali, proposte in corso di definizione, iniziative in corso di realizzazione o gi\u00e0 realizzate. I progetti esposti faranno riferimento ai temi del social housing, della trasformazione urbana, del marketing urbano e territoriale, delle citt\u00e0 sicure e sostenibili, delle politiche comunitarie, delle infrastrutture verdi, delle smart communities,\u00a0delle citt\u00e0 e dell&#8217;acqua.<\/p>\n<p>Il catalogo distribuito ai visitatori sar\u00e0 una pubblicazione che raccoglie in specifiche schede i progetti esposti nella Gallery multimediale.<\/p>\n","protected":false},"excerpt":{"rendered":"<p>&nbsp; Si realizzer\u00e0 nel salone d\u2019Onore della Triennale di Milano in occasione della XV edizione di Urbanpromo (20-23 novembre 2018), l\u2019esposizione temporanea raccoglier\u00e0 e amplier\u00e0 i progetti e i temi pubblicati nel portale dedicato alla manifestazione. La mostra presenter\u00e0 i progetti di architettura e urbanistica pubblicati nella Gallery multimediale da ottobre 2018, con l\u2019obiettivo di &#8230;<\/p>\n","protected":false},"author":2,"featured_media":0,"parent":3888,"menu_order":0,"comment_status":"open","ping_status":"open","template":"template-page-full.php","meta":{"_acf_changed":false,"footnotes":""},"class_list":["post-6752","page","type-page","status-publish","hentry"],"acf":[],"yoast_head":"<!-- This site is optimized with the Yoast SEO plugin v27.4 - https:\/\/yoast.com\/product\/yoast-seo-wordpress\/ -->\n<title>Esposizione - Edizione 2018<\/title>\n<meta name=\"robots\" content=\"index, follow, max-snippet:-1, max-image-preview:large, max-video-preview:-1\" \/>\n<link rel=\"canonical\" href=\"https:\/\/urbanpromo.it\/2018\/urbanpromo-progetto-paese\/esposizione\/\" \/>\n<meta property=\"og:locale\" content=\"it_IT\" \/>\n<meta property=\"og:type\" content=\"article\" \/>\n<meta property=\"og:title\" content=\"Esposizione - Edizione 2018\" \/>\n<meta property=\"og:description\" content=\"&nbsp; Si realizzer\u00e0 nel salone d\u2019Onore della Triennale di Milano in occasione della XV edizione di Urbanpromo (20-23 novembre 2018), l\u2019esposizione temporanea raccoglier\u00e0 e amplier\u00e0 i progetti e i temi pubblicati nel portale dedicato alla manifestazione. La mostra presenter\u00e0 i progetti di architettura e urbanistica pubblicati nella Gallery multimediale da ottobre 2018, con l\u2019obiettivo di ...\" \/>\n<meta property=\"og:url\" content=\"https:\/\/urbanpromo.it\/2018\/urbanpromo-progetto-paese\/esposizione\/\" \/>\n<meta property=\"og:site_name\" content=\"Edizione 2018\" \/>\n<meta property=\"article:modified_time\" content=\"2018-11-29T17:46:10+00:00\" \/>\n<meta name=\"twitter:card\" content=\"summary_large_image\" \/>\n<meta name=\"twitter:label1\" content=\"Est. reading time\" \/>\n\t<meta name=\"twitter:data1\" content=\"1 minuto\" \/>\n<script type=\"application\/ld+json\" class=\"yoast-schema-graph\">{\"@context\":\"https:\\\/\\\/schema.org\",\"@graph\":[{\"@type\":\"WebPage\",\"@id\":\"https:\\\/\\\/urbanpromo.it\\\/2018\\\/urbanpromo-progetto-paese\\\/esposizione\\\/\",\"url\":\"https:\\\/\\\/urbanpromo.it\\\/2018\\\/urbanpromo-progetto-paese\\\/esposizione\\\/\",\"name\":\"Esposizione - Edizione 2018\",\"isPartOf\":{\"@id\":\"https:\\\/\\\/urbanpromo.it\\\/2018\\\/#website\"},\"datePublished\":\"2016-11-17T17:43:16+00:00\",\"dateModified\":\"2018-11-29T17:46:10+00:00\",\"breadcrumb\":{\"@id\":\"https:\\\/\\\/urbanpromo.it\\\/2018\\\/urbanpromo-progetto-paese\\\/esposizione\\\/#breadcrumb\"},\"inLanguage\":\"it-IT\",\"potentialAction\":[{\"@type\":\"ReadAction\",\"target\":[\"https:\\\/\\\/urbanpromo.it\\\/2018\\\/urbanpromo-progetto-paese\\\/esposizione\\\/\"]}]},{\"@type\":\"BreadcrumbList\",\"@id\":\"https:\\\/\\\/urbanpromo.it\\\/2018\\\/urbanpromo-progetto-paese\\\/esposizione\\\/#breadcrumb\",\"itemListElement\":[{\"@type\":\"ListItem\",\"position\":1,\"name\":\"Home\",\"item\":\"https:\\\/\\\/urbanpromo.it\\\/2018\\\/\"},{\"@type\":\"ListItem\",\"position\":2,\"name\":\"Urbanpromo Progetti per il Paese\",\"item\":\"https:\\\/\\\/urbanpromo.it\\\/2018\\\/urbanpromo-progetto-paese\\\/\"},{\"@type\":\"ListItem\",\"position\":3,\"name\":\"Esposizione\"}]},{\"@type\":\"WebSite\",\"@id\":\"https:\\\/\\\/urbanpromo.it\\\/2018\\\/#website\",\"url\":\"https:\\\/\\\/urbanpromo.it\\\/2018\\\/\",\"name\":\"Edizione 2018\",\"description\":\"Urbanpromo - XV Edizione\",\"potentialAction\":[{\"@type\":\"SearchAction\",\"target\":{\"@type\":\"EntryPoint\",\"urlTemplate\":\"https:\\\/\\\/urbanpromo.it\\\/2018\\\/?s={search_term_string}\"},\"query-input\":{\"@type\":\"PropertyValueSpecification\",\"valueRequired\":true,\"valueName\":\"search_term_string\"}}],\"inLanguage\":\"it-IT\"}]}<\/script>\n<!-- \/ Yoast SEO plugin. -->","yoast_head_json":{"title":"Esposizione - Edizione 2018","robots":{"index":"index","follow":"follow","max-snippet":"max-snippet:-1","max-image-preview":"max-image-preview:large","max-video-preview":"max-video-preview:-1"},"canonical":"https:\/\/urbanpromo.it\/2018\/urbanpromo-progetto-paese\/esposizione\/","og_locale":"it_IT","og_type":"article","og_title":"Esposizione - Edizione 2018","og_description":"&nbsp; Si realizzer\u00e0 nel salone d\u2019Onore della Triennale di Milano in occasione della XV edizione di Urbanpromo (20-23 novembre 2018), l\u2019esposizione temporanea raccoglier\u00e0 e amplier\u00e0 i progetti e i temi pubblicati nel portale dedicato alla manifestazione. La mostra presenter\u00e0 i progetti di architettura e urbanistica pubblicati nella Gallery multimediale da ottobre 2018, con l\u2019obiettivo di ...","og_url":"https:\/\/urbanpromo.it\/2018\/urbanpromo-progetto-paese\/esposizione\/","og_site_name":"Edizione 2018","article_modified_time":"2018-11-29T17:46:10+00:00","twitter_card":"summary_large_image","twitter_misc":{"Est. reading time":"1 minuto"},"schema":{"@context":"https:\/\/schema.org","@graph":[{"@type":"WebPage","@id":"https:\/\/urbanpromo.it\/2018\/urbanpromo-progetto-paese\/esposizione\/","url":"https:\/\/urbanpromo.it\/2018\/urbanpromo-progetto-paese\/esposizione\/","name":"Esposizione - Edizione 2018","isPartOf":{"@id":"https:\/\/urbanpromo.it\/2018\/#website"},"datePublished":"2016-11-17T17:43:16+00:00","dateModified":"2018-11-29T17:46:10+00:00","breadcrumb":{"@id":"https:\/\/urbanpromo.it\/2018\/urbanpromo-progetto-paese\/esposizione\/#breadcrumb"},"inLanguage":"it-IT","potentialAction":[{"@type":"ReadAction","target":["https:\/\/urbanpromo.it\/2018\/urbanpromo-progetto-paese\/esposizione\/"]}]},{"@type":"BreadcrumbList","@id":"https:\/\/urbanpromo.it\/2018\/urbanpromo-progetto-paese\/esposizione\/#breadcrumb","itemListElement":[{"@type":"ListItem","position":1,"name":"Home","item":"https:\/\/urbanpromo.it\/2018\/"},{"@type":"ListItem","position":2,"name":"Urbanpromo Progetti per il Paese","item":"https:\/\/urbanpromo.it\/2018\/urbanpromo-progetto-paese\/"},{"@type":"ListItem","position":3,"name":"Esposizione"}]},{"@type":"WebSite","@id":"https:\/\/urbanpromo.it\/2018\/#website","url":"https:\/\/urbanpromo.it\/2018\/","name":"Edizione 2018","description":"Urbanpromo - XV Edizione","potentialAction":[{"@type":"SearchAction","target":{"@type":"EntryPoint","urlTemplate":"https:\/\/urbanpromo.it\/2018\/?s={search_term_string}"},"query-input":{"@type":"PropertyValueSpecification","valueRequired":true,"valueName":"search_term_string"}}],"inLanguage":"it-IT"}]}},"_links":{"self":[{"href":"https:\/\/urbanpromo.it\/2018\/wp-json\/wp\/v2\/pages\/6752","targetHints":{"allow":["GET"]}}],"collection":[{"href":"https:\/\/urbanpromo.it\/2018\/wp-json\/wp\/v2\/pages"}],"about":[{"href":"https:\/\/urbanpromo.it\/2018\/wp-json\/wp\/v2\/types\/page"}],"author":[{"embeddable":true,"href":"https:\/\/urbanpromo.it\/2018\/wp-json\/wp\/v2\/users\/2"}],"replies":[{"embeddable":true,"href":"https:\/\/urbanpromo.it\/2018\/wp-json\/wp\/v2\/comments?post=6752"}],"version-history":[{"count":0,"href":"https:\/\/urbanpromo.it\/2018\/wp-json\/wp\/v2\/pages\/6752\/revisions"}],"up":[{"embeddable":true,"href":"https:\/\/urbanpromo.it\/2018\/wp-json\/wp\/v2\/pages\/3888"}],"wp:attachment":[{"href":"https:\/\/urbanpromo.it\/2018\/wp-json\/wp\/v2\/media?parent=6752"}],"curies":[{"name":"wp","href":"https:\/\/api.w.org\/{rel}","templated":true}]}}