{"id":3896,"date":"2016-07-15T10:12:00","date_gmt":"2016-07-15T08:12:00","guid":{"rendered":"http:\/\/analogforecast.com\/2016\/?page_id=3896"},"modified":"2019-11-08T12:08:32","modified_gmt":"2019-11-08T11:08:32","slug":"temi-milano","status":"publish","type":"page","link":"https:\/\/urbanpromo.it\/2019\/urbanpromo-progetto-paese\/temi-milano\/","title":{"rendered":"Temi"},"content":{"rendered":"<p>La XVI edizione di Urbanpromo Progetti per il Paese affronta una gamma di temi molto articolata, aggregabili in <strong>tre grandi<\/strong> filoni tematici:<\/p>\n<ul>\n<li>paesaggio, ambiente e territorio;<\/li>\n<li>citt\u00e0 contemporanea;<\/li>\n<li>citt\u00e0 e societ\u00e0;<\/li>\n<\/ul>\n<p id=\"tw-target-text\" class=\"tw-data-text tw-text-large tw-ta\" dir=\"ltr\" data-placeholder=\"Translation\"><span lang=\"en\">As usual, each theme is treated in conferences in which the best practices are illustrated by their protagonists within scientific, cultural or juridical frames that highlight their salient features from time to time.<\/span><\/p>\n<hr \/>\n<h3><img loading=\"lazy\" decoding=\"async\" class=\"aligncenter wp-image-14641 size-thumbnail\" src=\"http:\/\/urbanpromo.it\/content\/uploads\/sites\/14\/2019\/06\/I-paesaggi-dellacqua_r-150x150.jpg\" alt=\"\" width=\"150\" height=\"150\" srcset=\"https:\/\/urbanpromo.it\/content\/uploads\/sites\/14\/2019\/06\/I-paesaggi-dellacqua_r-150x150.jpg 150w, https:\/\/urbanpromo.it\/content\/uploads\/sites\/14\/2019\/06\/I-paesaggi-dellacqua_r-300x300.jpg 300w, https:\/\/urbanpromo.it\/content\/uploads\/sites\/14\/2019\/06\/I-paesaggi-dellacqua_r-768x768.jpg 768w, https:\/\/urbanpromo.it\/content\/uploads\/sites\/14\/2019\/06\/I-paesaggi-dellacqua_r-250x250.jpg 250w, https:\/\/urbanpromo.it\/content\/uploads\/sites\/14\/2019\/06\/I-paesaggi-dellacqua_r-460x460.jpg 460w, https:\/\/urbanpromo.it\/content\/uploads\/sites\/14\/2019\/06\/I-paesaggi-dellacqua_r.jpg 886w\" sizes=\"auto, (max-width: 150px) 100vw, 150px\" \/><img loading=\"lazy\" decoding=\"async\" class=\"aligncenter wp-image-14642 size-thumbnail\" src=\"http:\/\/urbanpromo.it\/content\/uploads\/sites\/14\/2019\/06\/Il-verde-infrastruttura-delle-citt\u00e0_r-150x150.jpg\" alt=\"\" width=\"150\" height=\"150\" srcset=\"https:\/\/urbanpromo.it\/content\/uploads\/sites\/14\/2019\/06\/Il-verde-infrastruttura-delle-citt\u00e0_r-150x150.jpg 150w, https:\/\/urbanpromo.it\/content\/uploads\/sites\/14\/2019\/06\/Il-verde-infrastruttura-delle-citt\u00e0_r-300x300.jpg 300w, https:\/\/urbanpromo.it\/content\/uploads\/sites\/14\/2019\/06\/Il-verde-infrastruttura-delle-citt\u00e0_r-768x768.jpg 768w, https:\/\/urbanpromo.it\/content\/uploads\/sites\/14\/2019\/06\/Il-verde-infrastruttura-delle-citt\u00e0_r-250x250.jpg 250w, https:\/\/urbanpromo.it\/content\/uploads\/sites\/14\/2019\/06\/Il-verde-infrastruttura-delle-citt\u00e0_r-460x460.jpg 460w, https:\/\/urbanpromo.it\/content\/uploads\/sites\/14\/2019\/06\/Il-verde-infrastruttura-delle-citt\u00e0_r.jpg 886w\" sizes=\"auto, (max-width: 150px) 100vw, 150px\" \/><img loading=\"lazy\" decoding=\"async\" class=\"aligncenter wp-image-14638 size-thumbnail\" src=\"http:\/\/urbanpromo.it\/content\/uploads\/sites\/14\/2019\/06\/Sousainable-mobility_r-150x150.jpg\" alt=\"\" width=\"150\" height=\"150\" srcset=\"https:\/\/urbanpromo.it\/content\/uploads\/sites\/14\/2019\/06\/Sousainable-mobility_r-150x150.jpg 150w, https:\/\/urbanpromo.it\/content\/uploads\/sites\/14\/2019\/06\/Sousainable-mobility_r-300x300.jpg 300w, https:\/\/urbanpromo.it\/content\/uploads\/sites\/14\/2019\/06\/Sousainable-mobility_r-768x768.jpg 768w, https:\/\/urbanpromo.it\/content\/uploads\/sites\/14\/2019\/06\/Sousainable-mobility_r-250x250.jpg 250w, https:\/\/urbanpromo.it\/content\/uploads\/sites\/14\/2019\/06\/Sousainable-mobility_r-460x460.jpg 460w, https:\/\/urbanpromo.it\/content\/uploads\/sites\/14\/2019\/06\/Sousainable-mobility_r.jpg 886w\" sizes=\"auto, (max-width: 150px) 100vw, 150px\" \/><img loading=\"lazy\" decoding=\"async\" class=\"aligncenter wp-image-14635 size-thumbnail\" src=\"http:\/\/urbanpromo.it\/content\/uploads\/sites\/14\/2019\/06\/Riqualificazione-urbana-150x150.jpg\" alt=\"\" width=\"150\" height=\"150\" srcset=\"https:\/\/urbanpromo.it\/content\/uploads\/sites\/14\/2019\/06\/Riqualificazione-urbana-150x150.jpg 150w, https:\/\/urbanpromo.it\/content\/uploads\/sites\/14\/2019\/06\/Riqualificazione-urbana-300x300.jpg 300w, https:\/\/urbanpromo.it\/content\/uploads\/sites\/14\/2019\/06\/Riqualificazione-urbana-768x768.jpg 768w, https:\/\/urbanpromo.it\/content\/uploads\/sites\/14\/2019\/06\/Riqualificazione-urbana-250x250.jpg 250w, https:\/\/urbanpromo.it\/content\/uploads\/sites\/14\/2019\/06\/Riqualificazione-urbana-460x460.jpg 460w, https:\/\/urbanpromo.it\/content\/uploads\/sites\/14\/2019\/06\/Riqualificazione-urbana.jpg 886w\" sizes=\"auto, (max-width: 150px) 100vw, 150px\" \/><img loading=\"lazy\" decoding=\"async\" class=\"aligncenter wp-image-14637 size-thumbnail\" src=\"http:\/\/urbanpromo.it\/content\/uploads\/sites\/14\/2019\/06\/Social-Housing_r-150x150.jpg\" alt=\"\" width=\"150\" height=\"150\" srcset=\"https:\/\/urbanpromo.it\/content\/uploads\/sites\/14\/2019\/06\/Social-Housing_r-150x150.jpg 150w, https:\/\/urbanpromo.it\/content\/uploads\/sites\/14\/2019\/06\/Social-Housing_r-300x300.jpg 300w, https:\/\/urbanpromo.it\/content\/uploads\/sites\/14\/2019\/06\/Social-Housing_r-768x768.jpg 768w, https:\/\/urbanpromo.it\/content\/uploads\/sites\/14\/2019\/06\/Social-Housing_r-250x250.jpg 250w, https:\/\/urbanpromo.it\/content\/uploads\/sites\/14\/2019\/06\/Social-Housing_r-460x460.jpg 460w, https:\/\/urbanpromo.it\/content\/uploads\/sites\/14\/2019\/06\/Social-Housing_r.jpg 886w\" sizes=\"auto, (max-width: 150px) 100vw, 150px\" \/><img loading=\"lazy\" decoding=\"async\" class=\"aligncenter wp-image-14633 size-thumbnail\" src=\"http:\/\/urbanpromo.it\/content\/uploads\/sites\/14\/2019\/06\/Marketing-urbano-e-territoriale-150x150.jpg\" alt=\"\" width=\"150\" height=\"150\" srcset=\"https:\/\/urbanpromo.it\/content\/uploads\/sites\/14\/2019\/06\/Marketing-urbano-e-territoriale-150x150.jpg 150w, https:\/\/urbanpromo.it\/content\/uploads\/sites\/14\/2019\/06\/Marketing-urbano-e-territoriale-300x300.jpg 300w, https:\/\/urbanpromo.it\/content\/uploads\/sites\/14\/2019\/06\/Marketing-urbano-e-territoriale-768x768.jpg 768w, https:\/\/urbanpromo.it\/content\/uploads\/sites\/14\/2019\/06\/Marketing-urbano-e-territoriale-250x250.jpg 250w, https:\/\/urbanpromo.it\/content\/uploads\/sites\/14\/2019\/06\/Marketing-urbano-e-territoriale-460x460.jpg 460w, https:\/\/urbanpromo.it\/content\/uploads\/sites\/14\/2019\/06\/Marketing-urbano-e-territoriale.jpg 886w\" sizes=\"auto, (max-width: 150px) 100vw, 150px\" \/><img loading=\"lazy\" decoding=\"async\" class=\"aligncenter wp-image-14643 size-thumbnail\" src=\"http:\/\/urbanpromo.it\/content\/uploads\/sites\/14\/2019\/06\/Impact-investing_r-150x150.jpg\" alt=\"\" width=\"150\" height=\"150\" srcset=\"https:\/\/urbanpromo.it\/content\/uploads\/sites\/14\/2019\/06\/Impact-investing_r-150x150.jpg 150w, https:\/\/urbanpromo.it\/content\/uploads\/sites\/14\/2019\/06\/Impact-investing_r-300x300.jpg 300w, https:\/\/urbanpromo.it\/content\/uploads\/sites\/14\/2019\/06\/Impact-investing_r-768x768.jpg 768w, https:\/\/urbanpromo.it\/content\/uploads\/sites\/14\/2019\/06\/Impact-investing_r-250x250.jpg 250w, https:\/\/urbanpromo.it\/content\/uploads\/sites\/14\/2019\/06\/Impact-investing_r-460x460.jpg 460w, https:\/\/urbanpromo.it\/content\/uploads\/sites\/14\/2019\/06\/Impact-investing_r.jpg 886w\" sizes=\"auto, (max-width: 150px) 100vw, 150px\" \/><img loading=\"lazy\" decoding=\"async\" class=\"aligncenter wp-image-14640 size-thumbnail\" src=\"http:\/\/urbanpromo.it\/content\/uploads\/sites\/14\/2019\/06\/Energia-sostenibile_r-150x150.jpg\" alt=\"\" width=\"150\" height=\"150\" srcset=\"https:\/\/urbanpromo.it\/content\/uploads\/sites\/14\/2019\/06\/Energia-sostenibile_r-150x150.jpg 150w, https:\/\/urbanpromo.it\/content\/uploads\/sites\/14\/2019\/06\/Energia-sostenibile_r-300x300.jpg 300w, https:\/\/urbanpromo.it\/content\/uploads\/sites\/14\/2019\/06\/Energia-sostenibile_r-768x768.jpg 768w, https:\/\/urbanpromo.it\/content\/uploads\/sites\/14\/2019\/06\/Energia-sostenibile_r-250x250.jpg 250w, https:\/\/urbanpromo.it\/content\/uploads\/sites\/14\/2019\/06\/Energia-sostenibile_r-460x460.jpg 460w, https:\/\/urbanpromo.it\/content\/uploads\/sites\/14\/2019\/06\/Energia-sostenibile_r.jpg 886w\" sizes=\"auto, (max-width: 150px) 100vw, 150px\" \/><img loading=\"lazy\" decoding=\"async\" class=\"aligncenter wp-image-14639 size-thumbnail\" src=\"http:\/\/urbanpromo.it\/content\/uploads\/sites\/14\/2019\/06\/Citt\u00e0-accoglienti-sicure-e-sostenibili_r-150x150.jpg\" alt=\"\" width=\"150\" height=\"150\" srcset=\"https:\/\/urbanpromo.it\/content\/uploads\/sites\/14\/2019\/06\/Citt\u00e0-accoglienti-sicure-e-sostenibili_r-150x150.jpg 150w, https:\/\/urbanpromo.it\/content\/uploads\/sites\/14\/2019\/06\/Citt\u00e0-accoglienti-sicure-e-sostenibili_r-300x300.jpg 300w, https:\/\/urbanpromo.it\/content\/uploads\/sites\/14\/2019\/06\/Citt\u00e0-accoglienti-sicure-e-sostenibili_r-768x768.jpg 768w, https:\/\/urbanpromo.it\/content\/uploads\/sites\/14\/2019\/06\/Citt\u00e0-accoglienti-sicure-e-sostenibili_r-250x250.jpg 250w, https:\/\/urbanpromo.it\/content\/uploads\/sites\/14\/2019\/06\/Citt\u00e0-accoglienti-sicure-e-sostenibili_r-460x460.jpg 460w, https:\/\/urbanpromo.it\/content\/uploads\/sites\/14\/2019\/06\/Citt\u00e0-accoglienti-sicure-e-sostenibili_r.jpg 886w\" sizes=\"auto, (max-width: 150px) 100vw, 150px\" \/><img loading=\"lazy\" decoding=\"async\" class=\"aligncenter wp-image-14636 size-thumbnail\" src=\"http:\/\/urbanpromo.it\/content\/uploads\/sites\/14\/2019\/06\/Smart-communities-per-smart-cities_r-150x150.jpg\" alt=\"\" width=\"150\" height=\"150\" srcset=\"https:\/\/urbanpromo.it\/content\/uploads\/sites\/14\/2019\/06\/Smart-communities-per-smart-cities_r-150x150.jpg 150w, https:\/\/urbanpromo.it\/content\/uploads\/sites\/14\/2019\/06\/Smart-communities-per-smart-cities_r-300x300.jpg 300w, https:\/\/urbanpromo.it\/content\/uploads\/sites\/14\/2019\/06\/Smart-communities-per-smart-cities_r-768x768.jpg 768w, https:\/\/urbanpromo.it\/content\/uploads\/sites\/14\/2019\/06\/Smart-communities-per-smart-cities_r-250x250.jpg 250w, https:\/\/urbanpromo.it\/content\/uploads\/sites\/14\/2019\/06\/Smart-communities-per-smart-cities_r-460x460.jpg 460w, https:\/\/urbanpromo.it\/content\/uploads\/sites\/14\/2019\/06\/Smart-communities-per-smart-cities_r.jpg 886w\" sizes=\"auto, (max-width: 150px) 100vw, 150px\" \/><img loading=\"lazy\" decoding=\"async\" class=\"aligncenter wp-image-14646 size-thumbnail\" src=\"http:\/\/urbanpromo.it\/content\/uploads\/sites\/14\/2019\/06\/Valorizzazione-del-patrimonio-sociale-150x150.jpg\" alt=\"\" width=\"150\" height=\"150\" srcset=\"https:\/\/urbanpromo.it\/content\/uploads\/sites\/14\/2019\/06\/Valorizzazione-del-patrimonio-sociale-150x150.jpg 150w, https:\/\/urbanpromo.it\/content\/uploads\/sites\/14\/2019\/06\/Valorizzazione-del-patrimonio-sociale-300x300.jpg 300w, https:\/\/urbanpromo.it\/content\/uploads\/sites\/14\/2019\/06\/Valorizzazione-del-patrimonio-sociale-768x768.jpg 768w, https:\/\/urbanpromo.it\/content\/uploads\/sites\/14\/2019\/06\/Valorizzazione-del-patrimonio-sociale-250x250.jpg 250w, https:\/\/urbanpromo.it\/content\/uploads\/sites\/14\/2019\/06\/Valorizzazione-del-patrimonio-sociale-460x460.jpg 460w, https:\/\/urbanpromo.it\/content\/uploads\/sites\/14\/2019\/06\/Valorizzazione-del-patrimonio-sociale.jpg 886w\" sizes=\"auto, (max-width: 150px) 100vw, 150px\" \/><img loading=\"lazy\" decoding=\"async\" class=\"aligncenter wp-image-14634 size-thumbnail\" src=\"http:\/\/urbanpromo.it\/content\/uploads\/sites\/14\/2019\/06\/Politiche-comunitarie_r-150x150.jpg\" alt=\"\" width=\"150\" height=\"150\" srcset=\"https:\/\/urbanpromo.it\/content\/uploads\/sites\/14\/2019\/06\/Politiche-comunitarie_r-150x150.jpg 150w, https:\/\/urbanpromo.it\/content\/uploads\/sites\/14\/2019\/06\/Politiche-comunitarie_r-300x300.jpg 300w, https:\/\/urbanpromo.it\/content\/uploads\/sites\/14\/2019\/06\/Politiche-comunitarie_r-768x768.jpg 768w, https:\/\/urbanpromo.it\/content\/uploads\/sites\/14\/2019\/06\/Politiche-comunitarie_r-250x250.jpg 250w, https:\/\/urbanpromo.it\/content\/uploads\/sites\/14\/2019\/06\/Politiche-comunitarie_r-460x460.jpg 460w, https:\/\/urbanpromo.it\/content\/uploads\/sites\/14\/2019\/06\/Politiche-comunitarie_r.jpg 886w\" sizes=\"auto, (max-width: 150px) 100vw, 150px\" \/><\/h3>\n<hr \/>\n<h3><strong><strong style=\"text-align: left\">PAESAGGIO, AMBIENTE E TERRITORIO<\/strong><\/strong><\/h3>\n<p>Il filone \u201cpaesaggio, ambiente, territorio\u201d consta anche di temi emergenti, posti all\u2019attenzione delle amministrazioni e degli operatori a partire da prime significative esperienze.<br \/>\nIl cambiamento climatico ha riversato nuovi imperativi sulla pianificazione urbanistica e sulla progettazione edilizia. L\u2019alternarsi di lunghi periodi di siccit\u00e0 a piogge brevi e intense ha portato in primo piano la questione della invarianza idraulica, che alcune Regioni e Comuni hanno cominciato ad affrontare mediante l\u2019emanazione di norme che introducono forti stimoli all\u2019innovazione nella progettazione. Di qui, l\u2019opportunit\u00e0 di cogliere le iniziative pi\u00f9 interessati allo scopo di indurre comportamenti emulativi.<\/p>\n<p>L\u2019attivit\u00e0 delle Regioni e dei Comuni in ambito normativo sta trovando un interessante terreno di innovazione nel campo dei Regolamenti edilizi. Dopo avere disciplinato la qualit\u00e0 dell\u2019edificazione delle citt\u00e0 italiane con norme basate soprattutto su rapporti dimensionali, essere poi stati oggetto della innovazione prestazionale e, pi\u00f9 recentemente, di una importante opera di unificazione nazionale, i regolamenti edilizi stanno vivendo una fase di grande innovazione per effetto dell\u2019affermarsi del principio della sostenibilit\u00e0 e quindi dell\u2019impiego di nuovi materiali e tecnologie.<\/p>\n<p>Gli interventi di rigenerazione di parti di citt\u00e0 degradate, che oggi sono al centro degli interessi delle Amministrazioni e oggetto delle principali iniziative imprenditoriali, hanno la loro origine nelle attivit\u00e0 di bonifica e di demolizione.<br \/>\nBonifiche e demolizioni sono esiti importanti in s\u00e9, a prescindere dalla destinazione finale dei terreni, perch\u00e9 rendono la citt\u00e0 pi\u00f9 sana, rimettono in gioco aree esauste, aprono a nuove progettualit\u00e0.<br \/>\nPer quanto riguarda le bonifiche, in parecchi contesti operativi i tempi ed i costi determinati dal quadro normativo vigente sono ritenuti eccessivi e tali da confliggere con il perseguimento del primario obiettivo del risanamento ambientale. Per quanto poi concerne le demolizioni, rilevanti sono gli avanzamenti tecnici raggiunti nel campo della differenziazione e del riciclo, ma non \u00e8 sempre possibile assorbire i costi delle demolizioni in nuovi interventi di edificazione.<br \/>\nMerita quindi fare il punto sulle criticit\u00e0 esistenti in attivit\u00e0 che sono alla base dei processi di rigenerazione urbana cos\u00ec come sulle modalit\u00e0 ideate per rimuoverle, almeno parzialmente.<\/p>\n<p>&nbsp;<\/p>\n<hr \/>\n<h3><strong><strong style=\"text-align: left\">CITT<\/strong><\/strong><strong><strong style=\"text-align: left\">\u00c0 <\/strong><\/strong><strong><strong style=\"text-align: left\">CONTEMPORANEA<\/strong><\/strong><\/h3>\n<p>Il filone \u201ccitt\u00e0 contemporanea\u201d aggrega una ampia gamma di situazioni urbanistiche, ciascuna delle quali merita, per le proprie specificit\u00e0, un approfondito esame.<\/p>\n<p>La stessa sede di Urbanpromo 2019 &#8211; la Nuvola Lavazza a Torino &#8211; \u00e8 una caso emblematico della rigenerazione di una parte degradata della citt\u00e0 grazie all\u2019impiego di risorse imprenditoriali e finanziarie private, d\u2019intesa con l\u2019Amministrazione della Citt\u00e0. La rigenerazione urbanistica, sociale ed economica di parti di citt\u00e0 degradate attraverso forme partenariali pubblico-private \u00e8 un tema centrale della manifestazione, che mira alla valorizzazione e diffusione delle realizzazioni meglio riuscite e dei progetti pi\u00f9 stimolanti, per promuovere, con l\u2019esempio, l\u2019avvio dei processi di riqualificazione.<\/p>\n<p>Una particolare situazione \u00e8 quella che accomuna, sotto lo specifico profilo proprietario, i beni immobili pubblici, in realt\u00e0 un universo molto differenziato sotto tanti altri aspetti. Il \u201cpiano di cessione di immobili pubblici\u201d, che il Governo sta definendo, interagisce con numerosi altri strumenti di valorizzazione e di alienazione oggi utilizzabili. La sorte degli immobili pubblici si relaziona alla evoluzione del contesto urbanistico in cui sono inseriti, alle aspettative delle comunit\u00e0 locali, alla possibilit\u00e0 di attrarre investimenti privati, alle traiettorie di sviluppo economico delle citt\u00e0. I programmi e le iniziative in corso, con particolare riguardo per le buone pratiche, meritano un adeguato approfondimento.<\/p>\n<p>Un\u2019altra particolare situazione \u00e8 quella delle citt\u00e0 portuali, coinvolte nella riforma che ha condotto alla istituzione delle Autorit\u00e0 di sistema portuale ed aperto a processi innovativi di pianificazione portuale che coinvolgono estese aree urbane andando oltre al fondamentale demanio marittimo e prescindendo dai confini amministrativi dei Comuni. Le Autorit\u00e0 di sistema portuale &#8211; che hanno gi\u00e0 avuto qualificate occasioni di confronto collegiale nelle precedenti edizioni di Urbanpromo &#8211; oggi sono sollecitate ad allestire strategie di sviluppo sostenibile che coinvolgono le citt\u00e0 e le loro risorse.<\/p>\n<p>Ancora in merito alla rigenerazione urbana, una particolare ed importante angolazione \u00e8 quella che privilegia la funzione delle imprese operanti nel commercio, nel turismo, nei servizi e nei trasporti, la cui vitalit\u00e0 \u00e8 un ingrediente essenziale della vita delle citt\u00e0. La individuazione e la valorizzazione delle pi\u00f9 interessanti sperimentazioni in corso nel paese &#8211; dai laboratori progettuali alla creazione di nuovi mercati fino alla riconversione di aree abbandonate &#8211; \u00e8 una componente essenziale della manifestazione.<\/p>\n<p>Il ruolo della cultura nella promozione dei processi di riqualificazione urbana ha pi\u00f9 declinazioni: il protagonismo dei musei e delle istituzioni culturali, le risorse storico-architettoniche e paesaggistiche delle citt\u00e0, i marchi e le reti di promozione sull\u2019esempio delle Citt\u00e0 Creative Unesco, gli strumenti attivatori quali i piani integrati della cultura per la valorizzazione dei beni e delle attivit\u00e0 culturali, l\u2019innovazione e la crescita sociale. Talvolta la forza attrattiva dei beni culturali \u00e8 tale da produrre effetti indesiderati sulla popolazione residente. Di qui l\u2019opportunit\u00e0 di indagare i processi, gli eventi, i protagonismi.<\/p>\n<p>Della \u201ccitt\u00e0 contemporanea\u201d occorre anche saper cogliere le criticit\u00e0 che interessano i tessuti sociali e, a partire da questi, anche quelli economici ed urbanistici. Ci\u00f2 allo scopo di trovare appropriate politiche e strategie di rimedio in termini di crescita culturale, inclusione sociale, integrazione spazio-funzionale, offerta di servizi, efficienza e risparmio nell\u2019uso delle risorse, sicurezza, rimozione del degrado urbanistico. Il convegno scientifico \u201cLa citt\u00e0 contemporanea: un gigante dai piedi di argilla. Le nuove fragilit\u00e0 urbane e i compiti dell\u2019urbanistica\u201d, promosso da INU \/ URBIT insieme con le riviste Urbanistica e Planum, sollecita la comunit\u00e0 scientifica a produrre analisi, interpretazioni, proposte, esperienze.<\/p>\n<p>\u201cUrban-promogiovani\u201d, che mira ad indirizzare i percorsi formativi dei futuri progettisti verso la riqualificazione urbana ed a diffondere i migliori lavori eseguiti dagli studenti nei laboratori didattici delle universit\u00e0 nell\u2019ambito di un confronto internazionale, \u00e8 un appuntamento fisso della manifestazione gi\u00e0 da dieci anni.<\/p>\n<p>&nbsp;<\/p>\n<hr \/>\n<h3><strong><strong style=\"text-align: left\">CITT\u00c0 E SOCIET<\/strong><\/strong><strong><strong style=\"text-align: left\">\u00c0<\/strong><\/strong><\/h3>\n<p>Il filone \u201ccitt\u00e0 e societ\u00e0\u201d si identifica soprattutto nelle iniziative programmate nella cornice di \u201cUrbanpromo Social Housing\u201d.<\/p>\n<p>\u201cUrbanpromo Social Housing\u201d \u00e8 l\u2019unica sede esistente in Italia in cui annualmente tutti i soggetti operanti nel campo delle politiche abitative si incontrano per fare il punto sui programmi in corso e riflettere sulle prospettive del settore. Anno dopo anno, l\u2019autorevolezza e rappresentativit\u00e0 dei relatori, il contenuto innovativo delle idee, la qualit\u00e0 dei progetti esibiti, l\u2019apertura al confronto le esperienze di altri Paesi europei, hanno alimentato la crescita della manifestazione, il cui prestigio \u00e8 indiscusso.<br \/>\nNegli ultimi anni \u00e8 risultato evidente il connubio tra social housing e rigenerazione urbana. Si \u00e8 ritenuto quindi appropriato valorizzare le interdipendenze anche nel programma culturale di Urbanpromo, pur mantenendo le specificit\u00e0 identitarie del social housing.<br \/>\nAll\u2019interno di \u201cUrbanpromo Progetti per il Paese\u201d l\u2019identit\u00e0 di \u201cUrbanpromo Social Housing\u201d emerge dalla specificit\u00e0 dei tre temi affrontati in questa edizione.<\/p>\n<p>Un primo tema \u00e8 quello dell\u2019 \u201caccesso alle risorse comunitarie\u201d. I programmi comunitari di sostegno finanziario agli interventi di social housing pongono questa particolare destinazione all\u2019interno della grande cornice delle infrastrutture sociali, che comprendono anche i servizi scolastici, sanitari, assistenziali e altri ancora. L\u2019accesso alle risorse comunitarie solleva questioni di rilevante importanza, fra le quali la identificazione ed appropriata interpretazione delle fonti di finanziamento ha solo carattere preliminare. Le esperienze europee dimostrano come siano richieste visione strategica, capacit\u00e0 di stabilire partenariati, capacit\u00e0 di gestire con successo le risorse acquisite.<\/p>\n<p>La \u201cvalorizzazione del patrimonio sociale\u201d, in relazione a tali programmi ma anche pi\u00f9 in generale a tutti i programmi di investimento, pone al centro della propria attenzione le persone, e quindi le modalit\u00e0 e gli strumenti con cui, nelle esperienze pi\u00f9 avanzate, si sta cercando di realizzare un welfare di comunit\u00e0, e quindi come, con tale prospettiva, si stanno affrontando i fenomeni di invecchiamento, immigrazione, impoverimento, spopolamento.<\/p>\n<p>In terzo luogo l\u2019evento intende entrare nel merito degli sviluppi che sta registrando nel social housing l\u2019approccio dell\u2019 \u201cimpact investing\u201d, in forte crescita in ambito mondiale per effetto dell\u2019affermarsi della logica EGS (environment, society &amp; governance) nell\u2019allocazione dei propri portafogli operata dai grandi investitori, non solo quelli nonprofit ma anche quelli profit. L\u2019esplorazione riguarda la grande variet\u00e0 dei soggetti che agiscono misurando l\u2019impatto sociale dei loro investimenti ed i modelli social housing verso cui essi indirizzano l\u2019impegno delle risorse.<\/p>\n<p>Nel filone \u201ccitt\u00e0 e societ\u00e0\u201d si colloca anche il tema delle \u201cCitt\u00e0 accessibili a tutti\u201d, sviluppato negli ultimi anni da INU \/ URBIT sia sotto il profilo concettuale che quello organizzativo. L\u2019accessibilit\u00e0 non riguarda solo il superamento delle barriere architettoniche, ma anche di quelle percettive, sensoriali, cognitive, sociali, culturale ed economiche. Questa impostazione \u00e8 stata condivisa con le principali espressioni associative, con i gruppi di ricerca universitari attivi sul tema, con le Regioni ed i Comuni pi\u00f9 impegnati. Il miglioramento delle condizioni di vita delle persone con disabilit\u00e0 \u00e8 l\u2019obiettivo di questo specifico campo di ricerca e di proposta.<\/p>\n<p>&nbsp;<\/p>\n<hr \/>\n<p>&nbsp;<\/p>\n","protected":false},"excerpt":{"rendered":"<p>La XVI edizione di Urbanpromo Progetti per il Paese affronta una gamma di temi molto articolata, aggregabili in tre grandi filoni tematici: paesaggio, ambiente e territorio; citt\u00e0 contemporanea; citt\u00e0 e societ\u00e0; As usual, each theme is treated in conferences in which the best practices are illustrated by their protagonists within scientific, cultural or juridical frames &#8230;<\/p>\n","protected":false},"author":2,"featured_media":0,"parent":3888,"menu_order":0,"comment_status":"closed","ping_status":"closed","template":"page-templates\/template-page-full.php","meta":{"_acf_changed":false,"footnotes":""},"class_list":["post-3896","page","type-page","status-publish","hentry"],"acf":[],"_links":{"self":[{"href":"https:\/\/urbanpromo.it\/2019\/wp-json\/wp\/v2\/pages\/3896","targetHints":{"allow":["GET"]}}],"collection":[{"href":"https:\/\/urbanpromo.it\/2019\/wp-json\/wp\/v2\/pages"}],"about":[{"href":"https:\/\/urbanpromo.it\/2019\/wp-json\/wp\/v2\/types\/page"}],"author":[{"embeddable":true,"href":"https:\/\/urbanpromo.it\/2019\/wp-json\/wp\/v2\/users\/2"}],"replies":[{"embeddable":true,"href":"https:\/\/urbanpromo.it\/2019\/wp-json\/wp\/v2\/comments?post=3896"}],"version-history":[{"count":0,"href":"https:\/\/urbanpromo.it\/2019\/wp-json\/wp\/v2\/pages\/3896\/revisions"}],"up":[{"embeddable":true,"href":"https:\/\/urbanpromo.it\/2019\/wp-json\/wp\/v2\/pages\/3888"}],"wp:attachment":[{"href":"https:\/\/urbanpromo.it\/2019\/wp-json\/wp\/v2\/media?parent=3896"}],"curies":[{"name":"wp","href":"https:\/\/api.w.org\/{rel}","templated":true}]}}