{"id":7751,"date":"2017-07-10T18:06:30","date_gmt":"2017-07-10T16:06:30","guid":{"rendered":"http:\/\/urbanpromo.it\/2018\/?page_id=7751"},"modified":"2019-09-27T12:39:46","modified_gmt":"2019-09-27T10:39:46","slug":"partecipare","status":"publish","type":"page","link":"https:\/\/urbanpromo.it\/2019\/urbanpromo-green\/partecipare\/","title":{"rendered":"Partecipare"},"content":{"rendered":"<p><strong>Luglio 2019 &#8211; Comunicazione<\/strong><\/p>\n<p>\u00c8 possibile iscriversi a Urbanpromo Green compilando i moduli presenti in questa pagina.<br \/>\nLa registrazione \u00e8 gratuita, il pass \u00e8 valido per tutta la durata dell&#8217;evento.<\/p>\n<hr \/>\n<h4><b>REGISTRAZIONE PARTECIPANTI<\/b><\/h4>\n<p>La partecipazione a Urbanpromo Green \u00e8 gratuita, previa registrazione online.<\/p>\n<blockquote>\n<p style=\"text-align: left\"><strong>&gt;&gt;&gt; ISCRIZIONE PARTECIPANTI<\/strong><\/p>\n<\/blockquote>\n<hr \/>\n<h4><strong>ARCHITETTI, INGEGNERI, GEOMETRI (Crediti Formativi Professionali)<\/strong><\/h4>\n<p>Le iniziative in programma sono riconosciute quali eventi formativi da parte dell&#8217;Ordine degli Architetti Pianificatori Paesaggisti e Conservatori di Venezia, dalla Fondazione Ingegneri Veneziani e dal Collegio dei Geometri e Geometri Laureati di Venezia.<\/p>\n<p>Le preiscrizioni sulla piattaforma dei relativi ordini sono chiuse. \u00c8 possibile iscriversi in sede durante i giorni della manifestazione per il riconoscimento dei CFP.<\/p>\n<hr \/>\n<h4><strong>STUDENTI<\/strong><\/h4>\n<p>Tutti gli studenti possono partecipare gratuitamente alle iniziative di Urbanpromo GREEN, \u00e8 sufficiente registrarsi on-line:<\/p>\n<blockquote>\n<p style=\"text-align: left\"><strong>&gt;&gt;&gt; <a href=\"http:\/\/iscrizioni.urbanpromo.it\/public\/index\/step_2\" target=\"_blank\" rel=\"noopener noreferrer\">REGISTRAZIONE STUDENTI<\/a>\u00a0<\/strong><\/p>\n<\/blockquote>\n<hr \/>\n<h4><strong>RELATORI<\/strong><\/h4>\n<p>I relatori sono accreditati d&#8217;ufficio, sar\u00e0 possibile ritirare il badge direttamente all&#8217;ingresso presso la reception.<br \/>\nPer maggiori informazioni contattare la segreteria organizzativa.<\/p>\n<hr \/>\n<p><em>I posti a sedere non sono garantiti. L\u2019ingresso alle aule dove si svolgono i convegni \u00e8 consentito fino al raggiungimento della capienza massima.<\/em><\/p>\n<hr \/>\n<p>&nbsp;<\/p>\n","protected":false},"excerpt":{"rendered":"<p>Luglio 2019 &#8211; Comunicazione \u00c8 possibile iscriversi a Urbanpromo Green compilando i moduli presenti in questa pagina. La registrazione \u00e8 gratuita, il pass \u00e8 valido per tutta la durata dell&#8217;evento. REGISTRAZIONE PARTECIPANTI La partecipazione a Urbanpromo Green \u00e8 gratuita, previa registrazione online. &gt;&gt;&gt; ISCRIZIONE PARTECIPANTI ARCHITETTI, INGEGNERI, GEOMETRI (Crediti Formativi Professionali) Le iniziative in programma &#8230;<\/p>\n","protected":false},"author":1,"featured_media":0,"parent":7746,"menu_order":0,"comment_status":"closed","ping_status":"closed","template":"page-templates\/template-page-full.php","meta":{"_acf_changed":false,"footnotes":""},"class_list":["post-7751","page","type-page","status-publish","hentry"],"acf":[],"yoast_head":"<!-- This site is optimized with the Yoast SEO plugin v27.4 - https:\/\/yoast.com\/product\/yoast-seo-wordpress\/ -->\n<title>Partecipare - Edizione 2019<\/title>\n<meta name=\"robots\" content=\"index, follow, max-snippet:-1, max-image-preview:large, max-video-preview:-1\" \/>\n<link rel=\"canonical\" href=\"https:\/\/urbanpromo.it\/2019\/urbanpromo-green\/partecipare\/\" \/>\n<meta property=\"og:locale\" content=\"it_IT\" \/>\n<meta property=\"og:type\" content=\"article\" \/>\n<meta property=\"og:title\" content=\"Partecipare - Edizione 2019\" \/>\n<meta property=\"og:description\" content=\"Luglio 2019 &#8211; Comunicazione \u00c8 possibile iscriversi a Urbanpromo Green compilando i moduli presenti in questa pagina. La registrazione \u00e8 gratuita, il pass \u00e8 valido per tutta la durata dell&#8217;evento. REGISTRAZIONE PARTECIPANTI La partecipazione a Urbanpromo Green \u00e8 gratuita, previa registrazione online. &gt;&gt;&gt; ISCRIZIONE PARTECIPANTI ARCHITETTI, INGEGNERI, GEOMETRI (Crediti Formativi Professionali) Le iniziative in programma ...\" \/>\n<meta property=\"og:url\" content=\"https:\/\/urbanpromo.it\/2019\/urbanpromo-green\/partecipare\/\" \/>\n<meta property=\"og:site_name\" content=\"Edizione 2019\" \/>\n<meta property=\"article:modified_time\" content=\"2019-09-27T10:39:46+00:00\" \/>\n<meta name=\"twitter:card\" content=\"summary_large_image\" \/>\n<meta name=\"twitter:label1\" content=\"Est. reading time\" \/>\n\t<meta name=\"twitter:data1\" content=\"1 minuto\" \/>\n<script type=\"application\/ld+json\" class=\"yoast-schema-graph\">{\"@context\":\"https:\\\/\\\/schema.org\",\"@graph\":[{\"@type\":\"WebPage\",\"@id\":\"https:\\\/\\\/urbanpromo.it\\\/2019\\\/urbanpromo-green\\\/partecipare\\\/\",\"url\":\"https:\\\/\\\/urbanpromo.it\\\/2019\\\/urbanpromo-green\\\/partecipare\\\/\",\"name\":\"Partecipare - Edizione 2019\",\"isPartOf\":{\"@id\":\"https:\\\/\\\/urbanpromo.it\\\/2019\\\/#website\"},\"datePublished\":\"2017-07-10T16:06:30+00:00\",\"dateModified\":\"2019-09-27T10:39:46+00:00\",\"breadcrumb\":{\"@id\":\"https:\\\/\\\/urbanpromo.it\\\/2019\\\/urbanpromo-green\\\/partecipare\\\/#breadcrumb\"},\"inLanguage\":\"it-IT\",\"potentialAction\":[{\"@type\":\"ReadAction\",\"target\":[\"https:\\\/\\\/urbanpromo.it\\\/2019\\\/urbanpromo-green\\\/partecipare\\\/\"]}]},{\"@type\":\"BreadcrumbList\",\"@id\":\"https:\\\/\\\/urbanpromo.it\\\/2019\\\/urbanpromo-green\\\/partecipare\\\/#breadcrumb\",\"itemListElement\":[{\"@type\":\"ListItem\",\"position\":1,\"name\":\"Home\",\"item\":\"https:\\\/\\\/urbanpromo.it\\\/2019\\\/\"},{\"@type\":\"ListItem\",\"position\":2,\"name\":\"Urbanpromo GREEN\",\"item\":\"https:\\\/\\\/urbanpromo.it\\\/2019\\\/urbanpromo-green\\\/\"},{\"@type\":\"ListItem\",\"position\":3,\"name\":\"Partecipare\"}]},{\"@type\":\"WebSite\",\"@id\":\"https:\\\/\\\/urbanpromo.it\\\/2019\\\/#website\",\"url\":\"https:\\\/\\\/urbanpromo.it\\\/2019\\\/\",\"name\":\"Edizione 2019\",\"description\":\"Urbanpromo - XVI Edizione\",\"potentialAction\":[{\"@type\":\"SearchAction\",\"target\":{\"@type\":\"EntryPoint\",\"urlTemplate\":\"https:\\\/\\\/urbanpromo.it\\\/2019\\\/?s={search_term_string}\"},\"query-input\":{\"@type\":\"PropertyValueSpecification\",\"valueRequired\":true,\"valueName\":\"search_term_string\"}}],\"inLanguage\":\"it-IT\"}]}<\/script>\n<!-- \/ Yoast SEO plugin. -->","yoast_head_json":{"title":"Partecipare - Edizione 2019","robots":{"index":"index","follow":"follow","max-snippet":"max-snippet:-1","max-image-preview":"max-image-preview:large","max-video-preview":"max-video-preview:-1"},"canonical":"https:\/\/urbanpromo.it\/2019\/urbanpromo-green\/partecipare\/","og_locale":"it_IT","og_type":"article","og_title":"Partecipare - Edizione 2019","og_description":"Luglio 2019 &#8211; Comunicazione \u00c8 possibile iscriversi a Urbanpromo Green compilando i moduli presenti in questa pagina. La registrazione \u00e8 gratuita, il pass \u00e8 valido per tutta la durata dell&#8217;evento. REGISTRAZIONE PARTECIPANTI La partecipazione a Urbanpromo Green \u00e8 gratuita, previa registrazione online. &gt;&gt;&gt; ISCRIZIONE PARTECIPANTI ARCHITETTI, INGEGNERI, GEOMETRI (Crediti Formativi Professionali) Le iniziative in programma ...","og_url":"https:\/\/urbanpromo.it\/2019\/urbanpromo-green\/partecipare\/","og_site_name":"Edizione 2019","article_modified_time":"2019-09-27T10:39:46+00:00","twitter_card":"summary_large_image","twitter_misc":{"Est. reading time":"1 minuto"},"schema":{"@context":"https:\/\/schema.org","@graph":[{"@type":"WebPage","@id":"https:\/\/urbanpromo.it\/2019\/urbanpromo-green\/partecipare\/","url":"https:\/\/urbanpromo.it\/2019\/urbanpromo-green\/partecipare\/","name":"Partecipare - Edizione 2019","isPartOf":{"@id":"https:\/\/urbanpromo.it\/2019\/#website"},"datePublished":"2017-07-10T16:06:30+00:00","dateModified":"2019-09-27T10:39:46+00:00","breadcrumb":{"@id":"https:\/\/urbanpromo.it\/2019\/urbanpromo-green\/partecipare\/#breadcrumb"},"inLanguage":"it-IT","potentialAction":[{"@type":"ReadAction","target":["https:\/\/urbanpromo.it\/2019\/urbanpromo-green\/partecipare\/"]}]},{"@type":"BreadcrumbList","@id":"https:\/\/urbanpromo.it\/2019\/urbanpromo-green\/partecipare\/#breadcrumb","itemListElement":[{"@type":"ListItem","position":1,"name":"Home","item":"https:\/\/urbanpromo.it\/2019\/"},{"@type":"ListItem","position":2,"name":"Urbanpromo GREEN","item":"https:\/\/urbanpromo.it\/2019\/urbanpromo-green\/"},{"@type":"ListItem","position":3,"name":"Partecipare"}]},{"@type":"WebSite","@id":"https:\/\/urbanpromo.it\/2019\/#website","url":"https:\/\/urbanpromo.it\/2019\/","name":"Edizione 2019","description":"Urbanpromo - XVI Edizione","potentialAction":[{"@type":"SearchAction","target":{"@type":"EntryPoint","urlTemplate":"https:\/\/urbanpromo.it\/2019\/?s={search_term_string}"},"query-input":{"@type":"PropertyValueSpecification","valueRequired":true,"valueName":"search_term_string"}}],"inLanguage":"it-IT"}]}},"_links":{"self":[{"href":"https:\/\/urbanpromo.it\/2019\/wp-json\/wp\/v2\/pages\/7751","targetHints":{"allow":["GET"]}}],"collection":[{"href":"https:\/\/urbanpromo.it\/2019\/wp-json\/wp\/v2\/pages"}],"about":[{"href":"https:\/\/urbanpromo.it\/2019\/wp-json\/wp\/v2\/types\/page"}],"author":[{"embeddable":true,"href":"https:\/\/urbanpromo.it\/2019\/wp-json\/wp\/v2\/users\/1"}],"replies":[{"embeddable":true,"href":"https:\/\/urbanpromo.it\/2019\/wp-json\/wp\/v2\/comments?post=7751"}],"version-history":[{"count":0,"href":"https:\/\/urbanpromo.it\/2019\/wp-json\/wp\/v2\/pages\/7751\/revisions"}],"up":[{"embeddable":true,"href":"https:\/\/urbanpromo.it\/2019\/wp-json\/wp\/v2\/pages\/7746"}],"wp:attachment":[{"href":"https:\/\/urbanpromo.it\/2019\/wp-json\/wp\/v2\/media?parent=7751"}],"curies":[{"name":"wp","href":"https:\/\/api.w.org\/{rel}","templated":true}]}}