{"id":8014,"date":"2017-07-21T09:22:41","date_gmt":"2017-07-21T07:22:41","guid":{"rendered":"http:\/\/urbanpromo.it\/2018\/?page_id=8014"},"modified":"2019-06-27T17:58:50","modified_gmt":"2019-06-27T15:58:50","slug":"location","status":"publish","type":"page","link":"https:\/\/urbanpromo.it\/2019\/urbanpromo-green\/location\/","title":{"rendered":"Location"},"content":{"rendered":"<p><strong>Palazzo Badoer<\/strong> \u00e8 sede della <strong>Scuola di Dottorato dell&#8217;Universit\u00e0 Iuav di Venezia<\/strong>.<\/p>\n<p>Dalla Stazione ferroviaria di S. Lucia e da Piazzale Roma \u00e8 comodamente raggiungibile a piedi.<\/p>\n<p>L&#8217;aula principale del Palazzo \u00e8 dedicata all&#8217;illustre studioso di Storia dell&#8217;Architettura Manfredo Tauri, che ha contribuito a conferire prestigio alla Scuola di Architettura di Venezia.<\/p>\n<p>Numerosi seminari, convegni e workshop, organizzati da INU e URBIT, dall&#8217;universit\u00e0 Iuav di Venezia e da altre Istituzioni, aziende e associazioni legate allo sviluppo urbano sostenibile si tengono presso Palazzo Badoer.<\/p>\n<p>&nbsp;<\/p>\n","protected":false},"excerpt":{"rendered":"<p>Palazzo Badoer \u00e8 sede della Scuola di Dottorato dell&#8217;Universit\u00e0 Iuav di Venezia. Dalla Stazione ferroviaria di S. Lucia e da Piazzale Roma \u00e8 comodamente raggiungibile a piedi. L&#8217;aula principale del Palazzo \u00e8 dedicata all&#8217;illustre studioso di Storia dell&#8217;Architettura Manfredo Tauri, che ha contribuito a conferire prestigio alla Scuola di Architettura di Venezia. Numerosi seminari, convegni &#8230;<\/p>\n","protected":false},"author":2,"featured_media":0,"parent":7746,"menu_order":0,"comment_status":"closed","ping_status":"closed","template":"page-templates\/template-page-full.php","meta":{"_acf_changed":false,"footnotes":""},"class_list":["post-8014","page","type-page","status-publish","hentry"],"acf":[],"yoast_head":"<!-- This site is optimized with the Yoast SEO plugin v27.4 - https:\/\/yoast.com\/product\/yoast-seo-wordpress\/ -->\n<title>Location - Edizione 2019<\/title>\n<meta name=\"robots\" content=\"index, follow, max-snippet:-1, max-image-preview:large, max-video-preview:-1\" \/>\n<link rel=\"canonical\" href=\"https:\/\/urbanpromo.it\/2019\/urbanpromo-green\/location\/\" \/>\n<meta property=\"og:locale\" content=\"it_IT\" \/>\n<meta property=\"og:type\" content=\"article\" \/>\n<meta property=\"og:title\" content=\"Location - Edizione 2019\" \/>\n<meta property=\"og:description\" content=\"Palazzo Badoer \u00e8 sede della Scuola di Dottorato dell&#8217;Universit\u00e0 Iuav di Venezia. Dalla Stazione ferroviaria di S. Lucia e da Piazzale Roma \u00e8 comodamente raggiungibile a piedi. L&#8217;aula principale del Palazzo \u00e8 dedicata all&#8217;illustre studioso di Storia dell&#8217;Architettura Manfredo Tauri, che ha contribuito a conferire prestigio alla Scuola di Architettura di Venezia. Numerosi seminari, convegni ...\" \/>\n<meta property=\"og:url\" content=\"https:\/\/urbanpromo.it\/2019\/urbanpromo-green\/location\/\" \/>\n<meta property=\"og:site_name\" content=\"Edizione 2019\" \/>\n<meta property=\"article:modified_time\" content=\"2019-06-27T15:58:50+00:00\" \/>\n<meta name=\"twitter:card\" content=\"summary_large_image\" \/>\n<script type=\"application\/ld+json\" class=\"yoast-schema-graph\">{\"@context\":\"https:\\\/\\\/schema.org\",\"@graph\":[{\"@type\":\"WebPage\",\"@id\":\"https:\\\/\\\/urbanpromo.it\\\/2019\\\/urbanpromo-green\\\/location\\\/\",\"url\":\"https:\\\/\\\/urbanpromo.it\\\/2019\\\/urbanpromo-green\\\/location\\\/\",\"name\":\"Location - Edizione 2019\",\"isPartOf\":{\"@id\":\"https:\\\/\\\/urbanpromo.it\\\/2019\\\/#website\"},\"datePublished\":\"2017-07-21T07:22:41+00:00\",\"dateModified\":\"2019-06-27T15:58:50+00:00\",\"breadcrumb\":{\"@id\":\"https:\\\/\\\/urbanpromo.it\\\/2019\\\/urbanpromo-green\\\/location\\\/#breadcrumb\"},\"inLanguage\":\"it-IT\",\"potentialAction\":[{\"@type\":\"ReadAction\",\"target\":[\"https:\\\/\\\/urbanpromo.it\\\/2019\\\/urbanpromo-green\\\/location\\\/\"]}]},{\"@type\":\"BreadcrumbList\",\"@id\":\"https:\\\/\\\/urbanpromo.it\\\/2019\\\/urbanpromo-green\\\/location\\\/#breadcrumb\",\"itemListElement\":[{\"@type\":\"ListItem\",\"position\":1,\"name\":\"Home\",\"item\":\"https:\\\/\\\/urbanpromo.it\\\/2019\\\/\"},{\"@type\":\"ListItem\",\"position\":2,\"name\":\"Urbanpromo GREEN\",\"item\":\"https:\\\/\\\/urbanpromo.it\\\/2019\\\/urbanpromo-green\\\/\"},{\"@type\":\"ListItem\",\"position\":3,\"name\":\"Location\"}]},{\"@type\":\"WebSite\",\"@id\":\"https:\\\/\\\/urbanpromo.it\\\/2019\\\/#website\",\"url\":\"https:\\\/\\\/urbanpromo.it\\\/2019\\\/\",\"name\":\"Edizione 2019\",\"description\":\"Urbanpromo - XVI Edizione\",\"potentialAction\":[{\"@type\":\"SearchAction\",\"target\":{\"@type\":\"EntryPoint\",\"urlTemplate\":\"https:\\\/\\\/urbanpromo.it\\\/2019\\\/?s={search_term_string}\"},\"query-input\":{\"@type\":\"PropertyValueSpecification\",\"valueRequired\":true,\"valueName\":\"search_term_string\"}}],\"inLanguage\":\"it-IT\"}]}<\/script>\n<!-- \/ Yoast SEO plugin. -->","yoast_head_json":{"title":"Location - Edizione 2019","robots":{"index":"index","follow":"follow","max-snippet":"max-snippet:-1","max-image-preview":"max-image-preview:large","max-video-preview":"max-video-preview:-1"},"canonical":"https:\/\/urbanpromo.it\/2019\/urbanpromo-green\/location\/","og_locale":"it_IT","og_type":"article","og_title":"Location - Edizione 2019","og_description":"Palazzo Badoer \u00e8 sede della Scuola di Dottorato dell&#8217;Universit\u00e0 Iuav di Venezia. Dalla Stazione ferroviaria di S. Lucia e da Piazzale Roma \u00e8 comodamente raggiungibile a piedi. L&#8217;aula principale del Palazzo \u00e8 dedicata all&#8217;illustre studioso di Storia dell&#8217;Architettura Manfredo Tauri, che ha contribuito a conferire prestigio alla Scuola di Architettura di Venezia. Numerosi seminari, convegni ...","og_url":"https:\/\/urbanpromo.it\/2019\/urbanpromo-green\/location\/","og_site_name":"Edizione 2019","article_modified_time":"2019-06-27T15:58:50+00:00","twitter_card":"summary_large_image","schema":{"@context":"https:\/\/schema.org","@graph":[{"@type":"WebPage","@id":"https:\/\/urbanpromo.it\/2019\/urbanpromo-green\/location\/","url":"https:\/\/urbanpromo.it\/2019\/urbanpromo-green\/location\/","name":"Location - Edizione 2019","isPartOf":{"@id":"https:\/\/urbanpromo.it\/2019\/#website"},"datePublished":"2017-07-21T07:22:41+00:00","dateModified":"2019-06-27T15:58:50+00:00","breadcrumb":{"@id":"https:\/\/urbanpromo.it\/2019\/urbanpromo-green\/location\/#breadcrumb"},"inLanguage":"it-IT","potentialAction":[{"@type":"ReadAction","target":["https:\/\/urbanpromo.it\/2019\/urbanpromo-green\/location\/"]}]},{"@type":"BreadcrumbList","@id":"https:\/\/urbanpromo.it\/2019\/urbanpromo-green\/location\/#breadcrumb","itemListElement":[{"@type":"ListItem","position":1,"name":"Home","item":"https:\/\/urbanpromo.it\/2019\/"},{"@type":"ListItem","position":2,"name":"Urbanpromo GREEN","item":"https:\/\/urbanpromo.it\/2019\/urbanpromo-green\/"},{"@type":"ListItem","position":3,"name":"Location"}]},{"@type":"WebSite","@id":"https:\/\/urbanpromo.it\/2019\/#website","url":"https:\/\/urbanpromo.it\/2019\/","name":"Edizione 2019","description":"Urbanpromo - XVI Edizione","potentialAction":[{"@type":"SearchAction","target":{"@type":"EntryPoint","urlTemplate":"https:\/\/urbanpromo.it\/2019\/?s={search_term_string}"},"query-input":{"@type":"PropertyValueSpecification","valueRequired":true,"valueName":"search_term_string"}}],"inLanguage":"it-IT"}]}},"_links":{"self":[{"href":"https:\/\/urbanpromo.it\/2019\/wp-json\/wp\/v2\/pages\/8014","targetHints":{"allow":["GET"]}}],"collection":[{"href":"https:\/\/urbanpromo.it\/2019\/wp-json\/wp\/v2\/pages"}],"about":[{"href":"https:\/\/urbanpromo.it\/2019\/wp-json\/wp\/v2\/types\/page"}],"author":[{"embeddable":true,"href":"https:\/\/urbanpromo.it\/2019\/wp-json\/wp\/v2\/users\/2"}],"replies":[{"embeddable":true,"href":"https:\/\/urbanpromo.it\/2019\/wp-json\/wp\/v2\/comments?post=8014"}],"version-history":[{"count":0,"href":"https:\/\/urbanpromo.it\/2019\/wp-json\/wp\/v2\/pages\/8014\/revisions"}],"up":[{"embeddable":true,"href":"https:\/\/urbanpromo.it\/2019\/wp-json\/wp\/v2\/pages\/7746"}],"wp:attachment":[{"href":"https:\/\/urbanpromo.it\/2019\/wp-json\/wp\/v2\/media?parent=8014"}],"curies":[{"name":"wp","href":"https:\/\/api.w.org\/{rel}","templated":true}]}}