{"id":8249,"date":"2017-07-25T10:47:16","date_gmt":"2017-07-25T08:47:16","guid":{"rendered":"http:\/\/urbanpromo.it\/2018\/?page_id=8249"},"modified":"2019-11-07T11:22:00","modified_gmt":"2019-11-07T10:22:00","slug":"temi-torino","status":"publish","type":"page","link":"https:\/\/urbanpromo.it\/2019\/urbanpromo-social-housing\/temi-torino\/","title":{"rendered":"Temi"},"content":{"rendered":"<p>Negli ultimi anni \u00e8 risultato evidente il connubio tra social housing e rigenerazione urbana. Si \u00e8 ritenuto quindi appropriato valorizzare le interdipendenze anche nel programma culturale di Urbanpromo, pur mantenendo<br \/>\nle specificit\u00e0 identitarie del social housing.<\/p>\n<p>All\u2019interno di Urbanpromo Progetti per il Paese l\u2019identit\u00e0 di <strong>Urbanpromo Social Housing<\/strong>\u00a0emerge dalla specificit\u00e0 dei <strong>tre temi<\/strong> affrontati in questa edizione:<\/p>\n<div class=\"entry-content col-md-11 col-sm-15\">\n<ul>\n<li>accesso alle risorse comunitarie;<\/li>\n<li>valorizzazione del patrimonio sociale;<\/li>\n<li>impact investing.<\/li>\n<\/ul>\n<\/div>\n<p>&nbsp;<\/p>\n<hr \/>\n<h3><img loading=\"lazy\" decoding=\"async\" class=\"aligncenter wp-image-14626 size-thumbnail\" src=\"http:\/\/urbanpromo.it\/content\/uploads\/sites\/14\/2019\/06\/Social-Housing-150x150.jpg\" alt=\"\" width=\"150\" height=\"150\" srcset=\"https:\/\/urbanpromo.it\/content\/uploads\/sites\/14\/2019\/06\/Social-Housing-150x150.jpg 150w, https:\/\/urbanpromo.it\/content\/uploads\/sites\/14\/2019\/06\/Social-Housing-300x300.jpg 300w, https:\/\/urbanpromo.it\/content\/uploads\/sites\/14\/2019\/06\/Social-Housing-768x768.jpg 768w, https:\/\/urbanpromo.it\/content\/uploads\/sites\/14\/2019\/06\/Social-Housing-250x250.jpg 250w, https:\/\/urbanpromo.it\/content\/uploads\/sites\/14\/2019\/06\/Social-Housing-460x460.jpg 460w, https:\/\/urbanpromo.it\/content\/uploads\/sites\/14\/2019\/06\/Social-Housing.jpg 886w\" sizes=\"auto, (max-width: 150px) 100vw, 150px\" \/><img loading=\"lazy\" decoding=\"async\" class=\"aligncenter wp-image-14625 size-thumbnail\" src=\"http:\/\/urbanpromo.it\/content\/uploads\/sites\/14\/2019\/06\/Politiche-comunitarie-150x150.jpg\" alt=\"\" width=\"150\" height=\"150\" srcset=\"https:\/\/urbanpromo.it\/content\/uploads\/sites\/14\/2019\/06\/Politiche-comunitarie-150x150.jpg 150w, https:\/\/urbanpromo.it\/content\/uploads\/sites\/14\/2019\/06\/Politiche-comunitarie-300x300.jpg 300w, https:\/\/urbanpromo.it\/content\/uploads\/sites\/14\/2019\/06\/Politiche-comunitarie-768x768.jpg 768w, https:\/\/urbanpromo.it\/content\/uploads\/sites\/14\/2019\/06\/Politiche-comunitarie-250x250.jpg 250w, https:\/\/urbanpromo.it\/content\/uploads\/sites\/14\/2019\/06\/Politiche-comunitarie-460x460.jpg 460w, https:\/\/urbanpromo.it\/content\/uploads\/sites\/14\/2019\/06\/Politiche-comunitarie.jpg 886w\" sizes=\"auto, (max-width: 150px) 100vw, 150px\" \/><\/h3>\n<h3>ACCESSO ALLE RISORSE COMUNITARIE<\/h3>\n<p>Un primo tema \u00e8 quello dell\u2019 \u201caccesso alle risorse comunitarie\u201d. I programmi comunitari di sostegno finanziario agli interventi di social housing pongono questa particolare destinazione all&#8217;interno della grande cornice delle infrastrutture sociali, che comprendono anche i servizi scolastici, sanitari, assistenziali e altri ancora. L\u2019accesso alle risorse comunitarie solleva questioni di rilevante importanza, fra le quali la identificazione ed appropriata interpretazione delle fonti di finanziamento ha solo carattere preliminare. Le esperienze europee dimostrano come siano richieste visione strategica, capacit\u00e0 di stabilire partenariati, capacit\u00e0 di gestire con successo le risorse acquisite.<\/p>\n<p>&nbsp;<\/p>\n<hr \/>\n<h3><img loading=\"lazy\" decoding=\"async\" class=\"aligncenter wp-image-14626 size-thumbnail\" src=\"http:\/\/urbanpromo.it\/content\/uploads\/sites\/14\/2019\/06\/Social-Housing-150x150.jpg\" alt=\"\" width=\"150\" height=\"150\" srcset=\"https:\/\/urbanpromo.it\/content\/uploads\/sites\/14\/2019\/06\/Social-Housing-150x150.jpg 150w, https:\/\/urbanpromo.it\/content\/uploads\/sites\/14\/2019\/06\/Social-Housing-300x300.jpg 300w, https:\/\/urbanpromo.it\/content\/uploads\/sites\/14\/2019\/06\/Social-Housing-768x768.jpg 768w, https:\/\/urbanpromo.it\/content\/uploads\/sites\/14\/2019\/06\/Social-Housing-250x250.jpg 250w, https:\/\/urbanpromo.it\/content\/uploads\/sites\/14\/2019\/06\/Social-Housing-460x460.jpg 460w, https:\/\/urbanpromo.it\/content\/uploads\/sites\/14\/2019\/06\/Social-Housing.jpg 886w\" sizes=\"auto, (max-width: 150px) 100vw, 150px\" \/><img loading=\"lazy\" decoding=\"async\" class=\"aligncenter wp-image-14649 size-thumbnail\" src=\"http:\/\/urbanpromo.it\/content\/uploads\/sites\/14\/2019\/06\/Valorizzazione-del-patrimonio-sociale-1-150x150.jpg\" alt=\"\" width=\"150\" height=\"150\" srcset=\"https:\/\/urbanpromo.it\/content\/uploads\/sites\/14\/2019\/06\/Valorizzazione-del-patrimonio-sociale-1-150x150.jpg 150w, https:\/\/urbanpromo.it\/content\/uploads\/sites\/14\/2019\/06\/Valorizzazione-del-patrimonio-sociale-1-300x300.jpg 300w, https:\/\/urbanpromo.it\/content\/uploads\/sites\/14\/2019\/06\/Valorizzazione-del-patrimonio-sociale-1-768x768.jpg 768w, https:\/\/urbanpromo.it\/content\/uploads\/sites\/14\/2019\/06\/Valorizzazione-del-patrimonio-sociale-1-250x250.jpg 250w, https:\/\/urbanpromo.it\/content\/uploads\/sites\/14\/2019\/06\/Valorizzazione-del-patrimonio-sociale-1-460x460.jpg 460w, https:\/\/urbanpromo.it\/content\/uploads\/sites\/14\/2019\/06\/Valorizzazione-del-patrimonio-sociale-1.jpg 886w\" sizes=\"auto, (max-width: 150px) 100vw, 150px\" \/><\/h3>\n<h3>VALORIZZAZIONE DEL CAPITALE SOCIALE<\/h3>\n<p>La \u201cvalorizzazione del capitale sociale\u201d, in relazione a tali programmi ma anche pi\u00f9 in generale a tutti i programmi di investimento, pone al centro della propria attenzione le persone, e quindi le modalit\u00e0 e gli strumenti con cui, nelle esperienze pi\u00f9 avanzate, si sta cercando di realizzare un welfare di comunit\u00e0, e quindi come, con tale prospettiva, si stanno affrontando i fenomeni di invecchiamento, immigrazione, impoverimento, spopolamento.<\/p>\n<p>&nbsp;<\/p>\n<hr \/>\n<h3><img loading=\"lazy\" decoding=\"async\" class=\"aligncenter wp-image-14626 size-thumbnail\" src=\"http:\/\/urbanpromo.it\/content\/uploads\/sites\/14\/2019\/06\/Social-Housing-150x150.jpg\" alt=\"\" width=\"150\" height=\"150\" srcset=\"https:\/\/urbanpromo.it\/content\/uploads\/sites\/14\/2019\/06\/Social-Housing-150x150.jpg 150w, https:\/\/urbanpromo.it\/content\/uploads\/sites\/14\/2019\/06\/Social-Housing-300x300.jpg 300w, https:\/\/urbanpromo.it\/content\/uploads\/sites\/14\/2019\/06\/Social-Housing-768x768.jpg 768w, https:\/\/urbanpromo.it\/content\/uploads\/sites\/14\/2019\/06\/Social-Housing-250x250.jpg 250w, https:\/\/urbanpromo.it\/content\/uploads\/sites\/14\/2019\/06\/Social-Housing-460x460.jpg 460w, https:\/\/urbanpromo.it\/content\/uploads\/sites\/14\/2019\/06\/Social-Housing.jpg 886w\" sizes=\"auto, (max-width: 150px) 100vw, 150px\" \/><img loading=\"lazy\" decoding=\"async\" class=\"aligncenter wp-image-14627 size-thumbnail\" src=\"http:\/\/urbanpromo.it\/content\/uploads\/sites\/14\/2019\/06\/Impact-investing-150x150.jpg\" alt=\"\" width=\"150\" height=\"150\" srcset=\"https:\/\/urbanpromo.it\/content\/uploads\/sites\/14\/2019\/06\/Impact-investing-150x150.jpg 150w, https:\/\/urbanpromo.it\/content\/uploads\/sites\/14\/2019\/06\/Impact-investing-300x300.jpg 300w, https:\/\/urbanpromo.it\/content\/uploads\/sites\/14\/2019\/06\/Impact-investing-768x768.jpg 768w, https:\/\/urbanpromo.it\/content\/uploads\/sites\/14\/2019\/06\/Impact-investing-250x250.jpg 250w, https:\/\/urbanpromo.it\/content\/uploads\/sites\/14\/2019\/06\/Impact-investing-460x460.jpg 460w, https:\/\/urbanpromo.it\/content\/uploads\/sites\/14\/2019\/06\/Impact-investing.jpg 886w\" sizes=\"auto, (max-width: 150px) 100vw, 150px\" \/><\/h3>\n<h3>IMPACT INVESTING<\/h3>\n<p>In terzo luogo l\u2019evento intende entrare nel merito degli sviluppi che sta registrando nel social housing l\u2019approccio dell\u2019 \u201cimpact investing\u201d, in forte crescita in ambito mondiale per effetto dell\u2019affermarsi della logica EGS (environment, society &amp; governance) nell\u2019allocazione dei propri portafogli operata dai grandi investitori, non solo quelli nonprofit ma anche quelli profit. L\u2019esplorazione riguarda la grande variet\u00e0 dei soggetti che agiscono misurando l\u2019impatto sociale dei loro investimenti ed i modelli social housing verso cui essi indirizzano l\u2019impegno delle risorse.<\/p>\n<p>&nbsp;<\/p>\n<hr \/>\n<p>&nbsp;<\/p>\n","protected":false},"excerpt":{"rendered":"<p>Negli ultimi anni \u00e8 risultato evidente il connubio tra social housing e rigenerazione urbana. Si \u00e8 ritenuto quindi appropriato valorizzare le interdipendenze anche nel programma culturale di Urbanpromo, pur mantenendo le specificit\u00e0 identitarie del social housing. All\u2019interno di Urbanpromo Progetti per il Paese l\u2019identit\u00e0 di Urbanpromo Social Housing\u00a0emerge dalla specificit\u00e0 dei tre temi affrontati in &#8230;<\/p>\n","protected":false},"author":2,"featured_media":0,"parent":65,"menu_order":0,"comment_status":"closed","ping_status":"closed","template":"page-templates\/template-page-full.php","meta":{"_acf_changed":false,"footnotes":""},"class_list":["post-8249","page","type-page","status-publish","hentry"],"acf":[],"_links":{"self":[{"href":"https:\/\/urbanpromo.it\/2019\/wp-json\/wp\/v2\/pages\/8249","targetHints":{"allow":["GET"]}}],"collection":[{"href":"https:\/\/urbanpromo.it\/2019\/wp-json\/wp\/v2\/pages"}],"about":[{"href":"https:\/\/urbanpromo.it\/2019\/wp-json\/wp\/v2\/types\/page"}],"author":[{"embeddable":true,"href":"https:\/\/urbanpromo.it\/2019\/wp-json\/wp\/v2\/users\/2"}],"replies":[{"embeddable":true,"href":"https:\/\/urbanpromo.it\/2019\/wp-json\/wp\/v2\/comments?post=8249"}],"version-history":[{"count":0,"href":"https:\/\/urbanpromo.it\/2019\/wp-json\/wp\/v2\/pages\/8249\/revisions"}],"up":[{"embeddable":true,"href":"https:\/\/urbanpromo.it\/2019\/wp-json\/wp\/v2\/pages\/65"}],"wp:attachment":[{"href":"https:\/\/urbanpromo.it\/2019\/wp-json\/wp\/v2\/media?parent=8249"}],"curies":[{"name":"wp","href":"https:\/\/api.w.org\/{rel}","templated":true}]}}