{"id":14448,"date":"2019-05-13T12:43:29","date_gmt":"2019-05-13T10:43:29","guid":{"rendered":"https:\/\/urbanpromo.it\/2020\/?page_id=14448"},"modified":"2020-10-14T12:36:10","modified_gmt":"2020-10-14T10:36:10","slug":"urbanpromo-2020-call-for-papers-e-concorsi","status":"publish","type":"page","link":"https:\/\/urbanpromo.it\/2020\/urbanpromo-2020-call-for-papers-e-concorsi\/","title":{"rendered":"Urbanpromo 2020: call for papers e concorsi"},"content":{"rendered":"<p><strong>Call for paper e concorsi<\/strong><\/p>\n<p>In preparazione delle nuove edizioni di Urbanpromo 2020, INU e Urbit lanciano delle <em>call for papers<\/em> dedicate a studenti universitari, dottorandi e dottori di ricerca.<\/p>\n<p>&nbsp;<\/p>\n<hr \/>\n<h4><em><strong>Le nuove comunit\u00e0 urbane e il valore strategico della conoscenza. Come i processi cognitivi possono motivare la politica, garantire l\u2019utilit\u00e0 del piano, offrire una via d\u2019uscita dall\u2019emergenza.<\/strong><\/em><\/h4>\n<p>Call for papers per il Convegno Scientifico Internazionale<br \/>\nA cura di: INU-URBIT, in collaborazione con le riviste scientifiche URBANISTICA e Planum<\/p>\n<ul>\n<li>scarica il bando:\u00a0<a href=\"https:\/\/urbanpromo.it\/content\/uploads\/sites\/2\/2020\/04\/Call-convegno-scientifico_proroga.pdf\">https:\/\/urbanpromo.it\/content\/uploads\/sites\/2\/2020\/04\/Call-convegno-scientifico_proroga.pdf<\/a><\/li>\n<li>contatti:\u00a0<a href=\"call@urbit.it\">call@urbit.it<\/a><\/li>\n<\/ul>\n<p><span style=\"color: #ff0000\">Date e scadenze:<\/span><\/p>\n<ul>\n<li><strong>1 giugno 2020<\/strong>:\u00a0 scadenza invio degli abstract<\/li>\n<li><strong>10 giugno 2020<\/strong>: notifica accettazione dell\u2019abstract<\/li>\n<li><strong>20 settembre 2020<\/strong>: scadenza iscrizione agevolata al Convegno<\/li>\n<li><strong>30 settembre 2020<\/strong>: scadenza invio del testo completo del paper<\/li>\n<li><strong>20 ottobre 2020<\/strong>: scadenza versamento della quota di partecipazione<\/li>\n<\/ul>\n<p>Scarica il modulo per il versamento della quota di partecipazione nella sezione &#8220;Download&#8221;.<br \/>\nScarica il layout per la redazione del paper nella sezione &#8220;Download&#8221;.<\/p>\n<h6><em>Gli autori sono pregati di attenersi alle norme redazionali indicate nel layout. \u00c8 strettamente necessario attenersi a tali norme per l\u2019accettazione del contributo al Convegno Scientifico Internazionale.<\/em><\/h6>\n<p>Si segnala agli autori che le norme redazionali indicate nel layout sono state aggiornate e sono disponibili nella sezione &#8220;Download&#8221;. Qualora fosse possibile, sarebbe opportuno attenersi al nuovo layout. Entrambe le versioni del layout sono valide. Saranno accettati esclusivamente i contributi redatti seguendo i due layout forniti.<\/p>\n<p><span style=\"color: #ff0000\">ATTENZIONE: Si comunica che la scadenza per l&#8217;invio del testo completo del paper \u00e8 stata prorogata al <strong>14 ottobre 2020<\/strong>.<\/span><\/p>\n<hr \/>\n<h4><strong><br \/>\n<em>Citt\u00e0 accessibili a tutti<\/em><\/strong><\/h4>\n<p>Premio per tesi di laurea magistrali e ricerche-studi<br \/>\nA cura di: INU-URBIT, in collaborazione con la Camera di Commercio di Genova<\/p>\n<ul>\n<li><a href=\"http:\/\/atlantecittaccessibili.inu.it\/wp-content\/uploads\/2020\/03\/INU_Citt%C3%A0-accessibili_Bando-Premio-Tesi.pdf\">scarica il bando<\/a><\/li>\n<li>contatti:\u00a0<a href=\"iginio.rossi@urbit.it\">iginio.rossi@urbit.it<\/a><\/li>\n<\/ul>\n<p><span style=\"color: #ff0000\">Date e scadenze<\/span>:<\/p>\n<ul>\n<li><strong>30 settembre 2020<\/strong>: deadline per la presentazione delle domande<\/li>\n<li><strong>10 ottobre 2020<\/strong>: comunicazione della giuria di valutazione<\/li>\n<li><strong>17- 20 novembre 2020<\/strong>: cerimonia di premiazione in occasione di Urbanpromo Progetti per il Paese<\/li>\n<\/ul>\n<hr \/>\n<h4><\/h4>\n<h4><strong><em>Chiudere il cerchio? Modelli di valutazione per una citt\u00e0 realmente circolare<\/em><\/strong><\/h4>\n<p>Seminario Societ\u00e0 Italiana di Estimo e Valutazione, all&#8217;interno della quarta edizione di <strong>Urbanpromo Green<\/strong><\/p>\n<p>Il seminario intende riflettere sul ruolo dei modelli di valutazione per supportare processi decisionali nella costruzione della citt\u00e0 circolare con particolare attenzione ai seguenti temi: rigenerazione urbana e consumo di suolo; riuso adattivo del patrimonio architettonico; gestione degli scarti urbani, materie prime secondarie, riciclo\/riuso; bioeconomia e agricoltura urbana; condivisione sociale, inclusione e sharing economy; gestione dei sistemi idrici ed energetici; mobilit\u00e0 sostenibile e infrastrutture urbane.<\/p>\n<p>Coloro i quali intendano proporre un <strong>contributo<\/strong> che ponga in luce aspetti teorici e\/o operativi interessanti innovativi, in merito alle tematiche sopra descritte sono invitati a predisporre un <strong>abstract<\/strong> di circa 400 parole. Tale abstract deve essere inviato entro il giorno <strong>31 luglio 2020<\/strong> ai seguenti indirizzi:\u00a0francesca.abastante@polito.it; marta.bottero@polito.it; chiara.dalpaos@unipd.it.<\/p>\n<ul>\n<li><a href=\"https:\/\/siev.org\/convegno-urbanpromo-green-2020-seminario-siev-chiudere-il-cerchio-modelli-di-valutazione-per-una-citta-realmente-circolare\/\">scarica il bando<\/a><\/li>\n<\/ul>\n<p><span style=\"color: #ff0000\">Date e scadenze<\/span>:<\/p>\n<ul>\n<li><strong>31 luglio 2020<\/strong>: termine per invio dell\u2019abstract<\/li>\n<li><strong>10 agosto 2020<\/strong>: notifica di accettazione dell\u2019abstract agli autori<\/li>\n<li><strong>18 settembre 2020<\/strong>: Seminario<\/li>\n<\/ul>\n<hr \/>\n<h4><\/h4>\n<h4><em><strong>XII Giornata Internazionale di Studio INU<\/strong><\/em><\/h4>\n<p><em>Reti della mobilit\u00e0 dolce per il benessere ambientale e l&#8217;inclusione<\/em><\/p>\n<p>Il tema della mobilit\u00e0 \u00e8 storicamente presente nelle attivit\u00e0 e negli studi dell\u2019INU in una accezione per lungo tempo coincidente con il tema delle tradizionali infrastrutture fisiche, stradali e ferroviarie, e il cui approccio ha riguardato principalmente il loro reciproco condizionamento rispetto agli usi e alle destinazioni funzionali del suolo.\u00a0Pi\u00f9 recentemente, il tema della mobilit\u00e0 dolce ha avuto una rapida maturazione affermandosi come uno dei temi portanti dell\u2019INU, superando la condizione di nicchia e finendo per toccare tutti gli aspetti della pianificazione territoriale e della progettazione urbana.<\/p>\n<p>In particolare, l\u2019INU insieme a importanti partner, sta sviluppando <em>Reti per la mobilit\u00e0 dolce<\/em> e <em>Citt\u00e0 accessibili a tutti <\/em>e il relativo <a href=\"http:\/\/atlantecittaccessibili.inu.it\"><em>Atlante<\/em><\/a>. Si tratta di due progetti pilota che coinvolgono un ampio e articolato raggruppamento di enti nazionali, regionali, locali, pubblici, privati, associativi, di categoria, ecc. Tali progetti si propongono di affrontare, nell\u2019ambito della pianificazione e programmazione urbanistica e territoriale, il complesso e articolato panorama che ruota intorno alla mobilit\u00e0 dolce.<\/p>\n<p>La <strong>call<\/strong> si rivolge ad enti, professionisti e studiosi e intende raccogliere le iniziative avviate, in corso o realizzate in tale ambito, sia in termini di casi di studio che di elaborazioni teoriche e di ricerca.<\/p>\n<ul>\n<li>D<a href=\"https:\/\/www.gsinu.com\/registrazione\">ettagli per la partecipazione &#8211; registrazione<\/a><\/li>\n<\/ul>\n<p><em><span style=\"color: #ff0000\">Invio abstract prorogato al 31.08.2020<\/span><\/em><\/p>\n<p>&nbsp;<\/p>\n<p>&nbsp;<\/p>\n","protected":false},"excerpt":{"rendered":"<p>Call for paper e concorsi In preparazione delle nuove edizioni di Urbanpromo 2020, INU e Urbit lanciano delle call for papers dedicate a studenti universitari, dottorandi e dottori di ricerca. &nbsp; Le nuove comunit\u00e0 urbane e il valore strategico della conoscenza. Come i processi cognitivi possono motivare la politica, garantire l\u2019utilit\u00e0 del piano, offrire una &#8230;<\/p>\n","protected":false},"author":2,"featured_media":0,"parent":0,"menu_order":0,"comment_status":"closed","ping_status":"closed","template":"page-templates\/template-page-full.php","meta":{"_acf_changed":false,"footnotes":""},"class_list":["post-14448","page","type-page","status-publish","hentry"],"acf":[],"_links":{"self":[{"href":"https:\/\/urbanpromo.it\/2020\/wp-json\/wp\/v2\/pages\/14448","targetHints":{"allow":["GET"]}}],"collection":[{"href":"https:\/\/urbanpromo.it\/2020\/wp-json\/wp\/v2\/pages"}],"about":[{"href":"https:\/\/urbanpromo.it\/2020\/wp-json\/wp\/v2\/types\/page"}],"author":[{"embeddable":true,"href":"https:\/\/urbanpromo.it\/2020\/wp-json\/wp\/v2\/users\/2"}],"replies":[{"embeddable":true,"href":"https:\/\/urbanpromo.it\/2020\/wp-json\/wp\/v2\/comments?post=14448"}],"version-history":[{"count":0,"href":"https:\/\/urbanpromo.it\/2020\/wp-json\/wp\/v2\/pages\/14448\/revisions"}],"wp:attachment":[{"href":"https:\/\/urbanpromo.it\/2020\/wp-json\/wp\/v2\/media?parent=14448"}],"curies":[{"name":"wp","href":"https:\/\/api.w.org\/{rel}","templated":true}]}}