{"id":3896,"date":"2016-07-15T10:12:00","date_gmt":"2016-07-15T08:12:00","guid":{"rendered":"http:\/\/analogforecast.com\/2016\/?page_id=3896"},"modified":"2020-11-16T13:01:31","modified_gmt":"2020-11-16T12:01:31","slug":"temi-milano","status":"publish","type":"page","link":"https:\/\/urbanpromo.it\/2020\/urbanpromo-progetto-paese\/temi-milano\/","title":{"rendered":"Temi"},"content":{"rendered":"<p>Dal <strong>17<\/strong> al <strong>20 novembre 2020<\/strong>\u00a0si terr\u00e0\u00a0la <strong>XVII edizione<\/strong> di \u201c<strong>Urbanpromo Progetti per il Paese<\/strong>\u201d. L\u2019evento, oltre ad inquadrare il social housing nel grande tema della rigenerazione urbana, sviluppa ulteriori declinazioni di tale odierno imperativo.<\/p>\n<hr \/>\n<p><strong>La cultura rigenera: <\/strong>la rigenerazione di spazi pubblici abbandonati mediante espressioni di cittadinanza attiva \u00e8 una sessione curata dalla Fondazione Cariplo. In varie citt\u00e0 si assiste all\u2019impegno di cittadini che si aggregano per promuovere attivit\u00e0 culturali e sociali utilizzando spazi urbani abbandonati. Per effetto di ci\u00f2, in molti casi questi spazi diventano centri di produzione culturale e punti di innesco di processi di rigenerazione urbana. Fra le numerose esperienze avviate ne sono selezionate alcune per la loro capacit\u00e0 di dare risposta a fondamentali interrogativi: quale il progetto culturale? Quale il rapporto tra il progetto culturale e il bene immobile pubblico? Quale lo strumento amministrativo utilizzato per concedere il bene pubblico a soggetti privati? Quale il modello economico che regge il progetto? Quale \u00e8 la capacit\u00e0 della iniziativa di produrre effetti sul territorio di riferimento?<\/p>\n<p>I <strong>complessi immobiliari dismessi<\/strong>, in particolare quelli di propriet\u00e0 pubblica, offrono l\u2019opportunit\u00e0 di effettuare incisivi interventi sulla forma urbana, la qualit\u00e0 della vita e lo sviluppo economico, con progetti che possono mutare il volto della citt\u00e0. La presentazione delle progettualit\u00e0 che stanno per innescare importanti processi di riqualificazione urbana fa conoscere le opportunit\u00e0 di investimento che si aprono nelle nostre citt\u00e0, le tendenze evolutive dei mercati immobiliari, le soluzioni urbanistiche ed architettoniche adottate in contesti problematici, le forme di finanziamento e di gestione che si stanno affermando.<\/p>\n<p>Altri temi vengono proposti e sviluppati nell\u2019ambito dell\u2019ampio partenariato peculiare di Urbanpromo.<\/p>\n<p>Malgrado la difficile situazione del settore, <strong>Confcommercio <\/strong>Imprese per l\u2019Italia conferma la propria partecipazione ad Urbanpromo. La presenza di Confcommercio \u00e8 motivata dalla consapevolezza che la presenza delle <strong>imprese operanti nel commercio<\/strong>, nel turismo, nei servizi e nei trasporti, \u00e8 essenziale per la <strong>vitalit\u00e0 della citt\u00e0<\/strong>. Dopo che le precedenti edizioni di Urbanpromo hanno fatto conoscere i laboratori progettuali di rigenerazione urbana attivati da Confcommercio in molte citt\u00e0, nelle citt\u00e0 post Covid 19 che si riorganizzano una importante linea di pensiero vede nel cibo una importante modalit\u00e0 per rinvigorire i territori e la citt\u00e0. Idee ed esperienze sullo sviluppo di uno dei fondamentali contesti per la sostenibilit\u00e0 e la qualit\u00e0 della vita: la relazione <strong>\u201cterritorio, cibo e citt\u00e0\u201d<\/strong>.<\/p>\n<p><strong>Convegno internazionale<\/strong>. \u201cLe nuove comunit\u00e0 e il valore strategico della conoscenza. Come i processi cognitivi possono motivare la politica, garantire l\u2019utilit\u00e0 del piano, offrire una via d\u2019uscita all\u2019emergenza\u201d, Convegno basato su una call for papers, realizzato con la collaborazione delle riviste Urbanistica e Planum.\u00a0 La fase di presentazione degli abstract si \u00e8 conclusa. Per gli abstract accettati, il termine per la trasmissione dei paper \u00e8 il 14 ottobre 2020.<\/p>\n<p>Le attuali <strong>priorit\u00e0 delle Regioni nel governo del territorio<\/strong>: rigenerazione urbana e contrasto del consumo di suolo. Le misure che le Regioni stanno adottando per indirizzare e rendere incisiva l\u2019azione degli strumenti urbanistici comunali. L\u2019INU rinnova la periodica occasione di interlocuzione con le Regioni.<\/p>\n<p>Le due ultime edizioni milanesi di Urbanpromo hanno avuto un momento importante nello scambio di esperienze e vedute fra gli <strong>Assessori all\u2019 Urbanistica<\/strong> di numerose citt\u00e0 italiane. Ci si propone di rinnovare l\u2019iniziativa sottoponendo alla valutazione degli Assessori le proposte dell\u2019INU per rendere efficaci i programmi di rigenerazione urbana.<\/p>\n<p>Il <strong>ruolo della cultura<\/strong> nella promozione dei processi di riqualificazione urbana ha pi\u00f9 declinazioni: il protagonismo dei <strong>musei<\/strong> e delle <strong>istituzioni culturali<\/strong>, le risorse storico-architettoniche e paesaggistiche delle citt\u00e0, i marchi e le reti di promozione sull\u2019esempio delle <strong>Citt\u00e0 Creative Unesco<\/strong>, gli strumenti attivatori quali i piani integrati della cultura per la valorizzazione dei beni e delle attivit\u00e0 culturali, l\u2019innovazione e la crescita sociale.<\/p>\n<p>Le citt\u00e0 dotate di un <strong>porto<\/strong> possiedono opportunit\u00e0 e problematiche peculiari. Per le proprie competenze istituzionali le Autorit\u00e0 di sistema portuale si occupano di uno spazio \u2013 appunto il porto \u2013 che \u00e8 intermedio tra il sistema terrestre e il sistema marino. Le impostazioni e le metodologie adottate per redigere i piani regolatori del porto rilevano non solo per i loro contenuti, ma anche per le loro interdipendenze con la pianificazione della citt\u00e0. Un focus meritano i <strong>Terminal crocieristici<\/strong>, il loro ruolo e le loro prospettive, in quanto avamposto del porto nella citt\u00e0.<\/p>\n<p>Quello delle \u201c<strong>Strategie di sviluppo sostenibile per le aree montane<\/strong>\u201d \u00e8 un tema che Urbanpromo intende sviluppare in collaborazione con UNCEM. L\u2019iniziativa ritorna, con approfondimenti, su alcuni temi al centro del convegno &#8220;<strong>Il governo del territorio montano nello spazio europeo<\/strong>&#8220;, organizzato dall\u2019INU a Riva del Garda in occasione del proprio Congresso nazionale 2019. In particolare, si vuole porre l\u2019accento sulle iniziative di carattere innovativo promosse per contrastare lo spopolamento facendo leva su forme di sviluppo economico locale sostenibile. Fra gli esempi: il progetto Ager sull\u2019agricoltura di montagna (16 Fondazioni bancarie, capofila Cariplo) e il progetto AttivAree per la valorizzazione delle risorse delle aree interne (Fondazione Cariplo).<\/p>\n<p>La <strong>citt\u00e0 adriatica<\/strong> \u00e8 una lunga conurbazione lineare che attraversa, con modi pi\u00f9 o meno continui, cinque regioni: il Veneto, l\u2019Emilia-Romagna, le Marche, l\u2019Abruzzo e il Molise. In origine il programma di Urbanpromo intendeva affrontare, per tutta la sua estensione, temi progettuali quali i varchi a mare, le aree delle ex colonie, la fascia dell\u2019arenile, le stazioni del sistema del trasporto metropolitano, la portualit\u00e0. Il lungo lockdown non ha permesso di sviluppare questi temi per l\u2019intera costa adriatica. Una prima esplorazione riguarda la <strong>citt\u00e0 adriatica romagnola e marchigiana<\/strong>.<\/p>\n<p>Alla pianificazione delle <strong>zone di pregio vitivinicolo<\/strong>, che mira a valorizzare il rapporto sinergico tra la qualit\u00e0 del territorio con la qualit\u00e0 del vino, dedica particolare attenzione l\u2019Associazione delle Citt\u00e0 del Vino. Da oltre vent\u2019anni le sue \u201cLinee guida per la valorizzazione dei comprensori vitivinicoli nella pianificazione urbanistica\u201d indirizzano la formazione dei piani urbanistici. L\u2019aggiornamento delle \u201cLinee guida\u201d si prefigge di indirizzare gli strumenti di pianificazione verso la promozione delle eccellenze dei territori.<\/p>\n<p><strong>Urbanpromo Giovani<\/strong>. Seminario preparatorio del Concorso 2021 e del relativo Workshop finale. Seminario da tenersi in streaming con varie sedi universitarie.<\/p>\n<p>Infine Urbanpromo ospiter\u00e0 <strong>uno dei convegni che formano il programma celebrativo dei 90 anni dell\u2019INU<\/strong>. Si tratta di convegni che fondono l\u2019impegno politico-culturale dell\u2019Istituto su problematiche oggi rilevanti con i temi caratterizzanti la sua storia quale ente di alta cultura e di coordinamento tecnico.<\/p>\n","protected":false},"excerpt":{"rendered":"<p>Dal 17 al 20 novembre 2020\u00a0si terr\u00e0\u00a0la XVII edizione di \u201cUrbanpromo Progetti per il Paese\u201d. L\u2019evento, oltre ad inquadrare il social housing nel grande tema della rigenerazione urbana, sviluppa ulteriori declinazioni di tale odierno imperativo. La cultura rigenera: la rigenerazione di spazi pubblici abbandonati mediante espressioni di cittadinanza attiva \u00e8 una sessione curata dalla Fondazione &#8230;<\/p>\n","protected":false},"author":2,"featured_media":0,"parent":3888,"menu_order":0,"comment_status":"closed","ping_status":"closed","template":"page-templates\/template-page-full.php","meta":{"_acf_changed":false,"footnotes":""},"class_list":["post-3896","page","type-page","status-publish","hentry"],"acf":[],"_links":{"self":[{"href":"https:\/\/urbanpromo.it\/2020\/wp-json\/wp\/v2\/pages\/3896","targetHints":{"allow":["GET"]}}],"collection":[{"href":"https:\/\/urbanpromo.it\/2020\/wp-json\/wp\/v2\/pages"}],"about":[{"href":"https:\/\/urbanpromo.it\/2020\/wp-json\/wp\/v2\/types\/page"}],"author":[{"embeddable":true,"href":"https:\/\/urbanpromo.it\/2020\/wp-json\/wp\/v2\/users\/2"}],"replies":[{"embeddable":true,"href":"https:\/\/urbanpromo.it\/2020\/wp-json\/wp\/v2\/comments?post=3896"}],"version-history":[{"count":0,"href":"https:\/\/urbanpromo.it\/2020\/wp-json\/wp\/v2\/pages\/3896\/revisions"}],"up":[{"embeddable":true,"href":"https:\/\/urbanpromo.it\/2020\/wp-json\/wp\/v2\/pages\/3888"}],"wp:attachment":[{"href":"https:\/\/urbanpromo.it\/2020\/wp-json\/wp\/v2\/media?parent=3896"}],"curies":[{"name":"wp","href":"https:\/\/api.w.org\/{rel}","templated":true}]}}