{"id":7751,"date":"2017-07-10T18:06:30","date_gmt":"2017-07-10T16:06:30","guid":{"rendered":"http:\/\/urbanpromo.it\/2018\/?page_id=7751"},"modified":"2020-09-16T13:36:25","modified_gmt":"2020-09-16T11:36:25","slug":"partecipare","status":"publish","type":"page","link":"https:\/\/urbanpromo.it\/2020\/urbanpromo-green\/partecipare\/","title":{"rendered":"Partecipare"},"content":{"rendered":"<hr \/>\n<h5><strong>COME PARTECIPARE<\/strong><\/h5>\n<p>La partecipazione a Urbanpromo Green \u00e8 gratuita per tutti.<\/p>\n<p><span style=\"font-size: 1rem\">Il 17 e 18 settembre si pu\u00f2 partecipare ai convegni tramite la piattaforma Zoom di Urbanpromo, che offre anche la possibilit\u00e0 di interagire con i relatori, collegandosi attraverso il link presente nella mail con la conferma di iscrizione.\u00a0<\/span><\/p>\n<p>Per effettuare l\u2019iscrizione, selezionare la scheda informativa del convegno di proprio interesse dal mosaico con il palinsesto delle iniziative. Dalla pagina del convegno di proprio interesse, nella colonna a sinistra selezionare l&#8217;opzione &#8220;<strong>ISCRIVITI<\/strong>&#8221; e compilare il modulo dati richiesto. \u00c8\u00a0<span style=\"font-size: 1rem\">possibile iscriversi anche direttamente nell&#8217;elenco riportato di seguito in questa pagina.<\/span><\/p>\n<p>\u00c8 inoltre possibile seguire la manifestazione anche in modalit\u00e0 streaming dalla pagina dalla ogni convegno. L\u2019accesso \u00e8 libero previa registrazione al sito.<\/p>\n<hr \/>\n<h5><strong>ARCHITETTI, INGEGNERI, GEOMETRI (Crediti Formativi Professionali)<\/strong><\/h5>\n<p><span style=\"font-size: 1rem\">Per il conseguimento dei CFP, riservati a ARCHITETTI e GEOMETRI, \u00e8 necessario compilare tutti campi nel modulo di iscrizioni. Durante lo svolgimento del convegno saranno posti brevi questionari per verificare l&#8217;effettiva presenza, \u00e8 inoltre necessaria la presenza per il 90% della durata del convegno. Il sistema registra in automatico l&#8217;attivit\u00e0 di ogni utente.<\/span><\/p>\n<p>Per il conseguimento dei CFP riservati agli INGEGNERI, oltre a compilare tutti i campi del modulo, \u00e8 necessario che il professionista interessato all\u2019evento sia utente della Fondazione. L\u2019iscrizione gratuita \u00e8 possibile collegandosi al sito dell&#8217;Ordine degli Ingegneri della Provincia di Venezia. Per maggiori informazioni si prega di contattare la Segreteria della Fondazione allo 041.5289114. Per ricevere l\u2019Attestato di frequenza \u00e8 obbligatoria la presenza per tutta la durata dell\u2019evento.<\/p>\n<p>NOTA BENE: la visione dei convegni in streaming dal sito non consente il riconoscimento dei CFP.<\/p>\n<div class=\"\">\n<hr \/>\n<\/div>\n<h5><strong>ISCRIVITI ORA!<\/strong><\/h5>\n<p>Gioved\u00ec 17 settembre<\/p>\n<ul>\n<li><a href=\"https:\/\/zoom.us\/webinar\/register\/WN_4Vz77nW0REObPbn3SupGJw\">Universit\u00e0, citt\u00e0 e territorio<\/a><\/li>\n<li><a href=\"https:\/\/zoom.us\/webinar\/register\/WN_uJsr1E_aSASF5U8qrY6seQ\">Paradigmi e caratteri delle citt\u00e0-porto<\/a><\/li>\n<li><a href=\"https:\/\/zoom.us\/webinar\/register\/WN_LVhtrM2oR3uev6YlLgbKfg\">La ricerca della giusta distanza nella citt\u00e0 contemporanea<\/a><\/li>\n<li><a href=\"https:\/\/zoom.us\/webinar\/register\/WN_S2vUUfF8RUixwzsyh1x19A\">Il ruolo attivo delle aree protette per la ripartenza del Paese<\/a><\/li>\n<li><a href=\"https:\/\/zoom.us\/webinar\/register\/WN_10vyke-URtGHYarFV8MT6w\">Food perspective<\/a><\/li>\n<li><a href=\"https:\/\/zoom.us\/webinar\/register\/WN_8Z6ybeuGT1uF5mA-TE4ssg\">Pianificazione urbanistica climateproof<\/a><\/li>\n<li><a href=\"https:\/\/zoom.us\/webinar\/register\/WN_7Jr2sZ4KS4yoN17SCb967A\">Il verde che cura<\/a><\/li>\n<li><a href=\"https:\/\/zoom.us\/webinar\/register\/WN_PHPWBk_4QMqPByrdiphu6w\">Governance delle aree umide<\/a><\/li>\n<li><a href=\"https:\/\/zoom.us\/webinar\/register\/WN_QbgcLNWGSg27wgMxT6OQww\">Reti per la mobilit\u00e0 integrata<\/a><\/li>\n<\/ul>\n<p>Venerd\u00ec 18 settembre<\/p>\n<ul>\n<li><a href=\"https:\/\/zoom.us\/webinar\/register\/WN_J5aKBQgKSpGJNy12VceWiA\">Nuovi paradigmi urbani e abitativi per le citt\u00e0 post pandemia<\/a><\/li>\n<li><a href=\"https:\/\/zoom.us\/webinar\/register\/WN_6vE5QFM7T1mTH6fu-peklg\">Il territorio del green deal<\/a><\/li>\n<li><a href=\"https:\/\/zoom.us\/webinar\/register\/WN_IqQq3v9jSSS9psCIC5Y9zg\">Paesaggi in transizione<\/a><\/li>\n<li><a href=\"https:\/\/zoom.us\/webinar\/register\/WN_cC6ESJSPRuiKKJG8cLdt6w\">Citt\u00e0 accessibili a tutti<\/a><\/li>\n<li><a href=\"https:\/\/zoom.us\/webinar\/register\/WN_QeElMBcWRdKD-sZkOMcr_Q\">Ecobonus in edilizia<\/a><\/li>\n<li><a href=\"https:\/\/zoom.us\/webinar\/register\/WN_9-98SWCBR-OImZBCllr45g\">Il legno e i materiali naturali nella progettazione edilizia e urbana<\/a><\/li>\n<li><a href=\"https:\/\/zoom.us\/webinar\/register\/WN_L-D63WCHSfWXu2NPWLncqg\">Le reti pedonali come modelli sostenibili di sviluppo delle citt\u00e0 e delle aree interne<\/a><\/li>\n<li><a href=\"https:\/\/zoom.us\/webinar\/register\/WN_sCrAWYZRR0us0hb3jSHOcw\">Eco-quartieri in Europa e in Italia<\/a><\/li>\n<li><a href=\"https:\/\/zoom.us\/webinar\/register\/WN_oLDkgcNRSzyNDqmd-LVE_w\">Soluzioni per la gestione dei rifiuti da costruzione e demolizione nelle aree urbane<\/a><\/li>\n<li><a href=\"https:\/\/zoom.us\/webinar\/register\/WN_9idgm4X4RhSnMdwhKuV0yw\">Territori in transizione o il progetto della transizione<\/a><\/li>\n<li><a href=\"https:\/\/zoom.us\/webinar\/register\/WN_tn37elsvR4WSI5RU0UdxYA\">Chiudere il cerchio?<\/a><\/li>\n<li><a href=\"https:\/\/zoom.us\/webinar\/register\/WN_qAIOwyu9R7mwuIh7JsAHfQ\">Sessione plenaria di chiusura<\/a><\/li>\n<\/ul>\n<div>\n<div>\n<hr \/>\n<\/div>\n<h5><b>PRIVACY<\/b><\/h5>\n<p><span style=\"font-size: 1rem\">Iscrivendosi ai convegni\/seminari si acconsente al trattamento dei dati personali indicato nella Privacy Policy secondo Reg. UE 2016\/679. E&#8217; inclusa l&#8217;iscrizione alla newsletter gratuita di Urbanpromo. L&#8217;iscrizione pu\u00f2 essere annullata in qualunque momento.<\/span><\/p>\n<\/div>\n","protected":false},"excerpt":{"rendered":"<p>COME PARTECIPARE La partecipazione a Urbanpromo Green \u00e8 gratuita per tutti. Il 17 e 18 settembre si pu\u00f2 partecipare ai convegni tramite la piattaforma Zoom di Urbanpromo, che offre anche la possibilit\u00e0 di interagire con i relatori, collegandosi attraverso il link presente nella mail con la conferma di iscrizione.\u00a0 Per effettuare l\u2019iscrizione, selezionare la scheda &#8230;<\/p>\n","protected":false},"author":1,"featured_media":0,"parent":7746,"menu_order":0,"comment_status":"closed","ping_status":"closed","template":"page-templates\/template-page-full.php","meta":{"_acf_changed":false,"footnotes":""},"class_list":["post-7751","page","type-page","status-publish","hentry"],"acf":[],"yoast_head":"<!-- This site is optimized with the Yoast SEO plugin v27.4 - https:\/\/yoast.com\/product\/yoast-seo-wordpress\/ -->\n<title>Partecipare - Edizione 2020<\/title>\n<meta name=\"robots\" content=\"index, follow, max-snippet:-1, max-image-preview:large, max-video-preview:-1\" \/>\n<link rel=\"canonical\" href=\"https:\/\/urbanpromo.it\/2020\/urbanpromo-green\/partecipare\/\" \/>\n<meta property=\"og:locale\" content=\"it_IT\" \/>\n<meta property=\"og:type\" content=\"article\" \/>\n<meta property=\"og:title\" content=\"Partecipare - Edizione 2020\" \/>\n<meta property=\"og:description\" content=\"COME PARTECIPARE La partecipazione a Urbanpromo Green \u00e8 gratuita per tutti. Il 17 e 18 settembre si pu\u00f2 partecipare ai convegni tramite la piattaforma Zoom di Urbanpromo, che offre anche la possibilit\u00e0 di interagire con i relatori, collegandosi attraverso il link presente nella mail con la conferma di iscrizione.\u00a0 Per effettuare l\u2019iscrizione, selezionare la scheda ...\" \/>\n<meta property=\"og:url\" content=\"https:\/\/urbanpromo.it\/2020\/urbanpromo-green\/partecipare\/\" \/>\n<meta property=\"og:site_name\" content=\"Edizione 2020\" \/>\n<meta property=\"article:modified_time\" content=\"2020-09-16T11:36:25+00:00\" \/>\n<meta name=\"twitter:card\" content=\"summary_large_image\" \/>\n<meta name=\"twitter:label1\" content=\"Est. reading time\" \/>\n\t<meta name=\"twitter:data1\" content=\"2 minuti\" \/>\n<script type=\"application\/ld+json\" class=\"yoast-schema-graph\">{\"@context\":\"https:\\\/\\\/schema.org\",\"@graph\":[{\"@type\":\"WebPage\",\"@id\":\"https:\\\/\\\/urbanpromo.it\\\/2020\\\/urbanpromo-green\\\/partecipare\\\/\",\"url\":\"https:\\\/\\\/urbanpromo.it\\\/2020\\\/urbanpromo-green\\\/partecipare\\\/\",\"name\":\"Partecipare - Edizione 2020\",\"isPartOf\":{\"@id\":\"https:\\\/\\\/urbanpromo.it\\\/2020\\\/#website\"},\"datePublished\":\"2017-07-10T16:06:30+00:00\",\"dateModified\":\"2020-09-16T11:36:25+00:00\",\"breadcrumb\":{\"@id\":\"https:\\\/\\\/urbanpromo.it\\\/2020\\\/urbanpromo-green\\\/partecipare\\\/#breadcrumb\"},\"inLanguage\":\"it-IT\",\"potentialAction\":[{\"@type\":\"ReadAction\",\"target\":[\"https:\\\/\\\/urbanpromo.it\\\/2020\\\/urbanpromo-green\\\/partecipare\\\/\"]}]},{\"@type\":\"BreadcrumbList\",\"@id\":\"https:\\\/\\\/urbanpromo.it\\\/2020\\\/urbanpromo-green\\\/partecipare\\\/#breadcrumb\",\"itemListElement\":[{\"@type\":\"ListItem\",\"position\":1,\"name\":\"Home\",\"item\":\"https:\\\/\\\/urbanpromo.it\\\/2020\\\/\"},{\"@type\":\"ListItem\",\"position\":2,\"name\":\"Urbanpromo GREEN\",\"item\":\"https:\\\/\\\/urbanpromo.it\\\/2020\\\/urbanpromo-green\\\/\"},{\"@type\":\"ListItem\",\"position\":3,\"name\":\"Partecipare\"}]},{\"@type\":\"WebSite\",\"@id\":\"https:\\\/\\\/urbanpromo.it\\\/2020\\\/#website\",\"url\":\"https:\\\/\\\/urbanpromo.it\\\/2020\\\/\",\"name\":\"Edizione 2020\",\"description\":\"Urbanpromo 2020 - XVII edizione\",\"potentialAction\":[{\"@type\":\"SearchAction\",\"target\":{\"@type\":\"EntryPoint\",\"urlTemplate\":\"https:\\\/\\\/urbanpromo.it\\\/2020\\\/?s={search_term_string}\"},\"query-input\":{\"@type\":\"PropertyValueSpecification\",\"valueRequired\":true,\"valueName\":\"search_term_string\"}}],\"inLanguage\":\"it-IT\"}]}<\/script>\n<!-- \/ Yoast SEO plugin. -->","yoast_head_json":{"title":"Partecipare - Edizione 2020","robots":{"index":"index","follow":"follow","max-snippet":"max-snippet:-1","max-image-preview":"max-image-preview:large","max-video-preview":"max-video-preview:-1"},"canonical":"https:\/\/urbanpromo.it\/2020\/urbanpromo-green\/partecipare\/","og_locale":"it_IT","og_type":"article","og_title":"Partecipare - Edizione 2020","og_description":"COME PARTECIPARE La partecipazione a Urbanpromo Green \u00e8 gratuita per tutti. Il 17 e 18 settembre si pu\u00f2 partecipare ai convegni tramite la piattaforma Zoom di Urbanpromo, che offre anche la possibilit\u00e0 di interagire con i relatori, collegandosi attraverso il link presente nella mail con la conferma di iscrizione.\u00a0 Per effettuare l\u2019iscrizione, selezionare la scheda ...","og_url":"https:\/\/urbanpromo.it\/2020\/urbanpromo-green\/partecipare\/","og_site_name":"Edizione 2020","article_modified_time":"2020-09-16T11:36:25+00:00","twitter_card":"summary_large_image","twitter_misc":{"Est. reading time":"2 minuti"},"schema":{"@context":"https:\/\/schema.org","@graph":[{"@type":"WebPage","@id":"https:\/\/urbanpromo.it\/2020\/urbanpromo-green\/partecipare\/","url":"https:\/\/urbanpromo.it\/2020\/urbanpromo-green\/partecipare\/","name":"Partecipare - Edizione 2020","isPartOf":{"@id":"https:\/\/urbanpromo.it\/2020\/#website"},"datePublished":"2017-07-10T16:06:30+00:00","dateModified":"2020-09-16T11:36:25+00:00","breadcrumb":{"@id":"https:\/\/urbanpromo.it\/2020\/urbanpromo-green\/partecipare\/#breadcrumb"},"inLanguage":"it-IT","potentialAction":[{"@type":"ReadAction","target":["https:\/\/urbanpromo.it\/2020\/urbanpromo-green\/partecipare\/"]}]},{"@type":"BreadcrumbList","@id":"https:\/\/urbanpromo.it\/2020\/urbanpromo-green\/partecipare\/#breadcrumb","itemListElement":[{"@type":"ListItem","position":1,"name":"Home","item":"https:\/\/urbanpromo.it\/2020\/"},{"@type":"ListItem","position":2,"name":"Urbanpromo GREEN","item":"https:\/\/urbanpromo.it\/2020\/urbanpromo-green\/"},{"@type":"ListItem","position":3,"name":"Partecipare"}]},{"@type":"WebSite","@id":"https:\/\/urbanpromo.it\/2020\/#website","url":"https:\/\/urbanpromo.it\/2020\/","name":"Edizione 2020","description":"Urbanpromo 2020 - XVII edizione","potentialAction":[{"@type":"SearchAction","target":{"@type":"EntryPoint","urlTemplate":"https:\/\/urbanpromo.it\/2020\/?s={search_term_string}"},"query-input":{"@type":"PropertyValueSpecification","valueRequired":true,"valueName":"search_term_string"}}],"inLanguage":"it-IT"}]}},"_links":{"self":[{"href":"https:\/\/urbanpromo.it\/2020\/wp-json\/wp\/v2\/pages\/7751","targetHints":{"allow":["GET"]}}],"collection":[{"href":"https:\/\/urbanpromo.it\/2020\/wp-json\/wp\/v2\/pages"}],"about":[{"href":"https:\/\/urbanpromo.it\/2020\/wp-json\/wp\/v2\/types\/page"}],"author":[{"embeddable":true,"href":"https:\/\/urbanpromo.it\/2020\/wp-json\/wp\/v2\/users\/1"}],"replies":[{"embeddable":true,"href":"https:\/\/urbanpromo.it\/2020\/wp-json\/wp\/v2\/comments?post=7751"}],"version-history":[{"count":0,"href":"https:\/\/urbanpromo.it\/2020\/wp-json\/wp\/v2\/pages\/7751\/revisions"}],"up":[{"embeddable":true,"href":"https:\/\/urbanpromo.it\/2020\/wp-json\/wp\/v2\/pages\/7746"}],"wp:attachment":[{"href":"https:\/\/urbanpromo.it\/2020\/wp-json\/wp\/v2\/media?parent=7751"}],"curies":[{"name":"wp","href":"https:\/\/api.w.org\/{rel}","templated":true}]}}