{"id":8249,"date":"2017-07-25T10:47:16","date_gmt":"2017-07-25T08:47:16","guid":{"rendered":"http:\/\/urbanpromo.it\/2018\/?page_id=8249"},"modified":"2020-11-16T13:00:35","modified_gmt":"2020-11-16T12:00:35","slug":"temi-milano","status":"publish","type":"page","link":"https:\/\/urbanpromo.it\/2020\/urbanpromo-social-housing\/temi-milano\/","title":{"rendered":"Temi"},"content":{"rendered":"<p>L\u2019<strong>abitare sociale<\/strong> \u00e8 il grande tema al centro di Urbanpromo Social Housing, manifestazione specialistica promossa dall\u2019INU insieme con Fondazione Cariplo e FHS, Fondazione Compagnia di San Paolo e Fondazione Sviluppo e Crescita CRT. Partecipa alla realizzazione della manifestazione CDPi SGR.<br \/>\nDa dieci anni Urbanpromo Social Housing \u00e8 l\u2019unico evento italiano interamente dedicato alle politiche abitative, ai loro strumenti, ai settori e alle modalit\u00e0 di intervento.<br \/>\nIl\u00a0<strong>17<\/strong> e <strong>18 novembre 2020<\/strong>\u00a0si terr\u00e0\u00a0la <strong>X edizione della manifestazione<\/strong>, all\u2019interno della XVII edizione di \u201cUrbanpromo Progetti per il Paese\u201d.<\/p>\n<hr \/>\n<p>Il programma che si sta configurando attraversa, in successione, il tema della domanda di infrastrutture sociali, quello delle risorse finanziarie attivabili e infine quello dell\u2019atterraggio delle risorse nelle citt\u00e0, ossia della capacit\u00e0 di spendere. Il legante di questa successione \u00e8 l\u2019aspirazione alla riduzione delle disuguaglianze, accentuatesi per effetto della pandemia, con diretti riscontri sui contesti urbani. Di seguito le sessioni che concretizzeranno il programma.<\/p>\n<p>Sessione di apertura: &#8220;<strong>Rilanciare le infrastrutture sociali in Italia<\/strong>&#8220;. La sessione prende il nome dal recente Rapporto della High-Level Task Force promosso dalla Fondazione Astrid e dalla Fondazione Collegio Carlo Alberto. Special Rapporteur \u00e8 Edoardo Reviglio. Del gruppo di lavoro sulla infrastruttura &#8220;casa&#8221; fanno parte Luisa Ingaramo, Giordana Ferri e Luca Talluri. La sessione, che si collega a quella sull&#8217;accesso ai finanziamenti europei tenuta due anni fa, sar\u00e0 aperta da ricerche di scenario sulla futura evoluzione della domanda abitativa (Nomisma per gli alloggi pubblici, Cresme per gli alloggi sociali), e verter\u00e0 su una introduzione di Edoardo Reviglio. A partire da \u201cInvestEU\u201d il programma della mattinata si aprir\u00e0 a \u201cNext Generation EU\u201d ed al \u201cRecovery Plan\u201d e quindi, pi\u00f9 in generale, all\u2019esame delle opportunit\u00e0 di finanziamento che saranno attivate a livello europeo. \u00c8 previsto l&#8217;intervento dei Presidenti o Direttori generali delle Fondazioni di origine bancaria e di CDPi.<\/p>\n<p>&#8220;<strong>Abitare il cambiamento. Cosa \u00e8 accaduto all&#8217;housing sociale e come cogliere le opportunit\u00e0 generate dentro e fuori<\/strong>&#8220;, sessione a cura di Fondazione Compagnia di San Paolo sulle iniziative gi\u00e0 attivate e di prossima attivazione per fronteggiare le emergenze sociali prodotte dall&#8217;epidemia. Il programma, in corso di elaborazione, in linea di massima prevede una parte iniziale di carattere frontale, una parte centrale organizzata con tavoli di lavoro e una parte conclusiva in plenaria.<\/p>\n<p>&#8220;<strong>Rigenerazione urbana, Social Housing e comunit\u00e0: il modello britannico tra i villaggi e le citt\u00e0<\/strong>&#8220;, sessione a cura di Fondazione Sviluppo e Crescita CRT. I contatti preliminari hanno registrato la disponibilit\u00e0 ad intervenire di The Prince&#8217;s Fuondation (sulla progettazione urbana sostenibile, il coinvolgimento delle comunit\u00e0, i modelli di investimento in settori strategici quali l&#8217;housing, la salute, la formazione), The National Lottery Fund (ente pubblico che utilizza i fondi raccolti dalla lotteria nazionale per sostenere progetti di rilevante impatto sociale che agiscono sulla salute, l&#8217;ambiente, l&#8217;istruzione, l&#8217;inclusione sociale).<\/p>\n<p>Presentazione di <strong>progetti<\/strong> e <strong>realizzazioni di housing sociale<\/strong> assumendo alcune chiavi di lettura. Ad esempio, come i progetti di housing sociale rispondono alle difficili condizioni di vita e di lavoro innescate dalla diffusione del Covid-19.<\/p>\n","protected":false},"excerpt":{"rendered":"<p>L\u2019abitare sociale \u00e8 il grande tema al centro di Urbanpromo Social Housing, manifestazione specialistica promossa dall\u2019INU insieme con Fondazione Cariplo e FHS, Fondazione Compagnia di San Paolo e Fondazione Sviluppo e Crescita CRT. Partecipa alla realizzazione della manifestazione CDPi SGR. Da dieci anni Urbanpromo Social Housing \u00e8 l\u2019unico evento italiano interamente dedicato alle politiche abitative, &#8230;<\/p>\n","protected":false},"author":2,"featured_media":0,"parent":65,"menu_order":0,"comment_status":"closed","ping_status":"closed","template":"page-templates\/template-page-full.php","meta":{"_acf_changed":false,"footnotes":""},"class_list":["post-8249","page","type-page","status-publish","hentry"],"acf":[],"_links":{"self":[{"href":"https:\/\/urbanpromo.it\/2020\/wp-json\/wp\/v2\/pages\/8249","targetHints":{"allow":["GET"]}}],"collection":[{"href":"https:\/\/urbanpromo.it\/2020\/wp-json\/wp\/v2\/pages"}],"about":[{"href":"https:\/\/urbanpromo.it\/2020\/wp-json\/wp\/v2\/types\/page"}],"author":[{"embeddable":true,"href":"https:\/\/urbanpromo.it\/2020\/wp-json\/wp\/v2\/users\/2"}],"replies":[{"embeddable":true,"href":"https:\/\/urbanpromo.it\/2020\/wp-json\/wp\/v2\/comments?post=8249"}],"version-history":[{"count":0,"href":"https:\/\/urbanpromo.it\/2020\/wp-json\/wp\/v2\/pages\/8249\/revisions"}],"up":[{"embeddable":true,"href":"https:\/\/urbanpromo.it\/2020\/wp-json\/wp\/v2\/pages\/65"}],"wp:attachment":[{"href":"https:\/\/urbanpromo.it\/2020\/wp-json\/wp\/v2\/media?parent=8249"}],"curies":[{"name":"wp","href":"https:\/\/api.w.org\/{rel}","templated":true}]}}