{"id":23780,"date":"2021-10-13T15:46:09","date_gmt":"2021-10-13T13:46:09","guid":{"rendered":"https:\/\/urbanpromo.it\/2021\/?page_id=23780"},"modified":"2021-11-26T10:53:52","modified_gmt":"2021-11-26T09:53:52","slug":"partecipare","status":"publish","type":"page","link":"https:\/\/urbanpromo.it\/2021\/urbanpromo-digital\/partecipare\/","title":{"rendered":""},"content":{"rendered":"<h3><strong>COME PARTECIPARE<\/strong><\/h3>\n<p>La partecipazione a Urbanpromo \u00e8 gratuita.<\/p>\n<p><span style=\"font-size: 1rem\">Dal 16 al 19 novembre si potr\u00e0 partecipare ai convegni con una triplice modalit\u00e0:<\/span><\/p>\n<ul>\n<li><span style=\"font-size: 1rem\">presso il MEET Digital Culture Center<\/span><\/li>\n<li><span style=\"font-size: 1rem\">tramite la piattaforma Zoom di Urbanpromo<\/span><\/li>\n<li><span style=\"font-size: 1rem\">in streaming direttamente dalle pagine di ciascuna iniziativa.<\/span><\/li>\n<\/ul>\n<p><span style=\"font-size: 1rem\">Per partecipare al MEET \u00e8 necessario pre-accreditarsi. Verificata la capienza della sala e la disponibilit\u00e0 di posti la Segreteria invier\u00e0 una mail di conferma contenente il badge.<br \/>\nAll&#8217;ingresso \u00e8 richiesto il Green Pass e saranno applicati i protocolli sanitari previsti dalle disposizioni governative vigenti.<br \/>\n<\/span>La partecipazione tramite la piattaforma Zoom di Urbanpromo <span style=\"font-size: 1rem\">offre la possibilit\u00e0 di interagire con i relatori (chat, interventi live).<\/span><\/p>\n<p>Per effettuare l\u2019iscrizione, selezionare la scheda informativa del convegno di proprio interesse dal mosaico con il palinsesto delle iniziative. Dalla pagina del convegno di proprio interesse, nella colonna a sinistra, selezionare l&#8217;opzione di interesse (MEET o Zoom) e compilare il relativo modulo. \u00c8 <span style=\"font-size: 1rem\">possibile iscriversi anche direttamente dall&#8217;elenco riportato di seguito in questa pagina.<\/span><\/p>\n<p>\u00c8 inoltre possibile seguire la manifestazione anche in modalit\u00e0 streaming dalla pagina di ogni convegno. L\u2019accesso \u00e8 libero previa registrazione al sito.<\/p>\n<hr \/>\n<h4><em>Si segnala che, date le numerose richieste pervenute, per alcuni convegni \u00e8 stata raggiunta la massima capienza consentita. Ulteriori iscrizioni potranno essere effettuate direttamente presso la sede del MEET, in relazione ai posti che eventualmente dovessero liberarsi. Ricordiamo che \u00e8 sempre possibile iscriversi on line ai webinar (dal 15 novembre senza possibilit\u00e0 di conseguimento dei CFP, essendo chiuse le iscrizioni su Im@teria). Ricordiamo inoltre la possibilit\u00e0 di seguire le iniziative in\u00a0streaming nelle pagine dedicate.<\/em><\/h4>\n<hr \/>\n<h3><strong>ARCHITETTI (Crediti Formativi Professionali)<\/strong><\/h3>\n<p>Sono state attivate le procedure per l&#8217;accreditamento delle iniziative di Urbanpromo quali eventi formativi dalla Consulta regionale lombarda degli Ordini degli Architetti Pianificatori Paesaggisti e Conservatori.<\/p>\n<p>Per il conseguimento dei CFP si segnala che ogni architetto dovr\u00e0 effettuare l\u2019iscrizione ai moduli sia per la partecipazione in presenza che tramite Zoom. In fase di iscrizione \u00e8 obbligatorio compilare tutti campi nel modulo di iscrizioni, comunicando il proprio codice fiscale, il numero di iscrizione all\u2019Albo e l\u2019Ordine di riferimento.<\/p>\n<p>Si segnala che \u00e8 <strong>obbligatorio<\/strong> iscriversi anche tramite la piattaforma IM@TERIA.<\/p>\n<p>Per chi partecipa presso il MEET saranno disponibili i fogli firme da compilare e firmare all&#8217;entrata e all&#8217;uscita. Per chi segue tramite Zoom il sistema registra in automatico l\u2019attivit\u00e0 di ogni utente e lo strumento del webinar consente di monitorare la presenza dei discenti per tutta la durata dell\u2019evento. I CFP verranno validati per gli aventi diritto (ovvero dopo verifica del foglio firme e del report generato dal Sistema utilizzato per l\u2019erogazione).<\/p>\n<p>NOTA BENE: Per il riconoscimento dei CFP \u00e8 richiesta la presenza del 100% della durata totale del convegno prescelto. Durante lo svolgimento del convegno, ai partecipanti da remoto saranno posti brevi questionari per verificare l\u2019effettiva presenza durante la trasmissione in diretta.<\/p>\n<p>La visione dei convegni in streaming dal sito non consente il riconoscimento dei CFP.<\/p>\n<p>&nbsp;<\/p>\n<hr \/>\n<h3><strong>INGEGNERI (Crediti Formativi Professionali)<\/strong><\/h3>\n<p>&nbsp;<\/p>\n<p>Una selezione di iniziative sono riconosciute quali eventi formativi dal Consiglio Nazionale Ingegneri.<br \/>\nIn fase di iscrizione \u00e8 obbligatorio comunicare il codice fiscale, il numero di iscrizione all\u2019Albo e l\u2019Ordine di riferimento.<\/p>\n<p>Per chi partecipa presso il MEET saranno disponibili i fogli firme da compilare e firmare all\u2019entrata e all\u2019uscita. Si ricorda che lo strumento del webinar consente di monitorare la presenza dei discenti per tutta la durata dell\u2019evento e che i cfp verranno validati per gli aventi diritto (ovvero dopo verifica del report generato dal Sistema utilizzato per l\u2019erogazione). Per il riconoscimento dei CFP \u00e8 richiesta la presenza per tutta la durata del convegno prescelto (100% dei minuti totali).<\/p>\n<p>Le iniziative riconosciute dal Consiglio Nazionale degli Ingegneri sono le seguenti:<\/p>\n<ul>\n<li>Social housing: attivatore di nuovi modi di abitare e di rigenerazione urbana. Prima sessione<\/li>\n<li>Social housing: attivatore di nuovi modi di abitare e di rigenerazione urbana. Terza sessione<\/li>\n<li>Progetti per la rinascita di parti di citt\u00e0<\/li>\n<li>Le occasioni del PNRR nei quartieri di edilizia residenziale pubblica (Regione Lombardia)<\/li>\n<li>Investire SGR: rigenerare citt\u00e0 e comunit\u00e0<\/li>\n<li>Progetti per nuove centralit\u00e0 urbane a connotazione sportiva. Progetti di social housing<\/li>\n<li>Nuove opportunit\u00e0 per citt\u00e0, territori ed economie urbane<\/li>\n<li>Il Piano Urbanistico Generale (PUG): strategie, dotazioni territoriali e resilienza<\/li>\n<li>Tecnologie digitali come fattori abilitanti per la governance urbana<\/li>\n<li>Spazi in trasformazione: il primo bando italiano dedicato al riuso transitorio e Redo SGR: la rigenerazione urbana a impatto sociale<\/li>\n<li>I Pinqua: i progetti del Programma Innovativo Nazionale per la Qualit\u00e0 dell\u2019Abitare<\/li>\n<li>Pensare al futuro senza prevederlo: la valutazione del rischio e dell\u2019incertezza nelle stime, negli investimenti immobiliari e nelle politiche<\/li>\n<\/ul>\n<p>&nbsp;<\/p>\n<hr \/>\n<h3><strong>RELATORI<\/strong><\/h3>\n<p>I relatori possono partecipare sia in presenza, dal centro di produzione, che da remoto.<br \/>\nIl collegamento da remoto avviene tramite link personale che sar\u00e0 inviato dalla segreteria. Ai relatori che intervengono presso il MEET \u00e8 richiesto di esibire il Green Pass.<br \/>\nI relatori che desiderano ricevere i crediti formativi professionali devono comunicare alla Segreteria i propri dati necessari (codice fiscale, albo di riferimento e provincia, numero di iscrizione).<\/p>\n<p>Per maggiori informazioni (link, ppt, cfp, ecc.) scrivere a:\u00a0<a href=\"mailto:convegni@urbit.it\">convegni@urbit.it<\/a><\/p>\n<p>&nbsp;<\/p>\n<hr \/>\n<h3><strong>LINK ISCRIZIONE<br \/>\n<span style=\"color: #3c60aa\">Social Housing<\/span> | <span style=\"color: #e7542c\">Progetti per il Paese<\/span> | <span style=\"color: #e98bae\">Digital<\/span><\/strong><\/h3>\n<p>&nbsp;<\/p>\n<p><strong>MARTED\u00ec 16 NOVEMBRE 2021<\/strong><\/p>\n<ul>\n<li><span style=\"color: #3c60aa\"><strong>Social Housing: attivatore di nuovi modi di abitare e di rigenerazione urbana. Prima e seconda sessione <\/strong><\/span><br \/>\n[<a href=\"https:\/\/docs.google.com\/forms\/d\/e\/1FAIpQLScwF1B-6_kIJ-onpdvTtdM8slR2qmqkkVeNWVd7FhrTdEB0hw\/viewform?usp=sf_link\">iscrizione prima e seconda sessione al MEET<\/a>]<br \/>\nPrima sessione, on line<a style=\"font-size: 1rem\" href=\"https:\/\/us06web.zoom.us\/webinar\/register\/WN_PHqC0V9rSJymEO5ttbYHcg\"> [iscrizione su ZOOM<\/a><span style=\"font-size: 1rem\">]<br \/>\n<\/span><span style=\"font-size: 1rem\">Seconda sessione, on line [<a href=\"https:\/\/docs.google.com\/forms\/d\/e\/1FAIpQLSe4pS2KBSla582N_6SVULeeExOJUlzX0f0wS0FNjDaw86cpNA\/viewform\">iscrizione on line<\/a>]<\/span><span style=\"color: #ffffff;font-size: 1rem\"><span style=\"color: #ffffff;font-size: 1rem\"><span style=\"color: #ffffff;font-size: 1rem\"><span style=\"color: #ffffff;font-size: 1rem\"><span style=\"color: #ffffff;font-size: 1rem\">_<\/span><\/span><\/span><\/span><\/span><\/li>\n<li><span style=\"color: #e7542c\"><strong>I luoghi della cultura protagonisti della rigenerazione urbana<\/strong><\/span><br \/>\n[<a href=\"https:\/\/us06web.zoom.us\/webinar\/register\/WN_RteWr6Q5Rayo6T_tE_naTg\">iscrizione su ZOOM<\/a>]<\/li>\n<li><span style=\"color: #e7542c\"><strong>Vivere la campagna postpandemica <\/strong><\/span><br \/>\n[<a href=\"https:\/\/us06web.zoom.us\/webinar\/register\/WN_XxXJ1nIGTdmHUMwGrg9Rsg\">iscrizione su ZOOM<\/a>]<\/li>\n<li><span style=\"color: #e7542c\"><strong>Mobilit\u00e0 attiva per la qualit\u00e0 di citt\u00e0 e territori <\/strong><\/span><br \/>\n[<a href=\"https:\/\/us06web.zoom.us\/webinar\/register\/WN_DAEpX7g8ToOzZ6o8vK3ICg\">iscrizione su ZOOM<\/a>]<\/li>\n<li><span style=\"color: #e88aad\"><strong>Climate Action Simulation<br \/>\n<\/strong><span style=\"color: #000000\">[<a href=\"https:\/\/docs.google.com\/forms\/d\/e\/1FAIpQLSffWTTbcXUi2C7MqhQL41g_0WsyV22Rmgfs0ZfgiN_QK5yY0A\/viewform?usp=sf_link\">iscrizione on line<\/a>]<\/span><\/span><\/li>\n<\/ul>\n<p><strong>MERCOLED\u00ec 17 NOVEMBRE 2021<\/strong><\/p>\n<ul>\n<li><span style=\"color: #3c60aa\"><strong>Social Housing: attivatore di nuovi modi di abitare e di rigenerazione urbana. Terza e quarta sessione <\/strong><\/span><br \/>\n[<a href=\"https:\/\/docs.google.com\/forms\/d\/e\/1FAIpQLSeOrvORo-bW_5hCb-xCmT5VHKjsGfY28rl2hPhNRvGhYikwjg\/viewform?usp=sf_link\">iscrizione terza e quarta sessione al MEET<\/a>]<br \/>\n<span style=\"font-size: 1rem\"><span style=\"font-size: 1rem\"><span style=\"font-size: 1rem\">Terza sessione, on line [<a href=\"https:\/\/us06web.zoom.us\/webinar\/register\/WN_15QGc7d1TVOZJnqHKLDGeA\">iscrizione su ZOOM<\/a>]<br \/>\nQuarta sessione, online [<a href=\"https:\/\/docs.google.com\/forms\/d\/e\/1FAIpQLSfyiN1Ua-D0Od1qYqQPbfifVae8lTKYoooy6oD4cLcEME6TxA\/viewform\">iscrizione on line<\/a>]<br \/>\n<\/span><\/span><\/span><\/li>\n<li><span style=\"color: #e7542c\"><strong>Progetti per la rinascita di parti di citt\u00e0<br \/>\n<\/strong><\/span><span style=\"font-size: 1rem\"><span style=\"font-size: 1rem\"><span style=\"font-size: 1rem\">[<a href=\"https:\/\/docs.google.com\/forms\/d\/e\/1FAIpQLSf_RI0iH4lEQF6VHJ7_hgnYE-PQwRgTAKsvr6CX3EzXgUkQHw\/viewform\">iscrizione al MEET<\/a>]<br \/>\n<\/span><\/span><\/span><a style=\"font-size: 1rem\" href=\"https:\/\/us06web.zoom.us\/webinar\/register\/WN_1V9D2M35T5yiWkZxlsokEw\">[iscrizione su ZOOM<\/a><span style=\"font-size: 1rem\">]<\/span><\/li>\n<li><span style=\"color: #e7542c\"><strong>L&#8217;intelligenza della citt\u00e0<\/strong><\/span><br \/>\n[<a href=\"https:\/\/us06web.zoom.us\/webinar\/register\/WN_92icLB6bQXWTO8fGKTvhIA\">iscrizione su ZOOM<\/a>]<\/li>\n<li><span style=\"color: #e7542c\"><span style=\"color: #e7542c\"><strong>Le politiche abitative di Regione Lombardia<br \/>\n<\/strong><span style=\"color: #000000\">[<a href=\"https:\/\/us06web.zoom.us\/webinar\/register\/WN_ycNrRemmRWOxZYKUEZKpAw\">iscrizione su ZOOM<\/a>]<\/span><\/span><\/span><\/li>\n<\/ul>\n<p><strong>GIOVED\u00ec 18 NOVEMBRE 2021<\/strong><\/p>\n<ul>\n<li><span style=\"color: #e7542c\"><strong>InvestiRE SGR: rigenerare citt\u00e0 e territori<br \/>\n<\/strong><\/span><span style=\"font-size: 1rem\">[<a href=\"https:\/\/docs.google.com\/forms\/d\/e\/1FAIpQLSdCEwsKyBmZF6oSh-6sH4X8kUYuzguYIqyecD4nSNfrezRG2A\/viewform\">iscrizione al MEET<\/a>]<br \/>\n<\/span><span style=\"font-size: 1rem\">[<\/span><a style=\"font-size: 1rem\" href=\"https:\/\/us06web.zoom.us\/webinar\/register\/WN_UAGi7EvkR6qMyIOsrPZwbw\">iscrizione su ZOOM<\/a><span style=\"font-size: 1rem\">]<\/span><\/li>\n<li><span style=\"color: #e7542c\"><strong>Progetti per nuove centralit\u00e0 urbane a connotazione sportiva<br \/>\n<\/strong><\/span><span style=\"font-size: 1rem\">[<a href=\"https:\/\/docs.google.com\/forms\/d\/e\/1FAIpQLScpZMc_0h63V5b04HeSqmmuIiAv8gzjIL2bW2UGI7njiL_aCA\/viewform\">iscrizione al MEET<\/a>]<br \/>\n<\/span><span style=\"font-size: 1rem\">[<\/span><a style=\"font-size: 1rem\" href=\"https:\/\/us06web.zoom.us\/webinar\/register\/WN_dGkehNL3R52MYxf8mLhcyA\">iscrizione ZOOM<\/a><span style=\"font-size: 1rem\">]<\/span><\/li>\n<li><span style=\"color: #e7542c\"><strong>Ortoterapia: oltre l&#8217;alimentazione<\/strong><\/span><br \/>\n[<a href=\"https:\/\/us06web.zoom.us\/webinar\/register\/WN_DtLsWQahTRyUpgeUnaawjw\">iscrizione su ZOOM<\/a>]<\/li>\n<li><span style=\"color: #e7542c\"><strong>Biodiversit\u00e0: quali impatti sul futuro di piani o progetti<\/strong><\/span><br \/>\n[<a href=\"https:\/\/us06web.zoom.us\/webinar\/register\/WN_vIqE9vlnQTudv6gUvwFi_g\">iscrizione su ZOOM<\/a>]<\/li>\n<li><span style=\"color: #e98bae\"><strong>Tecnologie digitali come fattori abilitanti per la governance urbana<\/strong><\/span><br \/>\n[<a href=\"https:\/\/us06web.zoom.us\/webinar\/register\/WN_wfK70ipJQa6c_6CNAsg1ag\">iscrizione su ZOOM<\/a>]<\/li>\n<li><span style=\"color: #e7542c\"><strong>Nuove opportunit\u00e0 per citt\u00e0, territori ed economie urbane<\/strong><\/span><br \/>\n<span style=\"font-size: 1rem\">[<a href=\"https:\/\/docs.google.com\/forms\/d\/e\/1FAIpQLSdt-3xtkMckgl0CwoOqlInwVj9VRJ3plarDdw5Z5J6TAQLDUQ\/viewform\">iscrizione al MEET<\/a>]<\/span><br \/>\n[<a href=\"https:\/\/us06web.zoom.us\/webinar\/register\/WN_GzUclLsDRCSG1NKXMxT6eg\">iscrizione su ZOOM<\/a>]<span style=\"color: #ffffff\">_<\/span><\/li>\n<li><span style=\"color: #e7542c\"><strong>Il Piano Urbanistico generale (PUG): strategie, dotazioni territoriali e resilienza<\/strong><\/span><br \/>\n[<a href=\"https:\/\/us06web.zoom.us\/webinar\/register\/WN_Eq6JbnI5QfqRAfuoUVKR4w\">iscrizione su ZOOM<\/a>]<\/li>\n<\/ul>\n<p><strong>VENERD\u00ec 19 NOVEMBRE 2021<\/strong><\/p>\n<ul>\n<li><span style=\"color: #e7542c\"><strong>Spazi in trasformazione: il primo bando italiano dedicato al riuso transitorio<\/strong><\/span><br \/>\n<span style=\"font-size: 1rem\">[<a href=\"https:\/\/docs.google.com\/forms\/d\/e\/1FAIpQLSdEf1d-J_HHhfpg2jkqWNHh3JZKQgzJIOEIvMWVse8FQIrqiw\/viewform\">iscrizione al MEET<\/a>]<\/span><br \/>\n[<a href=\"https:\/\/us06web.zoom.us\/webinar\/register\/WN_-zfwGbJZTRWjjwauni5d5A\">iscrizione su ZOOM<\/a>]<\/li>\n<li><span style=\"color: #e7542c\"><strong>REDO SGR: la rigenerazione urbana a impatto sociale<br \/>\n<\/strong><\/span><span style=\"font-size: 1rem\">[<a href=\"https:\/\/docs.google.com\/forms\/d\/e\/1FAIpQLSeQw61T4kZGikTY1mE4zTGRK8BBgL4iyZq8VPVIDpkd2ro4Yw\/viewform\">iscrizione al MEET<\/a>]<br \/>\n[<a href=\"https:\/\/us06web.zoom.us\/webinar\/register\/WN_Z2yAL49DRWeUjH4g0Oey6A\">iscrizione su ZOOM<\/a>]<br \/>\n<\/span><\/li>\n<li><span style=\"color: #e7542c\"><strong>I PINQUA: i progetti del programma innovativo per la qualit\u00e0 dell&#8217;abitare<\/strong><\/span><br \/>\n<span style=\"font-size: 1rem\">[<a href=\"https:\/\/docs.google.com\/forms\/d\/e\/1FAIpQLSej24LONq0jUSFZC1YJuC1RZIx0KzH1D3H10j4xe00xl_EeIw\/viewform\">iscrizione al MEET<\/a>]<\/span><br \/>\n[<a href=\"https:\/\/us06web.zoom.us\/webinar\/register\/WN_qH6SLHgrSNiOAPCHb7nTzQ\">iscrizione su ZOOM<\/a>]<\/li>\n<li><span style=\"color: #e7542c\"><strong>Pensare al futuro senza prevederlo<br \/>\n<\/strong><\/span>[<a href=\"https:\/\/us06web.zoom.us\/webinar\/register\/WN_zNGvFZeTRluaq_ExdkAr7Q\">iscrizione su ZOOM<\/a>]<\/li>\n<li><strong><span style=\"color: #e7542c\">Carta per i grandi eventi nelle citt\u00e0\u00a0ricche\u00a0di patrimonio culturale<br \/>\n<\/span><\/strong><span style=\"font-size: 1rem\">[<\/span><a style=\"font-size: 1rem\" href=\"https:\/\/us06web.zoom.us\/webinar\/register\/WN_q-qXYm9SRS26Jyr2vQ9wBA\">iscrizione su ZOOM<\/a><span style=\"font-size: 1rem\">]<\/span><\/li>\n<li><span style=\"color: #e7542c\"><strong>L&#8217;accessibilit\u00e0 a 360\u00b0 e l&#8217;inclusione sociale contribuiscono alla vitalit\u00e0 urbana<\/strong><\/span><br \/>\n[<a href=\"https:\/\/us06web.zoom.us\/webinar\/register\/WN_YQSFzC3eSz67MOddhJRbhw\">iscrizione su ZOOM<\/a>]<\/li>\n<\/ul>\n<p>&nbsp;<\/p>\n<div class=\"\">\n<hr \/>\n<\/div>\n<div>\n<h3><b>PRIVACY<\/b><\/h3>\n<p><span style=\"font-size: 1rem\">Iscrivendosi ai convegni\/seminari si acconsente al trattamento dei dati personali indicato nella Privacy Policy secondo Reg. UE 2016\/679. L&#8217;iscrizione comprende l&#8217;inserimento nella newsletter gratuita di Urbanpromo. L&#8217;iscrizione pu\u00f2 essere annullata in qualunque momento.<\/span><\/p>\n<hr \/>\n<p>&nbsp;<\/p>\n<\/div>\n","protected":false},"excerpt":{"rendered":"<p>COME PARTECIPARE La partecipazione a Urbanpromo \u00e8 gratuita. Dal 16 al 19 novembre si potr\u00e0 partecipare ai convegni con una triplice modalit\u00e0: presso il MEET Digital Culture Center tramite la piattaforma Zoom di Urbanpromo in streaming direttamente dalle pagine di ciascuna iniziativa. Per partecipare al MEET \u00e8 necessario pre-accreditarsi. Verificata la capienza della sala e &#8230;<\/p>\n","protected":false},"author":2,"featured_media":0,"parent":22384,"menu_order":0,"comment_status":"closed","ping_status":"closed","template":"","meta":{"_acf_changed":false,"footnotes":""},"class_list":["post-23780","page","type-page","status-publish","hentry"],"acf":[],"yoast_head":"<!-- This site is optimized with the Yoast SEO plugin v27.4 - https:\/\/yoast.com\/product\/yoast-seo-wordpress\/ -->\n<title>- Edizione 2021<\/title>\n<meta name=\"robots\" content=\"index, follow, max-snippet:-1, max-image-preview:large, max-video-preview:-1\" \/>\n<link rel=\"canonical\" href=\"https:\/\/urbanpromo.it\/2021\/urbanpromo-digital\/partecipare\/\" \/>\n<meta property=\"og:locale\" content=\"it_IT\" \/>\n<meta property=\"og:type\" content=\"article\" \/>\n<meta property=\"og:title\" content=\"- Edizione 2021\" \/>\n<meta property=\"og:description\" content=\"COME PARTECIPARE La partecipazione a Urbanpromo \u00e8 gratuita. Dal 16 al 19 novembre si potr\u00e0 partecipare ai convegni con una triplice modalit\u00e0: presso il MEET Digital Culture Center tramite la piattaforma Zoom di Urbanpromo in streaming direttamente dalle pagine di ciascuna iniziativa. Per partecipare al MEET \u00e8 necessario pre-accreditarsi. Verificata la capienza della sala e ...\" \/>\n<meta property=\"og:url\" content=\"https:\/\/urbanpromo.it\/2021\/urbanpromo-digital\/partecipare\/\" \/>\n<meta property=\"og:site_name\" content=\"Edizione 2021\" \/>\n<meta property=\"article:modified_time\" content=\"2021-11-26T09:53:52+00:00\" \/>\n<meta name=\"twitter:card\" content=\"summary_large_image\" \/>\n<meta name=\"twitter:label1\" content=\"Est. reading time\" \/>\n\t<meta name=\"twitter:data1\" content=\"6 minuti\" \/>\n<script type=\"application\/ld+json\" class=\"yoast-schema-graph\">{\"@context\":\"https:\\\/\\\/schema.org\",\"@graph\":[{\"@type\":\"WebPage\",\"@id\":\"https:\\\/\\\/urbanpromo.it\\\/2021\\\/urbanpromo-digital\\\/partecipare\\\/\",\"url\":\"https:\\\/\\\/urbanpromo.it\\\/2021\\\/urbanpromo-digital\\\/partecipare\\\/\",\"name\":\"- Edizione 2021\",\"isPartOf\":{\"@id\":\"https:\\\/\\\/urbanpromo.it\\\/2021\\\/#website\"},\"datePublished\":\"2021-10-13T13:46:09+00:00\",\"dateModified\":\"2021-11-26T09:53:52+00:00\",\"breadcrumb\":{\"@id\":\"https:\\\/\\\/urbanpromo.it\\\/2021\\\/urbanpromo-digital\\\/partecipare\\\/#breadcrumb\"},\"inLanguage\":\"it-IT\",\"potentialAction\":[{\"@type\":\"ReadAction\",\"target\":[\"https:\\\/\\\/urbanpromo.it\\\/2021\\\/urbanpromo-digital\\\/partecipare\\\/\"]}]},{\"@type\":\"BreadcrumbList\",\"@id\":\"https:\\\/\\\/urbanpromo.it\\\/2021\\\/urbanpromo-digital\\\/partecipare\\\/#breadcrumb\",\"itemListElement\":[{\"@type\":\"ListItem\",\"position\":1,\"name\":\"Home\",\"item\":\"https:\\\/\\\/urbanpromo.it\\\/2021\\\/\"},{\"@type\":\"ListItem\",\"position\":2,\"name\":\"TEMI\",\"item\":\"https:\\\/\\\/urbanpromo.it\\\/2021\\\/urbanpromo-digital\\\/\"}]},{\"@type\":\"WebSite\",\"@id\":\"https:\\\/\\\/urbanpromo.it\\\/2021\\\/#website\",\"url\":\"https:\\\/\\\/urbanpromo.it\\\/2021\\\/\",\"name\":\"Edizione 2021\",\"description\":\"Urbanpromo 2020 - XVII edizione\",\"potentialAction\":[{\"@type\":\"SearchAction\",\"target\":{\"@type\":\"EntryPoint\",\"urlTemplate\":\"https:\\\/\\\/urbanpromo.it\\\/2021\\\/?s={search_term_string}\"},\"query-input\":{\"@type\":\"PropertyValueSpecification\",\"valueRequired\":true,\"valueName\":\"search_term_string\"}}],\"inLanguage\":\"it-IT\"}]}<\/script>\n<!-- \/ Yoast SEO plugin. -->","yoast_head_json":{"title":"- Edizione 2021","robots":{"index":"index","follow":"follow","max-snippet":"max-snippet:-1","max-image-preview":"max-image-preview:large","max-video-preview":"max-video-preview:-1"},"canonical":"https:\/\/urbanpromo.it\/2021\/urbanpromo-digital\/partecipare\/","og_locale":"it_IT","og_type":"article","og_title":"- Edizione 2021","og_description":"COME PARTECIPARE La partecipazione a Urbanpromo \u00e8 gratuita. Dal 16 al 19 novembre si potr\u00e0 partecipare ai convegni con una triplice modalit\u00e0: presso il MEET Digital Culture Center tramite la piattaforma Zoom di Urbanpromo in streaming direttamente dalle pagine di ciascuna iniziativa. Per partecipare al MEET \u00e8 necessario pre-accreditarsi. Verificata la capienza della sala e ...","og_url":"https:\/\/urbanpromo.it\/2021\/urbanpromo-digital\/partecipare\/","og_site_name":"Edizione 2021","article_modified_time":"2021-11-26T09:53:52+00:00","twitter_card":"summary_large_image","twitter_misc":{"Est. reading time":"6 minuti"},"schema":{"@context":"https:\/\/schema.org","@graph":[{"@type":"WebPage","@id":"https:\/\/urbanpromo.it\/2021\/urbanpromo-digital\/partecipare\/","url":"https:\/\/urbanpromo.it\/2021\/urbanpromo-digital\/partecipare\/","name":"- Edizione 2021","isPartOf":{"@id":"https:\/\/urbanpromo.it\/2021\/#website"},"datePublished":"2021-10-13T13:46:09+00:00","dateModified":"2021-11-26T09:53:52+00:00","breadcrumb":{"@id":"https:\/\/urbanpromo.it\/2021\/urbanpromo-digital\/partecipare\/#breadcrumb"},"inLanguage":"it-IT","potentialAction":[{"@type":"ReadAction","target":["https:\/\/urbanpromo.it\/2021\/urbanpromo-digital\/partecipare\/"]}]},{"@type":"BreadcrumbList","@id":"https:\/\/urbanpromo.it\/2021\/urbanpromo-digital\/partecipare\/#breadcrumb","itemListElement":[{"@type":"ListItem","position":1,"name":"Home","item":"https:\/\/urbanpromo.it\/2021\/"},{"@type":"ListItem","position":2,"name":"TEMI","item":"https:\/\/urbanpromo.it\/2021\/urbanpromo-digital\/"}]},{"@type":"WebSite","@id":"https:\/\/urbanpromo.it\/2021\/#website","url":"https:\/\/urbanpromo.it\/2021\/","name":"Edizione 2021","description":"Urbanpromo 2020 - XVII edizione","potentialAction":[{"@type":"SearchAction","target":{"@type":"EntryPoint","urlTemplate":"https:\/\/urbanpromo.it\/2021\/?s={search_term_string}"},"query-input":{"@type":"PropertyValueSpecification","valueRequired":true,"valueName":"search_term_string"}}],"inLanguage":"it-IT"}]}},"_links":{"self":[{"href":"https:\/\/urbanpromo.it\/2021\/wp-json\/wp\/v2\/pages\/23780","targetHints":{"allow":["GET"]}}],"collection":[{"href":"https:\/\/urbanpromo.it\/2021\/wp-json\/wp\/v2\/pages"}],"about":[{"href":"https:\/\/urbanpromo.it\/2021\/wp-json\/wp\/v2\/types\/page"}],"author":[{"embeddable":true,"href":"https:\/\/urbanpromo.it\/2021\/wp-json\/wp\/v2\/users\/2"}],"replies":[{"embeddable":true,"href":"https:\/\/urbanpromo.it\/2021\/wp-json\/wp\/v2\/comments?post=23780"}],"version-history":[{"count":0,"href":"https:\/\/urbanpromo.it\/2021\/wp-json\/wp\/v2\/pages\/23780\/revisions"}],"up":[{"embeddable":true,"href":"https:\/\/urbanpromo.it\/2021\/wp-json\/wp\/v2\/pages\/22384"}],"wp:attachment":[{"href":"https:\/\/urbanpromo.it\/2021\/wp-json\/wp\/v2\/media?parent=23780"}],"curies":[{"name":"wp","href":"https:\/\/api.w.org\/{rel}","templated":true}]}}