{"id":7751,"date":"2017-07-10T18:06:30","date_gmt":"2017-07-10T16:06:30","guid":{"rendered":"http:\/\/urbanpromo.it\/2018\/?page_id=7751"},"modified":"2021-09-20T14:10:21","modified_gmt":"2021-09-20T12:10:21","slug":"partecipare","status":"publish","type":"page","link":"https:\/\/urbanpromo.it\/2021\/urbanpromo-green\/partecipare\/","title":{"rendered":"Partecipare"},"content":{"rendered":"<hr \/>\n<h3><strong>COME PARTECIPARE<\/strong><\/h3>\n<p>La partecipazione a Urbanpromo Green \u00e8 gratuita.<\/p>\n<p><span style=\"font-size: 1rem\">Il 15 e 16 settembre si potr\u00e0 partecipare ai convegni tramite la piattaforma Zoom di Urbanpromo, che offre anche la possibilit\u00e0 di interagire con i relatori, collegandosi attraverso il link presente nella mail con la conferma di iscrizione.\u00a0<\/span><\/p>\n<p>Per effettuare l\u2019iscrizione, selezionare la scheda informativa del convegno di proprio interesse dal mosaico con il palinsesto delle iniziative. Dalla pagina del convegno di proprio interesse, nella colonna a sinistra, selezionare l&#8217;opzione &#8220;<strong>ISCRIVITI<\/strong>&#8221; e compilare il modulo dati richiesto. \u00c8\u00a0<span style=\"font-size: 1rem\">possibile iscriversi anche direttamente nell&#8217;elenco riportato di seguito in questa pagina.<\/span><\/p>\n<p>\u00c8 inoltre possibile seguire la manifestazione anche in modalit\u00e0 streaming dalla pagina di ogni convegno. L\u2019accesso \u00e8 libero previa registrazione al sito.<\/p>\n<p>&nbsp;<\/p>\n<hr \/>\n<h3><strong>ARCHITETTI (Crediti Formativi Professionali)<\/strong><\/h3>\n<p>Le iniziative di Urbanpromo Green sono riconosciute quali eventi formativi dall\u2019Ordine degli Architetti della provincia di Venezia.<\/p>\n<p>Per il conseguimento dei CFP si segnala che ogni architetto dovr\u00e0 effettuare l\u2019iscrizione al webinar con indirizzo email univoco (il sistema conserva e gestisce le prenotazioni a partire dall\u2019indirizzo email). In fase di iscrizione <strong><u>\u00e8 obbligatorio<\/u><\/strong> compilare tutti campi nel modulo di iscrizioni, comunicando il proprio codice fiscale, il numero di iscrizione all\u2019Albo e l\u2019Ordine di riferimento.<\/p>\n<p>Si ricorda che il sistema registra in automatico l\u2019attivit\u00e0 di ogni utente e lo strumento del webinar consente di monitorare la presenza dei discenti per tutta la durata dell\u2019evento. I CFP verranno validati per gli aventi diritto (ovvero dopo verifica del report generato dal Sistema utilizzato per l\u2019erogazione).<\/p>\n<p><strong>NOTA BENE<\/strong>: Per il riconoscimento dei CFP \u00e8 richiesta <strong>la presenza del 100% <\/strong>della durata totale del convegno prescelto. Durante lo svolgimento del convegno saranno posti brevi questionari per verificare l\u2019effettiva presenza durante lo streaming. La visione dei convegni in streaming dal sito non consente il riconoscimento dei CFP.<\/p>\n<p>&nbsp;<\/p>\n<div class=\"\">\n<hr \/>\n<\/div>\n<div>\n<h3><b>PRIVACY<\/b><\/h3>\n<p><span style=\"font-size: 1rem\">Iscrivendosi ai convegni\/seminari si acconsente al trattamento dei dati personali indicato nella Privacy Policy secondo Reg. UE 2016\/679. E&#8217; inclusa l&#8217;iscrizione alla newsletter gratuita di Urbanpromo. L&#8217;iscrizione pu\u00f2 essere annullata in qualunque momento.<\/span><\/p>\n<hr \/>\n<p>&nbsp;<\/p>\n<\/div>\n","protected":false},"excerpt":{"rendered":"<p>COME PARTECIPARE La partecipazione a Urbanpromo Green \u00e8 gratuita. Il 15 e 16 settembre si potr\u00e0 partecipare ai convegni tramite la piattaforma Zoom di Urbanpromo, che offre anche la possibilit\u00e0 di interagire con i relatori, collegandosi attraverso il link presente nella mail con la conferma di iscrizione.\u00a0 Per effettuare l\u2019iscrizione, selezionare la scheda informativa del &#8230;<\/p>\n","protected":false},"author":1,"featured_media":0,"parent":7746,"menu_order":0,"comment_status":"closed","ping_status":"closed","template":"page-templates\/template-page-full.php","meta":{"_acf_changed":false,"footnotes":""},"class_list":["post-7751","page","type-page","status-publish","hentry"],"acf":[],"yoast_head":"<!-- This site is optimized with the Yoast SEO plugin v27.4 - https:\/\/yoast.com\/product\/yoast-seo-wordpress\/ -->\n<title>Partecipare - Edizione 2021<\/title>\n<meta name=\"robots\" content=\"index, follow, max-snippet:-1, max-image-preview:large, max-video-preview:-1\" \/>\n<link rel=\"canonical\" href=\"https:\/\/urbanpromo.it\/2021\/urbanpromo-green\/partecipare\/\" \/>\n<meta property=\"og:locale\" content=\"it_IT\" \/>\n<meta property=\"og:type\" content=\"article\" \/>\n<meta property=\"og:title\" content=\"Partecipare - Edizione 2021\" \/>\n<meta property=\"og:description\" content=\"COME PARTECIPARE La partecipazione a Urbanpromo Green \u00e8 gratuita. Il 15 e 16 settembre si potr\u00e0 partecipare ai convegni tramite la piattaforma Zoom di Urbanpromo, che offre anche la possibilit\u00e0 di interagire con i relatori, collegandosi attraverso il link presente nella mail con la conferma di iscrizione.\u00a0 Per effettuare l\u2019iscrizione, selezionare la scheda informativa del ...\" \/>\n<meta property=\"og:url\" content=\"https:\/\/urbanpromo.it\/2021\/urbanpromo-green\/partecipare\/\" \/>\n<meta property=\"og:site_name\" content=\"Edizione 2021\" \/>\n<meta property=\"article:modified_time\" content=\"2021-09-20T12:10:21+00:00\" \/>\n<meta name=\"twitter:card\" content=\"summary_large_image\" \/>\n<meta name=\"twitter:label1\" content=\"Est. reading time\" \/>\n\t<meta name=\"twitter:data1\" content=\"2 minuti\" \/>\n<script type=\"application\/ld+json\" class=\"yoast-schema-graph\">{\"@context\":\"https:\\\/\\\/schema.org\",\"@graph\":[{\"@type\":\"WebPage\",\"@id\":\"https:\\\/\\\/urbanpromo.it\\\/2021\\\/urbanpromo-green\\\/partecipare\\\/\",\"url\":\"https:\\\/\\\/urbanpromo.it\\\/2021\\\/urbanpromo-green\\\/partecipare\\\/\",\"name\":\"Partecipare - Edizione 2021\",\"isPartOf\":{\"@id\":\"https:\\\/\\\/urbanpromo.it\\\/2021\\\/#website\"},\"datePublished\":\"2017-07-10T16:06:30+00:00\",\"dateModified\":\"2021-09-20T12:10:21+00:00\",\"breadcrumb\":{\"@id\":\"https:\\\/\\\/urbanpromo.it\\\/2021\\\/urbanpromo-green\\\/partecipare\\\/#breadcrumb\"},\"inLanguage\":\"it-IT\",\"potentialAction\":[{\"@type\":\"ReadAction\",\"target\":[\"https:\\\/\\\/urbanpromo.it\\\/2021\\\/urbanpromo-green\\\/partecipare\\\/\"]}]},{\"@type\":\"BreadcrumbList\",\"@id\":\"https:\\\/\\\/urbanpromo.it\\\/2021\\\/urbanpromo-green\\\/partecipare\\\/#breadcrumb\",\"itemListElement\":[{\"@type\":\"ListItem\",\"position\":1,\"name\":\"Home\",\"item\":\"https:\\\/\\\/urbanpromo.it\\\/2021\\\/\"},{\"@type\":\"ListItem\",\"position\":2,\"name\":\"Urbanpromo GREEN\",\"item\":\"https:\\\/\\\/urbanpromo.it\\\/2021\\\/urbanpromo-green\\\/\"},{\"@type\":\"ListItem\",\"position\":3,\"name\":\"Partecipare\"}]},{\"@type\":\"WebSite\",\"@id\":\"https:\\\/\\\/urbanpromo.it\\\/2021\\\/#website\",\"url\":\"https:\\\/\\\/urbanpromo.it\\\/2021\\\/\",\"name\":\"Edizione 2021\",\"description\":\"Urbanpromo 2020 - XVII edizione\",\"potentialAction\":[{\"@type\":\"SearchAction\",\"target\":{\"@type\":\"EntryPoint\",\"urlTemplate\":\"https:\\\/\\\/urbanpromo.it\\\/2021\\\/?s={search_term_string}\"},\"query-input\":{\"@type\":\"PropertyValueSpecification\",\"valueRequired\":true,\"valueName\":\"search_term_string\"}}],\"inLanguage\":\"it-IT\"}]}<\/script>\n<!-- \/ Yoast SEO plugin. -->","yoast_head_json":{"title":"Partecipare - Edizione 2021","robots":{"index":"index","follow":"follow","max-snippet":"max-snippet:-1","max-image-preview":"max-image-preview:large","max-video-preview":"max-video-preview:-1"},"canonical":"https:\/\/urbanpromo.it\/2021\/urbanpromo-green\/partecipare\/","og_locale":"it_IT","og_type":"article","og_title":"Partecipare - Edizione 2021","og_description":"COME PARTECIPARE La partecipazione a Urbanpromo Green \u00e8 gratuita. Il 15 e 16 settembre si potr\u00e0 partecipare ai convegni tramite la piattaforma Zoom di Urbanpromo, che offre anche la possibilit\u00e0 di interagire con i relatori, collegandosi attraverso il link presente nella mail con la conferma di iscrizione.\u00a0 Per effettuare l\u2019iscrizione, selezionare la scheda informativa del ...","og_url":"https:\/\/urbanpromo.it\/2021\/urbanpromo-green\/partecipare\/","og_site_name":"Edizione 2021","article_modified_time":"2021-09-20T12:10:21+00:00","twitter_card":"summary_large_image","twitter_misc":{"Est. reading time":"2 minuti"},"schema":{"@context":"https:\/\/schema.org","@graph":[{"@type":"WebPage","@id":"https:\/\/urbanpromo.it\/2021\/urbanpromo-green\/partecipare\/","url":"https:\/\/urbanpromo.it\/2021\/urbanpromo-green\/partecipare\/","name":"Partecipare - Edizione 2021","isPartOf":{"@id":"https:\/\/urbanpromo.it\/2021\/#website"},"datePublished":"2017-07-10T16:06:30+00:00","dateModified":"2021-09-20T12:10:21+00:00","breadcrumb":{"@id":"https:\/\/urbanpromo.it\/2021\/urbanpromo-green\/partecipare\/#breadcrumb"},"inLanguage":"it-IT","potentialAction":[{"@type":"ReadAction","target":["https:\/\/urbanpromo.it\/2021\/urbanpromo-green\/partecipare\/"]}]},{"@type":"BreadcrumbList","@id":"https:\/\/urbanpromo.it\/2021\/urbanpromo-green\/partecipare\/#breadcrumb","itemListElement":[{"@type":"ListItem","position":1,"name":"Home","item":"https:\/\/urbanpromo.it\/2021\/"},{"@type":"ListItem","position":2,"name":"Urbanpromo GREEN","item":"https:\/\/urbanpromo.it\/2021\/urbanpromo-green\/"},{"@type":"ListItem","position":3,"name":"Partecipare"}]},{"@type":"WebSite","@id":"https:\/\/urbanpromo.it\/2021\/#website","url":"https:\/\/urbanpromo.it\/2021\/","name":"Edizione 2021","description":"Urbanpromo 2020 - XVII edizione","potentialAction":[{"@type":"SearchAction","target":{"@type":"EntryPoint","urlTemplate":"https:\/\/urbanpromo.it\/2021\/?s={search_term_string}"},"query-input":{"@type":"PropertyValueSpecification","valueRequired":true,"valueName":"search_term_string"}}],"inLanguage":"it-IT"}]}},"_links":{"self":[{"href":"https:\/\/urbanpromo.it\/2021\/wp-json\/wp\/v2\/pages\/7751","targetHints":{"allow":["GET"]}}],"collection":[{"href":"https:\/\/urbanpromo.it\/2021\/wp-json\/wp\/v2\/pages"}],"about":[{"href":"https:\/\/urbanpromo.it\/2021\/wp-json\/wp\/v2\/types\/page"}],"author":[{"embeddable":true,"href":"https:\/\/urbanpromo.it\/2021\/wp-json\/wp\/v2\/users\/1"}],"replies":[{"embeddable":true,"href":"https:\/\/urbanpromo.it\/2021\/wp-json\/wp\/v2\/comments?post=7751"}],"version-history":[{"count":0,"href":"https:\/\/urbanpromo.it\/2021\/wp-json\/wp\/v2\/pages\/7751\/revisions"}],"up":[{"embeddable":true,"href":"https:\/\/urbanpromo.it\/2021\/wp-json\/wp\/v2\/pages\/7746"}],"wp:attachment":[{"href":"https:\/\/urbanpromo.it\/2021\/wp-json\/wp\/v2\/media?parent=7751"}],"curies":[{"name":"wp","href":"https:\/\/api.w.org\/{rel}","templated":true}]}}