{"id":3896,"date":"2016-07-15T10:12:00","date_gmt":"2016-07-15T08:12:00","guid":{"rendered":"http:\/\/analogforecast.com\/2016\/?page_id=3896"},"modified":"2022-06-09T10:31:18","modified_gmt":"2022-06-09T08:31:18","slug":"temi-citta","status":"publish","type":"page","link":"https:\/\/urbanpromo.it\/2022\/urbanpromo-progetto-paese\/temi-citta\/","title":{"rendered":"Temi"},"content":{"rendered":"<p>Dall&#8217;<strong>11 al<\/strong>\u00a0<strong>14 ottobre 2022<\/strong>\u00a0si tiene a <strong>Torino<\/strong>, presso <a href=\"https:\/\/urbanpromo.it\/2022\/cascina-fossata\/\"><strong>Cascina Fossata<\/strong><\/a>,\u00a0la\u00a0<strong>XIX edizione<\/strong>\u00a0di <strong>Urbanpromo Progetti per il Paese<\/strong>. Nella cornice della rigenerazione urbana e del partenariato pubblico privato, sono presentati progetti e iniziative che spiccano nel panorama nazionale per il forte carattere innovativo dei loro approcci e dei loro contenuti. A presentarli sono i loro protagonisti: promotori pubblici e privati, progettisti, gestori.<\/p>\n<hr \/>\n<p>Urbanpromo 2022 porta a sintesi unitaria i quattro grandi temi che nel corso del tempo sono emersi dal campo di osservazione della manifestazione.<br \/>\nIn ordine cronologico: Citt\u00e0, Social Housing, Green, Digital.<br \/>\nIl filone \u201c<strong>Urbanpromo Citt\u00e0<\/strong>\u201d attualizza l\u2019originaria focalizzazione della manifestazione sulle trasformazioni urbanistiche della citt\u00e0, ponendo al centro della propria attenzione alcune questioni che oggi rivestono una particolare importanza.<\/p>\n<p>La prima di esse, dominante, \u00e8 costituita dalle <strong>progettualit\u00e0 attivate per le citt\u00e0 dalle risorse del PNRR \u2013 Piano Nazionale di Ripresa e Resilienza<\/strong>.<br \/>\nUrbanpromo sar\u00e0 la qualificata sede di presentazione dei progetti pi\u00f9 rilevanti finanziati ad esito dei bandi emanati nelle missioni PNRR di interesse per la citt\u00e0: <strong>PINQuA<\/strong>, <strong>PUI<\/strong>, <strong>Borghi<\/strong>.<\/p>\n<ul>\n<li><strong>PINQuA: i progetti del Programma Innovativo Nazionale per la Qualit\u00e0 dell\u2019Abitare<\/strong>. Urbanpromo 2022 fotografer\u00e0 lo stato di avanzamento dei progetti PINQuA finanziati dal MIMS. Verr\u00e0 presentata una selezione dei progetti pi\u00f9 rispondenti agli obiettivi del Programma: riduzione del degrado delle periferie, efficientamento dell\u2019edilizia residenziale pubblica, rigenerazione urbana.<\/li>\n<\/ul>\n<ul>\n<li><strong>PUI: Piani Urbani Integrati<\/strong>. Verranno presentati i progetti individuati dalle Citt\u00e0 Metropolitane che prevedono investimenti volti al miglioramento di ampie aree urbane degradate lungo tre direttrici: la rifunzionalizzazione di spazi e strutture pubbliche, il potenziamento dei servizi e delle attivit\u00e0 culturali e sportive; lo sviluppo delle <em>smart cities<\/em>,con particolare riferimento ai trasporti ed al consumo energetico.<\/li>\n<\/ul>\n<ul>\n<li><strong>Attrattivit\u00e0 dei Borghi<\/strong>. Un focus sar\u00e0 dedicato ai progetti finanziati che si prefiggono di realizzare il rilancio socio-economico insieme con il recupero del patrimonio storico-artistico di borghi disabitati o in stato di declino, o anche progetti locali di rigenerazione culturale per contrastare lo spopolamento dei borghi.<\/li>\n<\/ul>\n<p>I <strong>progetti finanziati dal PNRR<\/strong> saranno presentati <strong>in iniziative ad essi specificamente dedicate, <\/strong>appositamente costruite in relazione alle segnalazioni ricevute, o collocati in convegni che ne inseriscono le progettualit\u00e0 <strong>in cornici urbanistiche pi\u00f9 ampie<\/strong>.<br \/>\nFra questi ultimi sono in corso di preparazione le seguenti iniziative:<\/p>\n<ul>\n<li><strong>La formazione di nuovi Piani Urbanistici Generali le cui previsioni sono in parte gi\u00e0 poste in attuazione grazie alle risorse PNRR nel frattempo acquisite dai Comuni. <\/strong>Urbanpromo sar\u00e0 sede di presentazione, approfondimento e confronto fra Citt\u00e0 che si distinguono per la capacit\u00e0 di guardare al futuro e di acquisire risorse di cui stanno dando prova le loro Amministrazioni. E\u2019 in corso la selezione dei casi.<\/li>\n<\/ul>\n<ul>\n<li><strong>Il PNRR come occasione per le Citt\u00e0 Metropolitane di sprigionare la loro capacit\u00e0 di coordinamento. <\/strong>Alcune Citt\u00e0 Metropolitane, gi\u00e0 impegnate nella pianificazione strategica e territoriale, stanno mostrando di saper svolgere con efficacia un essenziale ruolo di coordinamento dei piccoli Comuni e delle loro Unioni per la partecipazione ai bandi PNRR. Talvolta questo coordinamento e la connessa acquisizione di risorse si innestano in pi\u00f9 articolate politiche di riequilibrio territoriale. E\u2019 in corso la selezione dei casi.<\/li>\n<\/ul>\n<ul>\n<li><strong>Il driver culturale della rigenerazione urbana. PNRR e Cultura: dai Borghi all\u2019intelligenza artificiale<\/strong>. La cultura come elemento potente e completo per innescare i processi di sviluppo e cambiamento. In questa cornice sar\u00e0 presentata una selezione dei progetti finanziati nell\u2019ambito dell\u2019Investimento 2.1 e sar\u00e0 aperta una riflessione &#8211; in collaborazione con il Ministero della Cultura e la Rete delle Citt\u00e0 Creative \u2013 sulle valorizzazioni territoriali che le Capitali Italiane della Cultura, a partire da Procida, hanno realizzato o si prefiggono di realizzare.<\/li>\n<\/ul>\n<p>Ulteriori focalizzazioni tematiche sono in corso di svolgimento. Fra le altre si segnala:<\/p>\n<p><strong>Gli approcci alla rigenerazione urbana praticati dagli operatori economici del settore privato<\/strong>. L\u2019utilit\u00e0 del partenariato pubblico-privato e pubblico-privato sociale attraverso la presentazione di casi emblematici.<\/p>\n<p><strong>La co-progettazione e la co-gestione di spazi pubblici urbani<\/strong> <strong>in abbandono da rigenerare<\/strong>. Presentazione di esperienze e analisi di metodologie progettuali.<\/p>\n<p><strong>Il ruolo strategico del terziario di mercato per la vitalit\u00e0 dei tessuti urbani.<\/strong><\/p>\n<p><strong>Il mercato delle costruzioni negli anni del PNRR e della guerra in Ucraina. <\/strong>Le dinamiche sul fronte della domanda, dell\u2019offerta e dei costi. I riflessi sugli investimenti pubblici e privati nella rigenerazione urbana.<\/p>\n<p><strong>La dimensione temporale all\u2019interno delle valutazioni.<\/strong> La scelta del saggio di sconto nelle valutazioni private e pubbliche. Gli aspetti teorici ed operativi relativi alla scelta del saggio nella stima di immobili mediante la capitalizzazione dei redditi e nella valutazione di investimenti immobiliari che prevedono la stima mediante lo sconto all\u2019attualit\u00e0 dei flussi di cassa. Seminario scientifico della SIEV\u00a0\u2013 Societ\u00e0 Italiana di Estimo e Valutazione.<\/p>\n<p><strong>Citt\u00e0 accessibili a tutti<\/strong>. <strong>Un Patto per l\u2019Urbanistica. <\/strong>Da una sperimentazione con 8 citt\u00e0 italiane (Udine, Mantova, Livorno, Genova, Ancona, Reggio Emilia, Spello e Catania) soluzioni per governare la frammentazione e formare una \u201cvisione Paese\u201d.<\/p>\n<p><strong>Una riflessione sulle politiche urbane oggi in Italia<\/strong> a partire dai dati dell\u2019Osservatorio dal Territorio dell\u2019Istituto Nazionale di Urbanistica.<\/p>\n<p>Inoltre nel corso della manifestazione:<\/p>\n<p><strong>Cerimonia di conferimento del Premio URBANISTICA 2022<\/strong>. A cura di INU\/URBIT e della rivista URBANISTICA.<br \/>\nIn occasione di Urbanpromo URBANISTICA, la rivista statutaria dell\u2019INU edita dal 1930, promuove il concorso che porta il suo nome allo scopo di valorizzare i progetti che maggiormente sono stati apprezzati dai partecipanti alla manifestazione. \u00a0Quest\u2019anno saranno premiati i progetti esposti nelle edizioni 2020 e 2021, selezionati mediante votazione segreta online.<br \/>\nIl Premio \u00e8 stato assegnato ai primi tre classificati nelle seguenti categorie:<br \/>\n&#8211; rigenerazione ambientale, economica e sociale<br \/>\n&#8211; innovazioni tecnologiche per la gestione urbana<br \/>\n&#8211; nuove modalit\u00e0\u00a0dell\u2019abitare e del produrre<\/p>\n","protected":false},"excerpt":{"rendered":"<p>Dall&#8217;11 al\u00a014 ottobre 2022\u00a0si tiene a Torino, presso Cascina Fossata,\u00a0la\u00a0XIX edizione\u00a0di Urbanpromo Progetti per il Paese. Nella cornice della rigenerazione urbana e del partenariato pubblico privato, sono presentati progetti e iniziative che spiccano nel panorama nazionale per il forte carattere innovativo dei loro approcci e dei loro contenuti. A presentarli sono i loro protagonisti: promotori &#8230;<\/p>\n","protected":false},"author":2,"featured_media":0,"parent":3888,"menu_order":0,"comment_status":"closed","ping_status":"closed","template":"page-templates\/template-page-full.php","meta":{"_acf_changed":false,"footnotes":""},"class_list":["post-3896","page","type-page","status-publish","hentry"],"acf":[],"_links":{"self":[{"href":"https:\/\/urbanpromo.it\/2022\/wp-json\/wp\/v2\/pages\/3896","targetHints":{"allow":["GET"]}}],"collection":[{"href":"https:\/\/urbanpromo.it\/2022\/wp-json\/wp\/v2\/pages"}],"about":[{"href":"https:\/\/urbanpromo.it\/2022\/wp-json\/wp\/v2\/types\/page"}],"author":[{"embeddable":true,"href":"https:\/\/urbanpromo.it\/2022\/wp-json\/wp\/v2\/users\/2"}],"replies":[{"embeddable":true,"href":"https:\/\/urbanpromo.it\/2022\/wp-json\/wp\/v2\/comments?post=3896"}],"version-history":[{"count":0,"href":"https:\/\/urbanpromo.it\/2022\/wp-json\/wp\/v2\/pages\/3896\/revisions"}],"up":[{"embeddable":true,"href":"https:\/\/urbanpromo.it\/2022\/wp-json\/wp\/v2\/pages\/3888"}],"wp:attachment":[{"href":"https:\/\/urbanpromo.it\/2022\/wp-json\/wp\/v2\/media?parent=3896"}],"curies":[{"name":"wp","href":"https:\/\/api.w.org\/{rel}","templated":true}]}}