{"id":50487,"date":"2023-01-26T11:31:29","date_gmt":"2023-01-26T10:31:29","guid":{"rendered":"https:\/\/urbanpromo.it\/2022\/?page_id=50487"},"modified":"2023-02-24T14:58:20","modified_gmt":"2023-02-24T13:58:20","slug":"letture-2023","status":"publish","type":"page","link":"https:\/\/urbanpromo.it\/2022\/urbanpromo-letture\/letture-2023\/","title":{"rendered":"Letture 2023"},"content":{"rendered":"<p>Per la primavera 2023 Urbanpromo Letture rinnova la proposta di una serie di incontri dedicati alla presentazione di pubblicazioni realizzate nell\u2019ambito delle iniziative editoriali dell\u2019INU o comunque su temi di interesse per l\u2019Istituto.<\/p>\n<p>\u201cTesti&amp;pretesti\u201d \u00e8 il titolo del nuovo ciclo con cui si intende sottolineare che il pregio dei lavori presentati consiste nell\u2019offrire un ampio ventaglio di spunti ed elementi di conoscenza e di riflessione su aspetti rilevanti dell\u2019urbanistica contemporanea e del governo del territorio.<\/p>\n<p>L\u2019evento di apertura si terr\u00e0 mercoled\u00ec 8 febbraio ed i successivi incontri si svolgeranno il primo mercoled\u00ec di ogni mese, fino al luglio 2023.<br \/>\nCome consuetudine, in occasione di ogni appuntamento si animer\u00e0 una riflessione a pi\u00f9 voci, con l\u2019autore, sulle questioni poste dalla lettura prescelta.<\/p>\n","protected":false},"excerpt":{"rendered":"<p>Per la primavera 2023 Urbanpromo Letture rinnova la proposta di una serie di incontri dedicati alla presentazione di pubblicazioni realizzate nell\u2019ambito delle iniziative editoriali dell\u2019INU o comunque su temi di interesse per l\u2019Istituto. \u201cTesti&amp;pretesti\u201d \u00e8 il titolo del nuovo ciclo con cui si intende sottolineare che il pregio dei lavori presentati consiste nell\u2019offrire un ampio &#8230;<\/p>\n","protected":false},"author":2,"featured_media":0,"parent":22738,"menu_order":0,"comment_status":"closed","ping_status":"closed","template":"page-templates\/template-page-full.php","meta":{"_acf_changed":false,"footnotes":""},"class_list":["post-50487","page","type-page","status-publish","hentry"],"acf":[],"_links":{"self":[{"href":"https:\/\/urbanpromo.it\/2022\/wp-json\/wp\/v2\/pages\/50487","targetHints":{"allow":["GET"]}}],"collection":[{"href":"https:\/\/urbanpromo.it\/2022\/wp-json\/wp\/v2\/pages"}],"about":[{"href":"https:\/\/urbanpromo.it\/2022\/wp-json\/wp\/v2\/types\/page"}],"author":[{"embeddable":true,"href":"https:\/\/urbanpromo.it\/2022\/wp-json\/wp\/v2\/users\/2"}],"replies":[{"embeddable":true,"href":"https:\/\/urbanpromo.it\/2022\/wp-json\/wp\/v2\/comments?post=50487"}],"version-history":[{"count":0,"href":"https:\/\/urbanpromo.it\/2022\/wp-json\/wp\/v2\/pages\/50487\/revisions"}],"up":[{"embeddable":true,"href":"https:\/\/urbanpromo.it\/2022\/wp-json\/wp\/v2\/pages\/22738"}],"wp:attachment":[{"href":"https:\/\/urbanpromo.it\/2022\/wp-json\/wp\/v2\/media?parent=50487"}],"curies":[{"name":"wp","href":"https:\/\/api.w.org\/{rel}","templated":true}]}}