{"id":7751,"date":"2017-07-10T18:06:30","date_gmt":"2017-07-10T16:06:30","guid":{"rendered":"http:\/\/urbanpromo.it\/2018\/?page_id=7751"},"modified":"2022-11-10T10:34:11","modified_gmt":"2022-11-10T09:34:11","slug":"partecipare","status":"publish","type":"page","link":"https:\/\/urbanpromo.it\/2022\/partecipare\/","title":{"rendered":"Partecipare"},"content":{"rendered":"<p>Dall&#8217;11 al 14 ottobre si potr\u00e0 partecipare ai convegni con una triplice modalit\u00e0:<\/p>\n<ul>\n<li>presso Cascina Fossata a Torino;<\/li>\n<li>tramite la piattaforma Zoom di Urbanpromo;<\/li>\n<li>in streaming sul sito urbanpromo.it direttamente dalle pagine di ciascun convegno.<\/li>\n<\/ul>\n<div class=\"page\" title=\"Page 4\">\n<div class=\"layoutArea\">\n<div class=\"column\">\n<p>La partecipazione alle iniziative, in presenza o tramite webinar e streaming e\u0300 gratuita.<\/p>\n<p>Partecipazione in presenza a Cascina Fossata:<\/p>\n<ul>\n<li>\u00e8 possibile accreditarsi utilizzando il modulo di iscrizione unico presente in fondo a questa pagina e disponibile nelle pagine dei singoli convegni;<\/li>\n<li>i posti a sedere non sono garantiti. L\u2019ingresso alle sale convegno \u00e8 consentito fino al raggiungimento della capienza massima assentita.<\/li>\n<\/ul>\n<p>Partecipazione da remoto tramite Zoom:<\/p>\n<ul>\n<li>\u00e8 possibile accreditarsi utilizzando i moduli previsti per le iniziative disponibili in fondo a questa pagina e nelle pagine dei singoli convegni;<\/li>\n<li>il sistema registra l\u2019iscrizione e invia delle mail di conferma e promemoria;<\/li>\n<li>il link \u00e8 personale e non \u00e8 cedibile.<\/li>\n<\/ul>\n<\/div>\n<\/div>\n<\/div>\n<p>\u00c8 possibile seguire la manifestazione anche in modalit\u00e0 streaming sul sito urbanpromo.it dalla pagina di ogni convegno o direttamente da Youtube. L\u2019accesso \u00e8 libero previa registrazione gratuita al sito.<\/p>\n<p>&nbsp;<\/p>\n<hr \/>\n<div>\n<h3><strong>ARCHITETTI (Crediti Formativi Professionali)<\/strong><\/h3>\n<p>Le iniziative di Urbanpromo sono accreditate quali eventi formativi dall\u2019Ordine degli Architetti PPC di Torino.<\/p>\n<p>Per il conseguimento dei CFP ogni architetto dovr\u00e0 effettuare l\u2019iscrizione sia per la partecipazione in presenza che tramite Zoom. In fase di iscrizione \u00e8 obbligatorio compilare tutti campi\u00a0<u>comunicando il proprio codice fiscale, il numero di iscrizione all\u2019Albo e l\u2019Ordine di appartenenza<\/u>.<\/p>\n<p>Per chi partecipa presso Cascina Fossata saranno disponibili presso la reception i fogli firme da compilare e firmare all\u2019entrata e all\u2019uscita.<\/p>\n<p>Per chi segue tramite Zoom il sistema registra in automatico l\u2019attivit\u00e0 di ogni utente e lo strumento del webinar consente di monitorare la presenza dei discenti per tutta la durata dell\u2019evento. I CFP verranno validati per gli aventi diritto (ovvero dopo verifica del foglio firme e del report generato dal Sistema utilizzato per l\u2019erogazione).<\/p>\n<p><b>Si ricorda che per l\u2019ottenimento dei 4 CFP previsti per ogni mezza giornata studio \u00e8 obbligatorio presenziare per la durata prevista per l\u2019iniziativa (4 ore).<\/b><\/p>\n<p>La visione dei convegni in streaming dal sito non consente il riconoscimento dei CFP.<\/p>\n<p><b>Si richiede, a titolo collaborativo, di non sollecitare l\u2019Organizzatore prima della scadenza dei 60 giorni.<\/b><\/p>\n<p>&nbsp;<\/p>\n<hr \/>\n<div>\n<h3><strong>GEOMETRI (Crediti Formativi Professionali)<\/strong><\/h3>\n<p>Una selezione di iniziative sono riconosciute quali eventi formativi dal Collegio dei Geometri e G. L. di Torino e Provincia.<\/p>\n<p>Per il conseguimento dei CFP ogni geometra dovr\u00e0 effettuare l\u2019iscrizione sia per la partecipazione in presenza che tramite Zoom. In fase di iscrizione \u00e8 obbligatorio compilare tutti i campi e <u>comunicare il codice fiscale, il numero di iscrizione all\u2019Albo e l\u2019Ordine di appartenenza<\/u>.<\/p>\n<p>Per chi partecipa presso Cascina Fossata saranno disponibili presso la reception i fogli firme da compilare e firmare all\u2019entrata e all\u2019uscita.<\/p>\n<p>Per chi segue tramite Zoom il sistema registra in automatico l\u2019attivit\u00e0 di ogni utente e lo strumento del webinar consente di monitorare la presenza dei discenti per tutta la durata dell\u2019evento. I CFP verranno validati per gli aventi diritto (ovvero dopo verifica del foglio firme e del report generato dal Sistema utilizzato per l\u2019erogazione).<\/p>\n<p>La visione dei convegni in streaming dal sito non consente il riconoscimento dei CFP.<\/p>\n<p><strong>Le iniziative riconosciute dal Collegio dei Geometri sono:<\/strong><\/p>\n<ul>\n<li><a style=\"font-size: 1rem\" href=\"https:\/\/urbanpromo.it\/2022\/eventi\/la-dimensione-temporale-allinterno-delle-valutazioni\/\">Citt\u00e0 | La scelta del saggio di sconto nelle valutazioni private e pubbliche. Rischio, tempo, valore nelle sfide dello sviluppo urbano. Prima sessione. Il tasso di sconto privato (4 CFP)<\/a><\/li>\n<li><a style=\"font-size: 1rem\" href=\"https:\/\/urbanpromo.it\/2022\/eventi\/la-dimensione-temporale-allinterno-delle-valutazioni-seconda-sessione\/\">Green| La scelta del saggio di sconto nelle valutazioni private e pubbliche. Rischio, tempo, valore nelle sfide dello sviluppo urbano. Seconda sessione. Il tasso di sconto sociale (4CFP)<\/a><\/li>\n<\/ul>\n<\/div>\n<p>&nbsp;<\/p>\n<hr \/>\n<div>\n<h3><strong>INGEGNERI (Crediti Formativi Professionali)<\/strong><\/h3>\n<p><b>Una selezione di iniziative sono riconosciute quali eventi formativi dall\u2019Ordine degli Ingegneri di Torino.<\/b><\/p>\n<p>Per il conseguimento dei CFP ogni ingegnere dovr\u00e0 effettuare l\u2019iscrizione sia per la partecipazione in presenza che tramite Zoom. In fase di iscrizione \u00e8 obbligatorio compilare tutti i campi e <u>comunicare il codice fiscale, il numero di iscrizione all\u2019Albo e l\u2019Ordine di appartenenza<\/u>.<\/p>\n<p>Per chi partecipa presso Cascina Fossata saranno disponibili presso la reception i fogli firme da compilare e firmare all\u2019entrata e all\u2019uscita. <strong><u>I CFP in presenza sono riconosciuti a tutti gli ingegneri a prescindere dall\u2019Ordine territoriale di appartenenza.<\/u><\/strong><\/p>\n<p>Per chi partecipa tramite Zoom si ricorda che lo strumento del webinar consente di monitorare la presenza dei discenti per tutta la durata dell\u2019evento e che i cfp verranno validati per gli aventi diritto (ovvero dopo verifica del report generato dal Sistema utilizzato per l\u2019erogazione). <span style=\"text-decoration: underline\"><strong>I CFP conseguiti tramite webinar sono riconosciti ai soli ingegneri iscritti all\u2019Ordine di Torino.<\/strong><\/span><\/p>\n<p>Si ricorda di verificare per ciascun convegno accreditato il corrispondente numero di crediti formativi professionali riconosciuto. Si rammento che \u00e8 richiesta la presenza per tutta la durata del convegno.<\/p>\n<div>\n<p><strong>Le iniziative riconosciute dall&#8217;Ordine degli Ingegneri di Torino sono le seguenti:<\/strong><\/p>\n<p style=\"padding-left: 40px\"><strong>marted\u00ec 11 ottobre<\/strong><\/p>\n<\/div>\n<ul>\n<li>Social Housing | Urbanpromo Social Housing primo modulo. Seconda sessione: Rigenerare parti di citt\u00e0 attraverso progetti di sistema<\/li>\n<li>Citt\u00e0 | Il driver culturale della rigenerazione urbana. PNRR e Cultura dai Borghi all\u2019intelligenza artificiale<\/li>\n<li>Green |Materiali e tecnologie per un\u2019edilizia sostenibile e socialmente inclusiva<\/li>\n<li><span lang=\"EN-US\">Social Housing | Urbanpromo Social Housing secondo modulo. <\/span>Leggere la citt\u00e0 in trasformazione per dialogare con gli abitanti<\/li>\n<li>Green | Come invertire i processi di degrado dei paesaggi<\/li>\n<li>Green |Piani e progetti per la biodiversit\u00e0 urbana e la gestione sostenibile del suolo<\/li>\n<li>Citt\u00e0 | La rigenerazione degli spazi pubblici urbani<\/li>\n<li>Citt\u00e0 | Riflessioni sulla pianificazione territoriale regionale. Un confronto fra le Regioni Piemonte, Liguria, Lombardia e Veneto.<\/li>\n<\/ul>\n<p style=\"padding-left: 40px\"><strong>mercoled\u00ec 12 ottobre<\/strong><\/p>\n<\/div>\n<div>\n<ul>\n<li>Citt\u00e0 | Patto per l\u2019urbanistica citt\u00e0 accessibili a tutti. Da una sperimentazione con 8 citt\u00e0 italiane soluzioni per governare la frammentazione verso una visione Paese<\/li>\n<li>Green| Servizi ecosistemici e pianificazione territoriale: percorsi applicativi tra Ricerca e Pubblica Amministrazione<\/li>\n<li>Citt\u00e0 | Il driver culturale della rigenerazione urbana. I Nuovi soggetti protagonisti della rigenerazione: Le reti di citt\u00e0<\/li>\n<li><span style=\"font-size: 1em\">Citt\u00e0 | Dopo trent\u2019anni. Acquisizione di senso delle citt\u00e0 metropolitane. il PNRR, con la composizione dei PUI, ha fatto emergere percorsi diversi di riconoscimenti ed appartenenza alle citt\u00e0 metropolitane<\/span><\/li>\n<li>Green | Energia per la citt\u00e0: ieri, oggi, domani: la trasformazione urbana delle citt\u00e0 climaticamente neutrali al 2030<\/li>\n<li>Green| Mobilit\u00e0 attiva cura la citt\u00e0. Politiche, piani e progetti per il benessere urbano<\/li>\n<\/ul>\n<\/div>\n<p style=\"padding-left: 40px\"><strong>gioved\u00ec 13 ottobre<\/strong><\/p>\n<div>\n<ul>\n<li>Citt\u00e0 | Il piano urbanistico delle citt\u00e0 e la sua realizzazione attraverso i bandi PNRR: opportunit\u00e0 e criticit\u00e0<\/li>\n<li>Citt\u00e0 | Turismo e PNRR<\/li>\n<li>Green | POST-UNLOCK. Azioni e linee di intervento per la citt\u00e0 circolare resiliente<\/li>\n<li>Citt\u00e0 | Ridare la vita a parti di citt\u00e0 in abbandono o sottoutilizzate<\/li>\n<li>Green | Le comunit\u00e0 energetiche rinnovabili<\/li>\n<li>Citt\u00e0 | La scelta del saggio di sconto nelle valutazioni private e pubbliche. Rischio, tempo, valore nelle sfide dello sviluppo urbano. Prima sessione. Il tasso di sconto privato<\/li>\n<\/ul>\n<p style=\"padding-left: 40px\"><strong>venerd\u00ec 14 ottobre<\/strong><\/p>\n<ul>\n<li>Citt\u00e0 | La Valorizzazione sociale, ambientale ed economica delle aree non pi\u00f9 funzionali al servizio ferroviario<\/li>\n<li>Citt\u00e0 | Quale citt\u00e0 pubblica dopo il PNRR?<\/li>\n<li>Green| La scelta del saggio di sconto nelle valutazioni private e pubbliche. Rischio, tempo, valore nelle sfide dello sviluppo urbano. Seconda sessione. Il tasso di sconto sociale.<\/li>\n<li>Green | UPhD GREEN 2022. Collaborative Sustainability. Strategie, progetti, strumenti e modelli di valutazione per l\u2019attivazione dello sviluppo sostenibile<\/li>\n<li>Green | L\u2019estensione delle pratiche valutative: il principio DNSH<\/li>\n<li>Digital | Le forme del futuro: tecnologie digitali a supporto della resilienza territoriale. Prima sessione<\/li>\n<li>Digital | Le forme del futuro: tecnologie digitali a supporto della resilienza territoriale. Seconda sessione<\/li>\n<\/ul>\n<p><span style=\"font-size: 1rem\">La visione dei convegni in streaming dal sito non consente il riconoscimento dei CFP.<\/span><\/p>\n<div>\n<p><b>Si richiede, a titolo collaborativo, di non sollecitare l\u2019Organizzatore prima della scadenza dei 60 giorni.<\/b><\/p>\n<p>&nbsp;<\/p>\n<\/div>\n<hr \/>\n<h3><strong>RELATORI<\/strong><\/h3>\n<p>I relatori possono partecipare sia in presenza presso Cascina Fossata che da remoto e sono accreditati d\u2019ufficio dalla Segreteria.<\/p>\n<p><strong>IMPORTANTE:\u00a0<\/strong><strong>I relatori che desiderano ricevere i Crediti Formativi Professionali devono comunicare alla Segreteria i propri dati necessari (codice fiscale, albo di riferimento e provincia, numero di iscrizione\/matricola).<\/strong><\/p>\n<p>Per maggiori informazioni scrivere a:\u00a0<a href=\"mailto:convegni@urbit.it\">convegni@urbit.it\u00a0<\/a><\/p>\n<div class=\"\">\n<hr \/>\n<\/div>\n<div>\n<h3><b>PRIVACY<\/b><\/h3>\n<p><span style=\"font-size: 1rem\">Iscrivendosi ai convegni\/seminari si acconsente al trattamento dei dati personali indicato nella Privacy Policy secondo Reg. UE 2016\/679. L&#8217;iscrizione comprende l&#8217;inserimento nella newsletter gratuita di Urbanpromo. L&#8217;iscrizione pu\u00f2 essere annullata in qualunque momento.<\/span><\/p>\n<\/div>\n<div>\n<hr \/>\n<\/div>\n<p>&nbsp;<\/p>\n<\/div>\n<\/div>\n","protected":false},"excerpt":{"rendered":"<p>Dall&#8217;11 al 14 ottobre si potr\u00e0 partecipare ai convegni con una triplice modalit\u00e0: presso Cascina Fossata a Torino; tramite la piattaforma Zoom di Urbanpromo; in streaming sul sito urbanpromo.it direttamente dalle pagine di ciascun convegno. La partecipazione alle iniziative, in presenza o tramite webinar e streaming e\u0300 gratuita. Partecipazione in presenza a Cascina Fossata: \u00e8 &#8230;<\/p>\n","protected":false},"author":1,"featured_media":0,"parent":0,"menu_order":0,"comment_status":"closed","ping_status":"closed","template":"page-templates\/template-page-full.php","meta":{"_acf_changed":false,"footnotes":""},"class_list":["post-7751","page","type-page","status-publish","hentry"],"acf":[],"yoast_head":"<!-- This site is optimized with the Yoast SEO plugin v27.4 - https:\/\/yoast.com\/product\/yoast-seo-wordpress\/ -->\n<title>Partecipare - Edizione 2022<\/title>\n<meta name=\"robots\" content=\"index, follow, max-snippet:-1, max-image-preview:large, max-video-preview:-1\" \/>\n<link rel=\"canonical\" href=\"https:\/\/urbanpromo.it\/2022\/partecipare\/\" \/>\n<meta property=\"og:locale\" content=\"it_IT\" \/>\n<meta property=\"og:type\" content=\"article\" \/>\n<meta property=\"og:title\" content=\"Partecipare - Edizione 2022\" \/>\n<meta property=\"og:description\" content=\"Dall&#8217;11 al 14 ottobre si potr\u00e0 partecipare ai convegni con una triplice modalit\u00e0: presso Cascina Fossata a Torino; tramite la piattaforma Zoom di Urbanpromo; in streaming sul sito urbanpromo.it direttamente dalle pagine di ciascun convegno. La partecipazione alle iniziative, in presenza o tramite webinar e streaming e\u0300 gratuita. Partecipazione in presenza a Cascina Fossata: \u00e8 ...\" \/>\n<meta property=\"og:url\" content=\"https:\/\/urbanpromo.it\/2022\/partecipare\/\" \/>\n<meta property=\"og:site_name\" content=\"Edizione 2022\" \/>\n<meta property=\"article:modified_time\" content=\"2022-11-10T09:34:11+00:00\" \/>\n<meta name=\"twitter:card\" content=\"summary_large_image\" \/>\n<meta name=\"twitter:label1\" content=\"Est. reading time\" \/>\n\t<meta name=\"twitter:data1\" content=\"7 minuti\" \/>\n<script type=\"application\/ld+json\" class=\"yoast-schema-graph\">{\"@context\":\"https:\\\/\\\/schema.org\",\"@graph\":[{\"@type\":\"WebPage\",\"@id\":\"https:\\\/\\\/urbanpromo.it\\\/2022\\\/partecipare\\\/\",\"url\":\"https:\\\/\\\/urbanpromo.it\\\/2022\\\/partecipare\\\/\",\"name\":\"Partecipare - Edizione 2022\",\"isPartOf\":{\"@id\":\"https:\\\/\\\/urbanpromo.it\\\/2022\\\/#website\"},\"datePublished\":\"2017-07-10T16:06:30+00:00\",\"dateModified\":\"2022-11-10T09:34:11+00:00\",\"breadcrumb\":{\"@id\":\"https:\\\/\\\/urbanpromo.it\\\/2022\\\/partecipare\\\/#breadcrumb\"},\"inLanguage\":\"it-IT\",\"potentialAction\":[{\"@type\":\"ReadAction\",\"target\":[\"https:\\\/\\\/urbanpromo.it\\\/2022\\\/partecipare\\\/\"]}]},{\"@type\":\"BreadcrumbList\",\"@id\":\"https:\\\/\\\/urbanpromo.it\\\/2022\\\/partecipare\\\/#breadcrumb\",\"itemListElement\":[{\"@type\":\"ListItem\",\"position\":1,\"name\":\"Home\",\"item\":\"https:\\\/\\\/urbanpromo.it\\\/2022\\\/\"},{\"@type\":\"ListItem\",\"position\":2,\"name\":\"Partecipare\"}]},{\"@type\":\"WebSite\",\"@id\":\"https:\\\/\\\/urbanpromo.it\\\/2022\\\/#website\",\"url\":\"https:\\\/\\\/urbanpromo.it\\\/2022\\\/\",\"name\":\"Edizione 2022\",\"description\":\"Urbanpromo 2020 - XVII edizione\",\"potentialAction\":[{\"@type\":\"SearchAction\",\"target\":{\"@type\":\"EntryPoint\",\"urlTemplate\":\"https:\\\/\\\/urbanpromo.it\\\/2022\\\/?s={search_term_string}\"},\"query-input\":{\"@type\":\"PropertyValueSpecification\",\"valueRequired\":true,\"valueName\":\"search_term_string\"}}],\"inLanguage\":\"it-IT\"}]}<\/script>\n<!-- \/ Yoast SEO plugin. -->","yoast_head_json":{"title":"Partecipare - Edizione 2022","robots":{"index":"index","follow":"follow","max-snippet":"max-snippet:-1","max-image-preview":"max-image-preview:large","max-video-preview":"max-video-preview:-1"},"canonical":"https:\/\/urbanpromo.it\/2022\/partecipare\/","og_locale":"it_IT","og_type":"article","og_title":"Partecipare - Edizione 2022","og_description":"Dall&#8217;11 al 14 ottobre si potr\u00e0 partecipare ai convegni con una triplice modalit\u00e0: presso Cascina Fossata a Torino; tramite la piattaforma Zoom di Urbanpromo; in streaming sul sito urbanpromo.it direttamente dalle pagine di ciascun convegno. La partecipazione alle iniziative, in presenza o tramite webinar e streaming e\u0300 gratuita. Partecipazione in presenza a Cascina Fossata: \u00e8 ...","og_url":"https:\/\/urbanpromo.it\/2022\/partecipare\/","og_site_name":"Edizione 2022","article_modified_time":"2022-11-10T09:34:11+00:00","twitter_card":"summary_large_image","twitter_misc":{"Est. reading time":"7 minuti"},"schema":{"@context":"https:\/\/schema.org","@graph":[{"@type":"WebPage","@id":"https:\/\/urbanpromo.it\/2022\/partecipare\/","url":"https:\/\/urbanpromo.it\/2022\/partecipare\/","name":"Partecipare - Edizione 2022","isPartOf":{"@id":"https:\/\/urbanpromo.it\/2022\/#website"},"datePublished":"2017-07-10T16:06:30+00:00","dateModified":"2022-11-10T09:34:11+00:00","breadcrumb":{"@id":"https:\/\/urbanpromo.it\/2022\/partecipare\/#breadcrumb"},"inLanguage":"it-IT","potentialAction":[{"@type":"ReadAction","target":["https:\/\/urbanpromo.it\/2022\/partecipare\/"]}]},{"@type":"BreadcrumbList","@id":"https:\/\/urbanpromo.it\/2022\/partecipare\/#breadcrumb","itemListElement":[{"@type":"ListItem","position":1,"name":"Home","item":"https:\/\/urbanpromo.it\/2022\/"},{"@type":"ListItem","position":2,"name":"Partecipare"}]},{"@type":"WebSite","@id":"https:\/\/urbanpromo.it\/2022\/#website","url":"https:\/\/urbanpromo.it\/2022\/","name":"Edizione 2022","description":"Urbanpromo 2020 - XVII edizione","potentialAction":[{"@type":"SearchAction","target":{"@type":"EntryPoint","urlTemplate":"https:\/\/urbanpromo.it\/2022\/?s={search_term_string}"},"query-input":{"@type":"PropertyValueSpecification","valueRequired":true,"valueName":"search_term_string"}}],"inLanguage":"it-IT"}]}},"_links":{"self":[{"href":"https:\/\/urbanpromo.it\/2022\/wp-json\/wp\/v2\/pages\/7751","targetHints":{"allow":["GET"]}}],"collection":[{"href":"https:\/\/urbanpromo.it\/2022\/wp-json\/wp\/v2\/pages"}],"about":[{"href":"https:\/\/urbanpromo.it\/2022\/wp-json\/wp\/v2\/types\/page"}],"author":[{"embeddable":true,"href":"https:\/\/urbanpromo.it\/2022\/wp-json\/wp\/v2\/users\/1"}],"replies":[{"embeddable":true,"href":"https:\/\/urbanpromo.it\/2022\/wp-json\/wp\/v2\/comments?post=7751"}],"version-history":[{"count":0,"href":"https:\/\/urbanpromo.it\/2022\/wp-json\/wp\/v2\/pages\/7751\/revisions"}],"wp:attachment":[{"href":"https:\/\/urbanpromo.it\/2022\/wp-json\/wp\/v2\/media?parent=7751"}],"curies":[{"name":"wp","href":"https:\/\/api.w.org\/{rel}","templated":true}]}}