{"id":50883,"date":"2023-07-18T12:58:29","date_gmt":"2023-07-18T10:58:29","guid":{"rendered":"https:\/\/urbanpromo.it\/2023\/?page_id=50883"},"modified":"2025-08-28T11:19:31","modified_gmt":"2025-08-28T09:19:31","slug":"chi-siamo","status":"publish","type":"page","link":"https:\/\/urbanpromo.it\/2024\/chi-siamo\/","title":{"rendered":"Chi siamo"},"content":{"rendered":"<p style=\"font-weight: 400\">Chi siamo<\/p>\n<h2 style=\"font-weight: 400\">URBANPROMO \u00c8\u2026<\/h2>\n<p style=\"font-weight: 400\">Urbanpromo \u2013 Progetti per il Paese \u00e8 l\u2019evento culturale di riferimento sul grande tema della rigenerazione urbana, intesa come processo di strategie, politiche, azioni, finalizzate alla realizzazione di uno sviluppo urbano sostenibile.<\/p>\n<p style=\"font-weight: 400\">Urbanpromo \u00e8 la sede privilegiata per:<\/p>\n<ul style=\"font-weight: 400\">\n<li>conoscere e far conoscere progetti ed esperienze di contenuto innovativo;<\/li>\n<li>comprendere le peculiarit\u00e0 dei nuovi approcci alle problematiche urbanistiche, immobiliari e sociali in ambito urbano;<\/li>\n<li>creare le premesse per progetti di investimento in partenariato pubblico privato;<\/li>\n<li>stabilire relazioni con rappresentanti di Amministrazioni pubbliche, Societ\u00e0 private, Universit\u00e0 e Istituti di ricerca, Studi professionali.<\/li>\n<li>offrire la possibilit\u00e0 di un aggiornamento avanzato ad amministratori, operatori economici, professionisti, ricercatori sulle questioni di maggior rilievo del panorama italiano e internazionale.<\/li>\n<\/ul>\n<p style=\"font-weight: 400\">Attraverso un intenso programma di convegni online e in presenza, un\u2019esposizione di progetti, alcune pubblicazioni di diffusione nazionale, Urbanpromo affronta in modo trasversale i punti nodali della rigenerazione urbana: l\u2019attivazione degli investimenti tramite il partenariato pubblico-privato, l\u2019efficienza energetica, la mobilit\u00e0 sostenibile, la valorizzazione dei patrimoni immobiliari, il social housing, il finanziamento privato delle opere pubbliche, la fiscalit\u00e0 immobiliare, le prospettive del mercato immobiliare.<\/p>\n<p style=\"font-weight: 400\">Urbanpromo si articola in quattro temi: \u201cUrbanpromo Citt\u00e0\u201d, \u201cUrbanpromo Social Housing\u201d, \u201cUrbanpromo Green\u201d e \u201cUrbanpromo Digital\u201d.<\/p>\n<p style=\"font-weight: 400\">La costruzione del programma culturale avviene mediante due linee di lavoro. Per un verso, un Comitato tecnico-scientifico formato dai rappresentati di INU\/Urbit, Compagnia di San Paolo, Fondazione Cariplo, Fondazione Sviluppo e Crescita CRT e CDP Investimenti, definisce le iniziative di comune interesse fra cui \u201cUrbanpromo Social Housing\u201d. Per l\u2019altro, un analogo organismo, interamente composto da soci INU, individua e sviluppa ulteriori temi di attualit\u00e0, avvalendosi dell\u2019attivit\u00e0 di ricerca e monitoraggio condotta dall\u2019Istituto in ambito nazionale. Il programma di \u201cUrbanpromo Green\u201d \u00e8 allestito da un gruppo di lavoro misto dell\u2019INU e dell\u2019Universit\u00e0 Iuav di Venezia.<\/p>\n<p>&nbsp;<\/p>\n<h2 style=\"font-weight: 400\">URBIT \u00c8\u2026<\/h2>\n<p style=\"font-weight: 400\">Urbanpromo \u00e8 promosso dall\u2019INU \u2013 Istituto Nazionale di Urbanistica, ente di diritto pubblico di alta cultura e di coordinamento tecnico, ed \u00e8 organizzato da URBIT \u2013 Urbanistica Italiana Srl, societ\u00e0 strumentale dell\u2019INU per lo svolgimento di eventi culturali e di attivit\u00e0 di consulenza. URBIT \u00e8 un organismo no profit, i cui eventuali utili concorrono a sostenere le attivit\u00e0 culturali dell\u2019INU.<\/p>\n<p style=\"font-weight: 400\">Il presidente ed il direttore di URBIT, il suo Consiglio di Amministrazione, il Comitato Tecnico e i rappresentanti regionali, prestano la loro attivit\u00e0 in forma gratuita, con il solo rimborso delle spese di missione documentate, regolate da criteri di economicit\u00e0.<\/p>\n<p>&nbsp;<\/p>\n<h3 style=\"font-weight: 400\">Organi, Dirigenti, strutture istituzionali<\/h3>\n<p><strong>Comitato di Indirizzo<br \/>\n<\/strong>Andrea Arcidiacono, Tancredi Attin\u00e0, Carlo Alberto Barbieri, Gianni Biagi, Filippo Catena, Cristina Chiavarino, Giuseppe De Luca, Giordana Ferri, Umberto Lebruto, Anna Marino, Ennio Nonni, Iginio Rossi, Vittorio Salmoni, Stefano Stanghellini, Michele Talia, Marco Tamburini, Paolo Testa, Bianca Viarizzo, Francesca Zaccagnini<\/p>\n<p><strong>Segreteria Tecnica del Comitato di Indirizzo<\/strong><br \/>\nEgle Bianco, Lorella Campi, David Casagrande (Marcadent), Ilaria Fazio, Maria Laura Galassi, Susanna Holm, Monica Moschini, Anna Rabbia, Silvia Rizzo, Francesca Spigarolo<\/p>\n<p style=\"font-weight: 400\"><strong>Consiglio di Amministrazione di URBIT<br \/>\n<\/strong>Andrea Arcidiacono, Gianni Biagi (Presidente) (<a href=\"mailto:biagi@urbit.it\">biagi@urbit.it<\/a>), Ennio Nonni, Iginio Rossi (<a href=\"mailto:iginio.rossi@inu.it\">iginio.rossi@inu.it<\/a>), Vittorio Salmoni (<a href=\"mailto:salmoni@urbit.it\">salmoni@urbit.it<\/a>), Michele Talia, Marco Tamburini<\/p>\n<p style=\"font-weight: 400\"><strong>Consiglio Scientifico di Urbit<br \/>\n<\/strong>Carlo Alberto Barbieri, Giuseppe De Luca, Giulia Fini, Carolina Giaimo, Francesco Musco, Simone Ombuen, Pierluigi Properzi, Marichela Sepe, Stefano Stanghellini (Presidente) (<a href=\"mailto:stanghellini@urbit.it\">stanghellini@urbit.it<\/a>)<\/p>\n<p>&nbsp;<\/p>\n<h3 style=\"font-weight: 400\">Staff Urbanpromo<\/h3>\n<p><strong>Segreteria organizzativa<\/strong><br \/>\nCesare Baldazzi, <a href=\"mailto:tesoreria@urbit.it\">tesoreria@urbit.it<\/a><br \/>\nSilvia D&#8217;Armento, <a href=\"mailto:segreteria@urbit.it\">segreteria@urbit.it<\/a><br \/>\nMarta de Leo,\u00a0<a href=\"mailto:organizzazione@urbit.it\">organizzazione@urbit.it<\/a> \u2013 <a href=\"mailto:digital@urbit.it\">digital@urbit.it<\/a><br \/>\nLucrezia Ferrecchi, <a href=\"mailto:green@urbit.it\">green@urbit.it<\/a><br \/>\nMonica Malori Scauri, <a href=\"mailto:citta@urbit.it\">citta@urbit.it<\/a><br \/>\nAgnese Lombardini,\u00a0<a href=\"mailto:socialhousing@urbit.it\">socialhousing@urbit.it<\/a><\/p>\n<p><strong>Progetto e coordinamento tecnico<\/strong><br \/>\nDavid Casagrande (Marcadent), <a href=\"mailto:eventmanager@urbit.it\">eventmanager@urbit.it<\/a><\/p>\n<p><strong>Call e convegni<br \/>\n<\/strong>Call for papers, call@urbit.it<br \/>\nConvegni, convegni@urbit.it<\/p>\n<p><strong>Grafica<\/strong><br \/>\nMarta Viviani, <a href=\"mailto:grafica@urbit.it\">grafica@urbit.it<\/a><\/p>\n<p><strong>Visual designer<\/strong><br \/>\nMaira Passuello, <a href=\"mailto:info@mairapassuello.com\">info@mairapassuello.com<\/a><\/p>\n<p>&nbsp;<\/p>\n<h3>Ufficio stampa<\/h3>\n<h5><strong>Urbanpromo<\/strong><br \/>\nGalli Torrini Srl, <a href=\"mailto:urbanpromo@gallitorrini.com\">urbanpromo@gallitorrini.com<\/a><br \/>\nValentina Cosmi,\u00a0<a href=\"mailto:relazioniesterne@urbit.it\">relazioniesterne@urbit.it<\/a><br \/>\nNewsletters e socials, urbanpromo@urbit.it<\/h5>\n<p style=\"font-weight: 400\"><strong>INU &#8211; Istituto Nazionale di Urbanistica<\/strong><br \/>\nAndrea Scarchilli, <a href=\"mailto:ufficiostampa@inu.it\">ufficiostampa@inu.it<\/a><\/p>\n","protected":false},"excerpt":{"rendered":"<p>Chi siamo URBANPROMO \u00c8\u2026 Urbanpromo \u2013 Progetti per il Paese \u00e8 l\u2019evento culturale di riferimento sul grande tema della rigenerazione urbana, intesa come processo di strategie, politiche, azioni, finalizzate alla realizzazione di uno sviluppo urbano sostenibile. Urbanpromo \u00e8 la sede privilegiata per: conoscere e far conoscere progetti ed esperienze di contenuto innovativo; comprendere le peculiarit\u00e0 &#8230;<\/p>\n","protected":false},"author":1,"featured_media":0,"parent":0,"menu_order":0,"comment_status":"closed","ping_status":"closed","template":"page-templates\/template-page-full.php","meta":{"_acf_changed":false,"footnotes":""},"class_list":["post-50883","page","type-page","status-publish","hentry"],"acf":[],"_links":{"self":[{"href":"https:\/\/urbanpromo.it\/2024\/wp-json\/wp\/v2\/pages\/50883","targetHints":{"allow":["GET"]}}],"collection":[{"href":"https:\/\/urbanpromo.it\/2024\/wp-json\/wp\/v2\/pages"}],"about":[{"href":"https:\/\/urbanpromo.it\/2024\/wp-json\/wp\/v2\/types\/page"}],"author":[{"embeddable":true,"href":"https:\/\/urbanpromo.it\/2024\/wp-json\/wp\/v2\/users\/1"}],"replies":[{"embeddable":true,"href":"https:\/\/urbanpromo.it\/2024\/wp-json\/wp\/v2\/comments?post=50883"}],"version-history":[{"count":9,"href":"https:\/\/urbanpromo.it\/2024\/wp-json\/wp\/v2\/pages\/50883\/revisions"}],"predecessor-version":[{"id":57760,"href":"https:\/\/urbanpromo.it\/2024\/wp-json\/wp\/v2\/pages\/50883\/revisions\/57760"}],"wp:attachment":[{"href":"https:\/\/urbanpromo.it\/2024\/wp-json\/wp\/v2\/media?parent=50883"}],"curies":[{"name":"wp","href":"https:\/\/api.w.org\/{rel}","templated":true}]}}