{"id":10464,"date":"2022-03-09T10:27:36","date_gmt":"2022-03-09T09:27:36","guid":{"rendered":"https:\/\/urbanpromo.it\/info\/?page_id=10464"},"modified":"2022-07-06T16:56:53","modified_gmt":"2022-07-06T14:56:53","slug":"call-for-paper-2022","status":"publish","type":"page","link":"https:\/\/urbanpromo.it\/info\/call-for-paper-2022\/","title":{"rendered":"Call for paper 2022"},"content":{"rendered":"<p>In preparazione di Urbanpromo 2022, INU e Urbit lanciano e segnalano delle <em>call for papers<\/em> dedicate a studenti universitari, dottorandi e dottori di ricerca.<br \/>\nIn questa pagina sono raccolte le informazioni per partecipare, le scadenze ed i contatti.<\/p>\n<p>&nbsp;<\/p>\n<hr \/>\n<p>&nbsp;<\/p>\n<h3><strong>UPhD GREEN 2022 |\u00a0<\/strong><strong>Collaborative Sustainability<\/strong><\/h3>\n<h3><strong>Strategie, progetti, strumenti e modelli di valutazione per l\u2019attivazione dello sviluppo sostenibile <\/strong><\/h3>\n<p>&nbsp;<\/p>\n<p><strong>Convegno delle Ricerche di Dottorato dedicate alla Sostenibilit\u00e0 | V Edizione |\u00a0<\/strong><strong>14 Ottobre 2022 | Cascina Fossata, Torino<\/strong><\/p>\n<p>&nbsp;<\/p>\n<p><strong>Coordinamento scientifico:<\/strong><\/p>\n<p><em><strong>Valeria Saiu<\/strong>, Universit\u00e0 di Cagliari<\/em><br \/>\n<em><strong>Claudia Trillo<\/strong>, Universit\u00e0 di Bradford<\/em><br \/>\n<em><strong>Giulia Fini<\/strong>, Universit\u00e0 di Udine<\/em><\/p>\n<p><strong>Materiali e contatti:<\/strong><\/p>\n<ul>\n<li><a href=\"https:\/\/urbanpromo.it\/content\/uploads\/sites\/2\/2022\/07\/Bando-e-modulo-candidatura_UPhD_Green_2022_REV_2.pdf\" target=\"_blank\" rel=\"noopener noreferrer\">scarica il bando con annesso il modulo di candidatura<\/a><\/li>\n<li>per info:\u00a0uphdgreen@gmail.com<\/li>\n<\/ul>\n<p><strong>Date e scadenze (riepilogo, scaricare il bando per i dettagli):<\/strong><\/p>\n<ul>\n<li>01 agosto 2022: deadline per invio modulo di candidatura e abstract<\/li>\n<li>10 settembre 2022: comunicazione dei contributi selezionati<\/li>\n<li>20 settembre 2022: trasmissione della <span style=\"font-size: 1rem\">ricevuta (CRO) dell\u2019avvenuto\u00a0<\/span><span style=\"font-size: 1rem\">versamento della quota di partecipazione<\/span><\/li>\n<\/ul>\n<p>&nbsp;<\/p>\n<hr \/>\n<p>&nbsp;<\/p>\n<h3><strong>Citt\u00e0 accessibili a tutti<br \/>\nPremio per tesi di laurea magistrale e ricerche-studi 2022<\/strong><\/h3>\n<p>&nbsp;<\/p>\n<p><strong>L\u2019INU insieme a importanti enti dal 2016 \u00e8 impegnato nel Progetto Citt\u00e0 accessibili a tutti, nel 2020 ha istituito il Premio Citt\u00e0 accessibili a tutti che viene assegnato attraverso un Bando di concorso INU-URBIT. Questa edizione \u00e8 aperta ai lavori aventi carattere innovativo sull\u2019accessibilit\u00e0 a 360\u00b0 svolti in Italia o all\u2019estero tra l\u20191.04.2021 e il 03.10.2022 nell\u2019ambito di Tesi di laurea magistrale e Ricerche e Studi.<\/strong><\/p>\n<p>La Camera di Commercio di Genova sostiene il Premio con buoni libri e\/o dispositivi per una corrispondenza di \u20ac 5.000<br \/>\nCollaborano al Premio Ministero della Cultura, Consiglio Nazionale delle Ricerche e Cerpa Italia Onlus.<\/p>\n<p><strong>Materiali e contatti:<\/strong><\/p>\n<ul>\n<li><a href=\"https:\/\/urbanpromo.it\/content\/uploads\/sites\/2\/2022\/03\/INU_Citta-accessibili_Premio-2022_Bando.pdf\" target=\"_blank\" rel=\"noopener noreferrer\">scarica il bando<\/a><\/li>\n<li><a href=\"https:\/\/www.inu.it\/wp-content\/uploads\/inu-citta-accessibili-premio-2022-format.doc\" target=\"_blank\" rel=\"noopener noreferrer\">scarica il format della domanda di partecipazione<\/a><\/li>\n<li>per info: <a href=\"mailto:iginio.rossi@inu.it\">iginio.rossi@inu.it<\/a><\/li>\n<\/ul>\n<p><strong>Date e scadenze:<\/strong><\/p>\n<ul>\n<li>03.10.2022: deadline per la presentazione delle domande di partecipazione<\/li>\n<li>ottobre 2022: cerimonia di premiazione in occasione di Urbanpromo Progetti per il Paese<\/li>\n<\/ul>\n<p>&nbsp;<\/p>\n<hr \/>\n<p>&nbsp;<\/p>\n","protected":false},"excerpt":{"rendered":"<p>In preparazione di Urbanpromo 2022, INU e Urbit lanciano e segnalano delle call for papers dedicate a studenti universitari, dottorandi e dottori di ricerca. In questa pagina sono raccolte le informazioni per partecipare, le scadenze ed i contatti. &nbsp; &nbsp; UPhD GREEN 2022 |\u00a0Collaborative Sustainability Strategie, progetti, strumenti e modelli di valutazione per l\u2019attivazione dello &#8230;<\/p>\n","protected":false},"author":2,"featured_media":0,"parent":0,"menu_order":0,"comment_status":"closed","ping_status":"closed","template":"page-templates\/template-page-full.php","meta":{"_acf_changed":false,"footnotes":""},"class_list":["post-10464","page","type-page","status-publish","hentry"],"acf":[],"_links":{"self":[{"href":"https:\/\/urbanpromo.it\/info\/wp-json\/wp\/v2\/pages\/10464","targetHints":{"allow":["GET"]}}],"collection":[{"href":"https:\/\/urbanpromo.it\/info\/wp-json\/wp\/v2\/pages"}],"about":[{"href":"https:\/\/urbanpromo.it\/info\/wp-json\/wp\/v2\/types\/page"}],"author":[{"embeddable":true,"href":"https:\/\/urbanpromo.it\/info\/wp-json\/wp\/v2\/users\/2"}],"replies":[{"embeddable":true,"href":"https:\/\/urbanpromo.it\/info\/wp-json\/wp\/v2\/comments?post=10464"}],"version-history":[{"count":0,"href":"https:\/\/urbanpromo.it\/info\/wp-json\/wp\/v2\/pages\/10464\/revisions"}],"wp:attachment":[{"href":"https:\/\/urbanpromo.it\/info\/wp-json\/wp\/v2\/media?parent=10464"}],"curies":[{"name":"wp","href":"https:\/\/api.w.org\/{rel}","templated":true}]}}