{"id":10496,"date":"2022-03-23T14:55:34","date_gmt":"2022-03-23T13:55:34","guid":{"rendered":"https:\/\/urbanpromo.it\/info\/?page_id=10496"},"modified":"2025-09-23T10:44:48","modified_gmt":"2025-09-23T08:44:48","slug":"info","status":"publish","type":"page","link":"https:\/\/urbanpromo.it\/info\/premio-urbanistica\/info\/","title":{"rendered":"Info"},"content":{"rendered":"<h2><strong>Premio URBANISTICA 2025<\/strong><\/h2>\n<p>&nbsp;<\/p>\n<p>In occasione di Urbanpromo\u00a0<strong>URBANISTICA<\/strong>, la rivista statutaria dell&#8217;INU edita dal 1930, ha lanciato il concorso per assegnare il <strong>Premio URBANISTICA<\/strong>.<\/p>\n<hr \/>\n<p><strong>Nel 2025 il Premio si rinnova<\/strong>: nuove categorie permetteranno di valorizzare al meglio i diversi approcci alla rigenerazione, riconoscendo le molteplici scale d\u2019intervento e il grado di maturazione delle iniziative.<\/p>\n<p>Le parole di <strong>Paolo Galuzzi<\/strong>, Direttore della rivista URBANISTICA:<\/p>\n<p><em>&#8220;La partecipazione al Premio Urbanistica nell\u2019ambito delle edizioni di Urbanpromo si rivela ogni anno pi\u00f9 ricca: non solo per il numero di esperienze proposte, ma ormai per i contenuti che i progetti candidati avanzano nella direzione della rigenerazione urbana e ambientale. Nel tempo questa partecipazione al premio ha permesso di raccogliere un \u2018atlante\u2019 significativo delle azioni che soggetti pubblici e privati, spesso in forma collaborativa e partenariale, promuovono per aderire alle sfide che la rigenerazione urbana sollecita e che trovano pregnanza quando dimostrano di essere capaci di integrare concretamente pi\u00f9 dimensioni e lavorare tra spazio, societ\u00e0, economia, ambiente e innovazione tecnologica. Questa fertile integrazione costituisce ormai la misura prevalente delle molte esperienze che si candidano, tanto che diviene sempre pi\u00f9 difficile assimilarle in &#8216;cluster \u2018 tematici ai fini della loro rilevanza e selezione finalizzata al premio. Cos\u00ec \u00e8 stato fino all\u2019ultima edizione, con sempre maggiori difficolt\u00e0 di univoca attribuzione tematica. Dalla prossima edizione, per superare tali criticit\u00e0 che avrebbero sempre pi\u00f9 appiattito la complessit\u00e0 e ricchezza che ogni candidatura porta con s\u00e9 e le molteplici dimensioni a cui si apre, si \u00e8 deciso di ricorrere a nuove categorie che consentissero di riconoscere i differenti modi con cui avanza e si manifesta il progetto di rigenerazione e insieme le molteplici scale in cui prende forma.<\/em><br \/>\n<em>Le tre categorie \u2013 strategie e politiche \/ piani e programmi \/ progetti e cantieri \u2013 consentono anche, come gi\u00e0 avvenuto in passato, di riconoscere nel tempo le qualit\u00e0 e le coerenze di alcune candidature lungo i percorsi di implementazione e realizzazione che vanno dalla costruzione di un\u2019idea fino alla sua concretizzazione materiale, premiandone la continuit\u00e0, la cura, la gestione e la perseveranza, che sono da sempre le qualit\u00e0 intorno alle quali matura una buona proposta urbanistica.&#8221;<\/em><\/p>\n<p>&nbsp;<\/p>\n<ul>\n<li><strong>STRATEGIE E POLITICHE<\/strong><br \/>\nIniziative su larga scala promosse da enti pubblici o istituzionali \u2013 come ministeri, regioni, fondi immobiliari e societ\u00e0 partecipate \u2013 che orientano e guidano i processi di trasformazione urbana e territoriale nel lungo periodo.<\/li>\n<li><strong>PIANI E PROGRAMMI<\/strong><br \/>\nIniziative finalizzate alla redazione di nuovi strumenti urbanistici o programmi settoriali che mettono in pratica le strategie e gli obiettivi, definendo risorse e modalit\u00e0 operative per intervenire concretamente sul territorio.<\/li>\n<li><strong>PROGETTI E CANTIERI<\/strong><br \/>\nIniziative su piccola scala, promosse da enti locali o soggetti privati, che hanno raggiunto la fase progettuale di dettaglio o sono gi\u00e0 in fase di realizzazione.<\/li>\n<\/ul>\n<hr \/>\n<p>Il Premio \u00e8 assegnato ai progetti esposti nella manifestazione che i partecipanti hanno maggiormente apprezzato con il loro voto.<\/p>\n<p>L&#8217;adesione alla Gallery online di Urbanpromo consente di partecipare al concorso per l&#8217;assegnazione\u00a0del <strong>Premio URBANISTICA<\/strong>.<\/p>\n<p>I visitatori di Urbanpromo esprimono, in forma anonima, le proprie preferenze votando sul sito di Urbanpromo.<\/p>\n<p><strong>Il conferimento del Premio avverr\u00e0 in occasione della prossima edizione di Urbanpromo.<\/strong><\/p>\n<hr \/>\n<p>Ogni anno i progetti vincitori vengono pubblicati su <strong>URBANISTICA<\/strong>, la storica rivista dell\u2019Istituto Nazionale di Urbanistica, fondata nel 1933 e presente in tutte le biblioteche dei Dipartimenti universitari di Architettura e Ingegneria.<\/p>\n","protected":false},"excerpt":{"rendered":"<p>Premio URBANISTICA 2025 &nbsp; In occasione di Urbanpromo\u00a0URBANISTICA, la rivista statutaria dell&#8217;INU edita dal 1930, ha lanciato il concorso per assegnare il Premio URBANISTICA. Nel 2025 il Premio si rinnova: nuove categorie permetteranno di valorizzare al meglio i diversi approcci alla rigenerazione, riconoscendo le molteplici scale d\u2019intervento e il grado di maturazione delle iniziative. Le &#8230;<\/p>\n","protected":false},"author":1,"featured_media":19453,"parent":10493,"menu_order":2,"comment_status":"closed","ping_status":"closed","template":"page-templates\/template-page-full.php","meta":{"_acf_changed":false,"footnotes":""},"class_list":["post-10496","page","type-page","status-publish","has-post-thumbnail","hentry"],"acf":[],"_links":{"self":[{"href":"https:\/\/urbanpromo.it\/info\/wp-json\/wp\/v2\/pages\/10496","targetHints":{"allow":["GET"]}}],"collection":[{"href":"https:\/\/urbanpromo.it\/info\/wp-json\/wp\/v2\/pages"}],"about":[{"href":"https:\/\/urbanpromo.it\/info\/wp-json\/wp\/v2\/types\/page"}],"author":[{"embeddable":true,"href":"https:\/\/urbanpromo.it\/info\/wp-json\/wp\/v2\/users\/1"}],"replies":[{"embeddable":true,"href":"https:\/\/urbanpromo.it\/info\/wp-json\/wp\/v2\/comments?post=10496"}],"version-history":[{"count":16,"href":"https:\/\/urbanpromo.it\/info\/wp-json\/wp\/v2\/pages\/10496\/revisions"}],"predecessor-version":[{"id":21020,"href":"https:\/\/urbanpromo.it\/info\/wp-json\/wp\/v2\/pages\/10496\/revisions\/21020"}],"up":[{"embeddable":true,"href":"https:\/\/urbanpromo.it\/info\/wp-json\/wp\/v2\/pages\/10493"}],"wp:featuredmedia":[{"embeddable":true,"href":"https:\/\/urbanpromo.it\/info\/wp-json\/wp\/v2\/media\/19453"}],"wp:attachment":[{"href":"https:\/\/urbanpromo.it\/info\/wp-json\/wp\/v2\/media?parent=10496"}],"curies":[{"name":"wp","href":"https:\/\/api.w.org\/{rel}","templated":true}]}}