{"id":17567,"date":"2022-05-04T10:22:47","date_gmt":"2022-05-04T08:22:47","guid":{"rendered":"https:\/\/urbanpromo.it\/info\/?page_id=17567"},"modified":"2022-05-26T09:21:32","modified_gmt":"2022-05-26T07:21:32","slug":"edizione-2022","status":"publish","type":"page","link":"https:\/\/urbanpromo.it\/info\/edizione-2022\/","title":{"rendered":"Urbanpromo 2022"},"content":{"rendered":"<p>Dall&#8217;11 al 14 ottobre\u00a0<span style=\"font-size: 1rem\">Cascina Fossata a Torino sar\u00e0 la sede di Urbanpromo 2022<\/span>, evento su quattro articolazioni: \u201cUrbanpromo Citt\u00e0\u201d, \u201cUrbanpromo Social Housing\u201d, \u201cUrbanpromo Digital\u201d e \u201cUrbanpromo Green\u201d.<\/p>\n<p>Cascina Fossata, che sorge tra i quartieri Borgo Vittoria e Madonna di Campagna,<span style=\"font-size: 1rem\">\u00a0e\u0300 rappresentazione iconica di Urbanpromo\u00a0<\/span>perch\u00e9 esito di un progetto il cui obiettivo \u00e8 stato quello di restituire alla citt\u00e0 uno spazio di vita e di incontro di qualit\u00e0, capace di intercettare nuovi bisogni abitativi e di socialit\u00e0 in uno spazio urbano in cambiamento.<\/p>\n<div class=\"page\" title=\"Page 2\">\n<div class=\"section\">\n<div class=\"layoutArea\">\n<div class=\"column\">\n<p>Cascina Fossata e\u0300 un unico intervento di rigenerazione urbana che racchiude otto differenti destinazioni d\u2019uso. Dalle 105 unita\u0300 abitative a canone calmierato della Residenza Collettiva Temporanea e il Centro di Ospitalita\u0300, ai 47 orti concessi ad uso gratuito con funzione didattico-educativa. Ai residenti del quartiere e ai visitatori Cascina Fossata offre due corti interne che costituiscono un nuovo parco pubblico, sicuro ed attrezzato con giochi per bambini e palestra en plen air, un ristorante in nuova apertura, 3 sale per meeting, riunioni e congressi con servizio di accoglienza e catering, oltre 1.000 mq di spazi dedicati all\u2019insediamento di botteghe artigiane, un supermercato di prossimita\u0300 e mercati contadini con cadenza mensile. Gli spazi di Cascina Fossata sono anche sede delle attivita\u0300 educative e di promozione sociale curate dalla Cooperativa D.O.C.<\/p>\n<\/div>\n<\/div>\n<\/div>\n<\/div>\n","protected":false},"excerpt":{"rendered":"<p>Dall&#8217;11 al 14 ottobre\u00a0Cascina Fossata a Torino sar\u00e0 la sede di Urbanpromo 2022, evento su quattro articolazioni: \u201cUrbanpromo Citt\u00e0\u201d, \u201cUrbanpromo Social Housing\u201d, \u201cUrbanpromo Digital\u201d e \u201cUrbanpromo Green\u201d. Cascina Fossata, che sorge tra i quartieri Borgo Vittoria e Madonna di Campagna,\u00a0e\u0300 rappresentazione iconica di Urbanpromo\u00a0perch\u00e9 esito di un progetto il cui obiettivo \u00e8 stato quello di &#8230;<\/p>\n","protected":false},"author":2,"featured_media":0,"parent":0,"menu_order":0,"comment_status":"closed","ping_status":"closed","template":"page-templates\/template-page-full.php","meta":{"_acf_changed":false,"footnotes":""},"class_list":["post-17567","page","type-page","status-publish","hentry"],"acf":[],"_links":{"self":[{"href":"https:\/\/urbanpromo.it\/info\/wp-json\/wp\/v2\/pages\/17567","targetHints":{"allow":["GET"]}}],"collection":[{"href":"https:\/\/urbanpromo.it\/info\/wp-json\/wp\/v2\/pages"}],"about":[{"href":"https:\/\/urbanpromo.it\/info\/wp-json\/wp\/v2\/types\/page"}],"author":[{"embeddable":true,"href":"https:\/\/urbanpromo.it\/info\/wp-json\/wp\/v2\/users\/2"}],"replies":[{"embeddable":true,"href":"https:\/\/urbanpromo.it\/info\/wp-json\/wp\/v2\/comments?post=17567"}],"version-history":[{"count":0,"href":"https:\/\/urbanpromo.it\/info\/wp-json\/wp\/v2\/pages\/17567\/revisions"}],"wp:attachment":[{"href":"https:\/\/urbanpromo.it\/info\/wp-json\/wp\/v2\/media?parent=17567"}],"curies":[{"name":"wp","href":"https:\/\/api.w.org\/{rel}","templated":true}]}}