{"id":18238,"date":"2023-02-20T12:56:55","date_gmt":"2023-02-20T11:56:55","guid":{"rendered":"https:\/\/urbanpromo.it\/info\/?page_id=18238"},"modified":"2024-03-01T14:31:11","modified_gmt":"2024-03-01T13:31:11","slug":"call-for-paper-2023","status":"publish","type":"page","link":"https:\/\/urbanpromo.it\/info\/call-for-paper-2023\/","title":{"rendered":"PREMIO CITT\u00c0 ACCESSIBILI A TUTTI &#8211; 2023"},"content":{"rendered":"<h3><strong>Citt\u00e0 accessibili a tutti<\/strong><br \/>\n<strong>Premio per tesi di laurea, magistrali e triennali, e Ricerche e Studi 2023<\/strong><\/h3>\n<p>&nbsp;<\/p>\n<p>L\u2019INU insieme a importanti enti dal 2016 \u00e8 impegnato nel Progetto Citt\u00e0 accessibili a tutti, nel 2020 ha istituito il Premio Citt\u00e0 accessibili a tutti che viene assegnato attraverso un Bando di concorso INU-URBIT. L\u2019edizione del 2023 \u00e8 aperta ai lavori aventi carattere innovativo sull\u2019accessibilit\u00e0 a 360\u00b0 svolti in Italia o all\u2019estero tra l\u20191.04.2022 e il 13.10.2023 nell\u2019ambito di Tesi di laurea, magistrali e triennali, e Ricerche e Studi.<\/p>\n<p>Mirabilia Network e Camera di Commercio di Genova sostengono il Premio con buoni libri e\/o dispositivi per una corrispondenza di \u20ac 7.000.<br \/>\nCollaborano al Premio: Ministero della Cultura, Consiglio Nazionale delle Ricerche, Cerpa Italia Onlus e Urbanistica Informazioni.<\/p>\n<p>Il bando e la domanda di partecipazione sono scaricabili nella barra laterale di questa pagina.<\/p>\n<p>Date e scadenze:<\/p>\n<p>13.10.2023: deadline per la presentazione delle domande di partecipazione;<br \/>\ntra il 7 e il 10 novembre 2023: cerimonia di premiazione in occasione di Urbanpromo Progetti per il Paese.<\/p>\n<p>Per ulteriori informazioni: <a href=\"mailto:iginio.rossi@inu.it\">iginio.rossi@inu.it<\/a><\/p>\n<p>&nbsp;<\/p>\n","protected":false},"excerpt":{"rendered":"<p>Citt\u00e0 accessibili a tutti Premio per tesi di laurea, magistrali e triennali, e Ricerche e Studi 2023 &nbsp; L\u2019INU insieme a importanti enti dal 2016 \u00e8 impegnato nel Progetto Citt\u00e0 accessibili a tutti, nel 2020 ha istituito il Premio Citt\u00e0 accessibili a tutti che viene assegnato attraverso un Bando di concorso INU-URBIT. L\u2019edizione del 2023 &#8230;<\/p>\n","protected":false},"author":2,"featured_media":0,"parent":0,"menu_order":0,"comment_status":"closed","ping_status":"closed","template":"page-templates\/template-page-full.php","meta":{"_acf_changed":false,"footnotes":""},"class_list":["post-18238","page","type-page","status-publish","hentry"],"acf":[],"yoast_head":"<!-- This site is optimized with the Yoast SEO plugin v27.4 - https:\/\/yoast.com\/product\/yoast-seo-wordpress\/ -->\n<title>PREMIO CITT\u00c0 ACCESSIBILI A TUTTI - 2023 - urbanpromo<\/title>\n<meta name=\"robots\" content=\"index, follow, max-snippet:-1, max-image-preview:large, max-video-preview:-1\" \/>\n<link rel=\"canonical\" href=\"https:\/\/urbanpromo.it\/info\/call-for-paper-2023\/\" \/>\n<meta property=\"og:locale\" content=\"it_IT\" \/>\n<meta property=\"og:type\" content=\"article\" \/>\n<meta property=\"og:title\" content=\"PREMIO CITT\u00c0 ACCESSIBILI A TUTTI - 2023 - urbanpromo\" \/>\n<meta property=\"og:description\" content=\"Citt\u00e0 accessibili a tutti Premio per tesi di laurea, magistrali e triennali, e Ricerche e Studi 2023 &nbsp; L\u2019INU insieme a importanti enti dal 2016 \u00e8 impegnato nel Progetto Citt\u00e0 accessibili a tutti, nel 2020 ha istituito il Premio Citt\u00e0 accessibili a tutti che viene assegnato attraverso un Bando di concorso INU-URBIT. L\u2019edizione del 2023 ...\" \/>\n<meta property=\"og:url\" content=\"https:\/\/urbanpromo.it\/info\/call-for-paper-2023\/\" \/>\n<meta property=\"og:site_name\" content=\"urbanpromo\" \/>\n<meta property=\"article:modified_time\" content=\"2024-03-01T13:31:11+00:00\" \/>\n<meta name=\"twitter:card\" content=\"summary_large_image\" \/>\n<meta name=\"twitter:label1\" content=\"Est. reading time\" \/>\n\t<meta name=\"twitter:data1\" content=\"1 minuto\" \/>\n<script type=\"application\/ld+json\" class=\"yoast-schema-graph\">{\"@context\":\"https:\\\/\\\/schema.org\",\"@graph\":[{\"@type\":\"WebPage\",\"@id\":\"https:\\\/\\\/urbanpromo.it\\\/info\\\/call-for-paper-2023\\\/\",\"url\":\"https:\\\/\\\/urbanpromo.it\\\/info\\\/call-for-paper-2023\\\/\",\"name\":\"PREMIO CITT\u00c0 ACCESSIBILI A TUTTI - 2023 - urbanpromo\",\"isPartOf\":{\"@id\":\"https:\\\/\\\/urbanpromo.it\\\/info\\\/#website\"},\"datePublished\":\"2023-02-20T11:56:55+00:00\",\"dateModified\":\"2024-03-01T13:31:11+00:00\",\"breadcrumb\":{\"@id\":\"https:\\\/\\\/urbanpromo.it\\\/info\\\/call-for-paper-2023\\\/#breadcrumb\"},\"inLanguage\":\"it-IT\",\"potentialAction\":[{\"@type\":\"ReadAction\",\"target\":[\"https:\\\/\\\/urbanpromo.it\\\/info\\\/call-for-paper-2023\\\/\"]}]},{\"@type\":\"BreadcrumbList\",\"@id\":\"https:\\\/\\\/urbanpromo.it\\\/info\\\/call-for-paper-2023\\\/#breadcrumb\",\"itemListElement\":[{\"@type\":\"ListItem\",\"position\":1,\"name\":\"Home\",\"item\":\"https:\\\/\\\/urbanpromo.it\\\/info\\\/\"},{\"@type\":\"ListItem\",\"position\":2,\"name\":\"PREMIO CITT\u00c0 ACCESSIBILI A TUTTI &#8211; 2023\"}]},{\"@type\":\"WebSite\",\"@id\":\"https:\\\/\\\/urbanpromo.it\\\/info\\\/#website\",\"url\":\"https:\\\/\\\/urbanpromo.it\\\/info\\\/\",\"name\":\"urbanpromo\",\"description\":\"22^ edizione\",\"potentialAction\":[{\"@type\":\"SearchAction\",\"target\":{\"@type\":\"EntryPoint\",\"urlTemplate\":\"https:\\\/\\\/urbanpromo.it\\\/info\\\/?s={search_term_string}\"},\"query-input\":{\"@type\":\"PropertyValueSpecification\",\"valueRequired\":true,\"valueName\":\"search_term_string\"}}],\"inLanguage\":\"it-IT\"}]}<\/script>\n<!-- \/ Yoast SEO plugin. -->","yoast_head_json":{"title":"PREMIO CITT\u00c0 ACCESSIBILI A TUTTI - 2023 - urbanpromo","robots":{"index":"index","follow":"follow","max-snippet":"max-snippet:-1","max-image-preview":"max-image-preview:large","max-video-preview":"max-video-preview:-1"},"canonical":"https:\/\/urbanpromo.it\/info\/call-for-paper-2023\/","og_locale":"it_IT","og_type":"article","og_title":"PREMIO CITT\u00c0 ACCESSIBILI A TUTTI - 2023 - urbanpromo","og_description":"Citt\u00e0 accessibili a tutti Premio per tesi di laurea, magistrali e triennali, e Ricerche e Studi 2023 &nbsp; L\u2019INU insieme a importanti enti dal 2016 \u00e8 impegnato nel Progetto Citt\u00e0 accessibili a tutti, nel 2020 ha istituito il Premio Citt\u00e0 accessibili a tutti che viene assegnato attraverso un Bando di concorso INU-URBIT. L\u2019edizione del 2023 ...","og_url":"https:\/\/urbanpromo.it\/info\/call-for-paper-2023\/","og_site_name":"urbanpromo","article_modified_time":"2024-03-01T13:31:11+00:00","twitter_card":"summary_large_image","twitter_misc":{"Est. reading time":"1 minuto"},"schema":{"@context":"https:\/\/schema.org","@graph":[{"@type":"WebPage","@id":"https:\/\/urbanpromo.it\/info\/call-for-paper-2023\/","url":"https:\/\/urbanpromo.it\/info\/call-for-paper-2023\/","name":"PREMIO CITT\u00c0 ACCESSIBILI A TUTTI - 2023 - urbanpromo","isPartOf":{"@id":"https:\/\/urbanpromo.it\/info\/#website"},"datePublished":"2023-02-20T11:56:55+00:00","dateModified":"2024-03-01T13:31:11+00:00","breadcrumb":{"@id":"https:\/\/urbanpromo.it\/info\/call-for-paper-2023\/#breadcrumb"},"inLanguage":"it-IT","potentialAction":[{"@type":"ReadAction","target":["https:\/\/urbanpromo.it\/info\/call-for-paper-2023\/"]}]},{"@type":"BreadcrumbList","@id":"https:\/\/urbanpromo.it\/info\/call-for-paper-2023\/#breadcrumb","itemListElement":[{"@type":"ListItem","position":1,"name":"Home","item":"https:\/\/urbanpromo.it\/info\/"},{"@type":"ListItem","position":2,"name":"PREMIO CITT\u00c0 ACCESSIBILI A TUTTI &#8211; 2023"}]},{"@type":"WebSite","@id":"https:\/\/urbanpromo.it\/info\/#website","url":"https:\/\/urbanpromo.it\/info\/","name":"urbanpromo","description":"22^ edizione","potentialAction":[{"@type":"SearchAction","target":{"@type":"EntryPoint","urlTemplate":"https:\/\/urbanpromo.it\/info\/?s={search_term_string}"},"query-input":{"@type":"PropertyValueSpecification","valueRequired":true,"valueName":"search_term_string"}}],"inLanguage":"it-IT"}]}},"_links":{"self":[{"href":"https:\/\/urbanpromo.it\/info\/wp-json\/wp\/v2\/pages\/18238","targetHints":{"allow":["GET"]}}],"collection":[{"href":"https:\/\/urbanpromo.it\/info\/wp-json\/wp\/v2\/pages"}],"about":[{"href":"https:\/\/urbanpromo.it\/info\/wp-json\/wp\/v2\/types\/page"}],"author":[{"embeddable":true,"href":"https:\/\/urbanpromo.it\/info\/wp-json\/wp\/v2\/users\/2"}],"replies":[{"embeddable":true,"href":"https:\/\/urbanpromo.it\/info\/wp-json\/wp\/v2\/comments?post=18238"}],"version-history":[{"count":0,"href":"https:\/\/urbanpromo.it\/info\/wp-json\/wp\/v2\/pages\/18238\/revisions"}],"wp:attachment":[{"href":"https:\/\/urbanpromo.it\/info\/wp-json\/wp\/v2\/media?parent=18238"}],"curies":[{"name":"wp","href":"https:\/\/api.w.org\/{rel}","templated":true}]}}