{"id":1845,"date":"2015-05-27T12:26:52","date_gmt":"2015-05-27T10:26:52","guid":{"rendered":"http:\/\/urbanpromo.it\/info\/privacy-legal\/"},"modified":"2019-06-28T10:34:32","modified_gmt":"2019-06-28T08:34:32","slug":"privacy-policy","status":"publish","type":"page","link":"https:\/\/urbanpromo.it\/info\/privacy-policy\/","title":{"rendered":"Privacy policy"},"content":{"rendered":"<h4>PERCH\u00c9 QUESTE INFORMAZIONI<\/h3>\n<p>Ai sensi del Regolamento (UE) 2016\/679 (di seguito &#8220;Regolamento&#8221;), questa pagina descrive le modalit\u00e0 di trattamento dei dati personali degli utenti che consultano il\/i sito\/i web accessibile\/i per via telematica al seguente indirizzo:<\/p>\n<p>\u2022 urbanpromo.it<\/p>\n<p>Le presenti informazioni non riguardano altri siti, pagine o servizi online raggiungibili tramite link ipertestuali eventualmente pubblicati nei siti ma riferiti a risorse esterne al\/i dominio\/domini.<\/p>\n<p>&nbsp;<\/p>\n<h4>TITOLARE DEL TRATTAMENTO<\/h3>\n<p>A seguito della consultazione dei siti sopra elencati possono essere trattati dati relativi a persone fisiche identificate o identificabili.<br \/>\nTitolare del trattamento \u00e8 URBIT, Urbanistica Italiana Srl con sede in Via Castro dei Volsci 14 &#8211; 00179 Roma (Posta certificata: <a href=\"mailto:inu.pec@legalmail.it\">inu.pec@legalmail.it<\/a>, Tel. +39.06.688.011.90).<\/p>\n<p>&nbsp;<\/p>\n<h4>BASE GIURIDICA DEL TRATTAMENTO<\/h3>\n<p>I dati personali indicati in questa pagina sono trattati dal titolare in quanto necessari per la gestione del sito e, sulla base di specifiche informative, ed ove necessario sulla base del consenso, per offrire e svolgere i servizi offerti dal sito stesso.<\/p>\n<p>&nbsp;<\/p>\n<h4>TIPI DI DATI TRATTATI E FINALIT\u00c0 DEL TRATTAMENTO<\/h3>\n<p><strong>Dati di navigazione<\/strong><\/p>\n<p>I sistemi informatici e le procedure software preposte al funzionamento di questo sito acquisiscono, nel corso del loro normale esercizio, alcuni dati personali la cui trasmissione \u00e8 implicita nell&#8217;uso dei protocolli di comunicazione di Internet.<\/p>\n<p>In questa categoria di dati rientrano gli indirizzi IP o i nomi a dominio dei computer e dei terminali utilizzati dagli utenti, gli indirizzi in notazione URI\/URL (Uniform Resource Identifier\/Locator) delle risorse richieste, l&#8217;orario della richiesta, il metodo utilizzato nel sottoporre la richiesta al server, la dimensione del file ottenuto in risposta, il codice numerico indicante lo stato della risposta data dal server (buon fine, errore, ecc.) ed altri parametri relativi al sistema operativo e all&#8217;ambiente informatico dell&#8217;utente. Tali dati, necessari per la fruizione dei servizi web, vengono anche trattati allo scopo di:<\/p>\n<p>\u2022 ottenere informazioni statistiche sull&#8217;uso dei servizi (pagine pi\u00f9 visitate, numero di visitatori per fascia oraria o giornaliera, aree geografiche di provenienza, ecc.);<\/p>\n<p>\u2022 controllare il corretto funzionamento dei servizi offerti.<\/p>\n<h5>I dati di navigazione non persistono per pi\u00f9 del tempo necessario a garantire il funzionamento del sito e vengono cancellati immediatamente dopo la loro aggregazione (salve eventuali necessit\u00e0 di accertamento di reati da parte dell&#8217;Autorit\u00e0 giudiziaria).<\/h5>\n<p><strong>Dati comunicati dall&#8217;utente<\/strong><\/p>\n<p>L&#8217;invio facoltativo, esplicito e volontario di messaggi agli indirizzi di contatto, nonch\u00e9 la compilazione e l&#8217;inoltro dei moduli presenti sui siti, comportano l&#8217;acquisizione dei dati di contatto del mittente, necessari a rispondere, nonch\u00e9 di tutti i dati personali inclusi nelle comunicazioni.<\/p>\n<p><strong>Cookie e altri sistemi di tracciamento<\/strong><\/p>\n<p>Consultare la <a href=\"https:\/\/urbanpromo.it\/info\/politica-sui-cookie\/\">cookie policy<\/a> per ulteriori informazioni in merito<\/p>\n<p>&nbsp;<\/p>\n<h4>DESTINATARI DEI DATI<\/h3>\n<p>Possono essere destinatari dei dati raccolti a seguito della consultazione dei siti sopra elencati i soggetti designati, ai sensi dell&#8217;articolo 28 del Regolamento, quali responsabili del trattamento, per lo svolgimento dei servizi di sviluppo, erogazione e gestione operativa delle piattaforme tecnologiche impiegate.<\/p>\n<p>I dati personali raccolti sono altres\u00ec trattati dal personale del Garante, che agisce sulla base di specifiche istruzioni fornite in ordine a finalit\u00e0 e modalit\u00e0 del trattamento medesimo.<\/p>\n<p>&nbsp;<\/p>\n<h4>DIRITTI DEGLI INTERESSATI<\/h3>\n<p>Gli interessati hanno il diritto di ottenere, nei casi previsti, l&#8217;accesso ai dati personali e la rettifica o la cancellazione degli stessi o la limitazione del trattamento che li riguarda o di opporsi al trattamento (artt. 15 e ss. del Regolamento). L&#8217;apposita istanza pu\u00f2 essere presentata ai contatti in precedenza indicati.<\/p>\n<p>&nbsp;<\/p>\n<h4>DIRITTO DI RECLAMO<\/h3>\n<p>Gli interessati che ritengono che il trattamento dei dati personali a loro riferiti effettuato attraverso questo sito avvenga in violazione di quanto previsto dal Regolamento hanno il diritto di proporre reclamo al Garante, come previsto dall&#8217;art. 77 del Regolamento stesso, o di adire le opportune sedi giudiziarie (art. 79 del Regolamento).<\/p>\n","protected":false},"excerpt":{"rendered":"<p>PERCH\u00c9 QUESTE INFORMAZIONI Ai sensi del Regolamento (UE) 2016\/679 (di seguito &#8220;Regolamento&#8221;), questa pagina descrive le modalit\u00e0 di trattamento dei dati personali degli utenti che consultano il\/i sito\/i web accessibile\/i per via telematica al seguente indirizzo: \u2022 urbanpromo.it Le presenti informazioni non riguardano altri siti, pagine o servizi online raggiungibili tramite link ipertestuali eventualmente pubblicati &#8230;<\/p>\n","protected":false},"author":1,"featured_media":0,"parent":0,"menu_order":0,"comment_status":"open","ping_status":"open","template":"","meta":{"_acf_changed":false,"footnotes":""},"class_list":["post-1845","page","type-page","status-publish","hentry"],"acf":[],"_links":{"self":[{"href":"https:\/\/urbanpromo.it\/info\/wp-json\/wp\/v2\/pages\/1845","targetHints":{"allow":["GET"]}}],"collection":[{"href":"https:\/\/urbanpromo.it\/info\/wp-json\/wp\/v2\/pages"}],"about":[{"href":"https:\/\/urbanpromo.it\/info\/wp-json\/wp\/v2\/types\/page"}],"author":[{"embeddable":true,"href":"https:\/\/urbanpromo.it\/info\/wp-json\/wp\/v2\/users\/1"}],"replies":[{"embeddable":true,"href":"https:\/\/urbanpromo.it\/info\/wp-json\/wp\/v2\/comments?post=1845"}],"version-history":[{"count":0,"href":"https:\/\/urbanpromo.it\/info\/wp-json\/wp\/v2\/pages\/1845\/revisions"}],"wp:attachment":[{"href":"https:\/\/urbanpromo.it\/info\/wp-json\/wp\/v2\/media?parent=1845"}],"curies":[{"name":"wp","href":"https:\/\/api.w.org\/{rel}","templated":true}]}}