{"id":19037,"date":"2023-07-19T11:52:32","date_gmt":"2023-07-19T09:52:32","guid":{"rendered":"https:\/\/urbanpromo.it\/info\/?page_id=19037"},"modified":"2024-07-11T15:03:38","modified_gmt":"2024-07-11T13:03:38","slug":"uphd-green-2024","status":"publish","type":"page","link":"https:\/\/urbanpromo.it\/info\/uphd-green-2024\/","title":{"rendered":"UPhD GREEN 2024"},"content":{"rendered":"<h3><strong>Sostenibilit\u00e0, Innovazione e nuove Disuguaglianze<\/strong><\/h3>\n<h3><strong>Opportunit\u00e0 e contraddizioni delle politiche attuali<\/strong><\/h3>\n<p>&nbsp;<\/p>\n<p><strong>Convegno delle Ricerche di Dottorato dedicate alla Sostenibilit\u00e0 | VII Edizione | <\/strong><strong>7 Novembre 2024 | Innovation Center di Fondazione CR Firenze, Firenze<\/strong><\/p>\n<div class=\"page\" title=\"Page 1\">\n<div class=\"layoutArea\">\n<div class=\"column\">\n<div class=\"page\" title=\"Page 1\">\n<div class=\"layoutArea\">\n<div class=\"column\">\n<p>Il Convegno \u201cUPhD Green\u201d si colloca nella cornice di Urbanpromo Green, come spazio dedicato alle ricerche sviluppate <span style=\"font-size: 1rem\">nell\u2019ambito dei percorsi dottorali sui temi dello sviluppo sostenibile, con riferimento alla pianificazione urbanistica e territoriale, alla progettazione urbana e architettonica, all\u2019analisi e alla valutazione di politiche, piani e progetti riguardanti il territorio e le citta\u0300.<\/span><\/p>\n<\/div>\n<\/div>\n<\/div>\n<\/div>\n<\/div>\n<div class=\"layoutArea\">\n<div class=\"column\">\n<p>Obiettivo del convegno e\u0300 promuovere e condividere le idee innovative sviluppate all\u2019interno dei corsi di dottorato, sollecitando il confronto e la discussione su differenti approcci, metodologie e strumenti operativi messi in campo per promuovere la transizione digitale e socio-ecologica, una delle maggiori sfide e opportunita\u0300 del nostro Paese. In particolare, il convegno mira a valorizzare le potenzialita\u0300 operative della ricerca dottorale, mostrando casi studio ed esperienze applicative che sottolineano l&#8217;importanza di attivita\u0300 e approcci concertati tra il mondo della ricerca scientifica, le professioni tecniche, le amministrazioni pubbliche e le imprese.<\/p>\n<\/div>\n<\/div>\n<div class=\"layoutArea\">\n<div class=\"column\">\n<p>Negli anni, il convegno UPhD Green ha favorito il confronto tra giovani ricercatori e ricercatrici provenienti da diverse realta\u0300 accademiche italiane e afferenti a differenti settori scientifico-disciplinari, rappresentando un\u2019occasione concreta per costruire uno spazio di relazione transdisciplinare, funzionale alla formazione e allo sviluppo di fertili processi di ibridazione e contaminazione che sono alla base dell\u2019innovazione.<\/p>\n<\/div>\n<\/div>\n<\/div>\n<p><strong>Coordinamento scientifico:<\/strong><\/p>\n<p><em><strong>Valeria Saiu<\/strong>, Universit\u00e0 di Cagliari<\/em><br \/>\n<em><strong>Maurizio Errigo<\/strong>, Universit\u00e0 di Roma &#8220;La Sapienza&#8221;<br \/>\n<strong>Giorgia Tucci<\/strong>, Universit\u00e0 di Genova<\/em><\/p>\n<p><strong>Comitato tecnicno-organizzativo:<\/strong><\/p>\n<p><strong><em>Marco Rossitti,<\/em><\/strong> <em>SIEV Giovani<\/em><br \/>\n<em><strong>Giada Limongi, <\/strong>INU Giovani<\/em><em><strong><br \/>\n<\/strong><\/em><em><strong>Maria Somma<\/strong><\/em>, <em>INU Giovani<\/em><\/p>\n<p>&nbsp;<\/p>\n<p><strong>Materiali e contatti:<\/strong><\/p>\n<ul>\n<li><a href=\"https:\/\/urbanpromo.it\/content\/uploads\/sites\/2\/2024\/07\/Bando_UPhD-2024_finale.pdf\">scarica il bando con annesso il modulo di candidatura<\/a><\/li>\n<li>per info:\u00a0uphd.green@gmail.com<\/li>\n<\/ul>\n<p><strong>Date e scadenze (riepilogo, scaricare il bando per i dettagli):<\/strong><\/p>\n<ul>\n<li>10 settembre 2024: deadline per invio modulo di candidatura e abstract<\/li>\n<li>30 settembre 2024: comunicazione dei contributi selezionati<\/li>\n<li>7 ottobre 2024: trasmissione della <span style=\"font-size: 1rem\">ricevuta (CRO) dell\u2019avvenuto\u00a0<\/span><span style=\"font-size: 1rem\">versamento della quota di partecipazione<\/span><\/li>\n<\/ul>\n","protected":false},"excerpt":{"rendered":"<p>Sostenibilit\u00e0, Innovazione e nuove Disuguaglianze Opportunit\u00e0 e contraddizioni delle politiche attuali &nbsp; Convegno delle Ricerche di Dottorato dedicate alla Sostenibilit\u00e0 | VII Edizione | 7 Novembre 2024 | Innovation Center di Fondazione CR Firenze, Firenze Il Convegno \u201cUPhD Green\u201d si colloca nella cornice di Urbanpromo Green, come spazio dedicato alle ricerche sviluppate nell\u2019ambito dei percorsi &#8230;<\/p>\n","protected":false},"author":1,"featured_media":19857,"parent":0,"menu_order":0,"comment_status":"closed","ping_status":"closed","template":"page-templates\/template-page-full.php","meta":{"_acf_changed":false,"footnotes":""},"class_list":["post-19037","page","type-page","status-publish","has-post-thumbnail","hentry"],"acf":[],"yoast_head":"<!-- This site is optimized with the Yoast SEO plugin v27.4 - https:\/\/yoast.com\/product\/yoast-seo-wordpress\/ -->\n<title>UPhD GREEN 2024 - urbanpromo<\/title>\n<meta name=\"robots\" content=\"index, follow, max-snippet:-1, max-image-preview:large, max-video-preview:-1\" \/>\n<link rel=\"canonical\" href=\"https:\/\/urbanpromo.it\/info\/uphd-green-2024\/\" \/>\n<meta property=\"og:locale\" content=\"it_IT\" \/>\n<meta property=\"og:type\" content=\"article\" \/>\n<meta property=\"og:title\" content=\"UPhD GREEN 2024 - urbanpromo\" \/>\n<meta property=\"og:description\" content=\"Sostenibilit\u00e0, Innovazione e nuove Disuguaglianze Opportunit\u00e0 e contraddizioni delle politiche attuali &nbsp; Convegno delle Ricerche di Dottorato dedicate alla Sostenibilit\u00e0 | VII Edizione | 7 Novembre 2024 | Innovation Center di Fondazione CR Firenze, Firenze Il Convegno \u201cUPhD Green\u201d si colloca nella cornice di Urbanpromo Green, come spazio dedicato alle ricerche sviluppate nell\u2019ambito dei percorsi ...\" \/>\n<meta property=\"og:url\" content=\"https:\/\/urbanpromo.it\/info\/uphd-green-2024\/\" \/>\n<meta property=\"og:site_name\" content=\"urbanpromo\" \/>\n<meta property=\"article:modified_time\" content=\"2024-07-11T13:03:38+00:00\" \/>\n<meta property=\"og:image\" content=\"https:\/\/urbanpromo.it\/content\/uploads\/sites\/2\/2024\/07\/Banner_UrbanPromo_UpHD-copia.jpg\" \/>\n\t<meta property=\"og:image:width\" content=\"12960\" \/>\n\t<meta property=\"og:image:height\" content=\"6480\" \/>\n\t<meta property=\"og:image:type\" content=\"image\/jpeg\" \/>\n<meta name=\"twitter:card\" content=\"summary_large_image\" \/>\n<meta name=\"twitter:label1\" content=\"Est. reading time\" \/>\n\t<meta name=\"twitter:data1\" content=\"2 minuti\" \/>\n<script type=\"application\/ld+json\" class=\"yoast-schema-graph\">{\"@context\":\"https:\\\/\\\/schema.org\",\"@graph\":[{\"@type\":\"WebPage\",\"@id\":\"https:\\\/\\\/urbanpromo.it\\\/info\\\/uphd-green-2024\\\/\",\"url\":\"https:\\\/\\\/urbanpromo.it\\\/info\\\/uphd-green-2024\\\/\",\"name\":\"UPhD GREEN 2024 - urbanpromo\",\"isPartOf\":{\"@id\":\"https:\\\/\\\/urbanpromo.it\\\/info\\\/#website\"},\"primaryImageOfPage\":{\"@id\":\"https:\\\/\\\/urbanpromo.it\\\/info\\\/uphd-green-2024\\\/#primaryimage\"},\"image\":{\"@id\":\"https:\\\/\\\/urbanpromo.it\\\/info\\\/uphd-green-2024\\\/#primaryimage\"},\"thumbnailUrl\":\"https:\\\/\\\/urbanpromo.it\\\/content\\\/uploads\\\/sites\\\/2\\\/2024\\\/07\\\/Banner_UrbanPromo_UpHD-copia.jpg\",\"datePublished\":\"2023-07-19T09:52:32+00:00\",\"dateModified\":\"2024-07-11T13:03:38+00:00\",\"breadcrumb\":{\"@id\":\"https:\\\/\\\/urbanpromo.it\\\/info\\\/uphd-green-2024\\\/#breadcrumb\"},\"inLanguage\":\"it-IT\",\"potentialAction\":[{\"@type\":\"ReadAction\",\"target\":[\"https:\\\/\\\/urbanpromo.it\\\/info\\\/uphd-green-2024\\\/\"]}]},{\"@type\":\"ImageObject\",\"inLanguage\":\"it-IT\",\"@id\":\"https:\\\/\\\/urbanpromo.it\\\/info\\\/uphd-green-2024\\\/#primaryimage\",\"url\":\"https:\\\/\\\/urbanpromo.it\\\/content\\\/uploads\\\/sites\\\/2\\\/2024\\\/07\\\/Banner_UrbanPromo_UpHD-copia.jpg\",\"contentUrl\":\"https:\\\/\\\/urbanpromo.it\\\/content\\\/uploads\\\/sites\\\/2\\\/2024\\\/07\\\/Banner_UrbanPromo_UpHD-copia.jpg\",\"width\":12960,\"height\":6480},{\"@type\":\"BreadcrumbList\",\"@id\":\"https:\\\/\\\/urbanpromo.it\\\/info\\\/uphd-green-2024\\\/#breadcrumb\",\"itemListElement\":[{\"@type\":\"ListItem\",\"position\":1,\"name\":\"Home\",\"item\":\"https:\\\/\\\/urbanpromo.it\\\/info\\\/\"},{\"@type\":\"ListItem\",\"position\":2,\"name\":\"UPhD GREEN 2024\"}]},{\"@type\":\"WebSite\",\"@id\":\"https:\\\/\\\/urbanpromo.it\\\/info\\\/#website\",\"url\":\"https:\\\/\\\/urbanpromo.it\\\/info\\\/\",\"name\":\"urbanpromo\",\"description\":\"22^ edizione\",\"potentialAction\":[{\"@type\":\"SearchAction\",\"target\":{\"@type\":\"EntryPoint\",\"urlTemplate\":\"https:\\\/\\\/urbanpromo.it\\\/info\\\/?s={search_term_string}\"},\"query-input\":{\"@type\":\"PropertyValueSpecification\",\"valueRequired\":true,\"valueName\":\"search_term_string\"}}],\"inLanguage\":\"it-IT\"}]}<\/script>\n<!-- \/ Yoast SEO plugin. -->","yoast_head_json":{"title":"UPhD GREEN 2024 - urbanpromo","robots":{"index":"index","follow":"follow","max-snippet":"max-snippet:-1","max-image-preview":"max-image-preview:large","max-video-preview":"max-video-preview:-1"},"canonical":"https:\/\/urbanpromo.it\/info\/uphd-green-2024\/","og_locale":"it_IT","og_type":"article","og_title":"UPhD GREEN 2024 - urbanpromo","og_description":"Sostenibilit\u00e0, Innovazione e nuove Disuguaglianze Opportunit\u00e0 e contraddizioni delle politiche attuali &nbsp; Convegno delle Ricerche di Dottorato dedicate alla Sostenibilit\u00e0 | VII Edizione | 7 Novembre 2024 | Innovation Center di Fondazione CR Firenze, Firenze Il Convegno \u201cUPhD Green\u201d si colloca nella cornice di Urbanpromo Green, come spazio dedicato alle ricerche sviluppate nell\u2019ambito dei percorsi ...","og_url":"https:\/\/urbanpromo.it\/info\/uphd-green-2024\/","og_site_name":"urbanpromo","article_modified_time":"2024-07-11T13:03:38+00:00","og_image":[{"width":12960,"height":6480,"url":"https:\/\/urbanpromo.it\/content\/uploads\/sites\/2\/2024\/07\/Banner_UrbanPromo_UpHD-copia.jpg","type":"image\/jpeg"}],"twitter_card":"summary_large_image","twitter_misc":{"Est. reading time":"2 minuti"},"schema":{"@context":"https:\/\/schema.org","@graph":[{"@type":"WebPage","@id":"https:\/\/urbanpromo.it\/info\/uphd-green-2024\/","url":"https:\/\/urbanpromo.it\/info\/uphd-green-2024\/","name":"UPhD GREEN 2024 - urbanpromo","isPartOf":{"@id":"https:\/\/urbanpromo.it\/info\/#website"},"primaryImageOfPage":{"@id":"https:\/\/urbanpromo.it\/info\/uphd-green-2024\/#primaryimage"},"image":{"@id":"https:\/\/urbanpromo.it\/info\/uphd-green-2024\/#primaryimage"},"thumbnailUrl":"https:\/\/urbanpromo.it\/content\/uploads\/sites\/2\/2024\/07\/Banner_UrbanPromo_UpHD-copia.jpg","datePublished":"2023-07-19T09:52:32+00:00","dateModified":"2024-07-11T13:03:38+00:00","breadcrumb":{"@id":"https:\/\/urbanpromo.it\/info\/uphd-green-2024\/#breadcrumb"},"inLanguage":"it-IT","potentialAction":[{"@type":"ReadAction","target":["https:\/\/urbanpromo.it\/info\/uphd-green-2024\/"]}]},{"@type":"ImageObject","inLanguage":"it-IT","@id":"https:\/\/urbanpromo.it\/info\/uphd-green-2024\/#primaryimage","url":"https:\/\/urbanpromo.it\/content\/uploads\/sites\/2\/2024\/07\/Banner_UrbanPromo_UpHD-copia.jpg","contentUrl":"https:\/\/urbanpromo.it\/content\/uploads\/sites\/2\/2024\/07\/Banner_UrbanPromo_UpHD-copia.jpg","width":12960,"height":6480},{"@type":"BreadcrumbList","@id":"https:\/\/urbanpromo.it\/info\/uphd-green-2024\/#breadcrumb","itemListElement":[{"@type":"ListItem","position":1,"name":"Home","item":"https:\/\/urbanpromo.it\/info\/"},{"@type":"ListItem","position":2,"name":"UPhD GREEN 2024"}]},{"@type":"WebSite","@id":"https:\/\/urbanpromo.it\/info\/#website","url":"https:\/\/urbanpromo.it\/info\/","name":"urbanpromo","description":"22^ edizione","potentialAction":[{"@type":"SearchAction","target":{"@type":"EntryPoint","urlTemplate":"https:\/\/urbanpromo.it\/info\/?s={search_term_string}"},"query-input":{"@type":"PropertyValueSpecification","valueRequired":true,"valueName":"search_term_string"}}],"inLanguage":"it-IT"}]}},"_links":{"self":[{"href":"https:\/\/urbanpromo.it\/info\/wp-json\/wp\/v2\/pages\/19037","targetHints":{"allow":["GET"]}}],"collection":[{"href":"https:\/\/urbanpromo.it\/info\/wp-json\/wp\/v2\/pages"}],"about":[{"href":"https:\/\/urbanpromo.it\/info\/wp-json\/wp\/v2\/types\/page"}],"author":[{"embeddable":true,"href":"https:\/\/urbanpromo.it\/info\/wp-json\/wp\/v2\/users\/1"}],"replies":[{"embeddable":true,"href":"https:\/\/urbanpromo.it\/info\/wp-json\/wp\/v2\/comments?post=19037"}],"version-history":[{"count":12,"href":"https:\/\/urbanpromo.it\/info\/wp-json\/wp\/v2\/pages\/19037\/revisions"}],"predecessor-version":[{"id":19880,"href":"https:\/\/urbanpromo.it\/info\/wp-json\/wp\/v2\/pages\/19037\/revisions\/19880"}],"wp:featuredmedia":[{"embeddable":true,"href":"https:\/\/urbanpromo.it\/info\/wp-json\/wp\/v2\/media\/19857"}],"wp:attachment":[{"href":"https:\/\/urbanpromo.it\/info\/wp-json\/wp\/v2\/media?parent=19037"}],"curies":[{"name":"wp","href":"https:\/\/api.w.org\/{rel}","templated":true}]}}