{"id":20156,"date":"2025-04-16T12:13:41","date_gmt":"2025-04-16T10:13:41","guid":{"rendered":"https:\/\/urbanpromo.it\/info\/?page_id=20156"},"modified":"2025-09-23T10:47:38","modified_gmt":"2025-09-23T08:47:38","slug":"premio-citta-accessibili-a-tutti-2025","status":"publish","type":"page","link":"https:\/\/urbanpromo.it\/info\/premio-citta-accessibili-a-tutti-2025\/","title":{"rendered":"PREMIO CITT\u00c0 ACCESSIBILI A TUTTI 2025"},"content":{"rendered":"<h3><strong>Citt\u00e0 accessibili a tutti<\/strong><br \/>\n<strong>Premio per tesi di laurea, magistrali e triennali, e Ricerche e Studi 2025<\/strong><\/h3>\n<p>&nbsp;<\/p>\n<p>L\u2019INU dal 2016 \u00e8 impegnato nel Progetto Citt\u00e0 accessibili a tutti e nel 2020 ha istituito il Premio Citt\u00e0 accessibili a tutti che viene assegnato attraverso un Bando di concorso INU-URBIT. Nel tempo il Progetto \u201cCitt\u00e0 accessibili a tutti\u201d ha messo in evidenza l\u2019importanza di costruire il sistema dell\u2019accessibilit\u00e0 laddove la finalit\u00e0 supera la logica del singolo intervento di superamento delle barriere per un traguardo pi\u00f9 ampio della qualit\u00e0 complessiva, si tratta di un\u2019impostazione che \u00e8 ribadita spesso nelle Linee Guida pubblicate nell&#8217;<a href=\"http:\/\/atlantecittaccessibili.inu.it\/\">atlantecittaccessibili.inu.it<\/a>.<\/p>\n<p>Possono partecipare al Bando i lavori aventi caratteri innovativo sulla accessibilit\u00e0 a 360\u00b0, realizzati in Italia o all\u2019estero, tra l\u20191.04.2023 e il 6.10.2025 nell\u2019ambito di Tesi di laurea, triennali e magistrali, e Ricerche e Studi.<\/p>\n<p>Il montepremi di \u20ac 10.000,00 \u00e8 sostenuto da: Camera di Commercio di Genova, Regione Toscana e Fondazione habitat umano.<br \/>\nCollaborano al Premio: Ministro per le Disabilit\u00e0, Consiglio Nazionale delle Ricerche, CERPA ETS e Urbanistica Informazioni.<br \/>\nCon il patrocinio del Ministero della Cultura.<\/p>\n<p>Il bando e il format per la domanda di partecipazione sono scaricabili nella colonna laterale di questa pagina.<\/p>\n<p>Date e scadenze:<\/p>\n<ul>\n<li>6.10.2025: deadline per la presentazione delle domande di partecipazione;<\/li>\n<li>novembre 2025: cerimonia di premiazione in occasione di Urbanpromo Progetti per il Paese.<\/li>\n<\/ul>\n<p>Per ulteriori informazioni: <a href=\"mailto:iginio.rossi49@gmail.com\">iginio.rossi49@gmail.com<\/a><\/p>\n<p>&nbsp;<\/p>\n","protected":false},"excerpt":{"rendered":"<p>Citt\u00e0 accessibili a tutti Premio per tesi di laurea, magistrali e triennali, e Ricerche e Studi 2025 &nbsp; L\u2019INU dal 2016 \u00e8 impegnato nel Progetto Citt\u00e0 accessibili a tutti e nel 2020 ha istituito il Premio Citt\u00e0 accessibili a tutti che viene assegnato attraverso un Bando di concorso INU-URBIT. Nel tempo il Progetto \u201cCitt\u00e0 accessibili &#8230;<\/p>\n","protected":false},"author":5381,"featured_media":20157,"parent":0,"menu_order":0,"comment_status":"closed","ping_status":"closed","template":"page-templates\/template-page-full.php","meta":{"_acf_changed":false,"footnotes":""},"class_list":["post-20156","page","type-page","status-publish","has-post-thumbnail","hentry"],"acf":[],"yoast_head":"<!-- This site is optimized with the Yoast SEO plugin v27.4 - https:\/\/yoast.com\/product\/yoast-seo-wordpress\/ -->\n<title>PREMIO CITT\u00c0 ACCESSIBILI A TUTTI 2025 - urbanpromo<\/title>\n<meta name=\"robots\" content=\"index, follow, max-snippet:-1, max-image-preview:large, max-video-preview:-1\" \/>\n<link rel=\"canonical\" href=\"https:\/\/urbanpromo.it\/info\/premio-citta-accessibili-a-tutti-2025\/\" \/>\n<meta property=\"og:locale\" content=\"it_IT\" \/>\n<meta property=\"og:type\" content=\"article\" \/>\n<meta property=\"og:title\" content=\"PREMIO CITT\u00c0 ACCESSIBILI A TUTTI 2025 - urbanpromo\" \/>\n<meta property=\"og:description\" content=\"Citt\u00e0 accessibili a tutti Premio per tesi di laurea, magistrali e triennali, e Ricerche e Studi 2025 &nbsp; L\u2019INU dal 2016 \u00e8 impegnato nel Progetto Citt\u00e0 accessibili a tutti e nel 2020 ha istituito il Premio Citt\u00e0 accessibili a tutti che viene assegnato attraverso un Bando di concorso INU-URBIT. Nel tempo il Progetto \u201cCitt\u00e0 accessibili ...\" \/>\n<meta property=\"og:url\" content=\"https:\/\/urbanpromo.it\/info\/premio-citta-accessibili-a-tutti-2025\/\" \/>\n<meta property=\"og:site_name\" content=\"urbanpromo\" \/>\n<meta property=\"article:modified_time\" content=\"2025-09-23T08:47:38+00:00\" \/>\n<meta property=\"og:image\" content=\"https:\/\/urbanpromo.it\/content\/uploads\/sites\/2\/2025\/04\/Atlantecittaccessibili_Immagine_AR.jpg\" \/>\n\t<meta property=\"og:image:width\" content=\"2053\" \/>\n\t<meta property=\"og:image:height\" content=\"1474\" \/>\n\t<meta property=\"og:image:type\" content=\"image\/jpeg\" \/>\n<meta name=\"twitter:card\" content=\"summary_large_image\" \/>\n<meta name=\"twitter:label1\" content=\"Est. reading time\" \/>\n\t<meta name=\"twitter:data1\" content=\"1 minuto\" \/>\n<script type=\"application\/ld+json\" class=\"yoast-schema-graph\">{\"@context\":\"https:\\\/\\\/schema.org\",\"@graph\":[{\"@type\":\"WebPage\",\"@id\":\"https:\\\/\\\/urbanpromo.it\\\/info\\\/premio-citta-accessibili-a-tutti-2025\\\/\",\"url\":\"https:\\\/\\\/urbanpromo.it\\\/info\\\/premio-citta-accessibili-a-tutti-2025\\\/\",\"name\":\"PREMIO CITT\u00c0 ACCESSIBILI A TUTTI 2025 - urbanpromo\",\"isPartOf\":{\"@id\":\"https:\\\/\\\/urbanpromo.it\\\/info\\\/#website\"},\"primaryImageOfPage\":{\"@id\":\"https:\\\/\\\/urbanpromo.it\\\/info\\\/premio-citta-accessibili-a-tutti-2025\\\/#primaryimage\"},\"image\":{\"@id\":\"https:\\\/\\\/urbanpromo.it\\\/info\\\/premio-citta-accessibili-a-tutti-2025\\\/#primaryimage\"},\"thumbnailUrl\":\"https:\\\/\\\/urbanpromo.it\\\/content\\\/uploads\\\/sites\\\/2\\\/2025\\\/04\\\/Atlantecittaccessibili_Immagine_AR.jpg\",\"datePublished\":\"2025-04-16T10:13:41+00:00\",\"dateModified\":\"2025-09-23T08:47:38+00:00\",\"breadcrumb\":{\"@id\":\"https:\\\/\\\/urbanpromo.it\\\/info\\\/premio-citta-accessibili-a-tutti-2025\\\/#breadcrumb\"},\"inLanguage\":\"it-IT\",\"potentialAction\":[{\"@type\":\"ReadAction\",\"target\":[\"https:\\\/\\\/urbanpromo.it\\\/info\\\/premio-citta-accessibili-a-tutti-2025\\\/\"]}]},{\"@type\":\"ImageObject\",\"inLanguage\":\"it-IT\",\"@id\":\"https:\\\/\\\/urbanpromo.it\\\/info\\\/premio-citta-accessibili-a-tutti-2025\\\/#primaryimage\",\"url\":\"https:\\\/\\\/urbanpromo.it\\\/content\\\/uploads\\\/sites\\\/2\\\/2025\\\/04\\\/Atlantecittaccessibili_Immagine_AR.jpg\",\"contentUrl\":\"https:\\\/\\\/urbanpromo.it\\\/content\\\/uploads\\\/sites\\\/2\\\/2025\\\/04\\\/Atlantecittaccessibili_Immagine_AR.jpg\",\"width\":2053,\"height\":1474,\"caption\":\"Urban crowd from above\"},{\"@type\":\"BreadcrumbList\",\"@id\":\"https:\\\/\\\/urbanpromo.it\\\/info\\\/premio-citta-accessibili-a-tutti-2025\\\/#breadcrumb\",\"itemListElement\":[{\"@type\":\"ListItem\",\"position\":1,\"name\":\"Home\",\"item\":\"https:\\\/\\\/urbanpromo.it\\\/info\\\/\"},{\"@type\":\"ListItem\",\"position\":2,\"name\":\"PREMIO CITT\u00c0 ACCESSIBILI A TUTTI 2025\"}]},{\"@type\":\"WebSite\",\"@id\":\"https:\\\/\\\/urbanpromo.it\\\/info\\\/#website\",\"url\":\"https:\\\/\\\/urbanpromo.it\\\/info\\\/\",\"name\":\"urbanpromo\",\"description\":\"22^ edizione\",\"potentialAction\":[{\"@type\":\"SearchAction\",\"target\":{\"@type\":\"EntryPoint\",\"urlTemplate\":\"https:\\\/\\\/urbanpromo.it\\\/info\\\/?s={search_term_string}\"},\"query-input\":{\"@type\":\"PropertyValueSpecification\",\"valueRequired\":true,\"valueName\":\"search_term_string\"}}],\"inLanguage\":\"it-IT\"}]}<\/script>\n<!-- \/ Yoast SEO plugin. -->","yoast_head_json":{"title":"PREMIO CITT\u00c0 ACCESSIBILI A TUTTI 2025 - urbanpromo","robots":{"index":"index","follow":"follow","max-snippet":"max-snippet:-1","max-image-preview":"max-image-preview:large","max-video-preview":"max-video-preview:-1"},"canonical":"https:\/\/urbanpromo.it\/info\/premio-citta-accessibili-a-tutti-2025\/","og_locale":"it_IT","og_type":"article","og_title":"PREMIO CITT\u00c0 ACCESSIBILI A TUTTI 2025 - urbanpromo","og_description":"Citt\u00e0 accessibili a tutti Premio per tesi di laurea, magistrali e triennali, e Ricerche e Studi 2025 &nbsp; L\u2019INU dal 2016 \u00e8 impegnato nel Progetto Citt\u00e0 accessibili a tutti e nel 2020 ha istituito il Premio Citt\u00e0 accessibili a tutti che viene assegnato attraverso un Bando di concorso INU-URBIT. Nel tempo il Progetto \u201cCitt\u00e0 accessibili ...","og_url":"https:\/\/urbanpromo.it\/info\/premio-citta-accessibili-a-tutti-2025\/","og_site_name":"urbanpromo","article_modified_time":"2025-09-23T08:47:38+00:00","og_image":[{"width":2053,"height":1474,"url":"https:\/\/urbanpromo.it\/content\/uploads\/sites\/2\/2025\/04\/Atlantecittaccessibili_Immagine_AR.jpg","type":"image\/jpeg"}],"twitter_card":"summary_large_image","twitter_misc":{"Est. reading time":"1 minuto"},"schema":{"@context":"https:\/\/schema.org","@graph":[{"@type":"WebPage","@id":"https:\/\/urbanpromo.it\/info\/premio-citta-accessibili-a-tutti-2025\/","url":"https:\/\/urbanpromo.it\/info\/premio-citta-accessibili-a-tutti-2025\/","name":"PREMIO CITT\u00c0 ACCESSIBILI A TUTTI 2025 - urbanpromo","isPartOf":{"@id":"https:\/\/urbanpromo.it\/info\/#website"},"primaryImageOfPage":{"@id":"https:\/\/urbanpromo.it\/info\/premio-citta-accessibili-a-tutti-2025\/#primaryimage"},"image":{"@id":"https:\/\/urbanpromo.it\/info\/premio-citta-accessibili-a-tutti-2025\/#primaryimage"},"thumbnailUrl":"https:\/\/urbanpromo.it\/content\/uploads\/sites\/2\/2025\/04\/Atlantecittaccessibili_Immagine_AR.jpg","datePublished":"2025-04-16T10:13:41+00:00","dateModified":"2025-09-23T08:47:38+00:00","breadcrumb":{"@id":"https:\/\/urbanpromo.it\/info\/premio-citta-accessibili-a-tutti-2025\/#breadcrumb"},"inLanguage":"it-IT","potentialAction":[{"@type":"ReadAction","target":["https:\/\/urbanpromo.it\/info\/premio-citta-accessibili-a-tutti-2025\/"]}]},{"@type":"ImageObject","inLanguage":"it-IT","@id":"https:\/\/urbanpromo.it\/info\/premio-citta-accessibili-a-tutti-2025\/#primaryimage","url":"https:\/\/urbanpromo.it\/content\/uploads\/sites\/2\/2025\/04\/Atlantecittaccessibili_Immagine_AR.jpg","contentUrl":"https:\/\/urbanpromo.it\/content\/uploads\/sites\/2\/2025\/04\/Atlantecittaccessibili_Immagine_AR.jpg","width":2053,"height":1474,"caption":"Urban crowd from above"},{"@type":"BreadcrumbList","@id":"https:\/\/urbanpromo.it\/info\/premio-citta-accessibili-a-tutti-2025\/#breadcrumb","itemListElement":[{"@type":"ListItem","position":1,"name":"Home","item":"https:\/\/urbanpromo.it\/info\/"},{"@type":"ListItem","position":2,"name":"PREMIO CITT\u00c0 ACCESSIBILI A TUTTI 2025"}]},{"@type":"WebSite","@id":"https:\/\/urbanpromo.it\/info\/#website","url":"https:\/\/urbanpromo.it\/info\/","name":"urbanpromo","description":"22^ edizione","potentialAction":[{"@type":"SearchAction","target":{"@type":"EntryPoint","urlTemplate":"https:\/\/urbanpromo.it\/info\/?s={search_term_string}"},"query-input":{"@type":"PropertyValueSpecification","valueRequired":true,"valueName":"search_term_string"}}],"inLanguage":"it-IT"}]}},"_links":{"self":[{"href":"https:\/\/urbanpromo.it\/info\/wp-json\/wp\/v2\/pages\/20156","targetHints":{"allow":["GET"]}}],"collection":[{"href":"https:\/\/urbanpromo.it\/info\/wp-json\/wp\/v2\/pages"}],"about":[{"href":"https:\/\/urbanpromo.it\/info\/wp-json\/wp\/v2\/types\/page"}],"author":[{"embeddable":true,"href":"https:\/\/urbanpromo.it\/info\/wp-json\/wp\/v2\/users\/5381"}],"replies":[{"embeddable":true,"href":"https:\/\/urbanpromo.it\/info\/wp-json\/wp\/v2\/comments?post=20156"}],"version-history":[{"count":10,"href":"https:\/\/urbanpromo.it\/info\/wp-json\/wp\/v2\/pages\/20156\/revisions"}],"predecessor-version":[{"id":21025,"href":"https:\/\/urbanpromo.it\/info\/wp-json\/wp\/v2\/pages\/20156\/revisions\/21025"}],"wp:featuredmedia":[{"embeddable":true,"href":"https:\/\/urbanpromo.it\/info\/wp-json\/wp\/v2\/media\/20157"}],"wp:attachment":[{"href":"https:\/\/urbanpromo.it\/info\/wp-json\/wp\/v2\/media?parent=20156"}],"curies":[{"name":"wp","href":"https:\/\/api.w.org\/{rel}","templated":true}]}}