{"id":20650,"date":"2025-06-11T16:28:05","date_gmt":"2025-06-11T14:28:05","guid":{"rendered":"https:\/\/urbanpromo.it\/info\/?page_id=20650"},"modified":"2025-09-24T08:58:01","modified_gmt":"2025-09-24T06:58:01","slug":"la-22-edizione-di-urbanpromo","status":"publish","type":"page","link":"https:\/\/urbanpromo.it\/info\/la-22-edizione-di-urbanpromo\/","title":{"rendered":"La 22^ edizione di Urbanpromo"},"content":{"rendered":"<div><a href=\"https:\/\/urbanpromo.it\/content\/uploads\/sites\/2\/2025\/06\/Fac-simile-slideshow-e-copertina-3-scaled.jpg\"><img loading=\"lazy\" decoding=\"async\" class=\"aligncenter wp-image-20802 size-full\" src=\"https:\/\/urbanpromo.it\/content\/uploads\/sites\/2\/2025\/06\/Fac-simile-slideshow-e-copertina-3-scaled-e1749656073947.jpg\" alt=\"\" width=\"2440\" height=\"444\" srcset=\"https:\/\/urbanpromo.it\/content\/uploads\/sites\/2\/2025\/06\/Fac-simile-slideshow-e-copertina-3-scaled-e1749656073947.jpg 2440w, https:\/\/urbanpromo.it\/content\/uploads\/sites\/2\/2025\/06\/Fac-simile-slideshow-e-copertina-3-scaled-e1749656073947-300x55.jpg 300w, https:\/\/urbanpromo.it\/content\/uploads\/sites\/2\/2025\/06\/Fac-simile-slideshow-e-copertina-3-scaled-e1749656073947-1024x186.jpg 1024w, https:\/\/urbanpromo.it\/content\/uploads\/sites\/2\/2025\/06\/Fac-simile-slideshow-e-copertina-3-scaled-e1749656073947-768x140.jpg 768w, https:\/\/urbanpromo.it\/content\/uploads\/sites\/2\/2025\/06\/Fac-simile-slideshow-e-copertina-3-scaled-e1749656073947-1536x280.jpg 1536w, https:\/\/urbanpromo.it\/content\/uploads\/sites\/2\/2025\/06\/Fac-simile-slideshow-e-copertina-3-scaled-e1749656073947-2048x373.jpg 2048w\" sizes=\"auto, (max-width: 2440px) 100vw, 2440px\" \/><\/a><\/div>\n<div>\n<p style=\"text-align: left\">La 22\u00aa edizione di Urbanpromo \u2013 Progetti per il Paese si tiene a Firenze dall\u201911 al 14 novembre 2025. Promossa dall\u2019Istituto Nazionale di Urbanistica (INU) e organizzata dalla societ\u00e0 strumentale URBIT \u2013 Urbanistica Italiana Srl, la manifestazione si basa sul lavoro di un Comitato di Indirizzo che raccoglie e coordina le proposte dei diversi Gruppi di Lavoro.<\/p>\n<p style=\"text-align: left\">I main partners di INU e URBIT per l\u2019edizione di quest\u2019anno includono Fondazione CR Firenze, Fondazione Cariplo, Fondazione Sviluppo e Crescita CRT, Fondazione con il Sud, CDP Real Asset Sgr, Regione Toscana, Citt\u00e0 Metropolitana di Firenze, Comune di Firenze, ANCE, Confcommercio e FS Sistemi Urbani.<\/p>\n<p style=\"text-align: left\">L\u2019evento si svolge negli spazi dell\u2019Innovation Center della Fondazione CR Firenze, un edificio storico costruito alla fine del Seicento dal Granduca Cosimo III de\u2019 Medici come Granaio dell\u2019Abbondanza, trasformato in un moderno centro per l\u2019innovazione tecnologica.\u00a0<span style=\"font-size: 1rem\">Situato sul lungarno Soderini e a pochi passi dalla stazione di Santa Maria Novella, l\u2019Innovation Center ospita i convegni nelle quattro sale del Centro Congressi al piano interrato, mentre al piano terreno si trovano i 21 silos dello storico granaio, spazi espositivi, foyer e servizi di ospitalit\u00e0.<\/span><\/p>\n<p style=\"text-align: left\">Il programma culturale di Urbanpromo si articola attorno a quattro macro-temi ormai consolidati: rigenerazione urbana (Urbanpromo Citt\u00e0), abitare sociale (Urbanpromo Social Housing), transizione ecologica (Urbanpromo Green) e cultura digitale (Urbanpromo Digital).\u00a0<span style=\"font-size: 1rem\">Il filo conduttore della manifestazione di quest\u2019anno, \u201cRigenerare per abitare e abitare per rigenerare\u201d, viene approfondito attraverso temi come l\u2019abitare nelle citt\u00e0 turistiche, la gestione degli affitti brevi, l\u2019housing sociale e lo student housing. Vengono inoltre trattati la rigenerazione dei beni confiscati, la valorizzazione dei quartieri Erp, il restauro ambientale e la rigenerazione culturale. I lavori si concentrano anche sull\u2019impatto dei poli tecnologici nei contesti urbani, sulle strategie inclusive per i \u201cghetti urbani per i braccianti\u201d e sulla situazione delle aree interne soggette a spopolamento. Spazio viene dato alle compensazioni ambientali e alle Nature Based Solutions. La manifestazione \u00e8 anche un\u2019occasione per riflettere sulla necessit\u00e0 di una nuova legge urbanistica nazionale e sulle sfide normative in materia di rigenerazione urbana, edilizia e sviluppo sostenibile. Infine, particolare attenzione viene dedicata all\u2019innovazione, con panel sull\u2019intelligenza artificiale applicata alla pianificazione urbana e sulle piattaforme digitali per i servizi urbani, dalla mobilit\u00e0 al digital food, e sul ruolo dei poli di eccellenza come catalizzatori di sviluppo territoriale e sociale.<\/span><\/p>\n<p style=\"text-align: left\">Durante i quattro giorni di Urbanpromo, le sale del Centro Congressi ospitano quattro convegni in parallelo, generalmente strutturati in due sessioni da circa 90-100 minuti ciascuna, con un intervallo. Alcuni convegni adottano formati diversi e sono anche trasmessi in streaming. Tutti gli eventi vengono registrati e resi disponibili successivamente. Come di consueto, INU e URBIT richiedono agli Ordini professionali il riconoscimento di crediti formativi per i partecipanti.<\/p>\n<p>Quale percorso propedeutico a Urbanpromo 2025 \u00e8 stato ripreso il format &#8220;Urbanpromo Letture&#8221;<i>, <\/i>con la rassegna dal titolo &#8220;Agire Urbanistico. Utilit\u00e0, Potenzialit\u00e0, Criticit\u00e0, Radici&#8221;, articolato in quattro incontri in streaming, con cadenza mensile, di cui due nei mesi di giugno e luglio e altri due fra settembre e ottobre.<\/p>\n<p>&nbsp;<\/p>\n<\/div>\n<div><a href=\"https:\/\/urbanpromo.it\/content\/uploads\/sites\/2\/2025\/06\/UP25_Logo-completo_COLORI-scaled.jpg\"><img loading=\"lazy\" decoding=\"async\" class=\"alignleft wp-image-20781\" src=\"https:\/\/urbanpromo.it\/content\/uploads\/sites\/2\/2025\/06\/UP25_Logo-completo_COLORI-300x235.jpg\" alt=\"\" width=\"335\" height=\"268\" \/><\/a><\/div>\n","protected":false},"excerpt":{"rendered":"<p>La 22\u00aa edizione di Urbanpromo \u2013 Progetti per il Paese si tiene a Firenze dall\u201911 al 14 novembre 2025. Promossa dall\u2019Istituto Nazionale di Urbanistica (INU) e organizzata dalla societ\u00e0 strumentale URBIT \u2013 Urbanistica Italiana Srl, la manifestazione si basa sul lavoro di un Comitato di Indirizzo che raccoglie e coordina le proposte dei diversi Gruppi &#8230;<\/p>\n","protected":false},"author":5381,"featured_media":0,"parent":0,"menu_order":0,"comment_status":"closed","ping_status":"closed","template":"page-templates\/template-page-full.php","meta":{"_acf_changed":false,"footnotes":""},"class_list":["post-20650","page","type-page","status-publish","hentry"],"acf":[],"_links":{"self":[{"href":"https:\/\/urbanpromo.it\/info\/wp-json\/wp\/v2\/pages\/20650","targetHints":{"allow":["GET"]}}],"collection":[{"href":"https:\/\/urbanpromo.it\/info\/wp-json\/wp\/v2\/pages"}],"about":[{"href":"https:\/\/urbanpromo.it\/info\/wp-json\/wp\/v2\/types\/page"}],"author":[{"embeddable":true,"href":"https:\/\/urbanpromo.it\/info\/wp-json\/wp\/v2\/users\/5381"}],"replies":[{"embeddable":true,"href":"https:\/\/urbanpromo.it\/info\/wp-json\/wp\/v2\/comments?post=20650"}],"version-history":[{"count":39,"href":"https:\/\/urbanpromo.it\/info\/wp-json\/wp\/v2\/pages\/20650\/revisions"}],"predecessor-version":[{"id":20803,"href":"https:\/\/urbanpromo.it\/info\/wp-json\/wp\/v2\/pages\/20650\/revisions\/20803"}],"wp:attachment":[{"href":"https:\/\/urbanpromo.it\/info\/wp-json\/wp\/v2\/media?parent=20650"}],"curies":[{"name":"wp","href":"https:\/\/api.w.org\/{rel}","templated":true}]}}