{"id":20887,"date":"2025-06-27T13:11:52","date_gmt":"2025-06-27T11:11:52","guid":{"rendered":"https:\/\/urbanpromo.it\/info\/?page_id=20887"},"modified":"2025-09-24T09:08:16","modified_gmt":"2025-09-24T07:08:16","slug":"urbanpromo-letture-2025","status":"publish","type":"page","link":"https:\/\/urbanpromo.it\/info\/urbanpromo-letture-2025\/","title":{"rendered":"URBANPROMO LETTURE 2025"},"content":{"rendered":"<p style=\"font-weight: 400\">In primavera 2025 Urbanpromo Letture riprende le fila della narrazione della letteratura urbanistica attraverso una serie di incontri dedicati alla presentazione di pubblicazioni realizzate nell\u2019ambito delle iniziative editoriali dell\u2019INU o comunque su temi di interesse per l\u2019Istituto.<\/p>\n<p style=\"font-weight: 400\">\u201c<strong>AGIRE URBANISTICO. Utilit\u00e0, Potenzialit\u00e0, Criticit\u00e0, Radici<\/strong>\u201d \u00e8 il titolo del nuovo ciclo con cui si intende sottolineare alcuni tratti specifici del dibattito che anima il XXXII Congresso INU 2025, continuando cos\u00ec a offrire un ampio ventaglio di spunti ed elementi di conoscenza e riflessione su aspetti rilevanti dell\u2019urbanistica contemporanea e del governo del territorio.<\/p>\n<p style=\"font-weight: 400\">L\u2019evento di apertura si terr\u00e0 mercoled\u00ec 4 giugno ed i successivi incontri si svolgeranno il secondo mercoled\u00ec del mese, a luglio, settembre e ottobre.<\/p>\n<p style=\"font-weight: 400\">Come consuetudine, in occasione di ogni appuntamento i curatori animeranno una riflessione a pi\u00f9, con l\u2019autore ed altri invitati, sulle questione poste dalla lettura prescelta.<\/p>\n<hr \/>\n<p style=\"font-weight: 400\">Appuntamenti rassegna 2025<\/p>\n<p>4 giugno 2025 &#8211; <strong>Utilit\u00e0<\/strong><br \/>\n9 luglio 2025 &#8211; <strong>Potenzialit\u00e0<br \/>\n<\/strong>10 settembre 2025 &#8211; <strong>Criticit\u00e0 <em>(annullato)<\/em><br \/>\n<\/strong>8 ottobre 2025 &#8211; <strong>Radici<\/strong><\/p>\n","protected":false},"excerpt":{"rendered":"<p>In primavera 2025 Urbanpromo Letture riprende le fila della narrazione della letteratura urbanistica attraverso una serie di incontri dedicati alla presentazione di pubblicazioni realizzate nell\u2019ambito delle iniziative editoriali dell\u2019INU o comunque su temi di interesse per l\u2019Istituto. \u201cAGIRE URBANISTICO. Utilit\u00e0, Potenzialit\u00e0, Criticit\u00e0, Radici\u201d \u00e8 il titolo del nuovo ciclo con cui si intende sottolineare alcuni &#8230;<\/p>\n","protected":false},"author":5381,"featured_media":0,"parent":0,"menu_order":0,"comment_status":"closed","ping_status":"closed","template":"page-templates\/template-page-full.php","meta":{"_acf_changed":false,"footnotes":""},"class_list":["post-20887","page","type-page","status-publish","hentry"],"acf":[],"_links":{"self":[{"href":"https:\/\/urbanpromo.it\/info\/wp-json\/wp\/v2\/pages\/20887","targetHints":{"allow":["GET"]}}],"collection":[{"href":"https:\/\/urbanpromo.it\/info\/wp-json\/wp\/v2\/pages"}],"about":[{"href":"https:\/\/urbanpromo.it\/info\/wp-json\/wp\/v2\/types\/page"}],"author":[{"embeddable":true,"href":"https:\/\/urbanpromo.it\/info\/wp-json\/wp\/v2\/users\/5381"}],"replies":[{"embeddable":true,"href":"https:\/\/urbanpromo.it\/info\/wp-json\/wp\/v2\/comments?post=20887"}],"version-history":[{"count":13,"href":"https:\/\/urbanpromo.it\/info\/wp-json\/wp\/v2\/pages\/20887\/revisions"}],"predecessor-version":[{"id":21037,"href":"https:\/\/urbanpromo.it\/info\/wp-json\/wp\/v2\/pages\/20887\/revisions\/21037"}],"wp:attachment":[{"href":"https:\/\/urbanpromo.it\/info\/wp-json\/wp\/v2\/media?parent=20887"}],"curies":[{"name":"wp","href":"https:\/\/api.w.org\/{rel}","templated":true}]}}