{"id":268,"date":"2014-07-17T13:21:06","date_gmt":"2014-07-17T11:21:06","guid":{"rendered":"http:\/\/urbanpromo.it\/info\/?page_id=268"},"modified":"2014-08-08T10:02:47","modified_gmt":"2014-08-08T08:02:47","slug":"marketing-urbano","status":"publish","type":"page","link":"https:\/\/urbanpromo.it\/info\/marketing-urbano\/","title":{"rendered":"Marketing Urbano"},"content":{"rendered":"<p><a href=\"http:\/\/urbanpromo.it\/info\/wp-content\/uploads\/sites\/2\/2014\/07\/Marketing-Urbano_2.png\"><img loading=\"lazy\" decoding=\"async\" class=\"alignleft size-thumbnail wp-image-568\" src=\"http:\/\/urbanpromo.it\/info\/wp-content\/uploads\/sites\/2\/2014\/07\/Marketing-Urbano_2-150x150.png\" alt=\"Marketing Urbano\" width=\"150\" height=\"150\" srcset=\"https:\/\/urbanpromo.it\/content\/uploads\/sites\/2\/2014\/07\/Marketing-Urbano_2-150x150.png 150w, https:\/\/urbanpromo.it\/content\/uploads\/sites\/2\/2014\/07\/Marketing-Urbano_2.png 220w\" sizes=\"auto, (max-width: 150px) 100vw, 150px\" \/><\/a>Politiche, progettualit\u00e0 ed esperienze sviluppate\u00a0attraverso il partenariato pubblico-privato nell&#8217;ambito\u00a0delle reti per la rigenerazione urbana.<br \/>\nNella Gallery online le migliori e pi\u00f9 innovative\u00a0pratiche riguardanti politiche, strategie e realizzazioni\u00a0di rivitalizzazione delle attivit\u00e0 economiche e dei\u00a0sistemi urbani.<\/p>\n<p>Nei convegni i partecipanti interloquiscono\u00a0coi rappresentanti pi\u00f9 autorevoli di esperienze\u00a0significative, conoscono contesti, modalit\u00e0\u00a0e soluzioni che hanno portato: al successo\u00a0e all&#8217;efficienza funzionale; al miglioramento\u00a0dell\u2019accessibilit\u00e0; a pi\u00f9 alte capacit\u00e0 attrattive per gli\u00a0investimenti rispondendo alle esigenze dei fruitori;\u00a0alla competitivit\u00e0 e innovazione delle imprese; ad utili\u00a0monitoraggi e valutazione degli interventi.<\/p>\n<p>La sezione tratta di:<\/p>\n<ul>\n<li>centri storici e aree depresse delle citt\u00e0\u00a0che accolgono processi di rivitalizzazione,\u00a0sperimentano azioni di riuso delle unit\u00e0 sfitte e\u00a0ricercano nuove smart city specialisation;<\/li>\n<li>luoghi omogenei per settori produttivi, per\u00a0paesaggio e per eccellenze che perseguono la\u00a0promozione integrata;<\/li>\n<li>percorsi di rivitalizzazione agendo sul\u00a0miglioramento della governance e\u00a0sull&#8217;innovazione delle formule quali, per\u00a0esempio, quelle legate alle politiche per la\u00a0diffusione dell\u2019agricoltura urbana e alle politiche,\u00a0strategie e strumenti per rendere le citt\u00e0 pi\u00f9\u00a0accessibili;<\/li>\n<li>reti, distretti e altre aggregazioni per raggiungere\u00a0maggiori competitivit\u00e0 ed efficienza dei territori;<\/li>\n<li>patti di collaborazione su servizi, cultura,\u00a0turismo, attivit\u00e0 economiche e qualit\u00e0 del vivere;<\/li>\n<li>agricoltura urbana promossa attraverso\u00a0incentivi e perequazione urbanistica, dedicata\u00a0all&#8217;autoconsumo finalizzato al contenimento della\u00a0spesa familiare.<\/li>\n<\/ul>\n","protected":false},"excerpt":{"rendered":"<p>Politiche, progettualit\u00e0 ed esperienze sviluppate\u00a0attraverso il partenariato pubblico-privato nell&#8217;ambito\u00a0delle reti per la rigenerazione urbana. Nella Gallery online le migliori e pi\u00f9 innovative\u00a0pratiche riguardanti politiche, strategie e realizzazioni\u00a0di rivitalizzazione delle attivit\u00e0 economiche e dei\u00a0sistemi urbani. Nei convegni i partecipanti interloquiscono\u00a0coi rappresentanti pi\u00f9 autorevoli di esperienze\u00a0significative, conoscono contesti, modalit\u00e0\u00a0e soluzioni che hanno portato: al successo\u00a0e all&#8217;efficienza funzionale; &#8230;<\/p>\n","protected":false},"author":2,"featured_media":0,"parent":0,"menu_order":0,"comment_status":"open","ping_status":"open","template":"template-page-full.php","meta":{"_acf_changed":false,"footnotes":""},"class_list":["post-268","page","type-page","status-publish","hentry"],"acf":[],"yoast_head":"<!-- This site is optimized with the Yoast SEO plugin v27.4 - https:\/\/yoast.com\/product\/yoast-seo-wordpress\/ -->\n<title>Marketing Urbano - urbanpromo<\/title>\n<meta name=\"robots\" content=\"index, follow, max-snippet:-1, max-image-preview:large, max-video-preview:-1\" \/>\n<link rel=\"canonical\" href=\"https:\/\/urbanpromo.it\/info\/marketing-urbano\/\" \/>\n<meta property=\"og:locale\" content=\"it_IT\" \/>\n<meta property=\"og:type\" content=\"article\" \/>\n<meta property=\"og:title\" content=\"Marketing Urbano - urbanpromo\" \/>\n<meta property=\"og:description\" content=\"Politiche, progettualit\u00e0 ed esperienze sviluppate\u00a0attraverso il partenariato pubblico-privato nell&#8217;ambito\u00a0delle reti per la rigenerazione urbana. Nella Gallery online le migliori e pi\u00f9 innovative\u00a0pratiche riguardanti politiche, strategie e realizzazioni\u00a0di rivitalizzazione delle attivit\u00e0 economiche e dei\u00a0sistemi urbani. Nei convegni i partecipanti interloquiscono\u00a0coi rappresentanti pi\u00f9 autorevoli di esperienze\u00a0significative, conoscono contesti, modalit\u00e0\u00a0e soluzioni che hanno portato: al successo\u00a0e all&#8217;efficienza funzionale; ...\" \/>\n<meta property=\"og:url\" content=\"https:\/\/urbanpromo.it\/info\/marketing-urbano\/\" \/>\n<meta property=\"og:site_name\" content=\"urbanpromo\" \/>\n<meta property=\"article:modified_time\" content=\"2014-08-08T08:02:47+00:00\" \/>\n<meta property=\"og:image\" content=\"https:\/\/urbanpromo.it\/content\/uploads\/sites\/2\/2014\/07\/Marketing-Urbano_2.png\" \/>\n\t<meta property=\"og:image:width\" content=\"220\" \/>\n\t<meta property=\"og:image:height\" content=\"220\" \/>\n\t<meta property=\"og:image:type\" content=\"image\/png\" \/>\n<meta name=\"twitter:card\" content=\"summary_large_image\" \/>\n<meta name=\"twitter:label1\" content=\"Est. reading time\" \/>\n\t<meta name=\"twitter:data1\" content=\"1 minuto\" \/>\n<script type=\"application\/ld+json\" class=\"yoast-schema-graph\">{\"@context\":\"https:\\\/\\\/schema.org\",\"@graph\":[{\"@type\":\"WebPage\",\"@id\":\"https:\\\/\\\/urbanpromo.it\\\/info\\\/marketing-urbano\\\/\",\"url\":\"https:\\\/\\\/urbanpromo.it\\\/info\\\/marketing-urbano\\\/\",\"name\":\"Marketing Urbano - urbanpromo\",\"isPartOf\":{\"@id\":\"https:\\\/\\\/urbanpromo.it\\\/info\\\/#website\"},\"primaryImageOfPage\":{\"@id\":\"https:\\\/\\\/urbanpromo.it\\\/info\\\/marketing-urbano\\\/#primaryimage\"},\"image\":{\"@id\":\"https:\\\/\\\/urbanpromo.it\\\/info\\\/marketing-urbano\\\/#primaryimage\"},\"thumbnailUrl\":\"http:\\\/\\\/urbanpromo.it\\\/info\\\/wp-content\\\/uploads\\\/sites\\\/2\\\/2014\\\/07\\\/Marketing-Urbano_2-150x150.png\",\"datePublished\":\"2014-07-17T11:21:06+00:00\",\"dateModified\":\"2014-08-08T08:02:47+00:00\",\"breadcrumb\":{\"@id\":\"https:\\\/\\\/urbanpromo.it\\\/info\\\/marketing-urbano\\\/#breadcrumb\"},\"inLanguage\":\"it-IT\",\"potentialAction\":[{\"@type\":\"ReadAction\",\"target\":[\"https:\\\/\\\/urbanpromo.it\\\/info\\\/marketing-urbano\\\/\"]}]},{\"@type\":\"ImageObject\",\"inLanguage\":\"it-IT\",\"@id\":\"https:\\\/\\\/urbanpromo.it\\\/info\\\/marketing-urbano\\\/#primaryimage\",\"url\":\"https:\\\/\\\/urbanpromo.it\\\/content\\\/uploads\\\/sites\\\/2\\\/2014\\\/07\\\/Marketing-Urbano_2.png\",\"contentUrl\":\"https:\\\/\\\/urbanpromo.it\\\/content\\\/uploads\\\/sites\\\/2\\\/2014\\\/07\\\/Marketing-Urbano_2.png\",\"width\":220,\"height\":220},{\"@type\":\"BreadcrumbList\",\"@id\":\"https:\\\/\\\/urbanpromo.it\\\/info\\\/marketing-urbano\\\/#breadcrumb\",\"itemListElement\":[{\"@type\":\"ListItem\",\"position\":1,\"name\":\"Home\",\"item\":\"https:\\\/\\\/urbanpromo.it\\\/info\\\/\"},{\"@type\":\"ListItem\",\"position\":2,\"name\":\"Marketing Urbano\"}]},{\"@type\":\"WebSite\",\"@id\":\"https:\\\/\\\/urbanpromo.it\\\/info\\\/#website\",\"url\":\"https:\\\/\\\/urbanpromo.it\\\/info\\\/\",\"name\":\"urbanpromo\",\"description\":\"22^ edizione\",\"potentialAction\":[{\"@type\":\"SearchAction\",\"target\":{\"@type\":\"EntryPoint\",\"urlTemplate\":\"https:\\\/\\\/urbanpromo.it\\\/info\\\/?s={search_term_string}\"},\"query-input\":{\"@type\":\"PropertyValueSpecification\",\"valueRequired\":true,\"valueName\":\"search_term_string\"}}],\"inLanguage\":\"it-IT\"}]}<\/script>\n<!-- \/ Yoast SEO plugin. -->","yoast_head_json":{"title":"Marketing Urbano - urbanpromo","robots":{"index":"index","follow":"follow","max-snippet":"max-snippet:-1","max-image-preview":"max-image-preview:large","max-video-preview":"max-video-preview:-1"},"canonical":"https:\/\/urbanpromo.it\/info\/marketing-urbano\/","og_locale":"it_IT","og_type":"article","og_title":"Marketing Urbano - urbanpromo","og_description":"Politiche, progettualit\u00e0 ed esperienze sviluppate\u00a0attraverso il partenariato pubblico-privato nell&#8217;ambito\u00a0delle reti per la rigenerazione urbana. Nella Gallery online le migliori e pi\u00f9 innovative\u00a0pratiche riguardanti politiche, strategie e realizzazioni\u00a0di rivitalizzazione delle attivit\u00e0 economiche e dei\u00a0sistemi urbani. Nei convegni i partecipanti interloquiscono\u00a0coi rappresentanti pi\u00f9 autorevoli di esperienze\u00a0significative, conoscono contesti, modalit\u00e0\u00a0e soluzioni che hanno portato: al successo\u00a0e all&#8217;efficienza funzionale; ...","og_url":"https:\/\/urbanpromo.it\/info\/marketing-urbano\/","og_site_name":"urbanpromo","article_modified_time":"2014-08-08T08:02:47+00:00","og_image":[{"width":220,"height":220,"url":"https:\/\/urbanpromo.it\/content\/uploads\/sites\/2\/2014\/07\/Marketing-Urbano_2.png","type":"image\/png"}],"twitter_card":"summary_large_image","twitter_misc":{"Est. reading time":"1 minuto"},"schema":{"@context":"https:\/\/schema.org","@graph":[{"@type":"WebPage","@id":"https:\/\/urbanpromo.it\/info\/marketing-urbano\/","url":"https:\/\/urbanpromo.it\/info\/marketing-urbano\/","name":"Marketing Urbano - urbanpromo","isPartOf":{"@id":"https:\/\/urbanpromo.it\/info\/#website"},"primaryImageOfPage":{"@id":"https:\/\/urbanpromo.it\/info\/marketing-urbano\/#primaryimage"},"image":{"@id":"https:\/\/urbanpromo.it\/info\/marketing-urbano\/#primaryimage"},"thumbnailUrl":"http:\/\/urbanpromo.it\/info\/wp-content\/uploads\/sites\/2\/2014\/07\/Marketing-Urbano_2-150x150.png","datePublished":"2014-07-17T11:21:06+00:00","dateModified":"2014-08-08T08:02:47+00:00","breadcrumb":{"@id":"https:\/\/urbanpromo.it\/info\/marketing-urbano\/#breadcrumb"},"inLanguage":"it-IT","potentialAction":[{"@type":"ReadAction","target":["https:\/\/urbanpromo.it\/info\/marketing-urbano\/"]}]},{"@type":"ImageObject","inLanguage":"it-IT","@id":"https:\/\/urbanpromo.it\/info\/marketing-urbano\/#primaryimage","url":"https:\/\/urbanpromo.it\/content\/uploads\/sites\/2\/2014\/07\/Marketing-Urbano_2.png","contentUrl":"https:\/\/urbanpromo.it\/content\/uploads\/sites\/2\/2014\/07\/Marketing-Urbano_2.png","width":220,"height":220},{"@type":"BreadcrumbList","@id":"https:\/\/urbanpromo.it\/info\/marketing-urbano\/#breadcrumb","itemListElement":[{"@type":"ListItem","position":1,"name":"Home","item":"https:\/\/urbanpromo.it\/info\/"},{"@type":"ListItem","position":2,"name":"Marketing Urbano"}]},{"@type":"WebSite","@id":"https:\/\/urbanpromo.it\/info\/#website","url":"https:\/\/urbanpromo.it\/info\/","name":"urbanpromo","description":"22^ edizione","potentialAction":[{"@type":"SearchAction","target":{"@type":"EntryPoint","urlTemplate":"https:\/\/urbanpromo.it\/info\/?s={search_term_string}"},"query-input":{"@type":"PropertyValueSpecification","valueRequired":true,"valueName":"search_term_string"}}],"inLanguage":"it-IT"}]}},"_links":{"self":[{"href":"https:\/\/urbanpromo.it\/info\/wp-json\/wp\/v2\/pages\/268","targetHints":{"allow":["GET"]}}],"collection":[{"href":"https:\/\/urbanpromo.it\/info\/wp-json\/wp\/v2\/pages"}],"about":[{"href":"https:\/\/urbanpromo.it\/info\/wp-json\/wp\/v2\/types\/page"}],"author":[{"embeddable":true,"href":"https:\/\/urbanpromo.it\/info\/wp-json\/wp\/v2\/users\/2"}],"replies":[{"embeddable":true,"href":"https:\/\/urbanpromo.it\/info\/wp-json\/wp\/v2\/comments?post=268"}],"version-history":[{"count":0,"href":"https:\/\/urbanpromo.it\/info\/wp-json\/wp\/v2\/pages\/268\/revisions"}],"wp:attachment":[{"href":"https:\/\/urbanpromo.it\/info\/wp-json\/wp\/v2\/media?parent=268"}],"curies":[{"name":"wp","href":"https:\/\/api.w.org\/{rel}","templated":true}]}}