{"id":8008,"date":"2019-06-27T18:46:31","date_gmt":"2019-06-27T16:46:31","guid":{"rendered":"https:\/\/urbanpromo.it\/info\/?page_id=8008"},"modified":"2023-06-29T15:24:08","modified_gmt":"2023-06-29T13:24:08","slug":"chi-siamo-2","status":"publish","type":"page","link":"https:\/\/urbanpromo.it\/info\/chi-siamo-2\/","title":{"rendered":"Chi siamo"},"content":{"rendered":"<h3>URBANPROMO \u00c8\u2026<\/h3>\n<p>Urbanpromo &#8211; Progetti per il Paese \u00e8 l\u2019evento culturale di riferimento sul grande tema della rigenerazione urbana, intesa come processo di strategie, politiche, azioni, finalizzate alla realizzazione di uno sviluppo urbano sostenibile.<\/p>\n<p>Urbanpromo \u00e8 la sede privilegiata per:<\/p>\n<ul>\n<li>conoscere e far conoscere progetti ed esperienze di contenuto innovativo;<\/li>\n<li>comprendere le peculiarit\u00e0 dei nuovi approcci alle problematiche urbanistiche, immobiliari e sociali in ambito urbano;<\/li>\n<li>creare le premesse per progetti di investimento in partenariato pubblico privato;<\/li>\n<li>stabilire relazioni con rappresentanti di Amministrazioni pubbliche, Societ\u00e0 private, Universit\u00e0 e Istituti di ricerca, Studi professionali.<\/li>\n<li>Urbanpromo offre la possibilit\u00e0 di un aggiornamento avanzato ad amministratori, operatori economici, professionisti, ricercatori sulle questioni di maggior rilievo del panorama italiano e internazionale.<\/li>\n<\/ul>\n<p>Attraverso un intenso programma di convegni online e in presenza, un\u2019esposizione di progetti, alcune pubblicazioni di diffusione nazionale, Urbanpromo affronta in modo trasversale i punti nodali della rigenerazione urbana: l\u2019attivazione degli investimenti tramite il partenariato pubblico-privato, l\u2019efficienza energetica, la mobilit\u00e0 sostenibile, la valorizzazione dei patrimoni immobiliari, il social housing, il finanziamento privato delle opere pubbliche, la fiscalit\u00e0 immobiliare, le prospettive del mercato immobiliare.<\/p>\n<p>Urbanpromo si articola in quattro temi: \u201cUrbanpromo Citt\u00e0\u201d, \u201cUrbanpromo Social Housing\u201d, &#8220;Urbanpromo Green&#8221; e \u201cUrbanpromo Digital\u201d.<\/p>\n<p>Il programma di \u201cUrbanpromo Progetti per il Paese\u201d dal 2019 incorpora \u201cUrbanpromo Social Housing\u201d e dal 2021, con il marchio &#8220;Urbanpromo Digital&#8221;, valorizza le esperienze progettuali che testimoniano la transizione digitale in corso. La costruzione del programma culturale avviene mediante due linee di lavoro. Per un verso, un Comitato tecnico-scientifico formato dai rappresentati di INU\/Urbit, Compagnia di San Paolo, Fondazione Cariplo, Fondazione Sviluppo e Crescita CRT e CDP Investimenti, definisce le iniziative di comune interesse fra cui \u201cUrbanpromo Social Housing\u201d. Per l\u2019altro, un analogo organismo, interamente composto da soci INU, individua e sviluppa ulteriori temi di attualit\u00e0, avvalendosi dell\u2019attivit\u00e0 di ricerca e monitoraggio condotta dall\u2019Istituto in ambito nazionale. Il programma di \u201cUrbanpromo Green\u201d \u00e8 allestito da un gruppo di lavoro misto dell\u2019INU e dell\u2019Universit\u00e0 Iuav di Venezia.<\/p>\n<p>&nbsp;<\/p>\n<p><img loading=\"lazy\" decoding=\"async\" class=\"aligncenter wp-image-7974\" src=\"https:\/\/urbanpromo.it\/2018\/wp-content\/uploads\/sites\/12\/2016\/07\/logo-urbit_nero-1-300x137.jpg\" alt=\"\" width=\"181\" height=\"85\" \/><\/p>\n<p>&nbsp;<\/p>\n<hr \/>\n<h3>URBIT \u00c8&#8230;<\/h3>\n<p>Urbanpromo \u00e8 promosso dall\u2019INU \u2013 Istituto Nazionale di Urbanistica, ente di diritto pubblico di alta cultura e di coordinamento tecnico, ed \u00e8 organizzato da URBIT \u2013 Urbanistica Italiana Srl, societ\u00e0 strumentale dell\u2019INU per lo svolgimento di eventi culturali e di attivit\u00e0 di consulenza. URBIT \u00e8 un organismo no profit, i cui eventuali utili concorrono a sostenere le attivit\u00e0 culturali dell\u2019INU.<\/p>\n<p>Il presidente ed il direttore di URBIT, il suo Consiglio di Amministrazione, il Comitato Tecnico e i rappresentanti regionali, prestano la loro attivit\u00e0 in forma gratuita, con il solo rimborso delle spese di missione documentate, regolate da secondo criteri di economicit\u00e0.<\/p>\n<p>&nbsp;<\/p>\n<hr \/>\n<h3>URBIT: ORGANI, DIRIGENTI, STRUTTURE ISTITUZIONALI<\/h3>\n<p>&nbsp;<\/p>\n<p class=\"p1\"><b>Consiglio di Amministrazione di URBIT<br \/>\n<\/b>Andrea Arcidiacono, Gianni Biagi (Presidente) (<a href=\"mailto:biagi@urbit.it\">biagi@urbit.it<\/a>), Ennio Nonni, Iginio Rossi (<a href=\"mailto:iginio.rossi@inu.it\">iginio.rossi@inu.it<\/a>), Vittorio Salmoni (<a href=\"mailto:salmoni@urbit.it\">salmoni@urbit.it<\/a>), Michele Talia, Marco Tamburini<\/p>\n<p class=\"p1\"><b>Consiglio Scientifico di Urbit<br \/>\n<\/b>Carlo Alberto Barbieri, Giuseppe De Luca, Giulia Fini, Carolina Giaimo, Francesco Musco, Simone Ombuen, Pierluigi Properzi, Marichela Sepe, Stefano Stanghellini (Presidente) (<a href=\"mailto:stanghellini@urbit.it\">stanghellini@urbit.it<\/a>)<\/p>\n<p class=\"p1\"><b>Comitato Tecnico Scientifico di Urbanpromo<br \/>\n<\/b>Chiara Bartolozzi, Maurizio Bocconcino, Francesca Bodano, Cristina Chiavarino, Paola Delmonte, Antonio Fassone, Giordana Ferri, Simona Giustino, Luisa Ingaramo, Franco Landini, Elio Morino, Monica Moschini, Doriana Piazza, Laura Pogliani, Anna Rabbia, Elisa Saggiorato, Stefano Stanghellini (Presidente), Bianca Viarizzo.<\/p>\n<p class=\"p3\"><b>Gruppo di lavoro INU<br \/>\n<\/b><span class=\"s1\">Andrea Arcidiacono, Carlo Alberto Barbieri, Gianni Biagi, Vittoria Crisostomi, Giulia Fini, Carolina Giaimo, Franco Landini, Valeria Lingua, Denis Maragno, Elio Morino, Ennio Nonni,<span class=\"Apple-converted-space\">\u00a0<\/span><\/span><span class=\"s1\">Simone Ombuen, Pierluigi Propersi, Iginio Rossi, Vittorio Salmoni,<span class=\"Apple-converted-space\">\u00a0<\/span><\/span><span class=\"s1\">Francesco Sbetti, Stefano Stanghellini, Michele Talia, Claudia Trillo<\/span><\/p>\n<p class=\"p3\"><b>Gruppo di lavoro Iuav per Urbanpromo Green<br \/>\n<\/b><span class=\"s1\">Giulia Cantaluppi, Marta De Marchi, Giulia Lucertini, Filippo Magni,<span class=\"Apple-converted-space\">\u00a0<\/span><\/span><span class=\"s1\">Denis Maragno, Francesco Musco, Matelda Reho, Massimo Rossetti,<span class=\"Apple-converted-space\">\u00a0<\/span><\/span><span class=\"s1\">Maria Chiara Tosi<\/span><\/p>\n<hr \/>\n<h3>STAFF URBANPROMO<\/h3>\n<p><u>Amministrazione:<\/u><br \/>\nCesare Baldazzi, <a href=\"mailto:tesoreria@urbit.it\">tesoreria@urbit.it<\/a><\/p>\n<p><u>Segreteria organizzativa:<\/u><br \/>\nMarta de Leo, <a href=\"mailto:organizzazione@urbit.it\">organizzazione@urbit.it<\/a><br \/>\nLucrezia Ferrecchi, <a href=\"mailto:urbanpromo@urbit.it\">urbanpromo@urbit.it<\/a><br \/>\nMonica Malori, <a href=\"mailto:citta@urbit.it\">citta@urbit.it<\/a><br \/>\nMargherita Nagni, <a href=\"mailto:letture@urbit.it\">letture@urbit.it<\/a><br \/>\nLucia Tedesco, <a href=\"mailto:convegni@urbit.it\">convegni@urbit.it<\/a><\/p>\n<p><span style=\"text-decoration: underline;\">Grafica<br \/>\n<\/span>Marta Viviani, <a href=\"mailto:grafica@urbit.it\">grafica@urbit.it<\/a><\/p>\n<p><span style=\"text-decoration: underline;\">Progetto e coordinamento tecnico<br \/>\n<\/span>David Casagrande (Marcadent), <a href=\"mailto:eventmanager@urbit.it\">eventmanager@urbit.it<\/a><\/p>\n<p><span style=\"text-decoration: underline;\">Visual designer<br \/>\n<\/span>Maira Passuello, <a href=\"mailto:info@mairapassuello.com\">info@mairapassuello.com<\/a><\/p>\n<p><span style=\"text-decoration: underline;\">Ufficio stampa<br \/>\n<\/span>Andrea Scarchilli,<a href=\"mailto:ufficiostampa@inu.it\"> ufficiostampa@inu.it<\/a><br \/>\nValentina Cosmi, <a href=\"mailto:relazioniesterne@urbit.it\">relazioniesterne@urbit.it<\/a><\/p>\n<p>&nbsp;<\/p>\n<hr \/>\n<h3><span style=\"color: #000000;\">AREA RISERVATA<\/span><\/h3>\n<p>Seleziona l&#8217;icona <img loading=\"lazy\" decoding=\"async\" class=\"size-full wp-image-9463 alignnone\" src=\"http:\/\/urbanpromo.it\/content\/uploads\/sites\/2\/2020\/08\/casa.jpg\" alt=\"\" width=\"28\" height=\"25\" \/>che trovi nel menu principale e iscriviti subito!<\/p>\n<p>Entrando nella community potrai:<\/p>\n<ul>\n<li>partecipare al dibattito commentando i temi delle iniziative<\/li>\n<li>creare la tua gallery selezionando i contenuti preferiti (tutte le edizioni a partire dal 2014)<\/li>\n<li>accedere a contenuti esclusivi riservati agli iscritti<\/li>\n<li>consultare e scaricare gli atti dei convegni (tutte le edizioni dal 2014)<\/li>\n<li>guardare le iniziative in diretta streaming (da settembre 2020)<\/li>\n<li>rivedere i convegni ai quali non sei riuscito a partecipare (da settembre 2020)<\/li>\n<\/ul>\n<p>L&#8217;iscrizione all&#8217;area riservata \u00e8 gratuita.<\/p>\n<p>&nbsp;<\/p>\n<hr \/>\n<h3>NEWSLETTER<\/h3>\n<p>Seleziona l&#8217;icona <img loading=\"lazy\" decoding=\"async\" class=\"size-full wp-image-9463 alignnone\" src=\"http:\/\/urbanpromo.it\/content\/uploads\/sites\/2\/2020\/08\/casa.jpg\" alt=\"\" width=\"28\" height=\"25\" \/> che trovi nel menu principale e iscriviti subito!<\/p>\n<p>Riceverai le nostre newsletter gratuite con i dettagli degli eventi e delle iniziative in programma.<br \/>\nRimani aggiornato!<\/p>\n","protected":false},"excerpt":{"rendered":"<p>URBANPROMO \u00c8\u2026 Urbanpromo &#8211; Progetti per il Paese \u00e8 l\u2019evento culturale di riferimento sul grande tema della rigenerazione urbana, intesa come processo di strategie, politiche, azioni, finalizzate alla realizzazione di uno sviluppo urbano sostenibile. Urbanpromo \u00e8 la sede privilegiata per: conoscere e far conoscere progetti ed esperienze di contenuto innovativo; comprendere le peculiarit\u00e0 dei nuovi &#8230;<\/p>\n","protected":false},"author":2,"featured_media":0,"parent":0,"menu_order":0,"comment_status":"closed","ping_status":"closed","template":"page-templates\/template-page-full.php","meta":{"_acf_changed":false,"footnotes":""},"class_list":["post-8008","page","type-page","status-publish","hentry"],"acf":[],"_links":{"self":[{"href":"https:\/\/urbanpromo.it\/info\/wp-json\/wp\/v2\/pages\/8008","targetHints":{"allow":["GET"]}}],"collection":[{"href":"https:\/\/urbanpromo.it\/info\/wp-json\/wp\/v2\/pages"}],"about":[{"href":"https:\/\/urbanpromo.it\/info\/wp-json\/wp\/v2\/types\/page"}],"author":[{"embeddable":true,"href":"https:\/\/urbanpromo.it\/info\/wp-json\/wp\/v2\/users\/2"}],"replies":[{"embeddable":true,"href":"https:\/\/urbanpromo.it\/info\/wp-json\/wp\/v2\/comments?post=8008"}],"version-history":[{"count":0,"href":"https:\/\/urbanpromo.it\/info\/wp-json\/wp\/v2\/pages\/8008\/revisions"}],"wp:attachment":[{"href":"https:\/\/urbanpromo.it\/info\/wp-json\/wp\/v2\/media?parent=8008"}],"curies":[{"name":"wp","href":"https:\/\/api.w.org\/{rel}","templated":true}]}}