{"id":8394,"date":"2020-06-30T12:40:40","date_gmt":"2020-06-30T10:40:40","guid":{"rendered":"https:\/\/urbanpromo.it\/info\/?page_id=8394"},"modified":"2020-09-24T10:29:05","modified_gmt":"2020-09-24T08:29:05","slug":"urbanpromo-2020-il-nuovo-format","status":"publish","type":"page","link":"https:\/\/urbanpromo.it\/info\/urbanpromo-2020-il-nuovo-format\/","title":{"rendered":"2020: il nuovo format!"},"content":{"rendered":"<p style=\"text-align: right\"><strong>20 luglio 2020<\/strong><\/p>\n<p>&nbsp;<\/p>\n<p><strong>URBANPROMO 2020: LE CONFERME<\/strong><\/p>\n<p>La XVII edizione di Urbanpromo si svolger\u00e0 in presenza al Palazzo della Triennale di Milano dal 17 al 20 novembre. La manifestazione, nella sua interezza, titola \u201cUrbanpromo Progetti per il Paese\u201d ed ingloba l\u2019evento specialistico \u201cUrbanpromo Social Housing\u201d (17 e 18 novembre). Come di consueto, Urbanpromo si articola in una esposizione di progetti ed in un programma di convegni.<\/p>\n<p>Per quanto riguarda \u201cUrbanpromo Social Housing\u201d il programma che si sta configurando attraversa, in successione, il tema della domanda di infrastrutture sociali, quello delle risorse finanziarie attivabili e infine quello dell\u2019atterraggio delle risorse nelle citt\u00e0, ossia la capacit\u00e0 di spendere. Il legante di questa successione \u00e8 l\u2019aspirazione alla riduzione delle disuguaglianze, accentuatesi per effetto della pandemia, con diretti riscontri sui contesti urbani. Di seguito le sessioni che concretizzeranno il programma.<br \/>\nSessione di apertura: &#8220;Rilanciare le infrastrutture sociali in Italia&#8221;. La sessione prende il nome dal recente Rapporto della High-Level Task Force promosso dalla Fondazione Astrid e dalla Fondazione Collegio Carlo Alberto. A partire da \u201cInvestEU\u201d, il programma della sessione si aprir\u00e0 a \u201cNext Generation EU\u201d ed al \u201cRecovery Plan\u201d e quindi, pi\u00f9 in generale, all\u2019esame delle opportunit\u00e0 di finanziamento che saranno attivate a livello europeo. E\u2019 previsto l&#8217;intervento dei Presidenti e Direttori generali delle Fondazioni di origine bancaria e di CDPi.<br \/>\n\u201cAbitare sociale e rigenerazione di quartieri degradati\u201d, sessione a cura di Compagnia di San Paolo sulle iniziative gi\u00e0 attivate e di prossima attivazione per fronteggiare le emergenze sociali prodotte dall&#8217;epidemia.<br \/>\n\u201cRigenerazione urbana, Social Housing e comunit\u00e0: il modello britannico tra i villaggi e le citt\u00e0\u201d, sessione a cura di Fondazione Sviluppo e Crescita CRT. Il panel \u00e8 organizzato con il Patrocinio dell\u2019Ambasciata Britannica in Italia e saranno presenti le principali organizzazioni britanniche che promuovono progetti di rigenerazione urbana, rurale e sociale nel Regno Unito. Nelle prossime settimane sar\u00e0 presentato il programma.<br \/>\nSessione di presentazione di progetti e realizzazioni di housing sociale assumendo alcune chiavi di lettura. Ad esempio: come i progetti di housing sociale rispondono alle difficili condizioni di vita e di lavoro create dalla pandemia.<\/p>\n<p>\u201cUrbanpromo Progetti per il Paese\u201d, oltre ad inquadrare il social housing nel grande tema della rigenerazione urbana, sviluppa ulteriori declinazioni di tale odierno imperativo.<br \/>\n\u201cRigenerazione di spazi pubblici abbandonati\u201d mediante espressioni di cittadinanza attiva \u00e8 una sessione curata dalla Fondazione Cariplo, in cui si esplora e valorizza l\u2019impegno di cittadini che si aggregano per promuovere attivit\u00e0 culturali e sociali utilizzando spazi urbani abbandonati.<br \/>\nI complessi immobiliari dismessi, fra cui quelli di propriet\u00e0 pubblica, offrono l\u2019opportunit\u00e0 di effettuare incisivi interventi sulla forma urbana, la qualit\u00e0 della vita e lo sviluppo economico, con progetti che possono mutare il volto della citt\u00e0. Particolare rilievo assumeranno, in questo contesto, le iniziative di CDP Investimenti Sgr.<br \/>\nFra gli altri temi sviluppati nell\u2019ambito dell\u2019ampio partenariato peculiare di Urbanpromo figurano: le proposte dell\u2019INU per rendere efficaci i programmi di rigenerazione urbana (un confronto con gli Amministratori delle Citt\u00e0), le priorit\u00e0 delle Regioni nel governo del territorio (un confronto con le Regioni), \u201cStrategie di sviluppo sostenibile per le aree montane\u201d (con Uncem e Fondazioni bancarie), \u201cil valore degli spazi nella rivoluzione digitale\u201d (convegno a cura della SIEV), il cibo quale importante modalit\u00e0 per rinvigorire i territori e la citt\u00e0 (a cura di Confcommercio Imprese per l\u2019Italia), la riqualificazione di mercati coperti (Porta Palazzo, Mercato Comunale Certosa a Genova, Piazzale Ferrara a Milano); la Citt\u00e0 Adriatica; \u201cle nuove comunit\u00e0 e il valore strategico della conoscenza\u201d (convegno internazionale INU attivato da call for papers).<\/p>\n<hr \/>\n<p><strong>URBANPROMO 2020: LE INNOVAZIONI<\/strong><\/p>\n<p>Il network di Urbanpromo, da questa edizione, si realizza anche in digitale, oltre che in presenza. \u00c8 in corso di allestimento la piattaforma che consentir\u00e0 di disporre contemporaneamente di pi\u00f9 sale virtuali: si prefigura una sorta di TV con pi\u00f9 canali che per un verso consentir\u00e0 ad INU\/URBIT ed ai suoi partner di proporre un\u2019ampia gamma di temi e progetti, e per l\u2019altro ai singoli partecipanti di restare concentrati sul convegno prescelto oppure di ascoltare interventi in altri convegni: ci\u00f2 senza perdere niente perch\u00e9 tutto sar\u00e0 registrato e messo on line. Inoltre i partecipanti avranno la possibilit\u00e0 di mettersi in contatto con i relatori e di stabilire rapporti fra loro, come in presenza.<br \/>\nUrbanpromo nel format digitale conserva e potenzia la relazione tra la presentazione dei progetti e la discussione dei loro contenuti. I programmi delle schede-convegno si interfacciano con la Gallery online che, anche in questa edizione, ospita i progetti di spicco nel panorama nazionale.<br \/>\nA differenza del passato i programmi dei convegni non saranno pubblicati nel sito nell\u2019imminenza della manifestazione, ma i temi proposti dai curatori saranno presentati in anticipo sulla piattaforma ed i programmi saranno costruiti con gli utenti, in modo interattivo ed incrementale.<br \/>\nNelle settimane che precedono la manifestazione chiunque potr\u00e0 iscriversi alla piattaforma e contribuire allo sviluppo del tema di interesse fornendo suggerimenti e mettendo a disposizione articoli, ricerche, tesi di laurea e di dottorato o altra documentazione ritenuta utile.<br \/>\nI social (facebook, instagram, linkedin, twitter) e la newsletter(ca. 25mila indirizzi), gestiti dallo staff di UP, accompagnano la formazione dei programmi dei convegni con messaggi, comunicazioni, video promozionali. In preparazione della manifestazione sar\u00e0 realizzato un programma di interviste a personalit\u00e0 selezionate, la cui pubblicazione sar\u00e0 funzionale alla crescita dell\u2019interesse per la manifestazione.<br \/>\nNei convegni sar\u00e0 ricercata l\u2019interattivit\u00e0. Il format digitale consente di coinvolgere relatori impossibilitati alla presenza, che possono intervenire anche da altri Paesi, e singoli interessati che hanno concorso alla fase preparatoria recando contributi originali. Lo svolgimento di sondaggi online nel corso dei convegni \u00e8 destinato a mantenere saldo il coinvolgimento dei partecipanti ed a riversare nel dibattito nuovi spunti di discussione.<br \/>\nI convegni sono diffusi mediante la piattaforma di Urbanpromo, i canali degli Ordini professionali (i contatti con gli Ordini volti al riconoscimento di crediti formativi professionali sono stati attivati), ed i social. I convegni in svolgimento nel Salone d\u2019Onore della Triennale disporranno di una regia funzionale all\u2019interazione della modalit\u00e0 in presenza con quella virtuale, nonch\u00e9 del linguaggio LIS e della stenotipia.<\/p>\n<p>Mentre &#8220;Urbanpromo Social Housing&#8221; che &#8220;Urbanpromo progetti per il Paese&#8221; si svolgono sia in presenza che in digitale, &#8220;Urbanpromo Green&#8221; a causa delle restrizioni imposte dall\u2019emergenza Covid-19 si tiene esclusivamente in forma digitale.<\/p>\n","protected":false},"excerpt":{"rendered":"<p>20 luglio 2020 &nbsp; URBANPROMO 2020: LE CONFERME La XVII edizione di Urbanpromo si svolger\u00e0 in presenza al Palazzo della Triennale di Milano dal 17 al 20 novembre. La manifestazione, nella sua interezza, titola \u201cUrbanpromo Progetti per il Paese\u201d ed ingloba l\u2019evento specialistico \u201cUrbanpromo Social Housing\u201d (17 e 18 novembre). Come di consueto, Urbanpromo si &#8230;<\/p>\n","protected":false},"author":2,"featured_media":0,"parent":0,"menu_order":0,"comment_status":"closed","ping_status":"closed","template":"page-templates\/template-page-full.php","meta":{"_acf_changed":false,"footnotes":""},"class_list":["post-8394","page","type-page","status-publish","hentry"],"acf":[],"_links":{"self":[{"href":"https:\/\/urbanpromo.it\/info\/wp-json\/wp\/v2\/pages\/8394","targetHints":{"allow":["GET"]}}],"collection":[{"href":"https:\/\/urbanpromo.it\/info\/wp-json\/wp\/v2\/pages"}],"about":[{"href":"https:\/\/urbanpromo.it\/info\/wp-json\/wp\/v2\/types\/page"}],"author":[{"embeddable":true,"href":"https:\/\/urbanpromo.it\/info\/wp-json\/wp\/v2\/users\/2"}],"replies":[{"embeddable":true,"href":"https:\/\/urbanpromo.it\/info\/wp-json\/wp\/v2\/comments?post=8394"}],"version-history":[{"count":0,"href":"https:\/\/urbanpromo.it\/info\/wp-json\/wp\/v2\/pages\/8394\/revisions"}],"wp:attachment":[{"href":"https:\/\/urbanpromo.it\/info\/wp-json\/wp\/v2\/media?parent=8394"}],"curies":[{"name":"wp","href":"https:\/\/api.w.org\/{rel}","templated":true}]}}