{"id":9980,"date":"2021-03-18T11:46:17","date_gmt":"2021-03-18T10:46:17","guid":{"rendered":"https:\/\/urbanpromo.it\/info\/?page_id=9980"},"modified":"2022-03-09T10:15:25","modified_gmt":"2022-03-09T09:15:25","slug":"urbanpromo-2021-call-for-papers-e-concorsi","status":"publish","type":"page","link":"https:\/\/urbanpromo.it\/info\/urbanpromo-2021-call-for-papers-e-concorsi\/","title":{"rendered":"Call for paper e concorsi 2021"},"content":{"rendered":"<p><strong>In preparazione delle nuove edizioni di Urbanpromo 2021, INU e Urbit lanciano e segnalano delle <em>call for papers<\/em> dedicate a studenti universitari, dottorandi e dottori di ricerca:<\/strong><\/p>\n<ul>\n<li><strong>Citt\u00e0 accessibili a tutti. <\/strong><br \/>\n<strong>Premio per tesi di laurea magistrale e ricerche-studi 2021<\/strong><\/li>\n<li><strong>UPhD GREEN 2021<\/strong><br \/>\n<strong>La transizione socio-ecologica. <\/strong><strong>Il contributo delle ricerche di dottorato alla definizione di soluzioni innovative<\/strong><\/li>\n<\/ul>\n<p>&nbsp;<\/p>\n<hr \/>\n<p>&nbsp;<\/p>\n<h3><strong>Citt\u00e0 accessibili a tutti<br \/>\nPremio per tesi di laurea magistrale e ricerche-studi 2021<\/strong><\/h3>\n<p>&nbsp;<\/p>\n<p><strong>L\u2019INU insieme a importanti enti dal 2016 \u00e8 impegnato nel Progetto Citt\u00e0 accessibili a tutti, nel 2020 ha istituito il Premio Citt\u00e0 accessibili a tutti che viene assegnato attraverso un Bando di concorso INU-URBIT per lavori aventi carattere innovativo sull\u2019accessibilit\u00e0 a 360\u00b0 svolti in Italia o all\u2019estero tra l\u20191.04.2020 e il 30.09.2021 nell\u2019ambito di Tesi di laurea magistrale e Ricerche e Studi.<\/strong><\/p>\n<p>La Camera di Commercio di Genova sostiene il Premio con buoni libri e\/o dispositivi per una corrispondenza di \u20ac 5.000.<br \/>\nCollaborano al Premio Ministero della Cultura , Consiglio Nazionale delle Ricerche e Cerpa Italia Onlus.<\/p>\n<p><strong>Materiali e contatti:<\/strong><\/p>\n<ul>\n<li><a href=\"http:\/\/urbanpromo.it\/content\/uploads\/sites\/2\/2021\/03\/INU_Citta-accessibili_Premio-2021_Bando.pdf\" target=\"_blank\" rel=\"noopener noreferrer\">scarica il bando<\/a><\/li>\n<li><a href=\"http:\/\/urbanpromo.it\/content\/uploads\/sites\/2\/2021\/03\/INU_Citta-accessibili_Premio-2021_Format.pdf\" target=\"_blank\" rel=\"noopener noreferrer\">scarica il format della domanda di partecipazione<\/a><\/li>\n<li>per info: <a href=\"mailto:iginio.rossi@inu.it\">iginio.rossi@inu.it<\/a><\/li>\n<\/ul>\n<p><strong>Date e scadenze:<\/strong><\/p>\n<ul>\n<li>30.09.2021: deadline per la presentazione delle domande di partecipazione<\/li>\n<li>11.2021: cerimonia di premiazione in occasione di Urbanpromo Progetti per il Paese<\/li>\n<\/ul>\n<p>&nbsp;<\/p>\n<hr \/>\n<h3><strong>UPhD GREEN 2021<\/strong><br \/>\n<strong>La transizione socio-ecologica.<\/strong><br \/>\n<strong>Il contributo delle ricerche di dottorato alla definizione di soluzioni innovative<\/strong><\/h3>\n<p>&nbsp;<\/p>\n<p><strong>Convegno dei Dottorati di Ricerca dedicati alla Sostenibilit\u00e0 | IV Edizione<\/strong><br \/>\n<strong>Gioved\u00ec 16 settembre 2021, ore 10.00 -13.00, Aula virtuale \u201cMelis De Villa\u201d<\/strong><\/p>\n<p>Il Convegno <em>UPhD GREEN<\/em> si colloca nella cornice di Urbanpromo Green, come spazio dedicato alle ricerche condotte nell\u2019ambito dei dottorati che affrontano il tema dello sviluppo sostenibile, con riferimento alla pianificazione urbanistica e territoriale, alla progettazione urbana e architettonica, alla valutazione di politiche, piani e progetti riguardanti il territorio e le citt\u00e0.<br \/>\nObiettivo del Convegno \u00e8 promuovere e condividere le idee innovative emerse dai corsi di dottorato di ricerca, sollecitando una discussione su differenti visioni, metodologie e strumenti operativi messi in campo per promuovere la transizione verso modelli di sviluppo equo e sostenibile dell&#8217;architettura, delle citt\u00e0 e dei territori. In particolare l\u2019obiettivo principale \u00e8 mostrare le potenzialit\u00e0 applicative della ricerca dottorale nelle pratiche operative e dunque, mettendo in tensione confronti e percorsi alternativi per il futuro dei dottori e delle ricerche di dottorato.<br \/>\nPi\u00f9 in particolare, la quarta edizione del convegno propone una riflessione sulla transizione socio-ecologica. L\u2019idea \u00e8 di evidenziare possibili soluzioni teoriche, metodologiche e operative per promuovere la transizione anche alla luce di provvedimenti come il Just Transition Found dell\u2019UE e della Dasgupta Review. Valutare la reciproca influenza tra processi ecosistemici e attivit\u00e0 socio-economiche, infatti, rappresenta una strategia chiave per informare i processi decisionali e definire politiche, piani e progetti in grado di produrre un reale cambiamento.<\/p>\n<p>La partecipazione al convegno non prevede nessun costo di iscrizione.<br \/>\nPossono partecipare alla Call: Dottorande\/i di ricerca (attuali PhD candidates) e neo Dottoresse\/Dottori di ricerca (PhD) che abbiano conseguito il titolo dopo il 01.01.2018.<br \/>\nI contributi pi\u00f9 innovativi presentati durante il convegno saranno invitate\/i a scrivere un paper, che verr\u00e0 valutato secondo le procedure della rivista Urban Planning and Design (<a href=\"https:\/\/www.icevirtuallibrary.com\/toc\/jurdp\/current\">ICE Publishing<\/a>).<\/p>\n<p><strong>Materiali e contatti:<\/strong><\/p>\n<ul>\n<li><a href=\"https:\/\/urbanpromo.it\/content\/uploads\/sites\/2\/2021\/07\/UPhD-Green-2021_proroga-agosto.pdf\">scarica il bando e il format della domanda di partecipazione<\/a><\/li>\n<li>per info: uphd.green@gmail.com<\/li>\n<\/ul>\n<p><strong>Date e scadenze:<\/strong><\/p>\n<ul>\n<li>15.08.2021: deadline per la presentazione delle domande di partecipazione<\/li>\n<li>30.08.2021: comunicazione contributi selezionati che saranno presentati durante il convegno<\/li>\n<\/ul>\n<p><span style=\"color: #ff0000\">ATTENZIONE: Si comunica che la scadenza per la presentazione delle domande di partecipazione \u00e8 stata prorogata al <strong>15.08.2021<\/strong><\/span><\/p>\n<hr \/>\n<p>&nbsp;<\/p>\n","protected":false},"excerpt":{"rendered":"<p>In preparazione delle nuove edizioni di Urbanpromo 2021, INU e Urbit lanciano e segnalano delle call for papers dedicate a studenti universitari, dottorandi e dottori di ricerca: Citt\u00e0 accessibili a tutti. Premio per tesi di laurea magistrale e ricerche-studi 2021 UPhD GREEN 2021 La transizione socio-ecologica. Il contributo delle ricerche di dottorato alla definizione di &#8230;<\/p>\n","protected":false},"author":2,"featured_media":0,"parent":0,"menu_order":0,"comment_status":"closed","ping_status":"closed","template":"page-templates\/template-page-full.php","meta":{"_acf_changed":false,"footnotes":""},"class_list":["post-9980","page","type-page","status-publish","hentry"],"acf":[],"yoast_head":"<!-- This site is optimized with the Yoast SEO plugin v27.4 - https:\/\/yoast.com\/product\/yoast-seo-wordpress\/ -->\n<title>Call for paper e concorsi 2021 - urbanpromo<\/title>\n<meta name=\"robots\" content=\"index, follow, max-snippet:-1, max-image-preview:large, max-video-preview:-1\" \/>\n<link rel=\"canonical\" href=\"https:\/\/urbanpromo.it\/info\/urbanpromo-2021-call-for-papers-e-concorsi\/\" \/>\n<meta property=\"og:locale\" content=\"it_IT\" \/>\n<meta property=\"og:type\" content=\"article\" \/>\n<meta property=\"og:title\" content=\"Call for paper e concorsi 2021 - urbanpromo\" \/>\n<meta property=\"og:description\" content=\"In preparazione delle nuove edizioni di Urbanpromo 2021, INU e Urbit lanciano e segnalano delle call for papers dedicate a studenti universitari, dottorandi e dottori di ricerca: Citt\u00e0 accessibili a tutti. Premio per tesi di laurea magistrale e ricerche-studi 2021 UPhD GREEN 2021 La transizione socio-ecologica. Il contributo delle ricerche di dottorato alla definizione di ...\" \/>\n<meta property=\"og:url\" content=\"https:\/\/urbanpromo.it\/info\/urbanpromo-2021-call-for-papers-e-concorsi\/\" \/>\n<meta property=\"og:site_name\" content=\"urbanpromo\" \/>\n<meta property=\"article:modified_time\" content=\"2022-03-09T09:15:25+00:00\" \/>\n<meta name=\"twitter:card\" content=\"summary_large_image\" \/>\n<meta name=\"twitter:label1\" content=\"Est. reading time\" \/>\n\t<meta name=\"twitter:data1\" content=\"3 minuti\" \/>\n<script type=\"application\/ld+json\" class=\"yoast-schema-graph\">{\"@context\":\"https:\\\/\\\/schema.org\",\"@graph\":[{\"@type\":\"WebPage\",\"@id\":\"https:\\\/\\\/urbanpromo.it\\\/info\\\/urbanpromo-2021-call-for-papers-e-concorsi\\\/\",\"url\":\"https:\\\/\\\/urbanpromo.it\\\/info\\\/urbanpromo-2021-call-for-papers-e-concorsi\\\/\",\"name\":\"Call for paper e concorsi 2021 - urbanpromo\",\"isPartOf\":{\"@id\":\"https:\\\/\\\/urbanpromo.it\\\/info\\\/#website\"},\"datePublished\":\"2021-03-18T10:46:17+00:00\",\"dateModified\":\"2022-03-09T09:15:25+00:00\",\"breadcrumb\":{\"@id\":\"https:\\\/\\\/urbanpromo.it\\\/info\\\/urbanpromo-2021-call-for-papers-e-concorsi\\\/#breadcrumb\"},\"inLanguage\":\"it-IT\",\"potentialAction\":[{\"@type\":\"ReadAction\",\"target\":[\"https:\\\/\\\/urbanpromo.it\\\/info\\\/urbanpromo-2021-call-for-papers-e-concorsi\\\/\"]}]},{\"@type\":\"BreadcrumbList\",\"@id\":\"https:\\\/\\\/urbanpromo.it\\\/info\\\/urbanpromo-2021-call-for-papers-e-concorsi\\\/#breadcrumb\",\"itemListElement\":[{\"@type\":\"ListItem\",\"position\":1,\"name\":\"Home\",\"item\":\"https:\\\/\\\/urbanpromo.it\\\/info\\\/\"},{\"@type\":\"ListItem\",\"position\":2,\"name\":\"Call for paper e concorsi 2021\"}]},{\"@type\":\"WebSite\",\"@id\":\"https:\\\/\\\/urbanpromo.it\\\/info\\\/#website\",\"url\":\"https:\\\/\\\/urbanpromo.it\\\/info\\\/\",\"name\":\"urbanpromo\",\"description\":\"22^ edizione\",\"potentialAction\":[{\"@type\":\"SearchAction\",\"target\":{\"@type\":\"EntryPoint\",\"urlTemplate\":\"https:\\\/\\\/urbanpromo.it\\\/info\\\/?s={search_term_string}\"},\"query-input\":{\"@type\":\"PropertyValueSpecification\",\"valueRequired\":true,\"valueName\":\"search_term_string\"}}],\"inLanguage\":\"it-IT\"}]}<\/script>\n<!-- \/ Yoast SEO plugin. -->","yoast_head_json":{"title":"Call for paper e concorsi 2021 - urbanpromo","robots":{"index":"index","follow":"follow","max-snippet":"max-snippet:-1","max-image-preview":"max-image-preview:large","max-video-preview":"max-video-preview:-1"},"canonical":"https:\/\/urbanpromo.it\/info\/urbanpromo-2021-call-for-papers-e-concorsi\/","og_locale":"it_IT","og_type":"article","og_title":"Call for paper e concorsi 2021 - urbanpromo","og_description":"In preparazione delle nuove edizioni di Urbanpromo 2021, INU e Urbit lanciano e segnalano delle call for papers dedicate a studenti universitari, dottorandi e dottori di ricerca: Citt\u00e0 accessibili a tutti. Premio per tesi di laurea magistrale e ricerche-studi 2021 UPhD GREEN 2021 La transizione socio-ecologica. Il contributo delle ricerche di dottorato alla definizione di ...","og_url":"https:\/\/urbanpromo.it\/info\/urbanpromo-2021-call-for-papers-e-concorsi\/","og_site_name":"urbanpromo","article_modified_time":"2022-03-09T09:15:25+00:00","twitter_card":"summary_large_image","twitter_misc":{"Est. reading time":"3 minuti"},"schema":{"@context":"https:\/\/schema.org","@graph":[{"@type":"WebPage","@id":"https:\/\/urbanpromo.it\/info\/urbanpromo-2021-call-for-papers-e-concorsi\/","url":"https:\/\/urbanpromo.it\/info\/urbanpromo-2021-call-for-papers-e-concorsi\/","name":"Call for paper e concorsi 2021 - urbanpromo","isPartOf":{"@id":"https:\/\/urbanpromo.it\/info\/#website"},"datePublished":"2021-03-18T10:46:17+00:00","dateModified":"2022-03-09T09:15:25+00:00","breadcrumb":{"@id":"https:\/\/urbanpromo.it\/info\/urbanpromo-2021-call-for-papers-e-concorsi\/#breadcrumb"},"inLanguage":"it-IT","potentialAction":[{"@type":"ReadAction","target":["https:\/\/urbanpromo.it\/info\/urbanpromo-2021-call-for-papers-e-concorsi\/"]}]},{"@type":"BreadcrumbList","@id":"https:\/\/urbanpromo.it\/info\/urbanpromo-2021-call-for-papers-e-concorsi\/#breadcrumb","itemListElement":[{"@type":"ListItem","position":1,"name":"Home","item":"https:\/\/urbanpromo.it\/info\/"},{"@type":"ListItem","position":2,"name":"Call for paper e concorsi 2021"}]},{"@type":"WebSite","@id":"https:\/\/urbanpromo.it\/info\/#website","url":"https:\/\/urbanpromo.it\/info\/","name":"urbanpromo","description":"22^ edizione","potentialAction":[{"@type":"SearchAction","target":{"@type":"EntryPoint","urlTemplate":"https:\/\/urbanpromo.it\/info\/?s={search_term_string}"},"query-input":{"@type":"PropertyValueSpecification","valueRequired":true,"valueName":"search_term_string"}}],"inLanguage":"it-IT"}]}},"_links":{"self":[{"href":"https:\/\/urbanpromo.it\/info\/wp-json\/wp\/v2\/pages\/9980","targetHints":{"allow":["GET"]}}],"collection":[{"href":"https:\/\/urbanpromo.it\/info\/wp-json\/wp\/v2\/pages"}],"about":[{"href":"https:\/\/urbanpromo.it\/info\/wp-json\/wp\/v2\/types\/page"}],"author":[{"embeddable":true,"href":"https:\/\/urbanpromo.it\/info\/wp-json\/wp\/v2\/users\/2"}],"replies":[{"embeddable":true,"href":"https:\/\/urbanpromo.it\/info\/wp-json\/wp\/v2\/comments?post=9980"}],"version-history":[{"count":0,"href":"https:\/\/urbanpromo.it\/info\/wp-json\/wp\/v2\/pages\/9980\/revisions"}],"wp:attachment":[{"href":"https:\/\/urbanpromo.it\/info\/wp-json\/wp\/v2\/media?parent=9980"}],"curies":[{"name":"wp","href":"https:\/\/api.w.org\/{rel}","templated":true}]}}